{"id":2607,"date":"2024-09-17T13:09:24","date_gmt":"2024-09-17T10:09:24","guid":{"rendered":"https:\/\/gltechnics.com\/entleeren-von-trichtern-und-behaeltern\/"},"modified":"2025-01-03T11:47:03","modified_gmt":"2025-01-03T09:47:03","slug":"entleeren-von-trichtern-und-behaeltern","status":"publish","type":"page","link":"https:\/\/gltechnics.com\/de\/entleeren-von-trichtern-und-behaeltern\/","title":{"rendered":"Entleeren von Trichtern und Beh\u00e4ltern"},"content":{"rendered":"\t\t<div data-elementor-type=\"wp-page\" data-elementor-id=\"2607\" class=\"elementor elementor-2607 elementor-336\" data-elementor-post-type=\"page\">\n\t\t\t\t<div class=\"elementor-element elementor-element-c3dfb3c e-con-full e-flex e-con e-parent\" data-id=\"c3dfb3c\" data-element_type=\"container\" data-settings=\"{&quot;background_background&quot;:&quot;classic&quot;}\">\n\t\t<div class=\"elementor-element elementor-element-e21021c e-flex e-con-boxed e-con e-child\" data-id=\"e21021c\" data-element_type=\"container\">\n\t\t\t\t\t<div class=\"e-con-inner\">\n\t\t<div class=\"elementor-element elementor-element-8662c46 e-flex e-con-boxed e-con e-child\" data-id=\"8662c46\" data-element_type=\"container\" data-settings=\"{&quot;background_background&quot;:&quot;classic&quot;}\">\n\t\t\t\t\t<div class=\"e-con-inner\">\n\t\t\t\t<div class=\"elementor-element elementor-element-c162f19 elementor-invisible elementor-widget elementor-widget-heading\" data-id=\"c162f19\" data-element_type=\"widget\" data-settings=\"{&quot;_animation&quot;:&quot;fadeInDown&quot;}\" data-widget_type=\"heading.default\">\n\t\t\t\t<div class=\"elementor-widget-container\">\n\t\t\t\t\t<h1 class=\"elementor-heading-title elementor-size-default\">Entleeren von Trichtern und Beh\u00e4ltern<\/h1>\t\t\t\t<\/div>\n\t\t\t\t<\/div>\n\t\t\t\t<div class=\"elementor-element elementor-element-6f73b3e elementor-invisible elementor-widget elementor-widget-heading\" data-id=\"6f73b3e\" data-element_type=\"widget\" data-settings=\"{&quot;_animation&quot;:&quot;fadeInDown&quot;}\" data-widget_type=\"heading.default\">\n\t\t\t\t<div class=\"elementor-widget-container\">\n\t\t\t\t\t<h2 class=\"elementor-heading-title elementor-size-default\">Steigern Sie die Produktivit\u00e4t bei der Materialentladung mit dem R\u00fcttelsystem \u201eRockhammer\u201c.<\/h2>\t\t\t\t<\/div>\n\t\t\t\t<\/div>\n\t\t\t\t\t<\/div>\n\t\t\t\t<\/div>\n\t\t\t\t\t<\/div>\n\t\t\t\t<\/div>\n\t\t\t\t<\/div>\n\t\t<div class=\"elementor-element elementor-element-1c5e7ba e-flex e-con-boxed e-con e-parent\" data-id=\"1c5e7ba\" data-element_type=\"container\">\n\t\t\t\t\t<div class=\"e-con-inner\">\n\t\t<div class=\"elementor-element elementor-element-166e812 e-con-full e-flex elementor-invisible e-con e-child\" data-id=\"166e812\" data-element_type=\"container\" data-settings=\"{&quot;animation&quot;:&quot;fadeInRight&quot;}\">\n\t\t\t\t<div class=\"elementor-element elementor-element-73494a9 elementor-widget elementor-widget-video\" data-id=\"73494a9\" data-element_type=\"widget\" data-settings=\"{&quot;video_type&quot;:&quot;hosted&quot;,&quot;autoplay&quot;:&quot;yes&quot;,&quot;loop&quot;:&quot;yes&quot;}\" data-widget_type=\"video.default\">\n\t\t\t\t<div class=\"elementor-widget-container\">\n\t\t\t\t\t\t\t<div class=\"e-hosted-video elementor-wrapper elementor-open-inline\">\n\t\t\t\t\t<video class=\"elementor-video\" src=\"https:\/\/gltechnics.com\/wp-content\/uploads\/2024\/12\/RH200.webm\" autoplay=\"\" loop=\"\" controlsList=\"nodownload\"><\/video>\n\t\t\t\t<\/div>\n\t\t\t\t\t\t<\/div>\n\t\t\t\t<\/div>\n\t\t\t\t<\/div>\n\t\t<div class=\"elementor-element elementor-element-271dcec e-con-full e-flex elementor-invisible e-con e-child\" data-id=\"271dcec\" data-element_type=\"container\" data-settings=\"{&quot;animation&quot;:&quot;fadeIn&quot;}\">\n\t\t\t\t<div class=\"elementor-element elementor-element-553a5ba elementor-widget__width-initial elementor-widget elementor-widget-heading\" data-id=\"553a5ba\" data-element_type=\"widget\" data-widget_type=\"heading.default\">\n\t\t\t\t<div class=\"elementor-widget-container\">\n\t\t\t\t\t<h2 class=\"elementor-heading-title elementor-size-default\">Wenn andere scheitern, haben wir eine L\u00f6sung\n<\/h2>\t\t\t\t<\/div>\n\t\t\t\t<\/div>\n\t\t\t\t<div class=\"elementor-element elementor-element-80bf519 elementor-widget elementor-widget-text-editor\" data-id=\"80bf519\" data-element_type=\"widget\" data-widget_type=\"text-editor.default\">\n\t\t\t\t<div class=\"elementor-widget-container\">\n\t\t\t\t\t\t\t\t\t<p>Beim Transport und der Lagerung von Sch\u00fcttg\u00fctern stehen viele Branchen vor gro\u00dfen Herausforderungen, von verstopften Silos bis hin zu Material, das an F\u00f6rderanlagen klebt. Herk\u00f6mmliche L\u00f6sungen sind oft unzureichend, was zu kostspieligen Verz\u00f6gerungen und Produktionsunterbrechungen f\u00fchrt. Doch mit den fortschrittlichen Vibrationssystemen von <strong>Rockhammer<\/strong> geh\u00f6ren diese Probleme der Vergangenheit an.  <\/p>\n<p>Die Serien <strong>RH-200<\/strong> und <strong>RH-500<\/strong> von <strong>Rockhammer<\/strong> sind f\u00fcr die anspruchsvollsten Szenarien konzipiert, in denen andere Systeme versagen. Diese Vibrationsger\u00e4te liefern niedrige Amplituden, aber kraftvolle Schl\u00e4ge, die das Material effektiv von Bunkerw\u00e4nden, Silos, F\u00f6rderrinnen und Beh\u00e4ltern l\u00f6sen und sicherstellen, dass Ihr Betrieb nicht unterbrochen wird. Im Gegensatz zu herk\u00f6mmlichen Vibrationssystemen, die mit festsitzendem Material zu k\u00e4mpfen haben, bietet <strong>Rockhammer<\/strong> eine robuste und zuverl\u00e4ssige L\u00f6sung, die Ihrem Unternehmen den n\u00f6tigen Wettbewerbsvorteil verschafft.  <\/p>\n<p>Lassen Sie nicht zu, dass Probleme bei der Sch\u00fcttgutf\u00f6rderung Ihren Betrieb ausbremsen. Entscheiden Sie sich f\u00fcr <strong>Rockhammer<\/strong>, wenn Sie \u00fcberlegene Leistung ben\u00f6tigen, bei der andere nicht mithalten k\u00f6nnen. <\/p>\n\t\t\t\t\t\t\t\t<\/div>\n\t\t\t\t<\/div>\n\t\t\t\t<\/div>\n\t\t\t\t\t<\/div>\n\t\t\t\t<\/div>\n\t\t<div class=\"elementor-element elementor-element-7b36f4d e-flex e-con-boxed e-con e-parent\" data-id=\"7b36f4d\" data-element_type=\"container\">\n\t\t\t\t\t<div class=\"e-con-inner\">\n\t\t<div class=\"elementor-element elementor-element-4a93be1 e-con-full e-flex elementor-invisible e-con e-child\" data-id=\"4a93be1\" data-element_type=\"container\" data-settings=\"{&quot;animation&quot;:&quot;fadeIn&quot;}\">\n\t\t\t\t<div class=\"elementor-element elementor-element-7bb6382 elementor-widget elementor-widget-heading\" data-id=\"7bb6382\" data-element_type=\"widget\" data-widget_type=\"heading.default\">\n\t\t\t\t<div class=\"elementor-widget-container\">\n\t\t\t\t\t<h2 class=\"elementor-heading-title elementor-size-default\">Unaufhaltsamer Sch\u00fcttgutfluss f\u00fcr jede Branche\n<\/h2>\t\t\t\t<\/div>\n\t\t\t\t<\/div>\n\t\t\t\t<div class=\"elementor-element elementor-element-a7d9174 elementor-widget elementor-widget-text-editor\" data-id=\"a7d9174\" data-element_type=\"widget\" data-widget_type=\"text-editor.default\">\n\t\t\t\t<div class=\"elementor-widget-container\">\n\t\t\t\t\t\t\t\t\t<p>Die innovativen Vibrationssysteme von <strong>Rockhammer<\/strong> sind die ultimative L\u00f6sung f\u00fcr Branchen, die auf den effizienten Transport von Sch\u00fcttg\u00fctern angewiesen sind. Ob im Bergbau, im Baugewerbe, in der Landwirtschaft oder in der Energieerzeugung &#8211; die Modelle <strong>RH-200<\/strong> und <strong>RH-500<\/strong> von <strong>Rockhammer<\/strong> bieten Leistung und Pr\u00e4zision, die f\u00fcr die Bew\u00e4ltigung der schwierigsten Herausforderungen im Materialfluss erforderlich sind. <\/p>\n<p>Unsere Systeme sind ideal f\u00fcr Fabriken, H\u00e4fen, Terminals und Stauereibetriebe, in denen der reibungslose und kontinuierliche Transport von Sch\u00fcttg\u00fctern entscheidend f\u00fcr die betriebliche Effizienz ist. Die <strong>Rockhammer<\/strong>-Technologie sorgt daf\u00fcr, dass sich die Materialien nahtlos durch Trichter, Beh\u00e4lter, F\u00f6rderrutschen und andere kritische \u00dcbergabepunkte bewegen und verhindert so kostspielige Blockaden und Verz\u00f6gerungen.<\/p>\n<p>In Zement Produktionsanlagen, Lagereinrichtungen und Kohlekraftwerken, wo Sch\u00fcttgut das Lebenselixier Ihres Betriebs ist, garantiert <strong>Rockhammer<\/strong> einen ununterbrochenen Fluss. Auch in Branchen wie der chemischen Industrie, in denen die gleichm\u00e4\u00dfige Bewegung von Granulat oder Pulver unerl\u00e4sslich ist, zeichnen sich unsere Systeme aus. <\/p>\n<p>Entscheiden Sie sich f\u00fcr <strong>Rockhammer<\/strong>, um sicherzustellen, dass Ihr Unternehmen in Bewegung bleibt, egal wie gro\u00df die Herausforderung ist. Von H\u00e4fen bis hin zu Industrieanlagen sind unsere R\u00fcttel systeme so konzipiert, dass sie auch dort funktionieren, wo andere versagen, damit Ihr Betrieb effizient und zuverl\u00e4ssig bleibt. <\/p>\n\t\t\t\t\t\t\t\t<\/div>\n\t\t\t\t<\/div>\n\t\t\t\t<\/div>\n\t\t<div class=\"elementor-element elementor-element-021d33d e-con-full e-flex elementor-invisible e-con e-child\" data-id=\"021d33d\" data-element_type=\"container\" data-settings=\"{&quot;animation&quot;:&quot;fadeInRight&quot;}\">\n\t\t\t\t<div class=\"elementor-element elementor-element-9ae319e elementor-widget elementor-widget-image\" data-id=\"9ae319e\" data-element_type=\"widget\" data-widget_type=\"image.default\">\n\t\t\t\t<div class=\"elementor-widget-container\">\n\t\t\t\t\t\t\t\t\t\t\t\t\t\t\t<img fetchpriority=\"high\" decoding=\"async\" width=\"2560\" height=\"1707\" src=\"https:\/\/gltechnics.com\/wp-content\/uploads\/2025\/01\/coal-mining-and-processing-equipment-at-daytime-2023-11-27-05-05-01-utc-scaled-1.webp\" class=\"attachment-full size-full wp-image-2880\" alt=\"Coal mining and processing equipment at daytime\" srcset=\"https:\/\/gltechnics.com\/wp-content\/uploads\/2025\/01\/coal-mining-and-processing-equipment-at-daytime-2023-11-27-05-05-01-utc-scaled-1.webp 2560w, https:\/\/gltechnics.com\/wp-content\/uploads\/2025\/01\/coal-mining-and-processing-equipment-at-daytime-2023-11-27-05-05-01-utc-scaled-1-300x200.webp 300w, https:\/\/gltechnics.com\/wp-content\/uploads\/2025\/01\/coal-mining-and-processing-equipment-at-daytime-2023-11-27-05-05-01-utc-scaled-1-1024x683.webp 1024w, https:\/\/gltechnics.com\/wp-content\/uploads\/2025\/01\/coal-mining-and-processing-equipment-at-daytime-2023-11-27-05-05-01-utc-scaled-1-768x512.webp 768w, https:\/\/gltechnics.com\/wp-content\/uploads\/2025\/01\/coal-mining-and-processing-equipment-at-daytime-2023-11-27-05-05-01-utc-scaled-1-1536x1024.webp 1536w, https:\/\/gltechnics.com\/wp-content\/uploads\/2025\/01\/coal-mining-and-processing-equipment-at-daytime-2023-11-27-05-05-01-utc-scaled-1-2048x1366.webp 2048w\" sizes=\"(max-width: 2560px) 100vw, 2560px\" \/>\t\t\t\t\t\t\t\t\t\t\t\t\t\t\t<\/div>\n\t\t\t\t<\/div>\n\t\t\t\t<\/div>\n\t\t\t\t\t<\/div>\n\t\t\t\t<\/div>\n\t\t<div class=\"elementor-element elementor-element-3a003f8 e-flex e-con-boxed e-con e-parent\" data-id=\"3a003f8\" data-element_type=\"container\">\n\t\t\t\t\t<div class=\"e-con-inner\">\n\t\t\t\t<div class=\"elementor-element elementor-element-d5476b1 table-container elementor-widget elementor-widget-text-editor\" data-id=\"d5476b1\" data-element_type=\"widget\" data-widget_type=\"text-editor.default\">\n\t\t\t\t<div class=\"elementor-widget-container\">\n\t\t\t\t\t\t\t\t\t<table style=\"color: #fff;\">\n<tbody>\n<tr style=\"background-color: #639f0e; color: #fff;\">\n<th>Spezifikationen<\/th>\n<th>Einheit<\/th>\n<th>RH-200<\/th>\n<th>RH-500 (demn\u00e4chst)<\/th>\n<\/tr>\n<tr>\n<td>Schlagkraft der Einheit<\/td>\n<td>J<\/td>\n<td>200<\/td>\n<td>550<\/td>\n<\/tr>\n<tr>\n<td>Luftdruck<\/td>\n<td>atm<\/td>\n<td>7<\/td>\n<td>7<\/td>\n<\/tr>\n<tr>\n<td>Luftverbrauch<\/td>\n<td>l\/min<\/td>\n<td>2000<\/td>\n<td>2800<\/td>\n<\/tr>\n<tr>\n<td>Betriebstemperatur<\/td>\n<td>C<\/td>\n<td>-30\u2026+40<\/td>\n<td>-30\u2026+40<\/td>\n<\/tr>\n<tr>\n<td>Gewicht<\/td>\n<td>kg<\/td>\n<td>70<\/td>\n<td>120<\/td>\n<\/tr>\n<\/tbody>\n<\/table>\t\t\t\t\t\t\t\t<\/div>\n\t\t\t\t<\/div>\n\t\t\t\t\t<\/div>\n\t\t\t\t<\/div>\n\t\t<div class=\"elementor-element elementor-element-1711d8b e-flex e-con-boxed e-con e-parent\" data-id=\"1711d8b\" data-element_type=\"container\" data-settings=\"{&quot;background_background&quot;:&quot;classic&quot;}\">\n\t\t\t\t\t<div class=\"e-con-inner\">\n\t\t<div class=\"elementor-element elementor-element-10c6d44 e-flex e-con-boxed elementor-invisible e-con e-child\" data-id=\"10c6d44\" data-element_type=\"container\" data-settings=\"{&quot;animation&quot;:&quot;zoomIn&quot;}\">\n\t\t\t\t\t<div class=\"e-con-inner\">\n\t\t\t\t<div class=\"elementor-element elementor-element-1dfa743 elementor-widget elementor-widget-heading\" data-id=\"1dfa743\" data-element_type=\"widget\" data-widget_type=\"heading.default\">\n\t\t\t\t<div class=\"elementor-widget-container\">\n\t\t\t\t\t<h3 class=\"elementor-heading-title elementor-size-default\">Keine harte Arbeit mehr. Keine kostspieligen Stilllegungen mehr, um Verstopfungen zu beseitigen und Ger\u00e4te zu reparieren. <\/h3>\t\t\t\t<\/div>\n\t\t\t\t<\/div>\n\t\t\t\t<div class=\"elementor-element elementor-element-ffaa61e elementor-widget elementor-widget-heading\" data-id=\"ffaa61e\" data-element_type=\"widget\" data-widget_type=\"heading.default\">\n\t\t\t\t<div class=\"elementor-widget-container\">\n\t\t\t\t\t<h3 class=\"elementor-heading-title elementor-size-default\">Kontaktieren Sie uns noch heute und wir zeigen Ihnen, wie die hochmoderne Technologie von ROCKHAMMER komplexe Probleme ohne Ihr Zutun l\u00f6st. \n<\/h3>\t\t\t\t<\/div>\n\t\t\t\t<\/div>\n\t\t\t\t<div class=\"elementor-element elementor-element-5cd9e57 elementor-align-center elementor-widget elementor-widget-button\" data-id=\"5cd9e57\" data-element_type=\"widget\" data-widget_type=\"button.default\">\n\t\t\t\t<div class=\"elementor-widget-container\">\n\t\t\t\t\t\t\t\t\t<div class=\"elementor-button-wrapper\">\n\t\t\t\t\t<a class=\"elementor-button elementor-button-link elementor-size-md\" href=\"https:\/\/gltechnics.com\/de\/kontakt\/\">\n\t\t\t\t\t\t<span class=\"elementor-button-content-wrapper\">\n\t\t\t\t\t\t<span class=\"elementor-button-icon\">\n\t\t\t\t<svg aria-hidden=\"true\" class=\"e-font-icon-svg e-fas-arrow-right\" viewBox=\"0 0 448 512\" xmlns=\"http:\/\/www.w3.org\/2000\/svg\"><path d=\"M190.5 66.9l22.2-22.2c9.4-9.4 24.6-9.4 33.9 0L441 239c9.4 9.4 9.4 24.6 0 33.9L246.6 467.3c-9.4 9.4-24.6 9.4-33.9 0l-22.2-22.2c-9.5-9.5-9.3-25 .4-34.3L311.4 296H24c-13.3 0-24-10.7-24-24v-32c0-13.3 10.7-24 24-24h287.4L190.9 101.2c-9.8-9.3-10-24.8-.4-34.3z\"><\/path><\/svg>\t\t\t<\/span>\n\t\t\t\t\t\t\t\t\t<span class=\"elementor-button-text\">KONTAKTIEREN SIE UNS<\/span>\n\t\t\t\t\t<\/span>\n\t\t\t\t\t<\/a>\n\t\t\t\t<\/div>\n\t\t\t\t\t\t\t\t<\/div>\n\t\t\t\t<\/div>\n\t\t\t\t\t<\/div>\n\t\t\t\t<\/div>\n\t\t\t\t\t<\/div>\n\t\t\t\t<\/div>\n\t\t\t\t<\/div>\n\t\t","protected":false},"excerpt":{"rendered":"<p>Steigern Sie die Produktivit\u00e4t bei der Materialentladung mit dem R\u00fcttelsystem \u201eRockhammer\u201c. https:\/\/gltechnics.com\/wp-content\/uploads\/2024\/12\/RH200.webm Wenn andere scheitern, haben wir eine L\u00f6sung Beim Transport und der Lagerung von Sch\u00fcttg\u00fctern stehen viele Branchen vor gro\u00dfen Herausforderungen, von verstopften Silos bis hin zu Material, das an F\u00f6rderanlagen klebt. Herk\u00f6mmliche L\u00f6sungen sind oft unzureichend, was zu kostspieligen Verz\u00f6gerungen und Produktionsunterbrechungen f\u00fchrt. [&hellip;]<\/p>\n","protected":false},"author":1,"featured_media":0,"parent":0,"menu_order":0,"comment_status":"closed","ping_status":"closed","template":"elementor_header_footer","meta":{"footnotes":""},"class_list":["post-2607","page","type-page","status-publish","hentry"],"yoast_head":"<!-- This site is optimized with the Yoast SEO plugin v24.1 - https:\/\/yoast.com\/wordpress\/plugins\/seo\/ -->\n<title>Entleeren von Trichtern und Beh\u00e4ltern - Innovationsf\u00fchrer in L\u00f6sungen f\u00fcr die Materialverarbeitung - Global Technics<\/title>\n<meta name=\"description\" content=\"Entdecken Sie die L\u00f6sungen von Global Technics O\u00dc f\u00fcr die Entleerung von Trichtern und Beh\u00e4ltern. Steigern Sie die Effizienz mit fortschrittlichen pneumatischen R\u00fcttlern und Ger\u00e4ten.\" \/>\n<meta name=\"robots\" content=\"index, follow, max-snippet:-1, max-image-preview:large, max-video-preview:-1\" \/>\n<link rel=\"canonical\" href=\"https:\/\/gltechnics.com\/de\/entleeren-von-trichtern-und-behaeltern\/\" \/>\n<meta property=\"og:locale\" content=\"de_DE\" \/>\n<meta property=\"og:type\" content=\"article\" \/>\n<meta property=\"og:title\" content=\"Entleeren von Trichtern und Beh\u00e4ltern - Innovationsf\u00fchrer in L\u00f6sungen f\u00fcr die Materialverarbeitung - Global Technics\" \/>\n<meta property=\"og:description\" content=\"Entdecken Sie die L\u00f6sungen von Global Technics O\u00dc f\u00fcr die Entleerung von Trichtern und Beh\u00e4ltern. Steigern Sie die Effizienz mit fortschrittlichen pneumatischen R\u00fcttlern und Ger\u00e4ten.\" \/>\n<meta property=\"og:url\" content=\"https:\/\/gltechnics.com\/de\/entleeren-von-trichtern-und-behaeltern\/\" \/>\n<meta property=\"og:site_name\" content=\"Innovationsf\u00fchrer in L\u00f6sungen f\u00fcr die Materialverarbeitung - Global Technics\" \/>\n<meta property=\"article:modified_time\" content=\"2025-01-03T09:47:03+00:00\" \/>\n<meta property=\"og:image\" content=\"https:\/\/gltechnics.com\/wp-content\/uploads\/2025\/01\/coal-mining-and-processing-equipment-at-daytime-2023-11-27-05-05-01-utc-scaled-1.webp\" \/>\n\t<meta property=\"og:image:width\" content=\"2560\" \/>\n\t<meta property=\"og:image:height\" content=\"1707\" \/>\n\t<meta property=\"og:image:type\" content=\"image\/webp\" \/>\n<meta name=\"twitter:card\" content=\"summary_large_image\" \/>\n<meta name=\"twitter:label1\" content=\"Gesch\u00e4tzte Lesezeit\" \/>\n\t<meta name=\"twitter:data1\" content=\"3\u00a0Minuten\" \/>\n<script type=\"application\/ld+json\" class=\"yoast-schema-graph\">{\"@context\":\"https:\/\/schema.org\",\"@graph\":[{\"@type\":\"WebPage\",\"@id\":\"https:\/\/gltechnics.com\/de\/entleeren-von-trichtern-und-behaeltern\/\",\"url\":\"https:\/\/gltechnics.com\/de\/entleeren-von-trichtern-und-behaeltern\/\",\"name\":\"Entleeren von Trichtern und Beh\u00e4ltern - Innovationsf\u00fchrer in L\u00f6sungen f\u00fcr die Materialverarbeitung - Global Technics\",\"isPartOf\":{\"@id\":\"https:\/\/gltechnics.com\/de\/#website\"},\"primaryImageOfPage\":{\"@id\":\"https:\/\/gltechnics.com\/de\/entleeren-von-trichtern-und-behaeltern\/#primaryimage\"},\"image\":{\"@id\":\"https:\/\/gltechnics.com\/de\/entleeren-von-trichtern-und-behaeltern\/#primaryimage\"},\"thumbnailUrl\":\"https:\/\/gltechnics.com\/wp-content\/uploads\/2025\/01\/coal-mining-and-processing-equipment-at-daytime-2023-11-27-05-05-01-utc-scaled-1.webp\",\"datePublished\":\"2024-09-17T10:09:24+00:00\",\"dateModified\":\"2025-01-03T09:47:03+00:00\",\"description\":\"Entdecken Sie die L\u00f6sungen von Global Technics O\u00dc f\u00fcr die Entleerung von Trichtern und Beh\u00e4ltern. Steigern Sie die Effizienz mit fortschrittlichen pneumatischen R\u00fcttlern und Ger\u00e4ten.\",\"breadcrumb\":{\"@id\":\"https:\/\/gltechnics.com\/de\/entleeren-von-trichtern-und-behaeltern\/#breadcrumb\"},\"inLanguage\":\"de\",\"potentialAction\":[{\"@type\":\"ReadAction\",\"target\":[\"https:\/\/gltechnics.com\/de\/entleeren-von-trichtern-und-behaeltern\/\"]}]},{\"@type\":\"ImageObject\",\"inLanguage\":\"de\",\"@id\":\"https:\/\/gltechnics.com\/de\/entleeren-von-trichtern-und-behaeltern\/#primaryimage\",\"url\":\"https:\/\/gltechnics.com\/wp-content\/uploads\/2025\/01\/coal-mining-and-processing-equipment-at-daytime-2023-11-27-05-05-01-utc-scaled-1.webp\",\"contentUrl\":\"https:\/\/gltechnics.com\/wp-content\/uploads\/2025\/01\/coal-mining-and-processing-equipment-at-daytime-2023-11-27-05-05-01-utc-scaled-1.webp\"},{\"@type\":\"BreadcrumbList\",\"@id\":\"https:\/\/gltechnics.com\/de\/entleeren-von-trichtern-und-behaeltern\/#breadcrumb\",\"itemListElement\":[{\"@type\":\"ListItem\",\"position\":1,\"name\":\"Home\",\"item\":\"https:\/\/gltechnics.com\/de\/\"},{\"@type\":\"ListItem\",\"position\":2,\"name\":\"Entleeren von Trichtern und Beh\u00e4ltern\"}]},{\"@type\":\"WebSite\",\"@id\":\"https:\/\/gltechnics.com\/de\/#website\",\"url\":\"https:\/\/gltechnics.com\/de\/\",\"name\":\"Global Technics\",\"description\":\"\",\"publisher\":{\"@id\":\"https:\/\/gltechnics.com\/de\/#organization\"},\"potentialAction\":[{\"@type\":\"SearchAction\",\"target\":{\"@type\":\"EntryPoint\",\"urlTemplate\":\"https:\/\/gltechnics.com\/de\/?s={search_term_string}\"},\"query-input\":{\"@type\":\"PropertyValueSpecification\",\"valueRequired\":true,\"valueName\":\"search_term_string\"}}],\"inLanguage\":\"de\"},{\"@type\":\"Organization\",\"@id\":\"https:\/\/gltechnics.com\/de\/#organization\",\"name\":\"Global Technics\",\"url\":\"https:\/\/gltechnics.com\/de\/\",\"logo\":{\"@type\":\"ImageObject\",\"inLanguage\":\"de\",\"@id\":\"https:\/\/gltechnics.com\/de\/#\/schema\/logo\/image\/\",\"url\":\"https:\/\/gltechnics.com\/wp-content\/uploads\/2024\/08\/Asset-1-2.svg\",\"contentUrl\":\"https:\/\/gltechnics.com\/wp-content\/uploads\/2024\/08\/Asset-1-2.svg\",\"width\":468,\"height\":128,\"caption\":\"Global Technics\"},\"image\":{\"@id\":\"https:\/\/gltechnics.com\/de\/#\/schema\/logo\/image\/\"}}]}<\/script>\n<!-- \/ Yoast SEO plugin. -->","yoast_head_json":{"title":"Entleeren von Trichtern und Beh\u00e4ltern - Innovationsf\u00fchrer in L\u00f6sungen f\u00fcr die Materialverarbeitung - Global Technics","description":"Entdecken Sie die L\u00f6sungen von Global Technics O\u00dc f\u00fcr die Entleerung von Trichtern und Beh\u00e4ltern. Steigern Sie die Effizienz mit fortschrittlichen pneumatischen R\u00fcttlern und Ger\u00e4ten.","robots":{"index":"index","follow":"follow","max-snippet":"max-snippet:-1","max-image-preview":"max-image-preview:large","max-video-preview":"max-video-preview:-1"},"canonical":"https:\/\/gltechnics.com\/de\/entleeren-von-trichtern-und-behaeltern\/","og_locale":"de_DE","og_type":"article","og_title":"Entleeren von Trichtern und Beh\u00e4ltern - Innovationsf\u00fchrer in L\u00f6sungen f\u00fcr die Materialverarbeitung - Global Technics","og_description":"Entdecken Sie die L\u00f6sungen von Global Technics O\u00dc f\u00fcr die Entleerung von Trichtern und Beh\u00e4ltern. Steigern Sie die Effizienz mit fortschrittlichen pneumatischen R\u00fcttlern und Ger\u00e4ten.","og_url":"https:\/\/gltechnics.com\/de\/entleeren-von-trichtern-und-behaeltern\/","og_site_name":"Innovationsf\u00fchrer in L\u00f6sungen f\u00fcr die Materialverarbeitung - Global Technics","article_modified_time":"2025-01-03T09:47:03+00:00","og_image":[{"width":2560,"height":1707,"url":"https:\/\/gltechnics.com\/wp-content\/uploads\/2025\/01\/coal-mining-and-processing-equipment-at-daytime-2023-11-27-05-05-01-utc-scaled-1.webp","type":"image\/webp"}],"twitter_card":"summary_large_image","twitter_misc":{"Gesch\u00e4tzte Lesezeit":"3\u00a0Minuten"},"schema":{"@context":"https:\/\/schema.org","@graph":[{"@type":"WebPage","@id":"https:\/\/gltechnics.com\/de\/entleeren-von-trichtern-und-behaeltern\/","url":"https:\/\/gltechnics.com\/de\/entleeren-von-trichtern-und-behaeltern\/","name":"Entleeren von Trichtern und Beh\u00e4ltern - Innovationsf\u00fchrer in L\u00f6sungen f\u00fcr die Materialverarbeitung - Global Technics","isPartOf":{"@id":"https:\/\/gltechnics.com\/de\/#website"},"primaryImageOfPage":{"@id":"https:\/\/gltechnics.com\/de\/entleeren-von-trichtern-und-behaeltern\/#primaryimage"},"image":{"@id":"https:\/\/gltechnics.com\/de\/entleeren-von-trichtern-und-behaeltern\/#primaryimage"},"thumbnailUrl":"https:\/\/gltechnics.com\/wp-content\/uploads\/2025\/01\/coal-mining-and-processing-equipment-at-daytime-2023-11-27-05-05-01-utc-scaled-1.webp","datePublished":"2024-09-17T10:09:24+00:00","dateModified":"2025-01-03T09:47:03+00:00","description":"Entdecken Sie die L\u00f6sungen von Global Technics O\u00dc f\u00fcr die Entleerung von Trichtern und Beh\u00e4ltern. Steigern Sie die Effizienz mit fortschrittlichen pneumatischen R\u00fcttlern und Ger\u00e4ten.","breadcrumb":{"@id":"https:\/\/gltechnics.com\/de\/entleeren-von-trichtern-und-behaeltern\/#breadcrumb"},"inLanguage":"de","potentialAction":[{"@type":"ReadAction","target":["https:\/\/gltechnics.com\/de\/entleeren-von-trichtern-und-behaeltern\/"]}]},{"@type":"ImageObject","inLanguage":"de","@id":"https:\/\/gltechnics.com\/de\/entleeren-von-trichtern-und-behaeltern\/#primaryimage","url":"https:\/\/gltechnics.com\/wp-content\/uploads\/2025\/01\/coal-mining-and-processing-equipment-at-daytime-2023-11-27-05-05-01-utc-scaled-1.webp","contentUrl":"https:\/\/gltechnics.com\/wp-content\/uploads\/2025\/01\/coal-mining-and-processing-equipment-at-daytime-2023-11-27-05-05-01-utc-scaled-1.webp"},{"@type":"BreadcrumbList","@id":"https:\/\/gltechnics.com\/de\/entleeren-von-trichtern-und-behaeltern\/#breadcrumb","itemListElement":[{"@type":"ListItem","position":1,"name":"Home","item":"https:\/\/gltechnics.com\/de\/"},{"@type":"ListItem","position":2,"name":"Entleeren von Trichtern und Beh\u00e4ltern"}]},{"@type":"WebSite","@id":"https:\/\/gltechnics.com\/de\/#website","url":"https:\/\/gltechnics.com\/de\/","name":"Global Technics","description":"","publisher":{"@id":"https:\/\/gltechnics.com\/de\/#organization"},"potentialAction":[{"@type":"SearchAction","target":{"@type":"EntryPoint","urlTemplate":"https:\/\/gltechnics.com\/de\/?s={search_term_string}"},"query-input":{"@type":"PropertyValueSpecification","valueRequired":true,"valueName":"search_term_string"}}],"inLanguage":"de"},{"@type":"Organization","@id":"https:\/\/gltechnics.com\/de\/#organization","name":"Global Technics","url":"https:\/\/gltechnics.com\/de\/","logo":{"@type":"ImageObject","inLanguage":"de","@id":"https:\/\/gltechnics.com\/de\/#\/schema\/logo\/image\/","url":"https:\/\/gltechnics.com\/wp-content\/uploads\/2024\/08\/Asset-1-2.svg","contentUrl":"https:\/\/gltechnics.com\/wp-content\/uploads\/2024\/08\/Asset-1-2.svg","width":468,"height":128,"caption":"Global Technics"},"image":{"@id":"https:\/\/gltechnics.com\/de\/#\/schema\/logo\/image\/"}}]}},"_links":{"self":[{"href":"https:\/\/gltechnics.com\/de\/wp-json\/wp\/v2\/pages\/2607","targetHints":{"allow":["GET"]}}],"collection":[{"href":"https:\/\/gltechnics.com\/de\/wp-json\/wp\/v2\/pages"}],"about":[{"href":"https:\/\/gltechnics.com\/de\/wp-json\/wp\/v2\/types\/page"}],"author":[{"embeddable":true,"href":"https:\/\/gltechnics.com\/de\/wp-json\/wp\/v2\/users\/1"}],"replies":[{"embeddable":true,"href":"https:\/\/gltechnics.com\/de\/wp-json\/wp\/v2\/comments?post=2607"}],"version-history":[{"count":11,"href":"https:\/\/gltechnics.com\/de\/wp-json\/wp\/v2\/pages\/2607\/revisions"}],"predecessor-version":[{"id":3320,"href":"https:\/\/gltechnics.com\/de\/wp-json\/wp\/v2\/pages\/2607\/revisions\/3320"}],"wp:attachment":[{"href":"https:\/\/gltechnics.com\/de\/wp-json\/wp\/v2\/media?parent=2607"}],"curies":[{"name":"wp","href":"https:\/\/api.w.org\/{rel}","templated":true}]}}