{"id":2609,"date":"2024-08-06T15:26:08","date_gmt":"2024-08-06T12:26:08","guid":{"rendered":"https:\/\/gltechnics.com\/ueber-uns\/"},"modified":"2025-01-30T16:19:21","modified_gmt":"2025-01-30T14:19:21","slug":"ueber-uns","status":"publish","type":"page","link":"https:\/\/gltechnics.com\/de\/ueber-uns\/","title":{"rendered":"\u00dcber uns"},"content":{"rendered":"\t\t<div data-elementor-type=\"wp-page\" data-elementor-id=\"2609\" class=\"elementor elementor-2609 elementor-113\" data-elementor-post-type=\"page\">\n\t\t\t\t<div class=\"elementor-element elementor-element-54f341dd e-con-full e-flex e-con e-parent\" data-id=\"54f341dd\" data-element_type=\"container\" data-settings=\"{&quot;background_background&quot;:&quot;classic&quot;}\">\n\t\t<div class=\"elementor-element elementor-element-3ae69933 e-flex e-con-boxed e-con e-child\" data-id=\"3ae69933\" data-element_type=\"container\">\n\t\t\t\t\t<div class=\"e-con-inner\">\n\t\t<div class=\"elementor-element elementor-element-2e5d1ec6 e-flex e-con-boxed e-con e-child\" data-id=\"2e5d1ec6\" data-element_type=\"container\" data-settings=\"{&quot;background_background&quot;:&quot;classic&quot;}\">\n\t\t\t\t\t<div class=\"e-con-inner\">\n\t\t\t\t<div class=\"elementor-element elementor-element-3ca5429 elementor-invisible elementor-widget elementor-widget-heading\" data-id=\"3ca5429\" data-element_type=\"widget\" data-settings=\"{&quot;_animation&quot;:&quot;fadeInDown&quot;}\" data-widget_type=\"heading.default\">\n\t\t\t\t<div class=\"elementor-widget-container\">\n\t\t\t\t\t<h1 class=\"elementor-heading-title elementor-size-default\">\u00dcber uns<\/h1>\t\t\t\t<\/div>\n\t\t\t\t<\/div>\n\t\t\t\t<div class=\"elementor-element elementor-element-2e03421a elementor-widget__width-initial elementor-invisible elementor-widget elementor-widget-heading\" data-id=\"2e03421a\" data-element_type=\"widget\" data-settings=\"{&quot;_animation&quot;:&quot;fadeInUp&quot;,&quot;_animation_delay&quot;:200}\" data-widget_type=\"heading.default\">\n\t\t\t\t<div class=\"elementor-widget-container\">\n\t\t\t\t\t<h3 class=\"elementor-heading-title elementor-size-default\">Innovationsf\u00fchrer bei Materialverarbeitungsl\u00f6sungen<\/h3>\t\t\t\t<\/div>\n\t\t\t\t<\/div>\n\t\t\t\t\t<\/div>\n\t\t\t\t<\/div>\n\t\t\t\t\t<\/div>\n\t\t\t\t<\/div>\n\t\t\t\t<\/div>\n\t\t<div class=\"elementor-element elementor-element-6d004414 e-flex e-con-boxed e-con e-parent\" data-id=\"6d004414\" data-element_type=\"container\">\n\t\t\t\t\t<div class=\"e-con-inner\">\n\t\t<div class=\"elementor-element elementor-element-46533abf e-con-full e-flex elementor-invisible e-con e-child\" data-id=\"46533abf\" data-element_type=\"container\" data-settings=\"{&quot;animation&quot;:&quot;fadeInLeft&quot;}\">\n\t\t\t\t<div class=\"elementor-element elementor-element-510b38c0 elementor-widget elementor-widget-heading\" data-id=\"510b38c0\" data-element_type=\"widget\" data-widget_type=\"heading.default\">\n\t\t\t\t<div class=\"elementor-widget-container\">\n\t\t\t\t\t<h2 class=\"elementor-heading-title elementor-size-default\">Wer wir sind<\/h2>\t\t\t\t<\/div>\n\t\t\t\t<\/div>\n\t\t\t\t<div class=\"elementor-element elementor-element-791c5448 elementor-widget elementor-widget-text-editor\" data-id=\"791c5448\" data-element_type=\"widget\" data-widget_type=\"text-editor.default\">\n\t\t\t\t<div class=\"elementor-widget-container\">\n\t\t\t\t\t\t\t\t\t<p><span style=\"font-weight: 400;\">GLOBAL TECHNICS O\u00dc ist ein Ingenieurb\u00fcro mit \u00fcber 15 Jahren Erfahrung in der Entwicklung und Herstellung von hochwertigen Sch\u00fcttgut-Entladeanlagen. Unsere pneumatischen Vibrationsh\u00e4mmer sind ein unverzichtbares Werkzeug zur Beschleunigung der Entladung, zur Beseitigung von Hindernissen bei der Lagerung und Handhabung von Sch\u00fcttg\u00fctern und zur Optimierung der betrieblichen Effizienz.  <\/span><\/p>\n<p>Wir sind stolz darauf, eine Vielzahl von Branchen zu beliefern, darunter H\u00e4fen, Terminals und Unternehmen, die auf D\u00fcngemittel, Zement, Metalle und mehr spezialisiert sind. Dar\u00fcber hinaus sind unsere Anlagen in der Bergbau-, Chemie- und Bauindustrie sehr gefragt. <\/p>\n<p>Wir laden Sie ein, sich den vielen zufriedenen Kunden anzuschlie\u00dfen, die GLOBAL TECHNICS O\u00dc ihren Bedarf an Sch\u00fcttgutumschlag anvertrauen. Maximieren Sie die Effizienz Ihrer Entladevorg\u00e4nge mit unseren hochmodernen Druckluftvibratoren und erleben Sie eine deutliche Steigerung der Produktivit\u00e4t und Effizienz. <\/p>\n\t\t\t\t\t\t\t\t<\/div>\n\t\t\t\t<\/div>\n\t\t\t\t<\/div>\n\t\t<div class=\"elementor-element elementor-element-d8f13a8 e-con-full e-flex elementor-invisible e-con e-child\" data-id=\"d8f13a8\" data-element_type=\"container\" data-settings=\"{&quot;animation&quot;:&quot;fadeInRight&quot;}\">\n\t\t\t\t<div class=\"elementor-element elementor-element-b61ba6b elementor-widget elementor-widget-image\" data-id=\"b61ba6b\" data-element_type=\"widget\" data-widget_type=\"image.default\">\n\t\t\t\t<div class=\"elementor-widget-container\">\n\t\t\t\t\t\t\t\t\t\t\t\t\t\t\t<img fetchpriority=\"high\" decoding=\"async\" width=\"960\" height=\"960\" src=\"https:\/\/gltechnics.com\/wp-content\/uploads\/2025\/01\/office-with-computers.jpeg\" class=\"attachment-full size-full wp-image-3142\" alt=\"office with computers daylight\" srcset=\"https:\/\/gltechnics.com\/wp-content\/uploads\/2025\/01\/office-with-computers.jpeg 960w, https:\/\/gltechnics.com\/wp-content\/uploads\/2025\/01\/office-with-computers-300x300.jpeg 300w, https:\/\/gltechnics.com\/wp-content\/uploads\/2025\/01\/office-with-computers-150x150.jpeg 150w, https:\/\/gltechnics.com\/wp-content\/uploads\/2025\/01\/office-with-computers-768x768.jpeg 768w\" sizes=\"(max-width: 960px) 100vw, 960px\" \/>\t\t\t\t\t\t\t\t\t\t\t\t\t\t\t<\/div>\n\t\t\t\t<\/div>\n\t\t\t\t<\/div>\n\t\t\t\t\t<\/div>\n\t\t\t\t<\/div>\n\t\t\t\t<\/div>\n\t\t","protected":false},"excerpt":{"rendered":"<p>Innovationsf\u00fchrer bei Materialverarbeitungsl\u00f6sungen Wer wir sind GLOBAL TECHNICS O\u00dc ist ein Ingenieurb\u00fcro mit \u00fcber 15 Jahren Erfahrung in der Entwicklung und Herstellung von hochwertigen Sch\u00fcttgut-Entladeanlagen. Unsere pneumatischen Vibrationsh\u00e4mmer sind ein unverzichtbares Werkzeug zur Beschleunigung der Entladung, zur Beseitigung von Hindernissen bei der Lagerung und Handhabung von Sch\u00fcttg\u00fctern und zur Optimierung der betrieblichen Effizienz. Wir sind [&hellip;]<\/p>\n","protected":false},"author":1,"featured_media":0,"parent":0,"menu_order":0,"comment_status":"closed","ping_status":"closed","template":"","meta":{"footnotes":""},"class_list":["post-2609","page","type-page","status-publish","hentry"],"yoast_head":"<!-- This site is optimized with the Yoast SEO plugin v24.1 - https:\/\/yoast.com\/wordpress\/plugins\/seo\/ -->\n<title>\u00dcber uns - Innovationsf\u00fchrer in L\u00f6sungen f\u00fcr die Materialverarbeitung - Global Technics<\/title>\n<meta name=\"description\" content=\"Erfahren Sie mehr \u00fcber Global Technics O\u00dc, einen zuverl\u00e4ssigen Anbieter von L\u00f6sungen f\u00fcr den Sch\u00fcttgutumschlag mit \u00fcber 15 Jahren Branchenerfahrung\" \/>\n<meta name=\"robots\" content=\"index, follow, max-snippet:-1, max-image-preview:large, max-video-preview:-1\" \/>\n<link rel=\"canonical\" href=\"https:\/\/gltechnics.com\/de\/ueber-uns\/\" \/>\n<meta property=\"og:locale\" content=\"de_DE\" \/>\n<meta property=\"og:type\" content=\"article\" \/>\n<meta property=\"og:title\" content=\"\u00dcber uns - Innovationsf\u00fchrer in L\u00f6sungen f\u00fcr die Materialverarbeitung - Global Technics\" \/>\n<meta property=\"og:description\" content=\"Erfahren Sie mehr \u00fcber Global Technics O\u00dc, einen zuverl\u00e4ssigen Anbieter von L\u00f6sungen f\u00fcr den Sch\u00fcttgutumschlag mit \u00fcber 15 Jahren Branchenerfahrung\" \/>\n<meta property=\"og:url\" content=\"https:\/\/gltechnics.com\/de\/ueber-uns\/\" \/>\n<meta property=\"og:site_name\" content=\"Innovationsf\u00fchrer in L\u00f6sungen f\u00fcr die Materialverarbeitung - Global Technics\" \/>\n<meta property=\"article:modified_time\" content=\"2025-01-30T14:19:21+00:00\" \/>\n<meta property=\"og:image\" content=\"https:\/\/gltechnics.com\/wp-content\/uploads\/2025\/01\/office-with-computers.jpeg\" \/>\n\t<meta property=\"og:image:width\" content=\"960\" \/>\n\t<meta property=\"og:image:height\" content=\"960\" \/>\n\t<meta property=\"og:image:type\" content=\"image\/jpeg\" \/>\n<meta name=\"twitter:card\" content=\"summary_large_image\" \/>\n<meta name=\"twitter:label1\" content=\"Gesch\u00e4tzte Lesezeit\" \/>\n\t<meta name=\"twitter:data1\" content=\"1\u00a0Minute\" \/>\n<script type=\"application\/ld+json\" class=\"yoast-schema-graph\">{\"@context\":\"https:\/\/schema.org\",\"@graph\":[{\"@type\":\"WebPage\",\"@id\":\"https:\/\/gltechnics.com\/de\/ueber-uns\/\",\"url\":\"https:\/\/gltechnics.com\/de\/ueber-uns\/\",\"name\":\"\u00dcber uns - Innovationsf\u00fchrer in L\u00f6sungen f\u00fcr die Materialverarbeitung - Global Technics\",\"isPartOf\":{\"@id\":\"https:\/\/gltechnics.com\/de\/#website\"},\"primaryImageOfPage\":{\"@id\":\"https:\/\/gltechnics.com\/de\/ueber-uns\/#primaryimage\"},\"image\":{\"@id\":\"https:\/\/gltechnics.com\/de\/ueber-uns\/#primaryimage\"},\"thumbnailUrl\":\"https:\/\/gltechnics.com\/wp-content\/uploads\/2025\/01\/office-with-computers.jpeg\",\"datePublished\":\"2024-08-06T12:26:08+00:00\",\"dateModified\":\"2025-01-30T14:19:21+00:00\",\"description\":\"Erfahren Sie mehr \u00fcber Global Technics O\u00dc, einen zuverl\u00e4ssigen Anbieter von L\u00f6sungen f\u00fcr den Sch\u00fcttgutumschlag mit \u00fcber 15 Jahren Branchenerfahrung\",\"breadcrumb\":{\"@id\":\"https:\/\/gltechnics.com\/de\/ueber-uns\/#breadcrumb\"},\"inLanguage\":\"de\",\"potentialAction\":[{\"@type\":\"ReadAction\",\"target\":[\"https:\/\/gltechnics.com\/de\/ueber-uns\/\"]}]},{\"@type\":\"ImageObject\",\"inLanguage\":\"de\",\"@id\":\"https:\/\/gltechnics.com\/de\/ueber-uns\/#primaryimage\",\"url\":\"https:\/\/gltechnics.com\/wp-content\/uploads\/2025\/01\/office-with-computers.jpeg\",\"contentUrl\":\"https:\/\/gltechnics.com\/wp-content\/uploads\/2025\/01\/office-with-computers.jpeg\"},{\"@type\":\"BreadcrumbList\",\"@id\":\"https:\/\/gltechnics.com\/de\/ueber-uns\/#breadcrumb\",\"itemListElement\":[{\"@type\":\"ListItem\",\"position\":1,\"name\":\"Home\",\"item\":\"https:\/\/gltechnics.com\/de\/\"},{\"@type\":\"ListItem\",\"position\":2,\"name\":\"\u00dcber uns\"}]},{\"@type\":\"WebSite\",\"@id\":\"https:\/\/gltechnics.com\/de\/#website\",\"url\":\"https:\/\/gltechnics.com\/de\/\",\"name\":\"Global Technics\",\"description\":\"\",\"publisher\":{\"@id\":\"https:\/\/gltechnics.com\/de\/#organization\"},\"potentialAction\":[{\"@type\":\"SearchAction\",\"target\":{\"@type\":\"EntryPoint\",\"urlTemplate\":\"https:\/\/gltechnics.com\/de\/?s={search_term_string}\"},\"query-input\":{\"@type\":\"PropertyValueSpecification\",\"valueRequired\":true,\"valueName\":\"search_term_string\"}}],\"inLanguage\":\"de\"},{\"@type\":\"Organization\",\"@id\":\"https:\/\/gltechnics.com\/de\/#organization\",\"name\":\"Global Technics\",\"url\":\"https:\/\/gltechnics.com\/de\/\",\"logo\":{\"@type\":\"ImageObject\",\"inLanguage\":\"de\",\"@id\":\"https:\/\/gltechnics.com\/de\/#\/schema\/logo\/image\/\",\"url\":\"https:\/\/gltechnics.com\/wp-content\/uploads\/2024\/08\/Asset-1-2.svg\",\"contentUrl\":\"https:\/\/gltechnics.com\/wp-content\/uploads\/2024\/08\/Asset-1-2.svg\",\"width\":468,\"height\":128,\"caption\":\"Global Technics\"},\"image\":{\"@id\":\"https:\/\/gltechnics.com\/de\/#\/schema\/logo\/image\/\"}}]}<\/script>\n<!-- \/ Yoast SEO plugin. -->","yoast_head_json":{"title":"\u00dcber uns - Innovationsf\u00fchrer in L\u00f6sungen f\u00fcr die Materialverarbeitung - Global Technics","description":"Erfahren Sie mehr \u00fcber Global Technics O\u00dc, einen zuverl\u00e4ssigen Anbieter von L\u00f6sungen f\u00fcr den Sch\u00fcttgutumschlag mit \u00fcber 15 Jahren Branchenerfahrung","robots":{"index":"index","follow":"follow","max-snippet":"max-snippet:-1","max-image-preview":"max-image-preview:large","max-video-preview":"max-video-preview:-1"},"canonical":"https:\/\/gltechnics.com\/de\/ueber-uns\/","og_locale":"de_DE","og_type":"article","og_title":"\u00dcber uns - Innovationsf\u00fchrer in L\u00f6sungen f\u00fcr die Materialverarbeitung - Global Technics","og_description":"Erfahren Sie mehr \u00fcber Global Technics O\u00dc, einen zuverl\u00e4ssigen Anbieter von L\u00f6sungen f\u00fcr den Sch\u00fcttgutumschlag mit \u00fcber 15 Jahren Branchenerfahrung","og_url":"https:\/\/gltechnics.com\/de\/ueber-uns\/","og_site_name":"Innovationsf\u00fchrer in L\u00f6sungen f\u00fcr die Materialverarbeitung - Global Technics","article_modified_time":"2025-01-30T14:19:21+00:00","og_image":[{"width":960,"height":960,"url":"https:\/\/gltechnics.com\/wp-content\/uploads\/2025\/01\/office-with-computers.jpeg","type":"image\/jpeg"}],"twitter_card":"summary_large_image","twitter_misc":{"Gesch\u00e4tzte Lesezeit":"1\u00a0Minute"},"schema":{"@context":"https:\/\/schema.org","@graph":[{"@type":"WebPage","@id":"https:\/\/gltechnics.com\/de\/ueber-uns\/","url":"https:\/\/gltechnics.com\/de\/ueber-uns\/","name":"\u00dcber uns - Innovationsf\u00fchrer in L\u00f6sungen f\u00fcr die Materialverarbeitung - Global Technics","isPartOf":{"@id":"https:\/\/gltechnics.com\/de\/#website"},"primaryImageOfPage":{"@id":"https:\/\/gltechnics.com\/de\/ueber-uns\/#primaryimage"},"image":{"@id":"https:\/\/gltechnics.com\/de\/ueber-uns\/#primaryimage"},"thumbnailUrl":"https:\/\/gltechnics.com\/wp-content\/uploads\/2025\/01\/office-with-computers.jpeg","datePublished":"2024-08-06T12:26:08+00:00","dateModified":"2025-01-30T14:19:21+00:00","description":"Erfahren Sie mehr \u00fcber Global Technics O\u00dc, einen zuverl\u00e4ssigen Anbieter von L\u00f6sungen f\u00fcr den Sch\u00fcttgutumschlag mit \u00fcber 15 Jahren Branchenerfahrung","breadcrumb":{"@id":"https:\/\/gltechnics.com\/de\/ueber-uns\/#breadcrumb"},"inLanguage":"de","potentialAction":[{"@type":"ReadAction","target":["https:\/\/gltechnics.com\/de\/ueber-uns\/"]}]},{"@type":"ImageObject","inLanguage":"de","@id":"https:\/\/gltechnics.com\/de\/ueber-uns\/#primaryimage","url":"https:\/\/gltechnics.com\/wp-content\/uploads\/2025\/01\/office-with-computers.jpeg","contentUrl":"https:\/\/gltechnics.com\/wp-content\/uploads\/2025\/01\/office-with-computers.jpeg"},{"@type":"BreadcrumbList","@id":"https:\/\/gltechnics.com\/de\/ueber-uns\/#breadcrumb","itemListElement":[{"@type":"ListItem","position":1,"name":"Home","item":"https:\/\/gltechnics.com\/de\/"},{"@type":"ListItem","position":2,"name":"\u00dcber uns"}]},{"@type":"WebSite","@id":"https:\/\/gltechnics.com\/de\/#website","url":"https:\/\/gltechnics.com\/de\/","name":"Global Technics","description":"","publisher":{"@id":"https:\/\/gltechnics.com\/de\/#organization"},"potentialAction":[{"@type":"SearchAction","target":{"@type":"EntryPoint","urlTemplate":"https:\/\/gltechnics.com\/de\/?s={search_term_string}"},"query-input":{"@type":"PropertyValueSpecification","valueRequired":true,"valueName":"search_term_string"}}],"inLanguage":"de"},{"@type":"Organization","@id":"https:\/\/gltechnics.com\/de\/#organization","name":"Global Technics","url":"https:\/\/gltechnics.com\/de\/","logo":{"@type":"ImageObject","inLanguage":"de","@id":"https:\/\/gltechnics.com\/de\/#\/schema\/logo\/image\/","url":"https:\/\/gltechnics.com\/wp-content\/uploads\/2024\/08\/Asset-1-2.svg","contentUrl":"https:\/\/gltechnics.com\/wp-content\/uploads\/2024\/08\/Asset-1-2.svg","width":468,"height":128,"caption":"Global Technics"},"image":{"@id":"https:\/\/gltechnics.com\/de\/#\/schema\/logo\/image\/"}}]}},"_links":{"self":[{"href":"https:\/\/gltechnics.com\/de\/wp-json\/wp\/v2\/pages\/2609","targetHints":{"allow":["GET"]}}],"collection":[{"href":"https:\/\/gltechnics.com\/de\/wp-json\/wp\/v2\/pages"}],"about":[{"href":"https:\/\/gltechnics.com\/de\/wp-json\/wp\/v2\/types\/page"}],"author":[{"embeddable":true,"href":"https:\/\/gltechnics.com\/de\/wp-json\/wp\/v2\/users\/1"}],"replies":[{"embeddable":true,"href":"https:\/\/gltechnics.com\/de\/wp-json\/wp\/v2\/comments?post=2609"}],"version-history":[{"count":9,"href":"https:\/\/gltechnics.com\/de\/wp-json\/wp\/v2\/pages\/2609\/revisions"}],"predecessor-version":[{"id":3445,"href":"https:\/\/gltechnics.com\/de\/wp-json\/wp\/v2\/pages\/2609\/revisions\/3445"}],"wp:attachment":[{"href":"https:\/\/gltechnics.com\/de\/wp-json\/wp\/v2\/media?parent=2609"}],"curies":[{"name":"wp","href":"https:\/\/api.w.org\/{rel}","templated":true}]}}