{"id":2612,"date":"2024-08-06T15:26:17","date_gmt":"2024-08-06T12:26:17","guid":{"rendered":"https:\/\/gltechnics.com\/fuer-haendler\/"},"modified":"2025-01-03T11:44:03","modified_gmt":"2025-01-03T09:44:03","slug":"fuer-haendler","status":"publish","type":"page","link":"https:\/\/gltechnics.com\/de\/fuer-haendler\/","title":{"rendered":"F\u00fcr H\u00e4ndler"},"content":{"rendered":"\t\t<div data-elementor-type=\"wp-page\" data-elementor-id=\"2612\" class=\"elementor elementor-2612 elementor-117\" data-elementor-post-type=\"page\">\n\t\t\t\t<div class=\"elementor-element elementor-element-54f341dd e-con-full e-flex e-con e-parent\" data-id=\"54f341dd\" data-element_type=\"container\" data-settings=\"{&quot;background_background&quot;:&quot;classic&quot;}\">\n\t\t<div class=\"elementor-element elementor-element-3ae69933 e-flex e-con-boxed e-con e-child\" data-id=\"3ae69933\" data-element_type=\"container\">\n\t\t\t\t\t<div class=\"e-con-inner\">\n\t\t<div class=\"elementor-element elementor-element-2e5d1ec6 e-flex e-con-boxed e-con e-child\" data-id=\"2e5d1ec6\" data-element_type=\"container\" data-settings=\"{&quot;background_background&quot;:&quot;classic&quot;}\">\n\t\t\t\t\t<div class=\"e-con-inner\">\n\t\t\t\t<div class=\"elementor-element elementor-element-3ca5429 elementor-invisible elementor-widget elementor-widget-heading\" data-id=\"3ca5429\" data-element_type=\"widget\" data-settings=\"{&quot;_animation&quot;:&quot;fadeInDown&quot;}\" data-widget_type=\"heading.default\">\n\t\t\t\t<div class=\"elementor-widget-container\">\n\t\t\t\t\t<h1 class=\"elementor-heading-title elementor-size-default\">F\u00fcr H\u00e4ndler<\/h1>\t\t\t\t<\/div>\n\t\t\t\t<\/div>\n\t\t\t\t<div class=\"elementor-element elementor-element-034ecf5 elementor-invisible elementor-widget elementor-widget-heading\" data-id=\"034ecf5\" data-element_type=\"widget\" data-settings=\"{&quot;_animation&quot;:&quot;fadeInUp&quot;,&quot;_animation_delay&quot;:200}\" data-widget_type=\"heading.default\">\n\t\t\t\t<div class=\"elementor-widget-container\">\n\t\t\t\t\t<h2 class=\"elementor-heading-title elementor-size-default\">Unser Ziel ist es, Ihr Gesch\u00e4ft zu verbessern durch unsere Technologie<br><\/h2>\t\t\t\t<\/div>\n\t\t\t\t<\/div>\n\t\t\t\t\t<\/div>\n\t\t\t\t<\/div>\n\t\t\t\t\t<\/div>\n\t\t\t\t<\/div>\n\t\t\t\t<\/div>\n\t\t<div class=\"elementor-element elementor-element-6d004414 e-flex e-con-boxed e-con e-parent\" data-id=\"6d004414\" data-element_type=\"container\">\n\t\t\t\t\t<div class=\"e-con-inner\">\n\t\t<div class=\"elementor-element elementor-element-46533abf e-con-full e-flex elementor-invisible e-con e-child\" data-id=\"46533abf\" data-element_type=\"container\" data-settings=\"{&quot;animation&quot;:&quot;fadeInLeft&quot;}\">\n\t\t\t\t<div class=\"elementor-element elementor-element-510b38c0 elementor-widget elementor-widget-heading\" data-id=\"510b38c0\" data-element_type=\"widget\" data-widget_type=\"heading.default\">\n\t\t\t\t<div class=\"elementor-widget-container\">\n\t\t\t\t\t<h2 class=\"elementor-heading-title elementor-size-default\">Werden sie unser h\u00e4ndler<\/h2>\t\t\t\t<\/div>\n\t\t\t\t<\/div>\n\t\t\t\t<div class=\"elementor-element elementor-element-791c5448 elementor-widget elementor-widget-text-editor\" data-id=\"791c5448\" data-element_type=\"widget\" data-widget_type=\"text-editor.default\">\n\t\t\t\t<div class=\"elementor-widget-container\">\n\t\t\t\t\t\t\t\t\t<p>Sind Sie an einer Partnerschaft mit einem marktf\u00fchrenden Innovator im Bereich der Entladung und Handhabung von Sch\u00fcttgut interessiert? Unser Unternehmen stellt Vibratoren von h\u00f6chster Qualit\u00e4t f\u00fcr den Einsatz in Eisenbahnwaggons, Trichtern, Silos und F\u00f6rderanlagen her. Unsere Produkte wurden mit dem Ziel entwickelt, eine effiziente und sichere Entladung und Handhabung von Sch\u00fcttg\u00fctern zu gew\u00e4hrleisten.  <\/p>\n<p>Wir suchen weltweit engagierte H\u00e4ndler, die unsere hochwertigen Produkte vertreten. Wenn Sie H\u00e4ndler werden, erhalten Sie Zugang zu unserer innovativen Technologie, umfassender Unterst\u00fctzung und einem g\u00fcnstigen Markt. <\/p>\n<p>Unterst\u00fctzen Sie uns bei unserer Mission, die Sch\u00fcttgutentladung Branche zu ver\u00e4ndern. Wenn Sie mehr dar\u00fcber erfahren m\u00f6chten, wie Sie H\u00e4ndler in Ihrer Region werden und unsere Produkte auf Ihren Markt bringen k\u00f6nnen, nehmen Sie bitte noch heute Kontakt mit uns auf. <\/p>\n\t\t\t\t\t\t\t\t<\/div>\n\t\t\t\t<\/div>\n\t\t\t\t<\/div>\n\t\t<div class=\"elementor-element elementor-element-0ac2e12 e-con-full e-flex elementor-invisible e-con e-child\" data-id=\"0ac2e12\" data-element_type=\"container\" data-settings=\"{&quot;animation&quot;:&quot;fadeInRight&quot;}\">\n\t\t\t\t<div class=\"elementor-element elementor-element-2535eeb elementor-widget elementor-widget-image\" data-id=\"2535eeb\" data-element_type=\"widget\" data-widget_type=\"image.default\">\n\t\t\t\t<div class=\"elementor-widget-container\">\n\t\t\t\t\t\t\t\t\t\t\t\t\t\t\t<img fetchpriority=\"high\" decoding=\"async\" width=\"2560\" height=\"1707\" src=\"https:\/\/gltechnics.com\/wp-content\/uploads\/2024\/11\/group-of-multiethnic-businessmen-2023-11-27-04-54-46-utc-scaled.jpg\" class=\"attachment-full size-full wp-image-1440\" alt=\"\" srcset=\"https:\/\/gltechnics.com\/wp-content\/uploads\/2024\/11\/group-of-multiethnic-businessmen-2023-11-27-04-54-46-utc-scaled.jpg 2560w, https:\/\/gltechnics.com\/wp-content\/uploads\/2024\/11\/group-of-multiethnic-businessmen-2023-11-27-04-54-46-utc-300x200.jpg 300w, https:\/\/gltechnics.com\/wp-content\/uploads\/2024\/11\/group-of-multiethnic-businessmen-2023-11-27-04-54-46-utc-1024x683.jpg 1024w, https:\/\/gltechnics.com\/wp-content\/uploads\/2024\/11\/group-of-multiethnic-businessmen-2023-11-27-04-54-46-utc-768x512.jpg 768w, https:\/\/gltechnics.com\/wp-content\/uploads\/2024\/11\/group-of-multiethnic-businessmen-2023-11-27-04-54-46-utc-1536x1024.jpg 1536w, https:\/\/gltechnics.com\/wp-content\/uploads\/2024\/11\/group-of-multiethnic-businessmen-2023-11-27-04-54-46-utc-2048x1365.jpg 2048w\" sizes=\"(max-width: 2560px) 100vw, 2560px\" \/>\t\t\t\t\t\t\t\t\t\t\t\t\t\t\t<\/div>\n\t\t\t\t<\/div>\n\t\t\t\t<\/div>\n\t\t\t\t\t<\/div>\n\t\t\t\t<\/div>\n\t\t\t\t<\/div>\n\t\t","protected":false},"excerpt":{"rendered":"<p>Unser Ziel ist es, Ihr Gesch\u00e4ft zu verbessern durch unsere Technologie Werden sie unser h\u00e4ndler Sind Sie an einer Partnerschaft mit einem marktf\u00fchrenden Innovator im Bereich der Entladung und Handhabung von Sch\u00fcttgut interessiert? Unser Unternehmen stellt Vibratoren von h\u00f6chster Qualit\u00e4t f\u00fcr den Einsatz in Eisenbahnwaggons, Trichtern, Silos und F\u00f6rderanlagen her. Unsere Produkte wurden mit dem [&hellip;]<\/p>\n","protected":false},"author":1,"featured_media":0,"parent":0,"menu_order":0,"comment_status":"closed","ping_status":"closed","template":"","meta":{"footnotes":""},"class_list":["post-2612","page","type-page","status-publish","hentry"],"yoast_head":"<!-- This site is optimized with the Yoast SEO plugin v24.1 - https:\/\/yoast.com\/wordpress\/plugins\/seo\/ -->\n<title>F\u00fcr H\u00e4ndler - Innovationsf\u00fchrer in L\u00f6sungen f\u00fcr die Materialverarbeitung - Global Technics<\/title>\n<meta name=\"description\" content=\"Schlie\u00dfen Sie sich Global Technics O\u00dc als H\u00e4ndler an. Greifen Sie auf hochwertige Sch\u00fcttgut-Entladungsl\u00f6sungen zu und erweitern Sie Ihr Gesch\u00e4ft mit unserer Unterst\u00fctzung.\" \/>\n<meta name=\"robots\" content=\"index, follow, max-snippet:-1, max-image-preview:large, max-video-preview:-1\" \/>\n<link rel=\"canonical\" href=\"https:\/\/gltechnics.com\/de\/fuer-haendler\/\" \/>\n<meta property=\"og:locale\" content=\"de_DE\" \/>\n<meta property=\"og:type\" content=\"article\" \/>\n<meta property=\"og:title\" content=\"F\u00fcr H\u00e4ndler - Innovationsf\u00fchrer in L\u00f6sungen f\u00fcr die Materialverarbeitung - Global Technics\" \/>\n<meta property=\"og:description\" content=\"Schlie\u00dfen Sie sich Global Technics O\u00dc als H\u00e4ndler an. Greifen Sie auf hochwertige Sch\u00fcttgut-Entladungsl\u00f6sungen zu und erweitern Sie Ihr Gesch\u00e4ft mit unserer Unterst\u00fctzung.\" \/>\n<meta property=\"og:url\" content=\"https:\/\/gltechnics.com\/de\/fuer-haendler\/\" \/>\n<meta property=\"og:site_name\" content=\"Innovationsf\u00fchrer in L\u00f6sungen f\u00fcr die Materialverarbeitung - Global Technics\" \/>\n<meta property=\"article:modified_time\" content=\"2025-01-03T09:44:03+00:00\" \/>\n<meta property=\"og:image\" content=\"https:\/\/gltechnics.com\/wp-content\/uploads\/2024\/11\/group-of-multiethnic-businessmen-2023-11-27-04-54-46-utc-scaled.jpg\" \/>\n\t<meta property=\"og:image:width\" content=\"2560\" \/>\n\t<meta property=\"og:image:height\" content=\"1707\" \/>\n\t<meta property=\"og:image:type\" content=\"image\/jpeg\" \/>\n<meta name=\"twitter:card\" content=\"summary_large_image\" \/>\n<meta name=\"twitter:label1\" content=\"Gesch\u00e4tzte Lesezeit\" \/>\n\t<meta name=\"twitter:data1\" content=\"1\u00a0Minute\" \/>\n<script type=\"application\/ld+json\" class=\"yoast-schema-graph\">{\"@context\":\"https:\/\/schema.org\",\"@graph\":[{\"@type\":\"WebPage\",\"@id\":\"https:\/\/gltechnics.com\/de\/fuer-haendler\/\",\"url\":\"https:\/\/gltechnics.com\/de\/fuer-haendler\/\",\"name\":\"F\u00fcr H\u00e4ndler - Innovationsf\u00fchrer in L\u00f6sungen f\u00fcr die Materialverarbeitung - Global Technics\",\"isPartOf\":{\"@id\":\"https:\/\/gltechnics.com\/de\/#website\"},\"primaryImageOfPage\":{\"@id\":\"https:\/\/gltechnics.com\/de\/fuer-haendler\/#primaryimage\"},\"image\":{\"@id\":\"https:\/\/gltechnics.com\/de\/fuer-haendler\/#primaryimage\"},\"thumbnailUrl\":\"https:\/\/gltechnics.com\/wp-content\/uploads\/2024\/11\/group-of-multiethnic-businessmen-2023-11-27-04-54-46-utc-scaled.jpg\",\"datePublished\":\"2024-08-06T12:26:17+00:00\",\"dateModified\":\"2025-01-03T09:44:03+00:00\",\"description\":\"Schlie\u00dfen Sie sich Global Technics O\u00dc als H\u00e4ndler an. Greifen Sie auf hochwertige Sch\u00fcttgut-Entladungsl\u00f6sungen zu und erweitern Sie Ihr Gesch\u00e4ft mit unserer Unterst\u00fctzung.\",\"breadcrumb\":{\"@id\":\"https:\/\/gltechnics.com\/de\/fuer-haendler\/#breadcrumb\"},\"inLanguage\":\"de\",\"potentialAction\":[{\"@type\":\"ReadAction\",\"target\":[\"https:\/\/gltechnics.com\/de\/fuer-haendler\/\"]}]},{\"@type\":\"ImageObject\",\"inLanguage\":\"de\",\"@id\":\"https:\/\/gltechnics.com\/de\/fuer-haendler\/#primaryimage\",\"url\":\"https:\/\/gltechnics.com\/wp-content\/uploads\/2024\/11\/group-of-multiethnic-businessmen-2023-11-27-04-54-46-utc-scaled.jpg\",\"contentUrl\":\"https:\/\/gltechnics.com\/wp-content\/uploads\/2024\/11\/group-of-multiethnic-businessmen-2023-11-27-04-54-46-utc-scaled.jpg\"},{\"@type\":\"BreadcrumbList\",\"@id\":\"https:\/\/gltechnics.com\/de\/fuer-haendler\/#breadcrumb\",\"itemListElement\":[{\"@type\":\"ListItem\",\"position\":1,\"name\":\"Home\",\"item\":\"https:\/\/gltechnics.com\/de\/\"},{\"@type\":\"ListItem\",\"position\":2,\"name\":\"F\u00fcr H\u00e4ndler\"}]},{\"@type\":\"WebSite\",\"@id\":\"https:\/\/gltechnics.com\/de\/#website\",\"url\":\"https:\/\/gltechnics.com\/de\/\",\"name\":\"Global Technics\",\"description\":\"\",\"publisher\":{\"@id\":\"https:\/\/gltechnics.com\/de\/#organization\"},\"potentialAction\":[{\"@type\":\"SearchAction\",\"target\":{\"@type\":\"EntryPoint\",\"urlTemplate\":\"https:\/\/gltechnics.com\/de\/?s={search_term_string}\"},\"query-input\":{\"@type\":\"PropertyValueSpecification\",\"valueRequired\":true,\"valueName\":\"search_term_string\"}}],\"inLanguage\":\"de\"},{\"@type\":\"Organization\",\"@id\":\"https:\/\/gltechnics.com\/de\/#organization\",\"name\":\"Global Technics\",\"url\":\"https:\/\/gltechnics.com\/de\/\",\"logo\":{\"@type\":\"ImageObject\",\"inLanguage\":\"de\",\"@id\":\"https:\/\/gltechnics.com\/de\/#\/schema\/logo\/image\/\",\"url\":\"https:\/\/gltechnics.com\/wp-content\/uploads\/2024\/08\/Asset-1-2.svg\",\"contentUrl\":\"https:\/\/gltechnics.com\/wp-content\/uploads\/2024\/08\/Asset-1-2.svg\",\"width\":468,\"height\":128,\"caption\":\"Global Technics\"},\"image\":{\"@id\":\"https:\/\/gltechnics.com\/de\/#\/schema\/logo\/image\/\"}}]}<\/script>\n<!-- \/ Yoast SEO plugin. -->","yoast_head_json":{"title":"F\u00fcr H\u00e4ndler - Innovationsf\u00fchrer in L\u00f6sungen f\u00fcr die Materialverarbeitung - Global Technics","description":"Schlie\u00dfen Sie sich Global Technics O\u00dc als H\u00e4ndler an. Greifen Sie auf hochwertige Sch\u00fcttgut-Entladungsl\u00f6sungen zu und erweitern Sie Ihr Gesch\u00e4ft mit unserer Unterst\u00fctzung.","robots":{"index":"index","follow":"follow","max-snippet":"max-snippet:-1","max-image-preview":"max-image-preview:large","max-video-preview":"max-video-preview:-1"},"canonical":"https:\/\/gltechnics.com\/de\/fuer-haendler\/","og_locale":"de_DE","og_type":"article","og_title":"F\u00fcr H\u00e4ndler - Innovationsf\u00fchrer in L\u00f6sungen f\u00fcr die Materialverarbeitung - Global Technics","og_description":"Schlie\u00dfen Sie sich Global Technics O\u00dc als H\u00e4ndler an. Greifen Sie auf hochwertige Sch\u00fcttgut-Entladungsl\u00f6sungen zu und erweitern Sie Ihr Gesch\u00e4ft mit unserer Unterst\u00fctzung.","og_url":"https:\/\/gltechnics.com\/de\/fuer-haendler\/","og_site_name":"Innovationsf\u00fchrer in L\u00f6sungen f\u00fcr die Materialverarbeitung - Global Technics","article_modified_time":"2025-01-03T09:44:03+00:00","og_image":[{"width":2560,"height":1707,"url":"https:\/\/gltechnics.com\/wp-content\/uploads\/2024\/11\/group-of-multiethnic-businessmen-2023-11-27-04-54-46-utc-scaled.jpg","type":"image\/jpeg"}],"twitter_card":"summary_large_image","twitter_misc":{"Gesch\u00e4tzte Lesezeit":"1\u00a0Minute"},"schema":{"@context":"https:\/\/schema.org","@graph":[{"@type":"WebPage","@id":"https:\/\/gltechnics.com\/de\/fuer-haendler\/","url":"https:\/\/gltechnics.com\/de\/fuer-haendler\/","name":"F\u00fcr H\u00e4ndler - Innovationsf\u00fchrer in L\u00f6sungen f\u00fcr die Materialverarbeitung - Global Technics","isPartOf":{"@id":"https:\/\/gltechnics.com\/de\/#website"},"primaryImageOfPage":{"@id":"https:\/\/gltechnics.com\/de\/fuer-haendler\/#primaryimage"},"image":{"@id":"https:\/\/gltechnics.com\/de\/fuer-haendler\/#primaryimage"},"thumbnailUrl":"https:\/\/gltechnics.com\/wp-content\/uploads\/2024\/11\/group-of-multiethnic-businessmen-2023-11-27-04-54-46-utc-scaled.jpg","datePublished":"2024-08-06T12:26:17+00:00","dateModified":"2025-01-03T09:44:03+00:00","description":"Schlie\u00dfen Sie sich Global Technics O\u00dc als H\u00e4ndler an. Greifen Sie auf hochwertige Sch\u00fcttgut-Entladungsl\u00f6sungen zu und erweitern Sie Ihr Gesch\u00e4ft mit unserer Unterst\u00fctzung.","breadcrumb":{"@id":"https:\/\/gltechnics.com\/de\/fuer-haendler\/#breadcrumb"},"inLanguage":"de","potentialAction":[{"@type":"ReadAction","target":["https:\/\/gltechnics.com\/de\/fuer-haendler\/"]}]},{"@type":"ImageObject","inLanguage":"de","@id":"https:\/\/gltechnics.com\/de\/fuer-haendler\/#primaryimage","url":"https:\/\/gltechnics.com\/wp-content\/uploads\/2024\/11\/group-of-multiethnic-businessmen-2023-11-27-04-54-46-utc-scaled.jpg","contentUrl":"https:\/\/gltechnics.com\/wp-content\/uploads\/2024\/11\/group-of-multiethnic-businessmen-2023-11-27-04-54-46-utc-scaled.jpg"},{"@type":"BreadcrumbList","@id":"https:\/\/gltechnics.com\/de\/fuer-haendler\/#breadcrumb","itemListElement":[{"@type":"ListItem","position":1,"name":"Home","item":"https:\/\/gltechnics.com\/de\/"},{"@type":"ListItem","position":2,"name":"F\u00fcr H\u00e4ndler"}]},{"@type":"WebSite","@id":"https:\/\/gltechnics.com\/de\/#website","url":"https:\/\/gltechnics.com\/de\/","name":"Global Technics","description":"","publisher":{"@id":"https:\/\/gltechnics.com\/de\/#organization"},"potentialAction":[{"@type":"SearchAction","target":{"@type":"EntryPoint","urlTemplate":"https:\/\/gltechnics.com\/de\/?s={search_term_string}"},"query-input":{"@type":"PropertyValueSpecification","valueRequired":true,"valueName":"search_term_string"}}],"inLanguage":"de"},{"@type":"Organization","@id":"https:\/\/gltechnics.com\/de\/#organization","name":"Global Technics","url":"https:\/\/gltechnics.com\/de\/","logo":{"@type":"ImageObject","inLanguage":"de","@id":"https:\/\/gltechnics.com\/de\/#\/schema\/logo\/image\/","url":"https:\/\/gltechnics.com\/wp-content\/uploads\/2024\/08\/Asset-1-2.svg","contentUrl":"https:\/\/gltechnics.com\/wp-content\/uploads\/2024\/08\/Asset-1-2.svg","width":468,"height":128,"caption":"Global Technics"},"image":{"@id":"https:\/\/gltechnics.com\/de\/#\/schema\/logo\/image\/"}}]}},"_links":{"self":[{"href":"https:\/\/gltechnics.com\/de\/wp-json\/wp\/v2\/pages\/2612","targetHints":{"allow":["GET"]}}],"collection":[{"href":"https:\/\/gltechnics.com\/de\/wp-json\/wp\/v2\/pages"}],"about":[{"href":"https:\/\/gltechnics.com\/de\/wp-json\/wp\/v2\/types\/page"}],"author":[{"embeddable":true,"href":"https:\/\/gltechnics.com\/de\/wp-json\/wp\/v2\/users\/1"}],"replies":[{"embeddable":true,"href":"https:\/\/gltechnics.com\/de\/wp-json\/wp\/v2\/comments?post=2612"}],"version-history":[{"count":5,"href":"https:\/\/gltechnics.com\/de\/wp-json\/wp\/v2\/pages\/2612\/revisions"}],"predecessor-version":[{"id":3305,"href":"https:\/\/gltechnics.com\/de\/wp-json\/wp\/v2\/pages\/2612\/revisions\/3305"}],"wp:attachment":[{"href":"https:\/\/gltechnics.com\/de\/wp-json\/wp\/v2\/media?parent=2612"}],"curies":[{"name":"wp","href":"https:\/\/api.w.org\/{rel}","templated":true}]}}