{"id":547,"date":"2024-09-17T13:09:24","date_gmt":"2024-09-17T10:09:24","guid":{"rendered":"https:\/\/gltechnics.com\/vaciado-de-tolvas-y-depositos\/"},"modified":"2025-01-03T11:49:05","modified_gmt":"2025-01-03T09:49:05","slug":"vaciado-de-tolvas-y-depositos","status":"publish","type":"page","link":"https:\/\/gltechnics.com\/es\/vaciado-de-tolvas-y-depositos\/","title":{"rendered":"Vaciado de tolvas y dep\u00f3sitos"},"content":{"rendered":"\t\t<div data-elementor-type=\"wp-page\" data-elementor-id=\"547\" class=\"elementor elementor-547 elementor-336\" data-elementor-post-type=\"page\">\n\t\t\t\t<div class=\"elementor-element elementor-element-c3dfb3c e-con-full e-flex e-con e-parent\" data-id=\"c3dfb3c\" data-element_type=\"container\" data-settings=\"{&quot;background_background&quot;:&quot;classic&quot;}\">\n\t\t<div class=\"elementor-element elementor-element-e21021c e-flex e-con-boxed e-con e-child\" data-id=\"e21021c\" data-element_type=\"container\">\n\t\t\t\t\t<div class=\"e-con-inner\">\n\t\t<div class=\"elementor-element elementor-element-8662c46 e-flex e-con-boxed e-con e-child\" data-id=\"8662c46\" data-element_type=\"container\" data-settings=\"{&quot;background_background&quot;:&quot;classic&quot;}\">\n\t\t\t\t\t<div class=\"e-con-inner\">\n\t\t\t\t<div class=\"elementor-element elementor-element-c162f19 elementor-invisible elementor-widget elementor-widget-heading\" data-id=\"c162f19\" data-element_type=\"widget\" data-settings=\"{&quot;_animation&quot;:&quot;fadeInDown&quot;}\" data-widget_type=\"heading.default\">\n\t\t\t\t<div class=\"elementor-widget-container\">\n\t\t\t\t\t<h1 class=\"elementor-heading-title elementor-size-default\">Vaciado de tolvas y dep\u00f3sitos<\/h1>\t\t\t\t<\/div>\n\t\t\t\t<\/div>\n\t\t\t\t<div class=\"elementor-element elementor-element-6f73b3e elementor-invisible elementor-widget elementor-widget-heading\" data-id=\"6f73b3e\" data-element_type=\"widget\" data-settings=\"{&quot;_animation&quot;:&quot;fadeInDown&quot;}\" data-widget_type=\"heading.default\">\n\t\t\t\t<div class=\"elementor-widget-container\">\n\t\t\t\t\t<h2 class=\"elementor-heading-title elementor-size-default\">Aumente la productividad en la descarga de material con el sistema vibratorio \u201cRockhammer\u201d<\/h2>\t\t\t\t<\/div>\n\t\t\t\t<\/div>\n\t\t\t\t\t<\/div>\n\t\t\t\t<\/div>\n\t\t\t\t\t<\/div>\n\t\t\t\t<\/div>\n\t\t\t\t<\/div>\n\t\t<div class=\"elementor-element elementor-element-1c5e7ba e-flex e-con-boxed e-con e-parent\" data-id=\"1c5e7ba\" data-element_type=\"container\">\n\t\t\t\t\t<div class=\"e-con-inner\">\n\t\t<div class=\"elementor-element elementor-element-166e812 e-con-full e-flex elementor-invisible e-con e-child\" data-id=\"166e812\" data-element_type=\"container\" data-settings=\"{&quot;animation&quot;:&quot;fadeInRight&quot;}\">\n\t\t\t\t<div class=\"elementor-element elementor-element-c256a90 elementor-widget elementor-widget-video\" data-id=\"c256a90\" data-element_type=\"widget\" data-settings=\"{&quot;video_type&quot;:&quot;hosted&quot;,&quot;autoplay&quot;:&quot;yes&quot;,&quot;loop&quot;:&quot;yes&quot;}\" data-widget_type=\"video.default\">\n\t\t\t\t<div class=\"elementor-widget-container\">\n\t\t\t\t\t\t\t<div class=\"e-hosted-video elementor-wrapper elementor-open-inline\">\n\t\t\t\t\t<video class=\"elementor-video\" src=\"https:\/\/gltechnics.com\/wp-content\/uploads\/2024\/12\/RH200.webm\" autoplay=\"\" loop=\"\" controlsList=\"nodownload\"><\/video>\n\t\t\t\t<\/div>\n\t\t\t\t\t\t<\/div>\n\t\t\t\t<\/div>\n\t\t\t\t<\/div>\n\t\t<div class=\"elementor-element elementor-element-271dcec e-con-full e-flex elementor-invisible e-con e-child\" data-id=\"271dcec\" data-element_type=\"container\" data-settings=\"{&quot;animation&quot;:&quot;fadeIn&quot;}\">\n\t\t\t\t<div class=\"elementor-element elementor-element-553a5ba elementor-widget__width-initial elementor-widget elementor-widget-heading\" data-id=\"553a5ba\" data-element_type=\"widget\" data-widget_type=\"heading.default\">\n\t\t\t\t<div class=\"elementor-widget-container\">\n\t\t\t\t\t<h2 class=\"elementor-heading-title elementor-size-default\">Cuando otros fracasan,\ntenemos una soluci\u00f3n<\/h2>\t\t\t\t<\/div>\n\t\t\t\t<\/div>\n\t\t\t\t<div class=\"elementor-element elementor-element-80bf519 elementor-widget elementor-widget-text-editor\" data-id=\"80bf519\" data-element_type=\"widget\" data-widget_type=\"text-editor.default\">\n\t\t\t\t<div class=\"elementor-widget-container\">\n\t\t\t\t\t\t\t\t\t<p>Cuando se trata del transporte y almacenamiento de materiales a granel, muchas industrias se enfrentan a graves problemas, desde silos atascados hasta materiales que se adhieren a los sistemas transportadores. Las soluciones tradicionales suelen quedarse cortas, lo que provoca costosos retrasos e interrupciones de la producci\u00f3n. Pero con los avanzados sistemas vibratorios de <strong>Rockhammer<\/strong>, estos problemas son cosa del pasado.  <\/p>\n<p>Las series <strong>RH-200<\/strong> y <strong>RH-500<\/strong> de <strong>Rockhammer<\/strong> est\u00e1n dise\u00f1adas para las situaciones m\u00e1s exigentes en las que fallan otros sistemas. Estas unidades vibratorias proporcionan golpes de baja amplitud pero potentes que desprenden eficazmente los materiales de las paredes de las tolvas, silos, rampas transportadoras y contenedores, garantizando que sus operaciones permanezcan ininterrumpidas. A diferencia de los sistemas vibratorios convencionales, que tienen dificultades con los materiales atascados, Rockhammer <strong>proporciona<\/strong> una soluci\u00f3n robusta y fiable, dando a su negocio la ventaja competitiva que necesita.  <\/p>\n<p>No permita que los problemas de manipulaci\u00f3n de materiales a granel ralenticen sus operaciones. Elija <strong>Rockhammer<\/strong> para obtener un rendimiento superior donde otros no pueden competir. <\/p>\n\t\t\t\t\t\t\t\t<\/div>\n\t\t\t\t<\/div>\n\t\t\t\t<\/div>\n\t\t\t\t\t<\/div>\n\t\t\t\t<\/div>\n\t\t<div class=\"elementor-element elementor-element-7b36f4d e-flex e-con-boxed e-con e-parent\" data-id=\"7b36f4d\" data-element_type=\"container\">\n\t\t\t\t\t<div class=\"e-con-inner\">\n\t\t<div class=\"elementor-element elementor-element-4a93be1 e-con-full e-flex elementor-invisible e-con e-child\" data-id=\"4a93be1\" data-element_type=\"container\" data-settings=\"{&quot;animation&quot;:&quot;fadeIn&quot;}\">\n\t\t\t\t<div class=\"elementor-element elementor-element-7bb6382 elementor-widget elementor-widget-heading\" data-id=\"7bb6382\" data-element_type=\"widget\" data-widget_type=\"heading.default\">\n\t\t\t\t<div class=\"elementor-widget-container\">\n\t\t\t\t\t<h2 class=\"elementor-heading-title elementor-size-default\">Flujo de material a granel imparable para cada industria\n<\/h2>\t\t\t\t<\/div>\n\t\t\t\t<\/div>\n\t\t\t\t<div class=\"elementor-element elementor-element-a7d9174 elementor-widget elementor-widget-text-editor\" data-id=\"a7d9174\" data-element_type=\"widget\" data-widget_type=\"text-editor.default\">\n\t\t\t\t<div class=\"elementor-widget-container\">\n\t\t\t\t\t\t\t\t\t<p>Los innovadores sistemas vibratorios <strong>Rockhammer<\/strong> son la soluci\u00f3n definitiva para las industrias que dependen de la manipulaci\u00f3n eficiente de materiales a granel. Ya sea en la miner\u00eda, la construcci\u00f3n, la agricultura o la producci\u00f3n de energ\u00eda, los modelos <strong>RH-200<\/strong> y <strong>RH-500<\/strong> de <strong>Rockhammer<\/strong> proporcionan la potencia y precisi\u00f3n necesarias para superar los retos m\u00e1s dif\u00edciles en el flujo de materiales. <\/p>\n<p>Nuestros sistemas son ideales para f\u00e1bricas, puertos, terminales y empresas estibadoras, donde la transferencia fluida y continua de materiales a granel es crucial para la eficiencia operativa. La tecnolog\u00eda <strong>Rockhammer<\/strong> garantiza que los materiales se muevan sin problemas a trav\u00e9s de tolvas, dep\u00f3sitos, conductos transportadores y otros puntos de transferencia cr\u00edticos, evitando costosos bloqueos y retrasos.<\/p>\n<p>En plantas de producci\u00f3n de cemento, instalaciones de almacenamiento y centrales el\u00e9ctricas de carb\u00f3n, donde los materiales a granel son el alma de su operaci\u00f3n, <strong>Rockhammer<\/strong> garantiza un flujo ininterrumpido. Incluso en industrias como la fabricaci\u00f3n de productos qu\u00edmicos, donde el movimiento constante de materiales granulares o en polvo es esencial, nuestros sistemas destacan. <\/p>\n<p>Elija <strong>Rockhammer<\/strong> para asegurarse de que su empresa sigue en movimiento, por dif\u00edcil que sea el reto. Desde puertos a plantas industriales, nuestros sistemas vibratorios est\u00e1n dise\u00f1ados para funcionar donde otros fallan, manteniendo sus operaciones eficientes y fiables. <\/p>\n\t\t\t\t\t\t\t\t<\/div>\n\t\t\t\t<\/div>\n\t\t\t\t<\/div>\n\t\t<div class=\"elementor-element elementor-element-93b3398 e-con-full e-flex elementor-invisible e-con e-child\" data-id=\"93b3398\" data-element_type=\"container\" data-settings=\"{&quot;animation&quot;:&quot;fadeInRight&quot;}\">\n\t\t\t\t<div class=\"elementor-element elementor-element-50eeece elementor-widget elementor-widget-image\" data-id=\"50eeece\" data-element_type=\"widget\" data-widget_type=\"image.default\">\n\t\t\t\t<div class=\"elementor-widget-container\">\n\t\t\t\t\t\t\t\t\t\t\t\t\t\t\t<img fetchpriority=\"high\" decoding=\"async\" width=\"2560\" height=\"1707\" src=\"https:\/\/gltechnics.com\/wp-content\/uploads\/2025\/01\/coal-mining-and-processing-equipment-at-daytime-2023-11-27-05-05-01-utc-scaled-1.webp\" class=\"attachment-full size-full wp-image-2884\" alt=\"Coal mining and processing equipment at daytime\" srcset=\"https:\/\/gltechnics.com\/wp-content\/uploads\/2025\/01\/coal-mining-and-processing-equipment-at-daytime-2023-11-27-05-05-01-utc-scaled-1.webp 2560w, https:\/\/gltechnics.com\/wp-content\/uploads\/2025\/01\/coal-mining-and-processing-equipment-at-daytime-2023-11-27-05-05-01-utc-scaled-1-300x200.webp 300w, https:\/\/gltechnics.com\/wp-content\/uploads\/2025\/01\/coal-mining-and-processing-equipment-at-daytime-2023-11-27-05-05-01-utc-scaled-1-1024x683.webp 1024w, https:\/\/gltechnics.com\/wp-content\/uploads\/2025\/01\/coal-mining-and-processing-equipment-at-daytime-2023-11-27-05-05-01-utc-scaled-1-768x512.webp 768w, https:\/\/gltechnics.com\/wp-content\/uploads\/2025\/01\/coal-mining-and-processing-equipment-at-daytime-2023-11-27-05-05-01-utc-scaled-1-1536x1024.webp 1536w, https:\/\/gltechnics.com\/wp-content\/uploads\/2025\/01\/coal-mining-and-processing-equipment-at-daytime-2023-11-27-05-05-01-utc-scaled-1-2048x1366.webp 2048w\" sizes=\"(max-width: 2560px) 100vw, 2560px\" \/>\t\t\t\t\t\t\t\t\t\t\t\t\t\t\t<\/div>\n\t\t\t\t<\/div>\n\t\t\t\t<\/div>\n\t\t\t\t\t<\/div>\n\t\t\t\t<\/div>\n\t\t<div class=\"elementor-element elementor-element-3a003f8 e-flex e-con-boxed e-con e-parent\" data-id=\"3a003f8\" data-element_type=\"container\">\n\t\t\t\t\t<div class=\"e-con-inner\">\n\t\t\t\t<div class=\"elementor-element elementor-element-d5476b1 table-container elementor-widget elementor-widget-text-editor\" data-id=\"d5476b1\" data-element_type=\"widget\" data-widget_type=\"text-editor.default\">\n\t\t\t\t<div class=\"elementor-widget-container\">\n\t\t\t\t\t\t\t\t\t<table style=\"color: #fff;\">\n<tbody>\n<tr style=\"background-color: #639f0e; color: #fff;\">\n<th>Especificaciones<\/th>\n<th>Unidad<\/th>\n<th>RH-200<\/th>\n<th>RH-500 (pr\u00f3ximamente)<\/th>\n<\/tr>\n<tr>\n<td>potencia de impacto unitaria<\/td>\n<td>J<\/td>\n<td>200<\/td>\n<td>550<\/td>\n<\/tr>\n<tr>\n<td>presi\u00f3n del aire<\/td>\n<td>atm<\/td>\n<td>7<\/td>\n<td>7<\/td>\n<\/tr>\n<tr>\n<td>consumo de aire<\/td>\n<td>l\/min<\/td>\n<td>2000<\/td>\n<td>2800<\/td>\n<\/tr>\n<tr>\n<td>temperatura de funcionamiento<\/td>\n<td>C<\/td>\n<td>-30\u2026+40<\/td>\n<td>-30\u2026+40<\/td>\n<\/tr>\n<tr>\n<td>peso<\/td>\n<td>kg<\/td>\n<td>70<\/td>\n<td>120<\/td>\n<\/tr>\n<\/tbody>\n<\/table>\t\t\t\t\t\t\t\t<\/div>\n\t\t\t\t<\/div>\n\t\t\t\t\t<\/div>\n\t\t\t\t<\/div>\n\t\t<div class=\"elementor-element elementor-element-194c5e9 e-flex e-con-boxed e-con e-parent\" data-id=\"194c5e9\" data-element_type=\"container\" data-settings=\"{&quot;background_background&quot;:&quot;classic&quot;}\">\n\t\t\t\t\t<div class=\"e-con-inner\">\n\t\t<div class=\"elementor-element elementor-element-4bb6ce0 e-flex e-con-boxed elementor-invisible e-con e-child\" data-id=\"4bb6ce0\" data-element_type=\"container\" data-settings=\"{&quot;animation&quot;:&quot;zoomIn&quot;}\">\n\t\t\t\t\t<div class=\"e-con-inner\">\n\t\t\t\t<div class=\"elementor-element elementor-element-a3cf6de elementor-widget elementor-widget-heading\" data-id=\"a3cf6de\" data-element_type=\"widget\" data-widget_type=\"heading.default\">\n\t\t\t\t<div class=\"elementor-widget-container\">\n\t\t\t\t\t<h3 class=\"elementor-heading-title elementor-size-default\">No m\u00e1s trabajo pesado. No m\u00e1s paradas costosas para despejar bloqueos y reparar equipos.<\/h3>\t\t\t\t<\/div>\n\t\t\t\t<\/div>\n\t\t\t\t<div class=\"elementor-element elementor-element-95099cf elementor-widget elementor-widget-heading\" data-id=\"95099cf\" data-element_type=\"widget\" data-widget_type=\"heading.default\">\n\t\t\t\t<div class=\"elementor-widget-container\">\n\t\t\t\t\t<h3 class=\"elementor-heading-title elementor-size-default\">Cont\u00e1ctenos hoy y le mostraremos c\u00f3mo la tecnolog\u00eda de punta de ROCKHAMMER resuelve problemas complejos sin su intervenci\u00f3n.<\/h3>\t\t\t\t<\/div>\n\t\t\t\t<\/div>\n\t\t\t\t<div class=\"elementor-element elementor-element-8eca117 elementor-align-center elementor-widget elementor-widget-button\" data-id=\"8eca117\" data-element_type=\"widget\" data-widget_type=\"button.default\">\n\t\t\t\t<div class=\"elementor-widget-container\">\n\t\t\t\t\t\t\t\t\t<div class=\"elementor-button-wrapper\">\n\t\t\t\t\t<a class=\"elementor-button elementor-button-link elementor-size-md\" href=\"\/contact\/\">\n\t\t\t\t\t\t<span class=\"elementor-button-content-wrapper\">\n\t\t\t\t\t\t<span class=\"elementor-button-icon\">\n\t\t\t\t<svg aria-hidden=\"true\" class=\"e-font-icon-svg e-fas-arrow-right\" viewBox=\"0 0 448 512\" xmlns=\"http:\/\/www.w3.org\/2000\/svg\"><path d=\"M190.5 66.9l22.2-22.2c9.4-9.4 24.6-9.4 33.9 0L441 239c9.4 9.4 9.4 24.6 0 33.9L246.6 467.3c-9.4 9.4-24.6 9.4-33.9 0l-22.2-22.2c-9.5-9.5-9.3-25 .4-34.3L311.4 296H24c-13.3 0-24-10.7-24-24v-32c0-13.3 10.7-24 24-24h287.4L190.9 101.2c-9.8-9.3-10-24.8-.4-34.3z\"><\/path><\/svg>\t\t\t<\/span>\n\t\t\t\t\t\t\t\t\t<span class=\"elementor-button-text\">Contact us<\/span>\n\t\t\t\t\t<\/span>\n\t\t\t\t\t<\/a>\n\t\t\t\t<\/div>\n\t\t\t\t\t\t\t\t<\/div>\n\t\t\t\t<\/div>\n\t\t\t\t\t<\/div>\n\t\t\t\t<\/div>\n\t\t\t\t\t<\/div>\n\t\t\t\t<\/div>\n\t\t\t\t<\/div>\n\t\t","protected":false},"excerpt":{"rendered":"<p>Aumente la productividad en la descarga de material con el sistema vibratorio \u201cRockhammer\u201d https:\/\/gltechnics.com\/wp-content\/uploads\/2024\/12\/RH200.webm Cuando otros fracasan, tenemos una soluci\u00f3n Cuando se trata del transporte y almacenamiento de materiales a granel, muchas industrias se enfrentan a graves problemas, desde silos atascados hasta materiales que se adhieren a los sistemas transportadores. Las soluciones tradicionales suelen quedarse [&hellip;]<\/p>\n","protected":false},"author":1,"featured_media":0,"parent":0,"menu_order":0,"comment_status":"closed","ping_status":"closed","template":"elementor_header_footer","meta":{"footnotes":""},"class_list":["post-547","page","type-page","status-publish","hentry"],"yoast_head":"<!-- This site is optimized with the Yoast SEO plugin v24.1 - https:\/\/yoast.com\/wordpress\/plugins\/seo\/ -->\n<title>Vaciado de tolvas y dep\u00f3sitos - L\u00edderes en innovaci\u00f3n en soluciones de procesamiento de materiales - Global Technics<\/title>\n<meta name=\"description\" content=\"Explora las soluciones de Global Technics O\u00dc para vaciar tolvas y contenedores. Aumenta la eficacia con vibradores y equipos neum\u00e1ticos avanzados.\" \/>\n<meta name=\"robots\" content=\"index, follow, max-snippet:-1, max-image-preview:large, max-video-preview:-1\" \/>\n<link rel=\"canonical\" href=\"https:\/\/gltechnics.com\/es\/vaciado-de-tolvas-y-depositos\/\" \/>\n<meta property=\"og:locale\" content=\"es_ES\" \/>\n<meta property=\"og:type\" content=\"article\" \/>\n<meta property=\"og:title\" content=\"Vaciado de tolvas y dep\u00f3sitos - L\u00edderes en innovaci\u00f3n en soluciones de procesamiento de materiales - Global Technics\" \/>\n<meta property=\"og:description\" content=\"Explora las soluciones de Global Technics O\u00dc para vaciar tolvas y contenedores. Aumenta la eficacia con vibradores y equipos neum\u00e1ticos avanzados.\" \/>\n<meta property=\"og:url\" content=\"https:\/\/gltechnics.com\/es\/vaciado-de-tolvas-y-depositos\/\" \/>\n<meta property=\"og:site_name\" content=\"L\u00edderes en innovaci\u00f3n en soluciones de procesamiento de materiales - Global Technics\" \/>\n<meta property=\"article:modified_time\" content=\"2025-01-03T09:49:05+00:00\" \/>\n<meta property=\"og:image\" content=\"https:\/\/gltechnics.com\/wp-content\/uploads\/2025\/01\/coal-mining-and-processing-equipment-at-daytime-2023-11-27-05-05-01-utc-scaled-1.webp\" \/>\n\t<meta property=\"og:image:width\" content=\"2560\" \/>\n\t<meta property=\"og:image:height\" content=\"1707\" \/>\n\t<meta property=\"og:image:type\" content=\"image\/webp\" \/>\n<meta name=\"twitter:card\" content=\"summary_large_image\" \/>\n<meta name=\"twitter:label1\" content=\"Tiempo de lectura\" \/>\n\t<meta name=\"twitter:data1\" content=\"3 minutos\" \/>\n<script type=\"application\/ld+json\" class=\"yoast-schema-graph\">{\"@context\":\"https:\/\/schema.org\",\"@graph\":[{\"@type\":\"WebPage\",\"@id\":\"https:\/\/gltechnics.com\/es\/vaciado-de-tolvas-y-depositos\/\",\"url\":\"https:\/\/gltechnics.com\/es\/vaciado-de-tolvas-y-depositos\/\",\"name\":\"Vaciado de tolvas y dep\u00f3sitos - L\u00edderes en innovaci\u00f3n en soluciones de procesamiento de materiales - Global Technics\",\"isPartOf\":{\"@id\":\"https:\/\/gltechnics.com\/es\/#website\"},\"primaryImageOfPage\":{\"@id\":\"https:\/\/gltechnics.com\/es\/vaciado-de-tolvas-y-depositos\/#primaryimage\"},\"image\":{\"@id\":\"https:\/\/gltechnics.com\/es\/vaciado-de-tolvas-y-depositos\/#primaryimage\"},\"thumbnailUrl\":\"https:\/\/gltechnics.com\/wp-content\/uploads\/2025\/01\/coal-mining-and-processing-equipment-at-daytime-2023-11-27-05-05-01-utc-scaled-1.webp\",\"datePublished\":\"2024-09-17T10:09:24+00:00\",\"dateModified\":\"2025-01-03T09:49:05+00:00\",\"description\":\"Explora las soluciones de Global Technics O\u00dc para vaciar tolvas y contenedores. Aumenta la eficacia con vibradores y equipos neum\u00e1ticos avanzados.\",\"breadcrumb\":{\"@id\":\"https:\/\/gltechnics.com\/es\/vaciado-de-tolvas-y-depositos\/#breadcrumb\"},\"inLanguage\":\"es\",\"potentialAction\":[{\"@type\":\"ReadAction\",\"target\":[\"https:\/\/gltechnics.com\/es\/vaciado-de-tolvas-y-depositos\/\"]}]},{\"@type\":\"ImageObject\",\"inLanguage\":\"es\",\"@id\":\"https:\/\/gltechnics.com\/es\/vaciado-de-tolvas-y-depositos\/#primaryimage\",\"url\":\"https:\/\/gltechnics.com\/wp-content\/uploads\/2025\/01\/coal-mining-and-processing-equipment-at-daytime-2023-11-27-05-05-01-utc-scaled-1.webp\",\"contentUrl\":\"https:\/\/gltechnics.com\/wp-content\/uploads\/2025\/01\/coal-mining-and-processing-equipment-at-daytime-2023-11-27-05-05-01-utc-scaled-1.webp\"},{\"@type\":\"BreadcrumbList\",\"@id\":\"https:\/\/gltechnics.com\/es\/vaciado-de-tolvas-y-depositos\/#breadcrumb\",\"itemListElement\":[{\"@type\":\"ListItem\",\"position\":1,\"name\":\"Home\",\"item\":\"https:\/\/gltechnics.com\/es\/\"},{\"@type\":\"ListItem\",\"position\":2,\"name\":\"Vaciado de tolvas y dep\u00f3sitos\"}]},{\"@type\":\"WebSite\",\"@id\":\"https:\/\/gltechnics.com\/es\/#website\",\"url\":\"https:\/\/gltechnics.com\/es\/\",\"name\":\"Global Technics\",\"description\":\"\",\"publisher\":{\"@id\":\"https:\/\/gltechnics.com\/es\/#organization\"},\"potentialAction\":[{\"@type\":\"SearchAction\",\"target\":{\"@type\":\"EntryPoint\",\"urlTemplate\":\"https:\/\/gltechnics.com\/es\/?s={search_term_string}\"},\"query-input\":{\"@type\":\"PropertyValueSpecification\",\"valueRequired\":true,\"valueName\":\"search_term_string\"}}],\"inLanguage\":\"es\"},{\"@type\":\"Organization\",\"@id\":\"https:\/\/gltechnics.com\/es\/#organization\",\"name\":\"Global Technics\",\"url\":\"https:\/\/gltechnics.com\/es\/\",\"logo\":{\"@type\":\"ImageObject\",\"inLanguage\":\"es\",\"@id\":\"https:\/\/gltechnics.com\/es\/#\/schema\/logo\/image\/\",\"url\":\"https:\/\/gltechnics.com\/wp-content\/uploads\/2024\/08\/Asset-1-2.svg\",\"contentUrl\":\"https:\/\/gltechnics.com\/wp-content\/uploads\/2024\/08\/Asset-1-2.svg\",\"width\":468,\"height\":128,\"caption\":\"Global Technics\"},\"image\":{\"@id\":\"https:\/\/gltechnics.com\/es\/#\/schema\/logo\/image\/\"}}]}<\/script>\n<!-- \/ Yoast SEO plugin. -->","yoast_head_json":{"title":"Vaciado de tolvas y dep\u00f3sitos - L\u00edderes en innovaci\u00f3n en soluciones de procesamiento de materiales - Global Technics","description":"Explora las soluciones de Global Technics O\u00dc para vaciar tolvas y contenedores. Aumenta la eficacia con vibradores y equipos neum\u00e1ticos avanzados.","robots":{"index":"index","follow":"follow","max-snippet":"max-snippet:-1","max-image-preview":"max-image-preview:large","max-video-preview":"max-video-preview:-1"},"canonical":"https:\/\/gltechnics.com\/es\/vaciado-de-tolvas-y-depositos\/","og_locale":"es_ES","og_type":"article","og_title":"Vaciado de tolvas y dep\u00f3sitos - L\u00edderes en innovaci\u00f3n en soluciones de procesamiento de materiales - Global Technics","og_description":"Explora las soluciones de Global Technics O\u00dc para vaciar tolvas y contenedores. Aumenta la eficacia con vibradores y equipos neum\u00e1ticos avanzados.","og_url":"https:\/\/gltechnics.com\/es\/vaciado-de-tolvas-y-depositos\/","og_site_name":"L\u00edderes en innovaci\u00f3n en soluciones de procesamiento de materiales - Global Technics","article_modified_time":"2025-01-03T09:49:05+00:00","og_image":[{"width":2560,"height":1707,"url":"https:\/\/gltechnics.com\/wp-content\/uploads\/2025\/01\/coal-mining-and-processing-equipment-at-daytime-2023-11-27-05-05-01-utc-scaled-1.webp","type":"image\/webp"}],"twitter_card":"summary_large_image","twitter_misc":{"Tiempo de lectura":"3 minutos"},"schema":{"@context":"https:\/\/schema.org","@graph":[{"@type":"WebPage","@id":"https:\/\/gltechnics.com\/es\/vaciado-de-tolvas-y-depositos\/","url":"https:\/\/gltechnics.com\/es\/vaciado-de-tolvas-y-depositos\/","name":"Vaciado de tolvas y dep\u00f3sitos - L\u00edderes en innovaci\u00f3n en soluciones de procesamiento de materiales - Global Technics","isPartOf":{"@id":"https:\/\/gltechnics.com\/es\/#website"},"primaryImageOfPage":{"@id":"https:\/\/gltechnics.com\/es\/vaciado-de-tolvas-y-depositos\/#primaryimage"},"image":{"@id":"https:\/\/gltechnics.com\/es\/vaciado-de-tolvas-y-depositos\/#primaryimage"},"thumbnailUrl":"https:\/\/gltechnics.com\/wp-content\/uploads\/2025\/01\/coal-mining-and-processing-equipment-at-daytime-2023-11-27-05-05-01-utc-scaled-1.webp","datePublished":"2024-09-17T10:09:24+00:00","dateModified":"2025-01-03T09:49:05+00:00","description":"Explora las soluciones de Global Technics O\u00dc para vaciar tolvas y contenedores. Aumenta la eficacia con vibradores y equipos neum\u00e1ticos avanzados.","breadcrumb":{"@id":"https:\/\/gltechnics.com\/es\/vaciado-de-tolvas-y-depositos\/#breadcrumb"},"inLanguage":"es","potentialAction":[{"@type":"ReadAction","target":["https:\/\/gltechnics.com\/es\/vaciado-de-tolvas-y-depositos\/"]}]},{"@type":"ImageObject","inLanguage":"es","@id":"https:\/\/gltechnics.com\/es\/vaciado-de-tolvas-y-depositos\/#primaryimage","url":"https:\/\/gltechnics.com\/wp-content\/uploads\/2025\/01\/coal-mining-and-processing-equipment-at-daytime-2023-11-27-05-05-01-utc-scaled-1.webp","contentUrl":"https:\/\/gltechnics.com\/wp-content\/uploads\/2025\/01\/coal-mining-and-processing-equipment-at-daytime-2023-11-27-05-05-01-utc-scaled-1.webp"},{"@type":"BreadcrumbList","@id":"https:\/\/gltechnics.com\/es\/vaciado-de-tolvas-y-depositos\/#breadcrumb","itemListElement":[{"@type":"ListItem","position":1,"name":"Home","item":"https:\/\/gltechnics.com\/es\/"},{"@type":"ListItem","position":2,"name":"Vaciado de tolvas y dep\u00f3sitos"}]},{"@type":"WebSite","@id":"https:\/\/gltechnics.com\/es\/#website","url":"https:\/\/gltechnics.com\/es\/","name":"Global Technics","description":"","publisher":{"@id":"https:\/\/gltechnics.com\/es\/#organization"},"potentialAction":[{"@type":"SearchAction","target":{"@type":"EntryPoint","urlTemplate":"https:\/\/gltechnics.com\/es\/?s={search_term_string}"},"query-input":{"@type":"PropertyValueSpecification","valueRequired":true,"valueName":"search_term_string"}}],"inLanguage":"es"},{"@type":"Organization","@id":"https:\/\/gltechnics.com\/es\/#organization","name":"Global Technics","url":"https:\/\/gltechnics.com\/es\/","logo":{"@type":"ImageObject","inLanguage":"es","@id":"https:\/\/gltechnics.com\/es\/#\/schema\/logo\/image\/","url":"https:\/\/gltechnics.com\/wp-content\/uploads\/2024\/08\/Asset-1-2.svg","contentUrl":"https:\/\/gltechnics.com\/wp-content\/uploads\/2024\/08\/Asset-1-2.svg","width":468,"height":128,"caption":"Global Technics"},"image":{"@id":"https:\/\/gltechnics.com\/es\/#\/schema\/logo\/image\/"}}]}},"_links":{"self":[{"href":"https:\/\/gltechnics.com\/es\/wp-json\/wp\/v2\/pages\/547","targetHints":{"allow":["GET"]}}],"collection":[{"href":"https:\/\/gltechnics.com\/es\/wp-json\/wp\/v2\/pages"}],"about":[{"href":"https:\/\/gltechnics.com\/es\/wp-json\/wp\/v2\/types\/page"}],"author":[{"embeddable":true,"href":"https:\/\/gltechnics.com\/es\/wp-json\/wp\/v2\/users\/1"}],"replies":[{"embeddable":true,"href":"https:\/\/gltechnics.com\/es\/wp-json\/wp\/v2\/comments?post=547"}],"version-history":[{"count":45,"href":"https:\/\/gltechnics.com\/es\/wp-json\/wp\/v2\/pages\/547\/revisions"}],"predecessor-version":[{"id":3342,"href":"https:\/\/gltechnics.com\/es\/wp-json\/wp\/v2\/pages\/547\/revisions\/3342"}],"wp:attachment":[{"href":"https:\/\/gltechnics.com\/es\/wp-json\/wp\/v2\/media?parent=547"}],"curies":[{"name":"wp","href":"https:\/\/api.w.org\/{rel}","templated":true}]}}