{"id":550,"date":"2024-08-06T15:26:08","date_gmt":"2024-08-06T12:26:08","guid":{"rendered":"https:\/\/gltechnics.com\/quienes-somos\/"},"modified":"2025-01-30T16:20:21","modified_gmt":"2025-01-30T14:20:21","slug":"quienes-somos","status":"publish","type":"page","link":"https:\/\/gltechnics.com\/es\/quienes-somos\/","title":{"rendered":"Sobre nosotros"},"content":{"rendered":"\t\t<div data-elementor-type=\"wp-page\" data-elementor-id=\"550\" class=\"elementor elementor-550 elementor-113\" data-elementor-post-type=\"page\">\n\t\t\t\t<div class=\"elementor-element elementor-element-54f341dd e-con-full e-flex e-con e-parent\" data-id=\"54f341dd\" data-element_type=\"container\" data-settings=\"{&quot;background_background&quot;:&quot;classic&quot;}\">\n\t\t<div class=\"elementor-element elementor-element-3ae69933 e-flex e-con-boxed e-con e-child\" data-id=\"3ae69933\" data-element_type=\"container\">\n\t\t\t\t\t<div class=\"e-con-inner\">\n\t\t<div class=\"elementor-element elementor-element-2e5d1ec6 e-flex e-con-boxed e-con e-child\" data-id=\"2e5d1ec6\" data-element_type=\"container\" data-settings=\"{&quot;background_background&quot;:&quot;classic&quot;}\">\n\t\t\t\t\t<div class=\"e-con-inner\">\n\t\t\t\t<div class=\"elementor-element elementor-element-3ca5429 elementor-invisible elementor-widget elementor-widget-heading\" data-id=\"3ca5429\" data-element_type=\"widget\" data-settings=\"{&quot;_animation&quot;:&quot;fadeInDown&quot;}\" data-widget_type=\"heading.default\">\n\t\t\t\t<div class=\"elementor-widget-container\">\n\t\t\t\t\t<h1 class=\"elementor-heading-title elementor-size-default\">Sobre nosotros<\/h1>\t\t\t\t<\/div>\n\t\t\t\t<\/div>\n\t\t\t\t<div class=\"elementor-element elementor-element-2e03421a elementor-widget__width-initial elementor-invisible elementor-widget elementor-widget-heading\" data-id=\"2e03421a\" data-element_type=\"widget\" data-settings=\"{&quot;_animation&quot;:&quot;fadeInUp&quot;,&quot;_animation_delay&quot;:200}\" data-widget_type=\"heading.default\">\n\t\t\t\t<div class=\"elementor-widget-container\">\n\t\t\t\t\t<h3 class=\"elementor-heading-title elementor-size-default\">L\u00edderes en innovaci\u00f3n en soluciones de procesamiento de materiales<\/h3>\t\t\t\t<\/div>\n\t\t\t\t<\/div>\n\t\t\t\t\t<\/div>\n\t\t\t\t<\/div>\n\t\t\t\t\t<\/div>\n\t\t\t\t<\/div>\n\t\t\t\t<\/div>\n\t\t<div class=\"elementor-element elementor-element-6d004414 e-flex e-con-boxed e-con e-parent\" data-id=\"6d004414\" data-element_type=\"container\">\n\t\t\t\t\t<div class=\"e-con-inner\">\n\t\t<div class=\"elementor-element elementor-element-46533abf e-con-full e-flex elementor-invisible e-con e-child\" data-id=\"46533abf\" data-element_type=\"container\" data-settings=\"{&quot;animation&quot;:&quot;fadeInLeft&quot;}\">\n\t\t\t\t<div class=\"elementor-element elementor-element-510b38c0 elementor-widget elementor-widget-heading\" data-id=\"510b38c0\" data-element_type=\"widget\" data-widget_type=\"heading.default\">\n\t\t\t\t<div class=\"elementor-widget-container\">\n\t\t\t\t\t<h2 class=\"elementor-heading-title elementor-size-default\">Quienes somos<\/h2>\t\t\t\t<\/div>\n\t\t\t\t<\/div>\n\t\t\t\t<div class=\"elementor-element elementor-element-791c5448 elementor-widget elementor-widget-text-editor\" data-id=\"791c5448\" data-element_type=\"widget\" data-widget_type=\"text-editor.default\">\n\t\t\t\t<div class=\"elementor-widget-container\">\n\t\t\t\t\t\t\t\t\t<p><span style=\"font-weight: 400;\">GLOBAL TECHNICS O\u00dc es una empresa de ingenier\u00eda con m\u00e1s de 15 a\u00f1os de experiencia en el desarrollo y la fabricaci\u00f3n de equipos de descarga de materiales a granel de alta gama. Nuestros martillos neum\u00e1ticos vibratorios son una herramienta indispensable para acelerar la descarga, eliminar obstrucciones en el almacenamiento y manipulaci\u00f3n de materiales a granel y optimizar la eficiencia operativa.  <\/span><\/p>\n<p>Estamos orgullosos de servir a una gran variedad de industrias, incluidos puertos, terminales y empresas especializadas en fertilizantes, cemento, metales y otros. Adem\u00e1s, nuestros equipos tienen una gran demanda en las industrias minera, qu\u00edmica y de la construcci\u00f3n. <\/p>\n<p>Le invitamos a unirse a los numerosos clientes satisfechos que conf\u00edan a GLOBAL TECHNICS O\u00dc sus necesidades de manipulaci\u00f3n de materiales a granel. Maximice la eficiencia de sus operaciones de descarga con nuestros vibradores neum\u00e1ticos de \u00faltima generaci\u00f3n y vea un aumento significativo de la productividad y la eficiencia. <\/p>\n\t\t\t\t\t\t\t\t<\/div>\n\t\t\t\t<\/div>\n\t\t\t\t<\/div>\n\t\t<div class=\"elementor-element elementor-element-d8f13a8 e-con-full e-flex elementor-invisible e-con e-child\" data-id=\"d8f13a8\" data-element_type=\"container\" data-settings=\"{&quot;animation&quot;:&quot;fadeInRight&quot;}\">\n\t\t\t\t<div class=\"elementor-element elementor-element-b61ba6b elementor-widget elementor-widget-image\" data-id=\"b61ba6b\" data-element_type=\"widget\" data-widget_type=\"image.default\">\n\t\t\t\t<div class=\"elementor-widget-container\">\n\t\t\t\t\t\t\t\t\t\t\t\t\t\t\t<img fetchpriority=\"high\" decoding=\"async\" width=\"960\" height=\"960\" src=\"https:\/\/gltechnics.com\/wp-content\/uploads\/2025\/01\/office-with-computers.jpeg\" class=\"attachment-full size-full wp-image-3142\" alt=\"office with computers daylight\" srcset=\"https:\/\/gltechnics.com\/wp-content\/uploads\/2025\/01\/office-with-computers.jpeg 960w, https:\/\/gltechnics.com\/wp-content\/uploads\/2025\/01\/office-with-computers-300x300.jpeg 300w, https:\/\/gltechnics.com\/wp-content\/uploads\/2025\/01\/office-with-computers-150x150.jpeg 150w, https:\/\/gltechnics.com\/wp-content\/uploads\/2025\/01\/office-with-computers-768x768.jpeg 768w\" sizes=\"(max-width: 960px) 100vw, 960px\" \/>\t\t\t\t\t\t\t\t\t\t\t\t\t\t\t<\/div>\n\t\t\t\t<\/div>\n\t\t\t\t<\/div>\n\t\t\t\t\t<\/div>\n\t\t\t\t<\/div>\n\t\t\t\t<\/div>\n\t\t","protected":false},"excerpt":{"rendered":"<p>L\u00edderes en innovaci\u00f3n en soluciones de procesamiento de materiales Quienes somos GLOBAL TECHNICS O\u00dc es una empresa de ingenier\u00eda con m\u00e1s de 15 a\u00f1os de experiencia en el desarrollo y la fabricaci\u00f3n de equipos de descarga de materiales a granel de alta gama. Nuestros martillos neum\u00e1ticos vibratorios son una herramienta indispensable para acelerar la descarga, [&hellip;]<\/p>\n","protected":false},"author":1,"featured_media":0,"parent":0,"menu_order":0,"comment_status":"closed","ping_status":"closed","template":"","meta":{"footnotes":""},"class_list":["post-550","page","type-page","status-publish","hentry"],"yoast_head":"<!-- This site is optimized with the Yoast SEO plugin v24.1 - https:\/\/yoast.com\/wordpress\/plugins\/seo\/ -->\n<title>Sobre nosotros - L\u00edderes en innovaci\u00f3n en soluciones de procesamiento de materiales - Global Technics<\/title>\n<meta name=\"description\" content=\"Obtenga m\u00e1s informaci\u00f3n sobre Global Technics O\u00dc, un proveedor confiable de soluciones de manipulaci\u00f3n de materiales a granel con m\u00e1s de 15 a\u00f1os de experiencia en la industria.\" \/>\n<meta name=\"robots\" content=\"index, follow, max-snippet:-1, max-image-preview:large, max-video-preview:-1\" \/>\n<link rel=\"canonical\" href=\"https:\/\/gltechnics.com\/es\/quienes-somos\/\" \/>\n<meta property=\"og:locale\" content=\"es_ES\" \/>\n<meta property=\"og:type\" content=\"article\" \/>\n<meta property=\"og:title\" content=\"Sobre nosotros - L\u00edderes en innovaci\u00f3n en soluciones de procesamiento de materiales - Global Technics\" \/>\n<meta property=\"og:description\" content=\"Obtenga m\u00e1s informaci\u00f3n sobre Global Technics O\u00dc, un proveedor confiable de soluciones de manipulaci\u00f3n de materiales a granel con m\u00e1s de 15 a\u00f1os de experiencia en la industria.\" \/>\n<meta property=\"og:url\" content=\"https:\/\/gltechnics.com\/es\/quienes-somos\/\" \/>\n<meta property=\"og:site_name\" content=\"L\u00edderes en innovaci\u00f3n en soluciones de procesamiento de materiales - Global Technics\" \/>\n<meta property=\"article:modified_time\" content=\"2025-01-30T14:20:21+00:00\" \/>\n<meta property=\"og:image\" content=\"https:\/\/gltechnics.com\/wp-content\/uploads\/2025\/01\/office-with-computers.jpeg\" \/>\n\t<meta property=\"og:image:width\" content=\"960\" \/>\n\t<meta property=\"og:image:height\" content=\"960\" \/>\n\t<meta property=\"og:image:type\" content=\"image\/jpeg\" \/>\n<meta name=\"twitter:card\" content=\"summary_large_image\" \/>\n<meta name=\"twitter:label1\" content=\"Tiempo de lectura\" \/>\n\t<meta name=\"twitter:data1\" content=\"1 minuto\" \/>\n<script type=\"application\/ld+json\" class=\"yoast-schema-graph\">{\"@context\":\"https:\/\/schema.org\",\"@graph\":[{\"@type\":\"WebPage\",\"@id\":\"https:\/\/gltechnics.com\/es\/quienes-somos\/\",\"url\":\"https:\/\/gltechnics.com\/es\/quienes-somos\/\",\"name\":\"Sobre nosotros - L\u00edderes en innovaci\u00f3n en soluciones de procesamiento de materiales - Global Technics\",\"isPartOf\":{\"@id\":\"https:\/\/gltechnics.com\/es\/#website\"},\"primaryImageOfPage\":{\"@id\":\"https:\/\/gltechnics.com\/es\/quienes-somos\/#primaryimage\"},\"image\":{\"@id\":\"https:\/\/gltechnics.com\/es\/quienes-somos\/#primaryimage\"},\"thumbnailUrl\":\"https:\/\/gltechnics.com\/wp-content\/uploads\/2025\/01\/office-with-computers.jpeg\",\"datePublished\":\"2024-08-06T12:26:08+00:00\",\"dateModified\":\"2025-01-30T14:20:21+00:00\",\"description\":\"Obtenga m\u00e1s informaci\u00f3n sobre Global Technics O\u00dc, un proveedor confiable de soluciones de manipulaci\u00f3n de materiales a granel con m\u00e1s de 15 a\u00f1os de experiencia en la industria.\",\"breadcrumb\":{\"@id\":\"https:\/\/gltechnics.com\/es\/quienes-somos\/#breadcrumb\"},\"inLanguage\":\"es\",\"potentialAction\":[{\"@type\":\"ReadAction\",\"target\":[\"https:\/\/gltechnics.com\/es\/quienes-somos\/\"]}]},{\"@type\":\"ImageObject\",\"inLanguage\":\"es\",\"@id\":\"https:\/\/gltechnics.com\/es\/quienes-somos\/#primaryimage\",\"url\":\"https:\/\/gltechnics.com\/wp-content\/uploads\/2025\/01\/office-with-computers.jpeg\",\"contentUrl\":\"https:\/\/gltechnics.com\/wp-content\/uploads\/2025\/01\/office-with-computers.jpeg\"},{\"@type\":\"BreadcrumbList\",\"@id\":\"https:\/\/gltechnics.com\/es\/quienes-somos\/#breadcrumb\",\"itemListElement\":[{\"@type\":\"ListItem\",\"position\":1,\"name\":\"Home\",\"item\":\"https:\/\/gltechnics.com\/es\/\"},{\"@type\":\"ListItem\",\"position\":2,\"name\":\"Sobre nosotros\"}]},{\"@type\":\"WebSite\",\"@id\":\"https:\/\/gltechnics.com\/es\/#website\",\"url\":\"https:\/\/gltechnics.com\/es\/\",\"name\":\"Global Technics\",\"description\":\"\",\"publisher\":{\"@id\":\"https:\/\/gltechnics.com\/es\/#organization\"},\"potentialAction\":[{\"@type\":\"SearchAction\",\"target\":{\"@type\":\"EntryPoint\",\"urlTemplate\":\"https:\/\/gltechnics.com\/es\/?s={search_term_string}\"},\"query-input\":{\"@type\":\"PropertyValueSpecification\",\"valueRequired\":true,\"valueName\":\"search_term_string\"}}],\"inLanguage\":\"es\"},{\"@type\":\"Organization\",\"@id\":\"https:\/\/gltechnics.com\/es\/#organization\",\"name\":\"Global Technics\",\"url\":\"https:\/\/gltechnics.com\/es\/\",\"logo\":{\"@type\":\"ImageObject\",\"inLanguage\":\"es\",\"@id\":\"https:\/\/gltechnics.com\/es\/#\/schema\/logo\/image\/\",\"url\":\"https:\/\/gltechnics.com\/wp-content\/uploads\/2024\/08\/Asset-1-2.svg\",\"contentUrl\":\"https:\/\/gltechnics.com\/wp-content\/uploads\/2024\/08\/Asset-1-2.svg\",\"width\":468,\"height\":128,\"caption\":\"Global Technics\"},\"image\":{\"@id\":\"https:\/\/gltechnics.com\/es\/#\/schema\/logo\/image\/\"}}]}<\/script>\n<!-- \/ Yoast SEO plugin. -->","yoast_head_json":{"title":"Sobre nosotros - L\u00edderes en innovaci\u00f3n en soluciones de procesamiento de materiales - Global Technics","description":"Obtenga m\u00e1s informaci\u00f3n sobre Global Technics O\u00dc, un proveedor confiable de soluciones de manipulaci\u00f3n de materiales a granel con m\u00e1s de 15 a\u00f1os de experiencia en la industria.","robots":{"index":"index","follow":"follow","max-snippet":"max-snippet:-1","max-image-preview":"max-image-preview:large","max-video-preview":"max-video-preview:-1"},"canonical":"https:\/\/gltechnics.com\/es\/quienes-somos\/","og_locale":"es_ES","og_type":"article","og_title":"Sobre nosotros - L\u00edderes en innovaci\u00f3n en soluciones de procesamiento de materiales - Global Technics","og_description":"Obtenga m\u00e1s informaci\u00f3n sobre Global Technics O\u00dc, un proveedor confiable de soluciones de manipulaci\u00f3n de materiales a granel con m\u00e1s de 15 a\u00f1os de experiencia en la industria.","og_url":"https:\/\/gltechnics.com\/es\/quienes-somos\/","og_site_name":"L\u00edderes en innovaci\u00f3n en soluciones de procesamiento de materiales - Global Technics","article_modified_time":"2025-01-30T14:20:21+00:00","og_image":[{"width":960,"height":960,"url":"https:\/\/gltechnics.com\/wp-content\/uploads\/2025\/01\/office-with-computers.jpeg","type":"image\/jpeg"}],"twitter_card":"summary_large_image","twitter_misc":{"Tiempo de lectura":"1 minuto"},"schema":{"@context":"https:\/\/schema.org","@graph":[{"@type":"WebPage","@id":"https:\/\/gltechnics.com\/es\/quienes-somos\/","url":"https:\/\/gltechnics.com\/es\/quienes-somos\/","name":"Sobre nosotros - L\u00edderes en innovaci\u00f3n en soluciones de procesamiento de materiales - Global Technics","isPartOf":{"@id":"https:\/\/gltechnics.com\/es\/#website"},"primaryImageOfPage":{"@id":"https:\/\/gltechnics.com\/es\/quienes-somos\/#primaryimage"},"image":{"@id":"https:\/\/gltechnics.com\/es\/quienes-somos\/#primaryimage"},"thumbnailUrl":"https:\/\/gltechnics.com\/wp-content\/uploads\/2025\/01\/office-with-computers.jpeg","datePublished":"2024-08-06T12:26:08+00:00","dateModified":"2025-01-30T14:20:21+00:00","description":"Obtenga m\u00e1s informaci\u00f3n sobre Global Technics O\u00dc, un proveedor confiable de soluciones de manipulaci\u00f3n de materiales a granel con m\u00e1s de 15 a\u00f1os de experiencia en la industria.","breadcrumb":{"@id":"https:\/\/gltechnics.com\/es\/quienes-somos\/#breadcrumb"},"inLanguage":"es","potentialAction":[{"@type":"ReadAction","target":["https:\/\/gltechnics.com\/es\/quienes-somos\/"]}]},{"@type":"ImageObject","inLanguage":"es","@id":"https:\/\/gltechnics.com\/es\/quienes-somos\/#primaryimage","url":"https:\/\/gltechnics.com\/wp-content\/uploads\/2025\/01\/office-with-computers.jpeg","contentUrl":"https:\/\/gltechnics.com\/wp-content\/uploads\/2025\/01\/office-with-computers.jpeg"},{"@type":"BreadcrumbList","@id":"https:\/\/gltechnics.com\/es\/quienes-somos\/#breadcrumb","itemListElement":[{"@type":"ListItem","position":1,"name":"Home","item":"https:\/\/gltechnics.com\/es\/"},{"@type":"ListItem","position":2,"name":"Sobre nosotros"}]},{"@type":"WebSite","@id":"https:\/\/gltechnics.com\/es\/#website","url":"https:\/\/gltechnics.com\/es\/","name":"Global Technics","description":"","publisher":{"@id":"https:\/\/gltechnics.com\/es\/#organization"},"potentialAction":[{"@type":"SearchAction","target":{"@type":"EntryPoint","urlTemplate":"https:\/\/gltechnics.com\/es\/?s={search_term_string}"},"query-input":{"@type":"PropertyValueSpecification","valueRequired":true,"valueName":"search_term_string"}}],"inLanguage":"es"},{"@type":"Organization","@id":"https:\/\/gltechnics.com\/es\/#organization","name":"Global Technics","url":"https:\/\/gltechnics.com\/es\/","logo":{"@type":"ImageObject","inLanguage":"es","@id":"https:\/\/gltechnics.com\/es\/#\/schema\/logo\/image\/","url":"https:\/\/gltechnics.com\/wp-content\/uploads\/2024\/08\/Asset-1-2.svg","contentUrl":"https:\/\/gltechnics.com\/wp-content\/uploads\/2024\/08\/Asset-1-2.svg","width":468,"height":128,"caption":"Global Technics"},"image":{"@id":"https:\/\/gltechnics.com\/es\/#\/schema\/logo\/image\/"}}]}},"_links":{"self":[{"href":"https:\/\/gltechnics.com\/es\/wp-json\/wp\/v2\/pages\/550","targetHints":{"allow":["GET"]}}],"collection":[{"href":"https:\/\/gltechnics.com\/es\/wp-json\/wp\/v2\/pages"}],"about":[{"href":"https:\/\/gltechnics.com\/es\/wp-json\/wp\/v2\/types\/page"}],"author":[{"embeddable":true,"href":"https:\/\/gltechnics.com\/es\/wp-json\/wp\/v2\/users\/1"}],"replies":[{"embeddable":true,"href":"https:\/\/gltechnics.com\/es\/wp-json\/wp\/v2\/comments?post=550"}],"version-history":[{"count":26,"href":"https:\/\/gltechnics.com\/es\/wp-json\/wp\/v2\/pages\/550\/revisions"}],"predecessor-version":[{"id":3457,"href":"https:\/\/gltechnics.com\/es\/wp-json\/wp\/v2\/pages\/550\/revisions\/3457"}],"wp:attachment":[{"href":"https:\/\/gltechnics.com\/es\/wp-json\/wp\/v2\/media?parent=550"}],"curies":[{"name":"wp","href":"https:\/\/api.w.org\/{rel}","templated":true}]}}