{"id":552,"date":"2024-08-06T15:26:17","date_gmt":"2024-08-06T12:26:17","guid":{"rendered":"https:\/\/gltechnics.com\/para-distribuidores\/"},"modified":"2025-01-03T11:43:56","modified_gmt":"2025-01-03T09:43:56","slug":"para-distribuidores","status":"publish","type":"page","link":"https:\/\/gltechnics.com\/es\/para-distribuidores\/","title":{"rendered":"Para distribuidores"},"content":{"rendered":"\t\t<div data-elementor-type=\"wp-page\" data-elementor-id=\"552\" class=\"elementor elementor-552 elementor-117\" data-elementor-post-type=\"page\">\n\t\t\t\t<div class=\"elementor-element elementor-element-54f341dd e-con-full e-flex e-con e-parent\" data-id=\"54f341dd\" data-element_type=\"container\" data-settings=\"{&quot;background_background&quot;:&quot;classic&quot;}\">\n\t\t<div class=\"elementor-element elementor-element-3ae69933 e-flex e-con-boxed e-con e-child\" data-id=\"3ae69933\" data-element_type=\"container\">\n\t\t\t\t\t<div class=\"e-con-inner\">\n\t\t<div class=\"elementor-element elementor-element-2e5d1ec6 e-flex e-con-boxed e-con e-child\" data-id=\"2e5d1ec6\" data-element_type=\"container\" data-settings=\"{&quot;background_background&quot;:&quot;classic&quot;}\">\n\t\t\t\t\t<div class=\"e-con-inner\">\n\t\t\t\t<div class=\"elementor-element elementor-element-3ca5429 elementor-invisible elementor-widget elementor-widget-heading\" data-id=\"3ca5429\" data-element_type=\"widget\" data-settings=\"{&quot;_animation&quot;:&quot;fadeInDown&quot;}\" data-widget_type=\"heading.default\">\n\t\t\t\t<div class=\"elementor-widget-container\">\n\t\t\t\t\t<h1 class=\"elementor-heading-title elementor-size-default\">Para distribuidores<\/h1>\t\t\t\t<\/div>\n\t\t\t\t<\/div>\n\t\t\t\t<div class=\"elementor-element elementor-element-034ecf5 elementor-invisible elementor-widget elementor-widget-heading\" data-id=\"034ecf5\" data-element_type=\"widget\" data-settings=\"{&quot;_animation&quot;:&quot;fadeInUp&quot;,&quot;_animation_delay&quot;:200}\" data-widget_type=\"heading.default\">\n\t\t\t\t<div class=\"elementor-widget-container\">\n\t\t\t\t\t<h2 class=\"elementor-heading-title elementor-size-default\">Nuestra misi\u00f3n es mejorar su negocio a trav\u00e9s de nuestra tecnolog\u00eda<br><\/h2>\t\t\t\t<\/div>\n\t\t\t\t<\/div>\n\t\t\t\t\t<\/div>\n\t\t\t\t<\/div>\n\t\t\t\t\t<\/div>\n\t\t\t\t<\/div>\n\t\t\t\t<\/div>\n\t\t<div class=\"elementor-element elementor-element-6d004414 e-flex e-con-boxed e-con e-parent\" data-id=\"6d004414\" data-element_type=\"container\">\n\t\t\t\t\t<div class=\"e-con-inner\">\n\t\t<div class=\"elementor-element elementor-element-46533abf e-con-full e-flex elementor-invisible e-con e-child\" data-id=\"46533abf\" data-element_type=\"container\" data-settings=\"{&quot;animation&quot;:&quot;fadeInLeft&quot;}\">\n\t\t\t\t<div class=\"elementor-element elementor-element-510b38c0 elementor-widget elementor-widget-heading\" data-id=\"510b38c0\" data-element_type=\"widget\" data-widget_type=\"heading.default\">\n\t\t\t\t<div class=\"elementor-widget-container\">\n\t\t\t\t\t<h2 class=\"elementor-heading-title elementor-size-default\">CONVI\u00c9RTETE EN NUESTRO DISTRIBUIDOR<\/h2>\t\t\t\t<\/div>\n\t\t\t\t<\/div>\n\t\t\t\t<div class=\"elementor-element elementor-element-791c5448 elementor-widget elementor-widget-text-editor\" data-id=\"791c5448\" data-element_type=\"widget\" data-widget_type=\"text-editor.default\">\n\t\t\t\t<div class=\"elementor-widget-container\">\n\t\t\t\t\t\t\t\t\t<p>\u00bfEst\u00e1 interesado en asociarse con un innovador l\u00edder del mercado en el campo de las soluciones de descarga y manipulaci\u00f3n de materiales a granel? Nuestra empresa fabrica vibradores de la m\u00e1s alta calidad para su uso con vagones, tolvas, silos y l\u00edneas transportadoras. Nuestros productos est\u00e1n dise\u00f1ados con el objetivo de garantizar una descarga y manipulaci\u00f3n eficaces y seguras de materiales a granel.  <\/p>\n<p>Buscamos distribuidores dedicados en todo el mundo para representar nuestros productos de alta calidad. Al convertirse en distribuidor, tendr\u00e1 acceso a nuestra innovadora tecnolog\u00eda, a una asistencia completa y a un mercado favorable. <\/p>\n<p>\u00danase a nosotros en nuestra misi\u00f3n de transformar el sector de la descarga de materiales a granel. Para obtener m\u00e1s informaci\u00f3n sobre c\u00f3mo convertirse en distribuidor en su regi\u00f3n y llevar nuestros productos a su mercado, p\u00f3ngase en contacto con nosotros hoy mismo. <\/p>\n\t\t\t\t\t\t\t\t<\/div>\n\t\t\t\t<\/div>\n\t\t\t\t<\/div>\n\t\t<div class=\"elementor-element elementor-element-4e55340 e-con-full e-flex elementor-invisible e-con e-child\" data-id=\"4e55340\" data-element_type=\"container\" data-settings=\"{&quot;animation&quot;:&quot;fadeInRight&quot;}\">\n\t\t\t\t<div class=\"elementor-element elementor-element-450baa4 elementor-widget elementor-widget-image\" data-id=\"450baa4\" data-element_type=\"widget\" data-widget_type=\"image.default\">\n\t\t\t\t<div class=\"elementor-widget-container\">\n\t\t\t\t\t\t\t\t\t\t\t\t\t\t\t<img fetchpriority=\"high\" decoding=\"async\" width=\"2560\" height=\"1707\" src=\"https:\/\/gltechnics.com\/wp-content\/uploads\/2024\/12\/group-of-multiethnic-businessmen-2023-11-27-04-54-46-utc-scaled-1.jpg\" class=\"attachment-full size-full wp-image-2183\" alt=\"\" srcset=\"https:\/\/gltechnics.com\/wp-content\/uploads\/2024\/12\/group-of-multiethnic-businessmen-2023-11-27-04-54-46-utc-scaled-1.jpg 2560w, https:\/\/gltechnics.com\/wp-content\/uploads\/2024\/12\/group-of-multiethnic-businessmen-2023-11-27-04-54-46-utc-scaled-1-300x200.jpg 300w, https:\/\/gltechnics.com\/wp-content\/uploads\/2024\/12\/group-of-multiethnic-businessmen-2023-11-27-04-54-46-utc-scaled-1-1024x683.jpg 1024w, https:\/\/gltechnics.com\/wp-content\/uploads\/2024\/12\/group-of-multiethnic-businessmen-2023-11-27-04-54-46-utc-scaled-1-768x512.jpg 768w, https:\/\/gltechnics.com\/wp-content\/uploads\/2024\/12\/group-of-multiethnic-businessmen-2023-11-27-04-54-46-utc-scaled-1-1536x1024.jpg 1536w, https:\/\/gltechnics.com\/wp-content\/uploads\/2024\/12\/group-of-multiethnic-businessmen-2023-11-27-04-54-46-utc-scaled-1-2048x1366.jpg 2048w\" sizes=\"(max-width: 2560px) 100vw, 2560px\" \/>\t\t\t\t\t\t\t\t\t\t\t\t\t\t\t<\/div>\n\t\t\t\t<\/div>\n\t\t\t\t<\/div>\n\t\t\t\t\t<\/div>\n\t\t\t\t<\/div>\n\t\t\t\t<\/div>\n\t\t","protected":false},"excerpt":{"rendered":"<p>Nuestra misi\u00f3n es mejorar su negocio a trav\u00e9s de nuestra tecnolog\u00eda CONVI\u00c9RTETE EN NUESTRO DISTRIBUIDOR \u00bfEst\u00e1 interesado en asociarse con un innovador l\u00edder del mercado en el campo de las soluciones de descarga y manipulaci\u00f3n de materiales a granel? Nuestra empresa fabrica vibradores de la m\u00e1s alta calidad para su uso con vagones, tolvas, silos [&hellip;]<\/p>\n","protected":false},"author":1,"featured_media":0,"parent":0,"menu_order":0,"comment_status":"closed","ping_status":"closed","template":"","meta":{"footnotes":""},"class_list":["post-552","page","type-page","status-publish","hentry"],"yoast_head":"<!-- This site is optimized with the Yoast SEO plugin v24.1 - https:\/\/yoast.com\/wordpress\/plugins\/seo\/ -->\n<title>Para distribuidores - L\u00edderes en innovaci\u00f3n en soluciones de procesamiento de materiales - Global Technics<\/title>\n<meta name=\"description\" content=\"\u00danete a Global Technics O\u00dc como distribuidor. Accede a soluciones de descarga de material a granel de alta calidad y haz crecer tu negocio con nuestro apoyo.\" \/>\n<meta name=\"robots\" content=\"index, follow, max-snippet:-1, max-image-preview:large, max-video-preview:-1\" \/>\n<link rel=\"canonical\" href=\"https:\/\/gltechnics.com\/es\/para-distribuidores\/\" \/>\n<meta property=\"og:locale\" content=\"es_ES\" \/>\n<meta property=\"og:type\" content=\"article\" \/>\n<meta property=\"og:title\" content=\"Para distribuidores - L\u00edderes en innovaci\u00f3n en soluciones de procesamiento de materiales - Global Technics\" \/>\n<meta property=\"og:description\" content=\"\u00danete a Global Technics O\u00dc como distribuidor. Accede a soluciones de descarga de material a granel de alta calidad y haz crecer tu negocio con nuestro apoyo.\" \/>\n<meta property=\"og:url\" content=\"https:\/\/gltechnics.com\/es\/para-distribuidores\/\" \/>\n<meta property=\"og:site_name\" content=\"L\u00edderes en innovaci\u00f3n en soluciones de procesamiento de materiales - Global Technics\" \/>\n<meta property=\"article:modified_time\" content=\"2025-01-03T09:43:56+00:00\" \/>\n<meta property=\"og:image\" content=\"https:\/\/gltechnics.com\/wp-content\/uploads\/2024\/12\/group-of-multiethnic-businessmen-2023-11-27-04-54-46-utc-scaled-1.jpg\" \/>\n\t<meta property=\"og:image:width\" content=\"2560\" \/>\n\t<meta property=\"og:image:height\" content=\"1707\" \/>\n\t<meta property=\"og:image:type\" content=\"image\/jpeg\" \/>\n<meta name=\"twitter:card\" content=\"summary_large_image\" \/>\n<meta name=\"twitter:label1\" content=\"Tiempo de lectura\" \/>\n\t<meta name=\"twitter:data1\" content=\"1 minuto\" \/>\n<script type=\"application\/ld+json\" class=\"yoast-schema-graph\">{\"@context\":\"https:\/\/schema.org\",\"@graph\":[{\"@type\":\"WebPage\",\"@id\":\"https:\/\/gltechnics.com\/es\/para-distribuidores\/\",\"url\":\"https:\/\/gltechnics.com\/es\/para-distribuidores\/\",\"name\":\"Para distribuidores - L\u00edderes en innovaci\u00f3n en soluciones de procesamiento de materiales - Global Technics\",\"isPartOf\":{\"@id\":\"https:\/\/gltechnics.com\/es\/#website\"},\"primaryImageOfPage\":{\"@id\":\"https:\/\/gltechnics.com\/es\/para-distribuidores\/#primaryimage\"},\"image\":{\"@id\":\"https:\/\/gltechnics.com\/es\/para-distribuidores\/#primaryimage\"},\"thumbnailUrl\":\"https:\/\/gltechnics.com\/wp-content\/uploads\/2024\/12\/group-of-multiethnic-businessmen-2023-11-27-04-54-46-utc-scaled-1.jpg\",\"datePublished\":\"2024-08-06T12:26:17+00:00\",\"dateModified\":\"2025-01-03T09:43:56+00:00\",\"description\":\"\u00danete a Global Technics O\u00dc como distribuidor. Accede a soluciones de descarga de material a granel de alta calidad y haz crecer tu negocio con nuestro apoyo.\",\"breadcrumb\":{\"@id\":\"https:\/\/gltechnics.com\/es\/para-distribuidores\/#breadcrumb\"},\"inLanguage\":\"es\",\"potentialAction\":[{\"@type\":\"ReadAction\",\"target\":[\"https:\/\/gltechnics.com\/es\/para-distribuidores\/\"]}]},{\"@type\":\"ImageObject\",\"inLanguage\":\"es\",\"@id\":\"https:\/\/gltechnics.com\/es\/para-distribuidores\/#primaryimage\",\"url\":\"https:\/\/gltechnics.com\/wp-content\/uploads\/2024\/12\/group-of-multiethnic-businessmen-2023-11-27-04-54-46-utc-scaled-1.jpg\",\"contentUrl\":\"https:\/\/gltechnics.com\/wp-content\/uploads\/2024\/12\/group-of-multiethnic-businessmen-2023-11-27-04-54-46-utc-scaled-1.jpg\"},{\"@type\":\"BreadcrumbList\",\"@id\":\"https:\/\/gltechnics.com\/es\/para-distribuidores\/#breadcrumb\",\"itemListElement\":[{\"@type\":\"ListItem\",\"position\":1,\"name\":\"Home\",\"item\":\"https:\/\/gltechnics.com\/es\/\"},{\"@type\":\"ListItem\",\"position\":2,\"name\":\"Para distribuidores\"}]},{\"@type\":\"WebSite\",\"@id\":\"https:\/\/gltechnics.com\/es\/#website\",\"url\":\"https:\/\/gltechnics.com\/es\/\",\"name\":\"Global Technics\",\"description\":\"\",\"publisher\":{\"@id\":\"https:\/\/gltechnics.com\/es\/#organization\"},\"potentialAction\":[{\"@type\":\"SearchAction\",\"target\":{\"@type\":\"EntryPoint\",\"urlTemplate\":\"https:\/\/gltechnics.com\/es\/?s={search_term_string}\"},\"query-input\":{\"@type\":\"PropertyValueSpecification\",\"valueRequired\":true,\"valueName\":\"search_term_string\"}}],\"inLanguage\":\"es\"},{\"@type\":\"Organization\",\"@id\":\"https:\/\/gltechnics.com\/es\/#organization\",\"name\":\"Global Technics\",\"url\":\"https:\/\/gltechnics.com\/es\/\",\"logo\":{\"@type\":\"ImageObject\",\"inLanguage\":\"es\",\"@id\":\"https:\/\/gltechnics.com\/es\/#\/schema\/logo\/image\/\",\"url\":\"https:\/\/gltechnics.com\/wp-content\/uploads\/2024\/08\/Asset-1-2.svg\",\"contentUrl\":\"https:\/\/gltechnics.com\/wp-content\/uploads\/2024\/08\/Asset-1-2.svg\",\"width\":468,\"height\":128,\"caption\":\"Global Technics\"},\"image\":{\"@id\":\"https:\/\/gltechnics.com\/es\/#\/schema\/logo\/image\/\"}}]}<\/script>\n<!-- \/ Yoast SEO plugin. -->","yoast_head_json":{"title":"Para distribuidores - L\u00edderes en innovaci\u00f3n en soluciones de procesamiento de materiales - Global Technics","description":"\u00danete a Global Technics O\u00dc como distribuidor. Accede a soluciones de descarga de material a granel de alta calidad y haz crecer tu negocio con nuestro apoyo.","robots":{"index":"index","follow":"follow","max-snippet":"max-snippet:-1","max-image-preview":"max-image-preview:large","max-video-preview":"max-video-preview:-1"},"canonical":"https:\/\/gltechnics.com\/es\/para-distribuidores\/","og_locale":"es_ES","og_type":"article","og_title":"Para distribuidores - L\u00edderes en innovaci\u00f3n en soluciones de procesamiento de materiales - Global Technics","og_description":"\u00danete a Global Technics O\u00dc como distribuidor. Accede a soluciones de descarga de material a granel de alta calidad y haz crecer tu negocio con nuestro apoyo.","og_url":"https:\/\/gltechnics.com\/es\/para-distribuidores\/","og_site_name":"L\u00edderes en innovaci\u00f3n en soluciones de procesamiento de materiales - Global Technics","article_modified_time":"2025-01-03T09:43:56+00:00","og_image":[{"width":2560,"height":1707,"url":"https:\/\/gltechnics.com\/wp-content\/uploads\/2024\/12\/group-of-multiethnic-businessmen-2023-11-27-04-54-46-utc-scaled-1.jpg","type":"image\/jpeg"}],"twitter_card":"summary_large_image","twitter_misc":{"Tiempo de lectura":"1 minuto"},"schema":{"@context":"https:\/\/schema.org","@graph":[{"@type":"WebPage","@id":"https:\/\/gltechnics.com\/es\/para-distribuidores\/","url":"https:\/\/gltechnics.com\/es\/para-distribuidores\/","name":"Para distribuidores - L\u00edderes en innovaci\u00f3n en soluciones de procesamiento de materiales - Global Technics","isPartOf":{"@id":"https:\/\/gltechnics.com\/es\/#website"},"primaryImageOfPage":{"@id":"https:\/\/gltechnics.com\/es\/para-distribuidores\/#primaryimage"},"image":{"@id":"https:\/\/gltechnics.com\/es\/para-distribuidores\/#primaryimage"},"thumbnailUrl":"https:\/\/gltechnics.com\/wp-content\/uploads\/2024\/12\/group-of-multiethnic-businessmen-2023-11-27-04-54-46-utc-scaled-1.jpg","datePublished":"2024-08-06T12:26:17+00:00","dateModified":"2025-01-03T09:43:56+00:00","description":"\u00danete a Global Technics O\u00dc como distribuidor. Accede a soluciones de descarga de material a granel de alta calidad y haz crecer tu negocio con nuestro apoyo.","breadcrumb":{"@id":"https:\/\/gltechnics.com\/es\/para-distribuidores\/#breadcrumb"},"inLanguage":"es","potentialAction":[{"@type":"ReadAction","target":["https:\/\/gltechnics.com\/es\/para-distribuidores\/"]}]},{"@type":"ImageObject","inLanguage":"es","@id":"https:\/\/gltechnics.com\/es\/para-distribuidores\/#primaryimage","url":"https:\/\/gltechnics.com\/wp-content\/uploads\/2024\/12\/group-of-multiethnic-businessmen-2023-11-27-04-54-46-utc-scaled-1.jpg","contentUrl":"https:\/\/gltechnics.com\/wp-content\/uploads\/2024\/12\/group-of-multiethnic-businessmen-2023-11-27-04-54-46-utc-scaled-1.jpg"},{"@type":"BreadcrumbList","@id":"https:\/\/gltechnics.com\/es\/para-distribuidores\/#breadcrumb","itemListElement":[{"@type":"ListItem","position":1,"name":"Home","item":"https:\/\/gltechnics.com\/es\/"},{"@type":"ListItem","position":2,"name":"Para distribuidores"}]},{"@type":"WebSite","@id":"https:\/\/gltechnics.com\/es\/#website","url":"https:\/\/gltechnics.com\/es\/","name":"Global Technics","description":"","publisher":{"@id":"https:\/\/gltechnics.com\/es\/#organization"},"potentialAction":[{"@type":"SearchAction","target":{"@type":"EntryPoint","urlTemplate":"https:\/\/gltechnics.com\/es\/?s={search_term_string}"},"query-input":{"@type":"PropertyValueSpecification","valueRequired":true,"valueName":"search_term_string"}}],"inLanguage":"es"},{"@type":"Organization","@id":"https:\/\/gltechnics.com\/es\/#organization","name":"Global Technics","url":"https:\/\/gltechnics.com\/es\/","logo":{"@type":"ImageObject","inLanguage":"es","@id":"https:\/\/gltechnics.com\/es\/#\/schema\/logo\/image\/","url":"https:\/\/gltechnics.com\/wp-content\/uploads\/2024\/08\/Asset-1-2.svg","contentUrl":"https:\/\/gltechnics.com\/wp-content\/uploads\/2024\/08\/Asset-1-2.svg","width":468,"height":128,"caption":"Global Technics"},"image":{"@id":"https:\/\/gltechnics.com\/es\/#\/schema\/logo\/image\/"}}]}},"_links":{"self":[{"href":"https:\/\/gltechnics.com\/es\/wp-json\/wp\/v2\/pages\/552","targetHints":{"allow":["GET"]}}],"collection":[{"href":"https:\/\/gltechnics.com\/es\/wp-json\/wp\/v2\/pages"}],"about":[{"href":"https:\/\/gltechnics.com\/es\/wp-json\/wp\/v2\/types\/page"}],"author":[{"embeddable":true,"href":"https:\/\/gltechnics.com\/es\/wp-json\/wp\/v2\/users\/1"}],"replies":[{"embeddable":true,"href":"https:\/\/gltechnics.com\/es\/wp-json\/wp\/v2\/comments?post=552"}],"version-history":[{"count":17,"href":"https:\/\/gltechnics.com\/es\/wp-json\/wp\/v2\/pages\/552\/revisions"}],"predecessor-version":[{"id":3302,"href":"https:\/\/gltechnics.com\/es\/wp-json\/wp\/v2\/pages\/552\/revisions\/3302"}],"wp:attachment":[{"href":"https:\/\/gltechnics.com\/es\/wp-json\/wp\/v2\/media?parent=552"}],"curies":[{"name":"wp","href":"https:\/\/api.w.org\/{rel}","templated":true}]}}