{"id":2681,"date":"2024-09-17T13:09:24","date_gmt":"2024-09-17T10:09:24","guid":{"rendered":"https:\/\/gltechnics.com\/vider-les-tremies-et-les-bacs\/"},"modified":"2025-01-03T11:47:10","modified_gmt":"2025-01-03T09:47:10","slug":"vider-les-tremies-et-les-bacs","status":"publish","type":"page","link":"https:\/\/gltechnics.com\/fr\/vider-les-tremies-et-les-bacs\/","title":{"rendered":"Vider les tr\u00e9mies et les bacs"},"content":{"rendered":"\t\t<div data-elementor-type=\"wp-page\" data-elementor-id=\"2681\" class=\"elementor elementor-2681 elementor-336\" data-elementor-post-type=\"page\">\n\t\t\t\t<div class=\"elementor-element elementor-element-c3dfb3c e-con-full e-flex e-con e-parent\" data-id=\"c3dfb3c\" data-element_type=\"container\" data-settings=\"{&quot;background_background&quot;:&quot;classic&quot;}\">\n\t\t<div class=\"elementor-element elementor-element-e21021c e-flex e-con-boxed e-con e-child\" data-id=\"e21021c\" data-element_type=\"container\">\n\t\t\t\t\t<div class=\"e-con-inner\">\n\t\t<div class=\"elementor-element elementor-element-8662c46 e-flex e-con-boxed e-con e-child\" data-id=\"8662c46\" data-element_type=\"container\" data-settings=\"{&quot;background_background&quot;:&quot;classic&quot;}\">\n\t\t\t\t\t<div class=\"e-con-inner\">\n\t\t\t\t<div class=\"elementor-element elementor-element-c162f19 elementor-invisible elementor-widget elementor-widget-heading\" data-id=\"c162f19\" data-element_type=\"widget\" data-settings=\"{&quot;_animation&quot;:&quot;fadeInDown&quot;}\" data-widget_type=\"heading.default\">\n\t\t\t\t<div class=\"elementor-widget-container\">\n\t\t\t\t\t<h1 class=\"elementor-heading-title elementor-size-default\">Vider les tr\u00e9mies et les bacs<\/h1>\t\t\t\t<\/div>\n\t\t\t\t<\/div>\n\t\t\t\t<div class=\"elementor-element elementor-element-6f73b3e elementor-invisible elementor-widget elementor-widget-heading\" data-id=\"6f73b3e\" data-element_type=\"widget\" data-settings=\"{&quot;_animation&quot;:&quot;fadeInDown&quot;}\" data-widget_type=\"heading.default\">\n\t\t\t\t<div class=\"elementor-widget-container\">\n\t\t\t\t\t<h2 class=\"elementor-heading-title elementor-size-default\">Augmenter la productivit\u00e9 du d\u00e9chargement des mat\u00e9riaux avec le syst\u00e8me vibrant \u00ab Rockhammer \u00bb.<\/h2>\t\t\t\t<\/div>\n\t\t\t\t<\/div>\n\t\t\t\t\t<\/div>\n\t\t\t\t<\/div>\n\t\t\t\t\t<\/div>\n\t\t\t\t<\/div>\n\t\t\t\t<\/div>\n\t\t<div class=\"elementor-element elementor-element-1c5e7ba e-flex e-con-boxed e-con e-parent\" data-id=\"1c5e7ba\" data-element_type=\"container\">\n\t\t\t\t\t<div class=\"e-con-inner\">\n\t\t<div class=\"elementor-element elementor-element-166e812 e-con-full e-flex elementor-invisible e-con e-child\" data-id=\"166e812\" data-element_type=\"container\" data-settings=\"{&quot;animation&quot;:&quot;fadeInRight&quot;}\">\n\t\t\t\t<div class=\"elementor-element elementor-element-73494a9 elementor-widget elementor-widget-video\" data-id=\"73494a9\" data-element_type=\"widget\" data-settings=\"{&quot;video_type&quot;:&quot;hosted&quot;,&quot;autoplay&quot;:&quot;yes&quot;,&quot;loop&quot;:&quot;yes&quot;}\" data-widget_type=\"video.default\">\n\t\t\t\t<div class=\"elementor-widget-container\">\n\t\t\t\t\t\t\t<div class=\"e-hosted-video elementor-wrapper elementor-open-inline\">\n\t\t\t\t\t<video class=\"elementor-video\" src=\"https:\/\/gltechnics.com\/wp-content\/uploads\/2024\/12\/RH200.webm\" autoplay=\"\" loop=\"\" controlsList=\"nodownload\"><\/video>\n\t\t\t\t<\/div>\n\t\t\t\t\t\t<\/div>\n\t\t\t\t<\/div>\n\t\t\t\t<\/div>\n\t\t<div class=\"elementor-element elementor-element-271dcec e-con-full e-flex elementor-invisible e-con e-child\" data-id=\"271dcec\" data-element_type=\"container\" data-settings=\"{&quot;animation&quot;:&quot;fadeIn&quot;}\">\n\t\t\t\t<div class=\"elementor-element elementor-element-553a5ba elementor-widget__width-initial elementor-widget elementor-widget-heading\" data-id=\"553a5ba\" data-element_type=\"widget\" data-widget_type=\"heading.default\">\n\t\t\t\t<div class=\"elementor-widget-container\">\n\t\t\t\t\t<h2 class=\"elementor-heading-title elementor-size-default\">Quand les autres \u00e9chouent, nous avons une solution\n<\/h2>\t\t\t\t<\/div>\n\t\t\t\t<\/div>\n\t\t\t\t<div class=\"elementor-element elementor-element-80bf519 elementor-widget elementor-widget-text-editor\" data-id=\"80bf519\" data-element_type=\"widget\" data-widget_type=\"text-editor.default\">\n\t\t\t\t<div class=\"elementor-widget-container\">\n\t\t\t\t\t\t\t\t\t<p>En mati\u00e8re de transport et de stockage de mat\u00e9riaux en vrac, de nombreuses industries sont confront\u00e9es \u00e0 de graves probl\u00e8mes, qu&rsquo;il s&rsquo;agisse de silos obstru\u00e9s ou de mat\u00e9riaux coll\u00e9s aux syst\u00e8mes de convoyage. Les solutions traditionnelles sont souvent insuffisantes, ce qui entra\u00eene des retards co\u00fbteux et des interruptions de production. Mais avec les syst\u00e8mes vibrants avanc\u00e9s de <strong>Rockhammer<\/strong>, ces probl\u00e8mes appartiennent au pass\u00e9.  <\/p>\n<p>Les s\u00e9ries <strong>RH-200<\/strong> et <strong>RH-500<\/strong> de <strong>Rockhammer<\/strong> sont con\u00e7ues pour les sc\u00e9narios les plus exigeants, l\u00e0 o\u00f9 les autres syst\u00e8mes \u00e9chouent. Ces unit\u00e9s vibrantes produisent des coups de faible amplitude mais puissants qui d\u00e9gagent efficacement les mat\u00e9riaux des parois des tr\u00e9mies, des silos, des goulottes de convoyage et des bacs, garantissant ainsi que vos op\u00e9rations ne seront pas interrompues. Contrairement aux syst\u00e8mes vibrants conventionnels qui ont du mal \u00e0 d\u00e9loger les mat\u00e9riaux coinc\u00e9s, <strong>Rockhammer<\/strong> fournit une solution robuste et fiable, donnant \u00e0 votre entreprise l&rsquo;avantage concurrentiel dont elle a besoin.  <\/p>\n<p>Ne laissez pas les probl\u00e8mes de manutention de mat\u00e9riaux en vrac ralentir vos op\u00e9rations. Choisissez <strong>Rockhammer<\/strong> pour des performances sup\u00e9rieures l\u00e0 o\u00f9 les autres ne peuvent pas rivaliser. <\/p>\n\t\t\t\t\t\t\t\t<\/div>\n\t\t\t\t<\/div>\n\t\t\t\t<\/div>\n\t\t\t\t\t<\/div>\n\t\t\t\t<\/div>\n\t\t<div class=\"elementor-element elementor-element-7b36f4d e-flex e-con-boxed e-con e-parent\" data-id=\"7b36f4d\" data-element_type=\"container\">\n\t\t\t\t\t<div class=\"e-con-inner\">\n\t\t<div class=\"elementor-element elementor-element-4a93be1 e-con-full e-flex elementor-invisible e-con e-child\" data-id=\"4a93be1\" data-element_type=\"container\" data-settings=\"{&quot;animation&quot;:&quot;fadeIn&quot;}\">\n\t\t\t\t<div class=\"elementor-element elementor-element-7bb6382 elementor-widget elementor-widget-heading\" data-id=\"7bb6382\" data-element_type=\"widget\" data-widget_type=\"heading.default\">\n\t\t\t\t<div class=\"elementor-widget-container\">\n\t\t\t\t\t<h2 class=\"elementor-heading-title elementor-size-default\">Un flux de mat\u00e9riaux en vrac inarr\u00eatable pour chaque industrie\n<\/h2>\t\t\t\t<\/div>\n\t\t\t\t<\/div>\n\t\t\t\t<div class=\"elementor-element elementor-element-a7d9174 elementor-widget elementor-widget-text-editor\" data-id=\"a7d9174\" data-element_type=\"widget\" data-widget_type=\"text-editor.default\">\n\t\t\t\t<div class=\"elementor-widget-container\">\n\t\t\t\t\t\t\t\t\t<p>Les syst\u00e8mes vibrants innovants <strong>Rockhammer<\/strong> sont la solution ultime pour les industries qui d\u00e9pendent de la manutention efficace des mat\u00e9riaux en vrac. Que vous soyez dans l&rsquo;exploitation mini\u00e8re, la construction, l&rsquo;agriculture ou la production d&rsquo;\u00e9nergie, les mod\u00e8les <strong>RH-200<\/strong> et <strong>RH-500<\/strong> de <strong>Rockhammer<\/strong> fournissent la puissance et la pr\u00e9cision n\u00e9cessaires pour surmonter les d\u00e9fis les plus difficiles en mati\u00e8re de flux de mat\u00e9riaux. <\/p>\n<p>Nos syst\u00e8mes sont id\u00e9aux pour les usines, les ports, les terminaux et les entreprises de manutention, o\u00f9 le transfert continu et sans heurts des mat\u00e9riaux en vrac est crucial pour l&rsquo;efficacit\u00e9 op\u00e9rationnelle. La technologie <strong>Rockhammer<\/strong> garantit que les mat\u00e9riaux se d\u00e9placent en douceur dans les tr\u00e9mies, les bacs, les goulottes de convoyage et autres points de transfert critiques, \u00e9vitant ainsi les blocages et les retards co\u00fbteux.<\/p>\n<p>Dans les usines de production de ciment, les installations de stockage et les centrales \u00e9lectriques au charbon, o\u00f9 les mat\u00e9riaux en vrac constituent l&rsquo;\u00e9l\u00e9ment vital de votre activit\u00e9, <strong>Rockhammer <\/strong>garantit un flux ininterrompu. M\u00eame dans des industries telles que la fabrication de produits chimiques, o\u00f9 le mouvement r\u00e9gulier de mat\u00e9riaux granulaires ou en poudre est essentiel, nos syst\u00e8mes excellent. <\/p>\n<p>Choisissez <strong>Rockhammer<\/strong> pour vous assurer que votre entreprise continue de fonctionner, quel que soit le d\u00e9fi \u00e0 relever. Des ports aux installations industrielles, nos syst\u00e8mes vibrants sont con\u00e7us pour fonctionner l\u00e0 o\u00f9 d&rsquo;autres \u00e9chouent, afin de maintenir l&rsquo;efficacit\u00e9 et la fiabilit\u00e9 de vos op\u00e9rations. <\/p>\n\t\t\t\t\t\t\t\t<\/div>\n\t\t\t\t<\/div>\n\t\t\t\t<\/div>\n\t\t<div class=\"elementor-element elementor-element-021d33d e-con-full e-flex elementor-invisible e-con e-child\" data-id=\"021d33d\" data-element_type=\"container\" data-settings=\"{&quot;animation&quot;:&quot;fadeInRight&quot;}\">\n\t\t\t\t<div class=\"elementor-element elementor-element-9ae319e elementor-widget elementor-widget-image\" data-id=\"9ae319e\" data-element_type=\"widget\" data-widget_type=\"image.default\">\n\t\t\t\t<div class=\"elementor-widget-container\">\n\t\t\t\t\t\t\t\t\t\t\t\t\t\t\t<img fetchpriority=\"high\" decoding=\"async\" width=\"2560\" height=\"1707\" src=\"https:\/\/gltechnics.com\/wp-content\/uploads\/2025\/01\/coal-mining-and-processing-equipment-at-daytime-2023-11-27-05-05-01-utc-scaled-1.webp\" class=\"attachment-full size-full wp-image-2879\" alt=\"Coal mining and processing equipment at daytime\" srcset=\"https:\/\/gltechnics.com\/wp-content\/uploads\/2025\/01\/coal-mining-and-processing-equipment-at-daytime-2023-11-27-05-05-01-utc-scaled-1.webp 2560w, https:\/\/gltechnics.com\/wp-content\/uploads\/2025\/01\/coal-mining-and-processing-equipment-at-daytime-2023-11-27-05-05-01-utc-scaled-1-300x200.webp 300w, https:\/\/gltechnics.com\/wp-content\/uploads\/2025\/01\/coal-mining-and-processing-equipment-at-daytime-2023-11-27-05-05-01-utc-scaled-1-1024x683.webp 1024w, https:\/\/gltechnics.com\/wp-content\/uploads\/2025\/01\/coal-mining-and-processing-equipment-at-daytime-2023-11-27-05-05-01-utc-scaled-1-768x512.webp 768w, https:\/\/gltechnics.com\/wp-content\/uploads\/2025\/01\/coal-mining-and-processing-equipment-at-daytime-2023-11-27-05-05-01-utc-scaled-1-1536x1024.webp 1536w, https:\/\/gltechnics.com\/wp-content\/uploads\/2025\/01\/coal-mining-and-processing-equipment-at-daytime-2023-11-27-05-05-01-utc-scaled-1-2048x1366.webp 2048w\" sizes=\"(max-width: 2560px) 100vw, 2560px\" \/>\t\t\t\t\t\t\t\t\t\t\t\t\t\t\t<\/div>\n\t\t\t\t<\/div>\n\t\t\t\t<\/div>\n\t\t\t\t\t<\/div>\n\t\t\t\t<\/div>\n\t\t<div class=\"elementor-element elementor-element-3a003f8 e-flex e-con-boxed e-con e-parent\" data-id=\"3a003f8\" data-element_type=\"container\">\n\t\t\t\t\t<div class=\"e-con-inner\">\n\t\t\t\t<div class=\"elementor-element elementor-element-d5476b1 table-container elementor-widget elementor-widget-text-editor\" data-id=\"d5476b1\" data-element_type=\"widget\" data-widget_type=\"text-editor.default\">\n\t\t\t\t<div class=\"elementor-widget-container\">\n\t\t\t\t\t\t\t\t\t<table style=\"color: #fff;\">\n<tbody>\n<tr style=\"background-color: #639f0e; color: #fff;\">\n<th>Sp\u00e9cifications<\/th>\n<th>L&rsquo;unit\u00e9<\/th>\n<th>RH-200<\/th>\n<th>RH-500 (bient\u00f4t)<\/th>\n<\/tr>\n<tr>\n<td>puissance d&rsquo;impact de l&rsquo;unit\u00e9<\/td>\n<td>J<\/td>\n<td>200<\/td>\n<td>550<\/td>\n<\/tr>\n<tr>\n<td>pression d&rsquo;air<\/td>\n<td>atm<\/td>\n<td>7<\/td>\n<td>7<\/td>\n<\/tr>\n<tr>\n<td>consommation d&rsquo;air<\/td>\n<td>l\/min<\/td>\n<td>2000<\/td>\n<td>2800<\/td>\n<\/tr>\n<tr>\n<td>temp\u00e9rature de fonctionnement<\/td>\n<td>C<\/td>\n<td>-30\u2026+40<\/td>\n<td>-30\u2026+40<\/td>\n<\/tr>\n<tr>\n<td>poids<\/td>\n<td>kg<\/td>\n<td>70<\/td>\n<td>120<\/td>\n<\/tr>\n<\/tbody>\n<\/table>\t\t\t\t\t\t\t\t<\/div>\n\t\t\t\t<\/div>\n\t\t\t\t\t<\/div>\n\t\t\t\t<\/div>\n\t\t<div class=\"elementor-element elementor-element-1711d8b e-flex e-con-boxed e-con e-parent\" data-id=\"1711d8b\" data-element_type=\"container\" data-settings=\"{&quot;background_background&quot;:&quot;classic&quot;}\">\n\t\t\t\t\t<div class=\"e-con-inner\">\n\t\t<div class=\"elementor-element elementor-element-10c6d44 e-flex e-con-boxed elementor-invisible e-con e-child\" data-id=\"10c6d44\" data-element_type=\"container\" data-settings=\"{&quot;animation&quot;:&quot;zoomIn&quot;}\">\n\t\t\t\t\t<div class=\"e-con-inner\">\n\t\t\t\t<div class=\"elementor-element elementor-element-1dfa743 elementor-widget elementor-widget-heading\" data-id=\"1dfa743\" data-element_type=\"widget\" data-widget_type=\"heading.default\">\n\t\t\t\t<div class=\"elementor-widget-container\">\n\t\t\t\t\t<h3 class=\"elementor-heading-title elementor-size-default\">Fini le travail p\u00e9nible. Plus d'arr\u00eats co\u00fbteux pour \u00e9liminer les blocages et r\u00e9parer les \u00e9quipements. <\/h3>\t\t\t\t<\/div>\n\t\t\t\t<\/div>\n\t\t\t\t<div class=\"elementor-element elementor-element-ffaa61e elementor-widget elementor-widget-heading\" data-id=\"ffaa61e\" data-element_type=\"widget\" data-widget_type=\"heading.default\">\n\t\t\t\t<div class=\"elementor-widget-container\">\n\t\t\t\t\t<h3 class=\"elementor-heading-title elementor-size-default\">Contactez-nous d\u00e8s aujourd'hui et nous vous montrerons comment la technologie de pointe de ROCKHAMMER r\u00e9sout des probl\u00e8mes complexes sans que vous ayez \u00e0 intervenir. \n<\/h3>\t\t\t\t<\/div>\n\t\t\t\t<\/div>\n\t\t\t\t<div class=\"elementor-element elementor-element-5cd9e57 elementor-align-center elementor-widget elementor-widget-button\" data-id=\"5cd9e57\" data-element_type=\"widget\" data-widget_type=\"button.default\">\n\t\t\t\t<div class=\"elementor-widget-container\">\n\t\t\t\t\t\t\t\t\t<div class=\"elementor-button-wrapper\">\n\t\t\t\t\t<a class=\"elementor-button elementor-button-link elementor-size-md\" href=\"https:\/\/gltechnics.com\/fr\/contact\/\">\n\t\t\t\t\t\t<span class=\"elementor-button-content-wrapper\">\n\t\t\t\t\t\t<span class=\"elementor-button-icon\">\n\t\t\t\t<svg aria-hidden=\"true\" class=\"e-font-icon-svg e-fas-arrow-right\" viewBox=\"0 0 448 512\" xmlns=\"http:\/\/www.w3.org\/2000\/svg\"><path d=\"M190.5 66.9l22.2-22.2c9.4-9.4 24.6-9.4 33.9 0L441 239c9.4 9.4 9.4 24.6 0 33.9L246.6 467.3c-9.4 9.4-24.6 9.4-33.9 0l-22.2-22.2c-9.5-9.5-9.3-25 .4-34.3L311.4 296H24c-13.3 0-24-10.7-24-24v-32c0-13.3 10.7-24 24-24h287.4L190.9 101.2c-9.8-9.3-10-24.8-.4-34.3z\"><\/path><\/svg>\t\t\t<\/span>\n\t\t\t\t\t\t\t\t\t<span class=\"elementor-button-text\">CONTACTEZ-NOUS<\/span>\n\t\t\t\t\t<\/span>\n\t\t\t\t\t<\/a>\n\t\t\t\t<\/div>\n\t\t\t\t\t\t\t\t<\/div>\n\t\t\t\t<\/div>\n\t\t\t\t\t<\/div>\n\t\t\t\t<\/div>\n\t\t\t\t\t<\/div>\n\t\t\t\t<\/div>\n\t\t\t\t<\/div>\n\t\t","protected":false},"excerpt":{"rendered":"<p>Augmenter la productivit\u00e9 du d\u00e9chargement des mat\u00e9riaux avec le syst\u00e8me vibrant \u00ab Rockhammer \u00bb. https:\/\/gltechnics.com\/wp-content\/uploads\/2024\/12\/RH200.webm Quand les autres \u00e9chouent, nous avons une solution En mati\u00e8re de transport et de stockage de mat\u00e9riaux en vrac, de nombreuses industries sont confront\u00e9es \u00e0 de graves probl\u00e8mes, qu&rsquo;il s&rsquo;agisse de silos obstru\u00e9s ou de mat\u00e9riaux coll\u00e9s aux syst\u00e8mes de [&hellip;]<\/p>\n","protected":false},"author":1,"featured_media":0,"parent":0,"menu_order":0,"comment_status":"closed","ping_status":"closed","template":"elementor_header_footer","meta":{"footnotes":""},"class_list":["post-2681","page","type-page","status-publish","hentry"],"yoast_head":"<!-- This site is optimized with the Yoast SEO plugin v24.1 - https:\/\/yoast.com\/wordpress\/plugins\/seo\/ -->\n<title>Vider les tr\u00e9mies et les bacs - Leaders de l&#039;innovation dans les solutions de traitement des mat\u00e9riaux - Global Technics<\/title>\n<meta name=\"description\" content=\"D\u00e9couvrez les solutions de Global Technics O\u00dc pour le vidage des tr\u00e9mies et des bacs. Am\u00e9liorez votre efficacit\u00e9 gr\u00e2ce \u00e0 des vibrateurs et \u00e9quipements pneumatiques de pointe.\" \/>\n<meta name=\"robots\" content=\"index, follow, max-snippet:-1, max-image-preview:large, max-video-preview:-1\" \/>\n<link rel=\"canonical\" href=\"https:\/\/gltechnics.com\/fr\/vider-les-tremies-et-les-bacs\/\" \/>\n<meta property=\"og:locale\" content=\"fr_FR\" \/>\n<meta property=\"og:type\" content=\"article\" \/>\n<meta property=\"og:title\" content=\"Vider les tr\u00e9mies et les bacs - Leaders de l&#039;innovation dans les solutions de traitement des mat\u00e9riaux - Global Technics\" \/>\n<meta property=\"og:description\" content=\"D\u00e9couvrez les solutions de Global Technics O\u00dc pour le vidage des tr\u00e9mies et des bacs. Am\u00e9liorez votre efficacit\u00e9 gr\u00e2ce \u00e0 des vibrateurs et \u00e9quipements pneumatiques de pointe.\" \/>\n<meta property=\"og:url\" content=\"https:\/\/gltechnics.com\/fr\/vider-les-tremies-et-les-bacs\/\" \/>\n<meta property=\"og:site_name\" content=\"Leaders de l&#039;innovation dans les solutions de traitement des mat\u00e9riaux - Global Technics\" \/>\n<meta property=\"article:modified_time\" content=\"2025-01-03T09:47:10+00:00\" \/>\n<meta property=\"og:image\" content=\"https:\/\/gltechnics.com\/wp-content\/uploads\/2025\/01\/coal-mining-and-processing-equipment-at-daytime-2023-11-27-05-05-01-utc-scaled-1.webp\" \/>\n\t<meta property=\"og:image:width\" content=\"2560\" \/>\n\t<meta property=\"og:image:height\" content=\"1707\" \/>\n\t<meta property=\"og:image:type\" content=\"image\/webp\" \/>\n<meta name=\"twitter:card\" content=\"summary_large_image\" \/>\n<meta name=\"twitter:label1\" content=\"Dur\u00e9e de lecture estim\u00e9e\" \/>\n\t<meta name=\"twitter:data1\" content=\"3 minutes\" \/>\n<script type=\"application\/ld+json\" class=\"yoast-schema-graph\">{\"@context\":\"https:\/\/schema.org\",\"@graph\":[{\"@type\":\"WebPage\",\"@id\":\"https:\/\/gltechnics.com\/fr\/vider-les-tremies-et-les-bacs\/\",\"url\":\"https:\/\/gltechnics.com\/fr\/vider-les-tremies-et-les-bacs\/\",\"name\":\"Vider les tr\u00e9mies et les bacs - Leaders de l'innovation dans les solutions de traitement des mat\u00e9riaux - Global Technics\",\"isPartOf\":{\"@id\":\"https:\/\/gltechnics.com\/fr\/#website\"},\"primaryImageOfPage\":{\"@id\":\"https:\/\/gltechnics.com\/fr\/vider-les-tremies-et-les-bacs\/#primaryimage\"},\"image\":{\"@id\":\"https:\/\/gltechnics.com\/fr\/vider-les-tremies-et-les-bacs\/#primaryimage\"},\"thumbnailUrl\":\"https:\/\/gltechnics.com\/wp-content\/uploads\/2025\/01\/coal-mining-and-processing-equipment-at-daytime-2023-11-27-05-05-01-utc-scaled-1.webp\",\"datePublished\":\"2024-09-17T10:09:24+00:00\",\"dateModified\":\"2025-01-03T09:47:10+00:00\",\"description\":\"D\u00e9couvrez les solutions de Global Technics O\u00dc pour le vidage des tr\u00e9mies et des bacs. Am\u00e9liorez votre efficacit\u00e9 gr\u00e2ce \u00e0 des vibrateurs et \u00e9quipements pneumatiques de pointe.\",\"breadcrumb\":{\"@id\":\"https:\/\/gltechnics.com\/fr\/vider-les-tremies-et-les-bacs\/#breadcrumb\"},\"inLanguage\":\"fr-FR\",\"potentialAction\":[{\"@type\":\"ReadAction\",\"target\":[\"https:\/\/gltechnics.com\/fr\/vider-les-tremies-et-les-bacs\/\"]}]},{\"@type\":\"ImageObject\",\"inLanguage\":\"fr-FR\",\"@id\":\"https:\/\/gltechnics.com\/fr\/vider-les-tremies-et-les-bacs\/#primaryimage\",\"url\":\"https:\/\/gltechnics.com\/wp-content\/uploads\/2025\/01\/coal-mining-and-processing-equipment-at-daytime-2023-11-27-05-05-01-utc-scaled-1.webp\",\"contentUrl\":\"https:\/\/gltechnics.com\/wp-content\/uploads\/2025\/01\/coal-mining-and-processing-equipment-at-daytime-2023-11-27-05-05-01-utc-scaled-1.webp\"},{\"@type\":\"BreadcrumbList\",\"@id\":\"https:\/\/gltechnics.com\/fr\/vider-les-tremies-et-les-bacs\/#breadcrumb\",\"itemListElement\":[{\"@type\":\"ListItem\",\"position\":1,\"name\":\"Home\",\"item\":\"https:\/\/gltechnics.com\/fr\/\"},{\"@type\":\"ListItem\",\"position\":2,\"name\":\"Vider les tr\u00e9mies et les bacs\"}]},{\"@type\":\"WebSite\",\"@id\":\"https:\/\/gltechnics.com\/fr\/#website\",\"url\":\"https:\/\/gltechnics.com\/fr\/\",\"name\":\"Global Technics\",\"description\":\"\",\"publisher\":{\"@id\":\"https:\/\/gltechnics.com\/fr\/#organization\"},\"potentialAction\":[{\"@type\":\"SearchAction\",\"target\":{\"@type\":\"EntryPoint\",\"urlTemplate\":\"https:\/\/gltechnics.com\/fr\/?s={search_term_string}\"},\"query-input\":{\"@type\":\"PropertyValueSpecification\",\"valueRequired\":true,\"valueName\":\"search_term_string\"}}],\"inLanguage\":\"fr-FR\"},{\"@type\":\"Organization\",\"@id\":\"https:\/\/gltechnics.com\/fr\/#organization\",\"name\":\"Global Technics\",\"url\":\"https:\/\/gltechnics.com\/fr\/\",\"logo\":{\"@type\":\"ImageObject\",\"inLanguage\":\"fr-FR\",\"@id\":\"https:\/\/gltechnics.com\/fr\/#\/schema\/logo\/image\/\",\"url\":\"https:\/\/gltechnics.com\/wp-content\/uploads\/2024\/08\/Asset-1-2.svg\",\"contentUrl\":\"https:\/\/gltechnics.com\/wp-content\/uploads\/2024\/08\/Asset-1-2.svg\",\"width\":468,\"height\":128,\"caption\":\"Global Technics\"},\"image\":{\"@id\":\"https:\/\/gltechnics.com\/fr\/#\/schema\/logo\/image\/\"}}]}<\/script>\n<!-- \/ Yoast SEO plugin. -->","yoast_head_json":{"title":"Vider les tr\u00e9mies et les bacs - Leaders de l'innovation dans les solutions de traitement des mat\u00e9riaux - Global Technics","description":"D\u00e9couvrez les solutions de Global Technics O\u00dc pour le vidage des tr\u00e9mies et des bacs. Am\u00e9liorez votre efficacit\u00e9 gr\u00e2ce \u00e0 des vibrateurs et \u00e9quipements pneumatiques de pointe.","robots":{"index":"index","follow":"follow","max-snippet":"max-snippet:-1","max-image-preview":"max-image-preview:large","max-video-preview":"max-video-preview:-1"},"canonical":"https:\/\/gltechnics.com\/fr\/vider-les-tremies-et-les-bacs\/","og_locale":"fr_FR","og_type":"article","og_title":"Vider les tr\u00e9mies et les bacs - Leaders de l'innovation dans les solutions de traitement des mat\u00e9riaux - Global Technics","og_description":"D\u00e9couvrez les solutions de Global Technics O\u00dc pour le vidage des tr\u00e9mies et des bacs. Am\u00e9liorez votre efficacit\u00e9 gr\u00e2ce \u00e0 des vibrateurs et \u00e9quipements pneumatiques de pointe.","og_url":"https:\/\/gltechnics.com\/fr\/vider-les-tremies-et-les-bacs\/","og_site_name":"Leaders de l'innovation dans les solutions de traitement des mat\u00e9riaux - Global Technics","article_modified_time":"2025-01-03T09:47:10+00:00","og_image":[{"width":2560,"height":1707,"url":"https:\/\/gltechnics.com\/wp-content\/uploads\/2025\/01\/coal-mining-and-processing-equipment-at-daytime-2023-11-27-05-05-01-utc-scaled-1.webp","type":"image\/webp"}],"twitter_card":"summary_large_image","twitter_misc":{"Dur\u00e9e de lecture estim\u00e9e":"3 minutes"},"schema":{"@context":"https:\/\/schema.org","@graph":[{"@type":"WebPage","@id":"https:\/\/gltechnics.com\/fr\/vider-les-tremies-et-les-bacs\/","url":"https:\/\/gltechnics.com\/fr\/vider-les-tremies-et-les-bacs\/","name":"Vider les tr\u00e9mies et les bacs - Leaders de l'innovation dans les solutions de traitement des mat\u00e9riaux - Global Technics","isPartOf":{"@id":"https:\/\/gltechnics.com\/fr\/#website"},"primaryImageOfPage":{"@id":"https:\/\/gltechnics.com\/fr\/vider-les-tremies-et-les-bacs\/#primaryimage"},"image":{"@id":"https:\/\/gltechnics.com\/fr\/vider-les-tremies-et-les-bacs\/#primaryimage"},"thumbnailUrl":"https:\/\/gltechnics.com\/wp-content\/uploads\/2025\/01\/coal-mining-and-processing-equipment-at-daytime-2023-11-27-05-05-01-utc-scaled-1.webp","datePublished":"2024-09-17T10:09:24+00:00","dateModified":"2025-01-03T09:47:10+00:00","description":"D\u00e9couvrez les solutions de Global Technics O\u00dc pour le vidage des tr\u00e9mies et des bacs. Am\u00e9liorez votre efficacit\u00e9 gr\u00e2ce \u00e0 des vibrateurs et \u00e9quipements pneumatiques de pointe.","breadcrumb":{"@id":"https:\/\/gltechnics.com\/fr\/vider-les-tremies-et-les-bacs\/#breadcrumb"},"inLanguage":"fr-FR","potentialAction":[{"@type":"ReadAction","target":["https:\/\/gltechnics.com\/fr\/vider-les-tremies-et-les-bacs\/"]}]},{"@type":"ImageObject","inLanguage":"fr-FR","@id":"https:\/\/gltechnics.com\/fr\/vider-les-tremies-et-les-bacs\/#primaryimage","url":"https:\/\/gltechnics.com\/wp-content\/uploads\/2025\/01\/coal-mining-and-processing-equipment-at-daytime-2023-11-27-05-05-01-utc-scaled-1.webp","contentUrl":"https:\/\/gltechnics.com\/wp-content\/uploads\/2025\/01\/coal-mining-and-processing-equipment-at-daytime-2023-11-27-05-05-01-utc-scaled-1.webp"},{"@type":"BreadcrumbList","@id":"https:\/\/gltechnics.com\/fr\/vider-les-tremies-et-les-bacs\/#breadcrumb","itemListElement":[{"@type":"ListItem","position":1,"name":"Home","item":"https:\/\/gltechnics.com\/fr\/"},{"@type":"ListItem","position":2,"name":"Vider les tr\u00e9mies et les bacs"}]},{"@type":"WebSite","@id":"https:\/\/gltechnics.com\/fr\/#website","url":"https:\/\/gltechnics.com\/fr\/","name":"Global Technics","description":"","publisher":{"@id":"https:\/\/gltechnics.com\/fr\/#organization"},"potentialAction":[{"@type":"SearchAction","target":{"@type":"EntryPoint","urlTemplate":"https:\/\/gltechnics.com\/fr\/?s={search_term_string}"},"query-input":{"@type":"PropertyValueSpecification","valueRequired":true,"valueName":"search_term_string"}}],"inLanguage":"fr-FR"},{"@type":"Organization","@id":"https:\/\/gltechnics.com\/fr\/#organization","name":"Global Technics","url":"https:\/\/gltechnics.com\/fr\/","logo":{"@type":"ImageObject","inLanguage":"fr-FR","@id":"https:\/\/gltechnics.com\/fr\/#\/schema\/logo\/image\/","url":"https:\/\/gltechnics.com\/wp-content\/uploads\/2024\/08\/Asset-1-2.svg","contentUrl":"https:\/\/gltechnics.com\/wp-content\/uploads\/2024\/08\/Asset-1-2.svg","width":468,"height":128,"caption":"Global Technics"},"image":{"@id":"https:\/\/gltechnics.com\/fr\/#\/schema\/logo\/image\/"}}]}},"_links":{"self":[{"href":"https:\/\/gltechnics.com\/fr\/wp-json\/wp\/v2\/pages\/2681","targetHints":{"allow":["GET"]}}],"collection":[{"href":"https:\/\/gltechnics.com\/fr\/wp-json\/wp\/v2\/pages"}],"about":[{"href":"https:\/\/gltechnics.com\/fr\/wp-json\/wp\/v2\/types\/page"}],"author":[{"embeddable":true,"href":"https:\/\/gltechnics.com\/fr\/wp-json\/wp\/v2\/users\/1"}],"replies":[{"embeddable":true,"href":"https:\/\/gltechnics.com\/fr\/wp-json\/wp\/v2\/comments?post=2681"}],"version-history":[{"count":11,"href":"https:\/\/gltechnics.com\/fr\/wp-json\/wp\/v2\/pages\/2681\/revisions"}],"predecessor-version":[{"id":3323,"href":"https:\/\/gltechnics.com\/fr\/wp-json\/wp\/v2\/pages\/2681\/revisions\/3323"}],"wp:attachment":[{"href":"https:\/\/gltechnics.com\/fr\/wp-json\/wp\/v2\/media?parent=2681"}],"curies":[{"name":"wp","href":"https:\/\/api.w.org\/{rel}","templated":true}]}}