{"id":2683,"date":"2024-08-06T15:26:17","date_gmt":"2024-08-06T12:26:17","guid":{"rendered":"https:\/\/gltechnics.com\/pour-les-distributeurs\/"},"modified":"2025-01-03T11:44:10","modified_gmt":"2025-01-03T09:44:10","slug":"pour-les-distributeurs","status":"publish","type":"page","link":"https:\/\/gltechnics.com\/fr\/pour-les-distributeurs\/","title":{"rendered":"Pour les distributeurs"},"content":{"rendered":"\t\t<div data-elementor-type=\"wp-page\" data-elementor-id=\"2683\" class=\"elementor elementor-2683 elementor-117\" data-elementor-post-type=\"page\">\n\t\t\t\t<div class=\"elementor-element elementor-element-54f341dd e-con-full e-flex e-con e-parent\" data-id=\"54f341dd\" data-element_type=\"container\" data-settings=\"{&quot;background_background&quot;:&quot;classic&quot;}\">\n\t\t<div class=\"elementor-element elementor-element-3ae69933 e-flex e-con-boxed e-con e-child\" data-id=\"3ae69933\" data-element_type=\"container\">\n\t\t\t\t\t<div class=\"e-con-inner\">\n\t\t<div class=\"elementor-element elementor-element-2e5d1ec6 e-flex e-con-boxed e-con e-child\" data-id=\"2e5d1ec6\" data-element_type=\"container\" data-settings=\"{&quot;background_background&quot;:&quot;classic&quot;}\">\n\t\t\t\t\t<div class=\"e-con-inner\">\n\t\t\t\t<div class=\"elementor-element elementor-element-3ca5429 elementor-invisible elementor-widget elementor-widget-heading\" data-id=\"3ca5429\" data-element_type=\"widget\" data-settings=\"{&quot;_animation&quot;:&quot;fadeInDown&quot;}\" data-widget_type=\"heading.default\">\n\t\t\t\t<div class=\"elementor-widget-container\">\n\t\t\t\t\t<h1 class=\"elementor-heading-title elementor-size-default\">Pour les distributeurs<\/h1>\t\t\t\t<\/div>\n\t\t\t\t<\/div>\n\t\t\t\t<div class=\"elementor-element elementor-element-034ecf5 elementor-invisible elementor-widget elementor-widget-heading\" data-id=\"034ecf5\" data-element_type=\"widget\" data-settings=\"{&quot;_animation&quot;:&quot;fadeInUp&quot;,&quot;_animation_delay&quot;:200}\" data-widget_type=\"heading.default\">\n\t\t\t\t<div class=\"elementor-widget-container\">\n\t\t\t\t\t<h2 class=\"elementor-heading-title elementor-size-default\">Notre mission est d'am\u00e9liorer votre activit\u00e9 gr\u00e2ce \u00e0 notre technologie<br><\/h2>\t\t\t\t<\/div>\n\t\t\t\t<\/div>\n\t\t\t\t\t<\/div>\n\t\t\t\t<\/div>\n\t\t\t\t\t<\/div>\n\t\t\t\t<\/div>\n\t\t\t\t<\/div>\n\t\t<div class=\"elementor-element elementor-element-6d004414 e-flex e-con-boxed e-con e-parent\" data-id=\"6d004414\" data-element_type=\"container\">\n\t\t\t\t\t<div class=\"e-con-inner\">\n\t\t<div class=\"elementor-element elementor-element-46533abf e-con-full e-flex elementor-invisible e-con e-child\" data-id=\"46533abf\" data-element_type=\"container\" data-settings=\"{&quot;animation&quot;:&quot;fadeInLeft&quot;}\">\n\t\t\t\t<div class=\"elementor-element elementor-element-510b38c0 elementor-widget elementor-widget-heading\" data-id=\"510b38c0\" data-element_type=\"widget\" data-widget_type=\"heading.default\">\n\t\t\t\t<div class=\"elementor-widget-container\">\n\t\t\t\t\t<h2 class=\"elementor-heading-title elementor-size-default\">Devenez notre revendeur<\/h2>\t\t\t\t<\/div>\n\t\t\t\t<\/div>\n\t\t\t\t<div class=\"elementor-element elementor-element-791c5448 elementor-widget elementor-widget-text-editor\" data-id=\"791c5448\" data-element_type=\"widget\" data-widget_type=\"text-editor.default\">\n\t\t\t\t<div class=\"elementor-widget-container\">\n\t\t\t\t\t\t\t\t\t<p>Souhaitez-vous former un partenariat avec un innovateur leader du march\u00e9 dans le domaine des solutions de d\u00e9chargement et de manutention des produits en vrac ?Notre soci\u00e9t\u00e9 fabrique des vibrateurs de la plus haute qualit\u00e9 pour les wagons, les tr\u00e9mies, les silos et les lignes de convoyage.Nos produits sont con\u00e7us dans le but d&rsquo;assurer un d\u00e9chargement et une manutention efficaces et s\u00fbrs des produits en vrac.  <\/p>\n<p>Nous recherchons des revendeurs sp\u00e9cialis\u00e9s dans le monde entier pour repr\u00e9senter nos produits de haute qualit\u00e9.En devenant concessionnaire, vous aurez acc\u00e8s \u00e0 notre technologie innovante, \u00e0 une assistance compl\u00e8te et \u00e0 un march\u00e9 favorable. <\/p>\n<p>Rejoignez-nous dans notre mission de transformation de l&rsquo;industrie du d\u00e9chargement des mat\u00e9riaux en vrac.Pour en savoir plus sur la fa\u00e7on de devenir un distributeur dans votre r\u00e9gion et d&rsquo;apporter nos produits sur votre march\u00e9, veuillez nous contacter d\u00e8s aujourd&rsquo;hui. <\/p>\n\t\t\t\t\t\t\t\t<\/div>\n\t\t\t\t<\/div>\n\t\t\t\t<\/div>\n\t\t<div class=\"elementor-element elementor-element-0ac2e12 e-con-full e-flex elementor-invisible e-con e-child\" data-id=\"0ac2e12\" data-element_type=\"container\" data-settings=\"{&quot;animation&quot;:&quot;fadeInRight&quot;}\">\n\t\t\t\t<div class=\"elementor-element elementor-element-2535eeb elementor-widget elementor-widget-image\" data-id=\"2535eeb\" data-element_type=\"widget\" data-widget_type=\"image.default\">\n\t\t\t\t<div class=\"elementor-widget-container\">\n\t\t\t\t\t\t\t\t\t\t\t\t\t\t\t<img fetchpriority=\"high\" decoding=\"async\" width=\"2560\" height=\"1707\" src=\"https:\/\/gltechnics.com\/wp-content\/uploads\/2024\/11\/group-of-multiethnic-businessmen-2023-11-27-04-54-46-utc-scaled.jpg\" class=\"attachment-full size-full wp-image-1440\" alt=\"\" srcset=\"https:\/\/gltechnics.com\/wp-content\/uploads\/2024\/11\/group-of-multiethnic-businessmen-2023-11-27-04-54-46-utc-scaled.jpg 2560w, https:\/\/gltechnics.com\/wp-content\/uploads\/2024\/11\/group-of-multiethnic-businessmen-2023-11-27-04-54-46-utc-300x200.jpg 300w, https:\/\/gltechnics.com\/wp-content\/uploads\/2024\/11\/group-of-multiethnic-businessmen-2023-11-27-04-54-46-utc-1024x683.jpg 1024w, https:\/\/gltechnics.com\/wp-content\/uploads\/2024\/11\/group-of-multiethnic-businessmen-2023-11-27-04-54-46-utc-768x512.jpg 768w, https:\/\/gltechnics.com\/wp-content\/uploads\/2024\/11\/group-of-multiethnic-businessmen-2023-11-27-04-54-46-utc-1536x1024.jpg 1536w, https:\/\/gltechnics.com\/wp-content\/uploads\/2024\/11\/group-of-multiethnic-businessmen-2023-11-27-04-54-46-utc-2048x1365.jpg 2048w\" sizes=\"(max-width: 2560px) 100vw, 2560px\" \/>\t\t\t\t\t\t\t\t\t\t\t\t\t\t\t<\/div>\n\t\t\t\t<\/div>\n\t\t\t\t<\/div>\n\t\t\t\t\t<\/div>\n\t\t\t\t<\/div>\n\t\t\t\t<\/div>\n\t\t","protected":false},"excerpt":{"rendered":"<p>Notre mission est d&rsquo;am\u00e9liorer votre activit\u00e9 gr\u00e2ce \u00e0 notre technologie Devenez notre revendeur Souhaitez-vous former un partenariat avec un innovateur leader du march\u00e9 dans le domaine des solutions de d\u00e9chargement et de manutention des produits en vrac ?Notre soci\u00e9t\u00e9 fabrique des vibrateurs de la plus haute qualit\u00e9 pour les wagons, les tr\u00e9mies, les silos et [&hellip;]<\/p>\n","protected":false},"author":1,"featured_media":0,"parent":0,"menu_order":0,"comment_status":"closed","ping_status":"closed","template":"","meta":{"footnotes":""},"class_list":["post-2683","page","type-page","status-publish","hentry"],"yoast_head":"<!-- This site is optimized with the Yoast SEO plugin v24.1 - https:\/\/yoast.com\/wordpress\/plugins\/seo\/ -->\n<title>Pour les distributeurs - Leaders de l&#039;innovation dans les solutions de traitement des mat\u00e9riaux - Global Technics<\/title>\n<meta name=\"description\" content=\"Rejoignez Global Technics O\u00dc en tant que revendeur. Acc\u00e9dez \u00e0 des solutions de d\u00e9chargement de mat\u00e9riaux en vrac de haute qualit\u00e9 et d\u00e9veloppez votre activit\u00e9 gr\u00e2ce \u00e0 notre soutien.\" \/>\n<meta name=\"robots\" content=\"index, follow, max-snippet:-1, max-image-preview:large, max-video-preview:-1\" \/>\n<link rel=\"canonical\" href=\"https:\/\/gltechnics.com\/fr\/pour-les-distributeurs\/\" \/>\n<meta property=\"og:locale\" content=\"fr_FR\" \/>\n<meta property=\"og:type\" content=\"article\" \/>\n<meta property=\"og:title\" content=\"Pour les distributeurs - Leaders de l&#039;innovation dans les solutions de traitement des mat\u00e9riaux - Global Technics\" \/>\n<meta property=\"og:description\" content=\"Rejoignez Global Technics O\u00dc en tant que revendeur. Acc\u00e9dez \u00e0 des solutions de d\u00e9chargement de mat\u00e9riaux en vrac de haute qualit\u00e9 et d\u00e9veloppez votre activit\u00e9 gr\u00e2ce \u00e0 notre soutien.\" \/>\n<meta property=\"og:url\" content=\"https:\/\/gltechnics.com\/fr\/pour-les-distributeurs\/\" \/>\n<meta property=\"og:site_name\" content=\"Leaders de l&#039;innovation dans les solutions de traitement des mat\u00e9riaux - Global Technics\" \/>\n<meta property=\"article:modified_time\" content=\"2025-01-03T09:44:10+00:00\" \/>\n<meta property=\"og:image\" content=\"https:\/\/gltechnics.com\/wp-content\/uploads\/2024\/11\/group-of-multiethnic-businessmen-2023-11-27-04-54-46-utc-scaled.jpg\" \/>\n\t<meta property=\"og:image:width\" content=\"2560\" \/>\n\t<meta property=\"og:image:height\" content=\"1707\" \/>\n\t<meta property=\"og:image:type\" content=\"image\/jpeg\" \/>\n<meta name=\"twitter:card\" content=\"summary_large_image\" \/>\n<meta name=\"twitter:label1\" content=\"Dur\u00e9e de lecture estim\u00e9e\" \/>\n\t<meta name=\"twitter:data1\" content=\"1 minute\" \/>\n<script type=\"application\/ld+json\" class=\"yoast-schema-graph\">{\"@context\":\"https:\/\/schema.org\",\"@graph\":[{\"@type\":\"WebPage\",\"@id\":\"https:\/\/gltechnics.com\/fr\/pour-les-distributeurs\/\",\"url\":\"https:\/\/gltechnics.com\/fr\/pour-les-distributeurs\/\",\"name\":\"Pour les distributeurs - Leaders de l'innovation dans les solutions de traitement des mat\u00e9riaux - Global Technics\",\"isPartOf\":{\"@id\":\"https:\/\/gltechnics.com\/fr\/#website\"},\"primaryImageOfPage\":{\"@id\":\"https:\/\/gltechnics.com\/fr\/pour-les-distributeurs\/#primaryimage\"},\"image\":{\"@id\":\"https:\/\/gltechnics.com\/fr\/pour-les-distributeurs\/#primaryimage\"},\"thumbnailUrl\":\"https:\/\/gltechnics.com\/wp-content\/uploads\/2024\/11\/group-of-multiethnic-businessmen-2023-11-27-04-54-46-utc-scaled.jpg\",\"datePublished\":\"2024-08-06T12:26:17+00:00\",\"dateModified\":\"2025-01-03T09:44:10+00:00\",\"description\":\"Rejoignez Global Technics O\u00dc en tant que revendeur. Acc\u00e9dez \u00e0 des solutions de d\u00e9chargement de mat\u00e9riaux en vrac de haute qualit\u00e9 et d\u00e9veloppez votre activit\u00e9 gr\u00e2ce \u00e0 notre soutien.\",\"breadcrumb\":{\"@id\":\"https:\/\/gltechnics.com\/fr\/pour-les-distributeurs\/#breadcrumb\"},\"inLanguage\":\"fr-FR\",\"potentialAction\":[{\"@type\":\"ReadAction\",\"target\":[\"https:\/\/gltechnics.com\/fr\/pour-les-distributeurs\/\"]}]},{\"@type\":\"ImageObject\",\"inLanguage\":\"fr-FR\",\"@id\":\"https:\/\/gltechnics.com\/fr\/pour-les-distributeurs\/#primaryimage\",\"url\":\"https:\/\/gltechnics.com\/wp-content\/uploads\/2024\/11\/group-of-multiethnic-businessmen-2023-11-27-04-54-46-utc-scaled.jpg\",\"contentUrl\":\"https:\/\/gltechnics.com\/wp-content\/uploads\/2024\/11\/group-of-multiethnic-businessmen-2023-11-27-04-54-46-utc-scaled.jpg\"},{\"@type\":\"BreadcrumbList\",\"@id\":\"https:\/\/gltechnics.com\/fr\/pour-les-distributeurs\/#breadcrumb\",\"itemListElement\":[{\"@type\":\"ListItem\",\"position\":1,\"name\":\"Home\",\"item\":\"https:\/\/gltechnics.com\/fr\/\"},{\"@type\":\"ListItem\",\"position\":2,\"name\":\"Pour les distributeurs\"}]},{\"@type\":\"WebSite\",\"@id\":\"https:\/\/gltechnics.com\/fr\/#website\",\"url\":\"https:\/\/gltechnics.com\/fr\/\",\"name\":\"Global Technics\",\"description\":\"\",\"publisher\":{\"@id\":\"https:\/\/gltechnics.com\/fr\/#organization\"},\"potentialAction\":[{\"@type\":\"SearchAction\",\"target\":{\"@type\":\"EntryPoint\",\"urlTemplate\":\"https:\/\/gltechnics.com\/fr\/?s={search_term_string}\"},\"query-input\":{\"@type\":\"PropertyValueSpecification\",\"valueRequired\":true,\"valueName\":\"search_term_string\"}}],\"inLanguage\":\"fr-FR\"},{\"@type\":\"Organization\",\"@id\":\"https:\/\/gltechnics.com\/fr\/#organization\",\"name\":\"Global Technics\",\"url\":\"https:\/\/gltechnics.com\/fr\/\",\"logo\":{\"@type\":\"ImageObject\",\"inLanguage\":\"fr-FR\",\"@id\":\"https:\/\/gltechnics.com\/fr\/#\/schema\/logo\/image\/\",\"url\":\"https:\/\/gltechnics.com\/wp-content\/uploads\/2024\/08\/Asset-1-2.svg\",\"contentUrl\":\"https:\/\/gltechnics.com\/wp-content\/uploads\/2024\/08\/Asset-1-2.svg\",\"width\":468,\"height\":128,\"caption\":\"Global Technics\"},\"image\":{\"@id\":\"https:\/\/gltechnics.com\/fr\/#\/schema\/logo\/image\/\"}}]}<\/script>\n<!-- \/ Yoast SEO plugin. -->","yoast_head_json":{"title":"Pour les distributeurs - Leaders de l'innovation dans les solutions de traitement des mat\u00e9riaux - Global Technics","description":"Rejoignez Global Technics O\u00dc en tant que revendeur. Acc\u00e9dez \u00e0 des solutions de d\u00e9chargement de mat\u00e9riaux en vrac de haute qualit\u00e9 et d\u00e9veloppez votre activit\u00e9 gr\u00e2ce \u00e0 notre soutien.","robots":{"index":"index","follow":"follow","max-snippet":"max-snippet:-1","max-image-preview":"max-image-preview:large","max-video-preview":"max-video-preview:-1"},"canonical":"https:\/\/gltechnics.com\/fr\/pour-les-distributeurs\/","og_locale":"fr_FR","og_type":"article","og_title":"Pour les distributeurs - Leaders de l'innovation dans les solutions de traitement des mat\u00e9riaux - Global Technics","og_description":"Rejoignez Global Technics O\u00dc en tant que revendeur. Acc\u00e9dez \u00e0 des solutions de d\u00e9chargement de mat\u00e9riaux en vrac de haute qualit\u00e9 et d\u00e9veloppez votre activit\u00e9 gr\u00e2ce \u00e0 notre soutien.","og_url":"https:\/\/gltechnics.com\/fr\/pour-les-distributeurs\/","og_site_name":"Leaders de l'innovation dans les solutions de traitement des mat\u00e9riaux - Global Technics","article_modified_time":"2025-01-03T09:44:10+00:00","og_image":[{"width":2560,"height":1707,"url":"https:\/\/gltechnics.com\/wp-content\/uploads\/2024\/11\/group-of-multiethnic-businessmen-2023-11-27-04-54-46-utc-scaled.jpg","type":"image\/jpeg"}],"twitter_card":"summary_large_image","twitter_misc":{"Dur\u00e9e de lecture estim\u00e9e":"1 minute"},"schema":{"@context":"https:\/\/schema.org","@graph":[{"@type":"WebPage","@id":"https:\/\/gltechnics.com\/fr\/pour-les-distributeurs\/","url":"https:\/\/gltechnics.com\/fr\/pour-les-distributeurs\/","name":"Pour les distributeurs - Leaders de l'innovation dans les solutions de traitement des mat\u00e9riaux - Global Technics","isPartOf":{"@id":"https:\/\/gltechnics.com\/fr\/#website"},"primaryImageOfPage":{"@id":"https:\/\/gltechnics.com\/fr\/pour-les-distributeurs\/#primaryimage"},"image":{"@id":"https:\/\/gltechnics.com\/fr\/pour-les-distributeurs\/#primaryimage"},"thumbnailUrl":"https:\/\/gltechnics.com\/wp-content\/uploads\/2024\/11\/group-of-multiethnic-businessmen-2023-11-27-04-54-46-utc-scaled.jpg","datePublished":"2024-08-06T12:26:17+00:00","dateModified":"2025-01-03T09:44:10+00:00","description":"Rejoignez Global Technics O\u00dc en tant que revendeur. Acc\u00e9dez \u00e0 des solutions de d\u00e9chargement de mat\u00e9riaux en vrac de haute qualit\u00e9 et d\u00e9veloppez votre activit\u00e9 gr\u00e2ce \u00e0 notre soutien.","breadcrumb":{"@id":"https:\/\/gltechnics.com\/fr\/pour-les-distributeurs\/#breadcrumb"},"inLanguage":"fr-FR","potentialAction":[{"@type":"ReadAction","target":["https:\/\/gltechnics.com\/fr\/pour-les-distributeurs\/"]}]},{"@type":"ImageObject","inLanguage":"fr-FR","@id":"https:\/\/gltechnics.com\/fr\/pour-les-distributeurs\/#primaryimage","url":"https:\/\/gltechnics.com\/wp-content\/uploads\/2024\/11\/group-of-multiethnic-businessmen-2023-11-27-04-54-46-utc-scaled.jpg","contentUrl":"https:\/\/gltechnics.com\/wp-content\/uploads\/2024\/11\/group-of-multiethnic-businessmen-2023-11-27-04-54-46-utc-scaled.jpg"},{"@type":"BreadcrumbList","@id":"https:\/\/gltechnics.com\/fr\/pour-les-distributeurs\/#breadcrumb","itemListElement":[{"@type":"ListItem","position":1,"name":"Home","item":"https:\/\/gltechnics.com\/fr\/"},{"@type":"ListItem","position":2,"name":"Pour les distributeurs"}]},{"@type":"WebSite","@id":"https:\/\/gltechnics.com\/fr\/#website","url":"https:\/\/gltechnics.com\/fr\/","name":"Global Technics","description":"","publisher":{"@id":"https:\/\/gltechnics.com\/fr\/#organization"},"potentialAction":[{"@type":"SearchAction","target":{"@type":"EntryPoint","urlTemplate":"https:\/\/gltechnics.com\/fr\/?s={search_term_string}"},"query-input":{"@type":"PropertyValueSpecification","valueRequired":true,"valueName":"search_term_string"}}],"inLanguage":"fr-FR"},{"@type":"Organization","@id":"https:\/\/gltechnics.com\/fr\/#organization","name":"Global Technics","url":"https:\/\/gltechnics.com\/fr\/","logo":{"@type":"ImageObject","inLanguage":"fr-FR","@id":"https:\/\/gltechnics.com\/fr\/#\/schema\/logo\/image\/","url":"https:\/\/gltechnics.com\/wp-content\/uploads\/2024\/08\/Asset-1-2.svg","contentUrl":"https:\/\/gltechnics.com\/wp-content\/uploads\/2024\/08\/Asset-1-2.svg","width":468,"height":128,"caption":"Global Technics"},"image":{"@id":"https:\/\/gltechnics.com\/fr\/#\/schema\/logo\/image\/"}}]}},"_links":{"self":[{"href":"https:\/\/gltechnics.com\/fr\/wp-json\/wp\/v2\/pages\/2683","targetHints":{"allow":["GET"]}}],"collection":[{"href":"https:\/\/gltechnics.com\/fr\/wp-json\/wp\/v2\/pages"}],"about":[{"href":"https:\/\/gltechnics.com\/fr\/wp-json\/wp\/v2\/types\/page"}],"author":[{"embeddable":true,"href":"https:\/\/gltechnics.com\/fr\/wp-json\/wp\/v2\/users\/1"}],"replies":[{"embeddable":true,"href":"https:\/\/gltechnics.com\/fr\/wp-json\/wp\/v2\/comments?post=2683"}],"version-history":[{"count":5,"href":"https:\/\/gltechnics.com\/fr\/wp-json\/wp\/v2\/pages\/2683\/revisions"}],"predecessor-version":[{"id":3308,"href":"https:\/\/gltechnics.com\/fr\/wp-json\/wp\/v2\/pages\/2683\/revisions\/3308"}],"wp:attachment":[{"href":"https:\/\/gltechnics.com\/fr\/wp-json\/wp\/v2\/media?parent=2683"}],"curies":[{"name":"wp","href":"https:\/\/api.w.org\/{rel}","templated":true}]}}