{"id":2701,"date":"2024-08-06T15:26:08","date_gmt":"2024-08-06T12:26:08","guid":{"rendered":"https:\/\/gltechnics.com\/a-propos-de-nous\/"},"modified":"2025-01-30T16:18:44","modified_gmt":"2025-01-30T14:18:44","slug":"a-propos-de-nous","status":"publish","type":"page","link":"https:\/\/gltechnics.com\/fr\/a-propos-de-nous\/","title":{"rendered":"A propos de nous"},"content":{"rendered":"\t\t<div data-elementor-type=\"wp-page\" data-elementor-id=\"2701\" class=\"elementor elementor-2701 elementor-113\" data-elementor-post-type=\"page\">\n\t\t\t\t<div class=\"elementor-element elementor-element-54f341dd e-con-full e-flex e-con e-parent\" data-id=\"54f341dd\" data-element_type=\"container\" data-settings=\"{&quot;background_background&quot;:&quot;classic&quot;}\">\n\t\t<div class=\"elementor-element elementor-element-3ae69933 e-flex e-con-boxed e-con e-child\" data-id=\"3ae69933\" data-element_type=\"container\">\n\t\t\t\t\t<div class=\"e-con-inner\">\n\t\t<div class=\"elementor-element elementor-element-2e5d1ec6 e-flex e-con-boxed e-con e-child\" data-id=\"2e5d1ec6\" data-element_type=\"container\" data-settings=\"{&quot;background_background&quot;:&quot;classic&quot;}\">\n\t\t\t\t\t<div class=\"e-con-inner\">\n\t\t\t\t<div class=\"elementor-element elementor-element-3ca5429 elementor-invisible elementor-widget elementor-widget-heading\" data-id=\"3ca5429\" data-element_type=\"widget\" data-settings=\"{&quot;_animation&quot;:&quot;fadeInDown&quot;}\" data-widget_type=\"heading.default\">\n\t\t\t\t<div class=\"elementor-widget-container\">\n\t\t\t\t\t<h1 class=\"elementor-heading-title elementor-size-default\">A propos de nous<\/h1>\t\t\t\t<\/div>\n\t\t\t\t<\/div>\n\t\t\t\t<div class=\"elementor-element elementor-element-2e03421a elementor-widget__width-initial elementor-invisible elementor-widget elementor-widget-heading\" data-id=\"2e03421a\" data-element_type=\"widget\" data-settings=\"{&quot;_animation&quot;:&quot;fadeInUp&quot;,&quot;_animation_delay&quot;:200}\" data-widget_type=\"heading.default\">\n\t\t\t\t<div class=\"elementor-widget-container\">\n\t\t\t\t\t<h3 class=\"elementor-heading-title elementor-size-default\">Leaders de l'innovation en mati\u00e8re de solutions de traitement des mat\u00e9riaux<\/h3>\t\t\t\t<\/div>\n\t\t\t\t<\/div>\n\t\t\t\t\t<\/div>\n\t\t\t\t<\/div>\n\t\t\t\t\t<\/div>\n\t\t\t\t<\/div>\n\t\t\t\t<\/div>\n\t\t<div class=\"elementor-element elementor-element-6d004414 e-flex e-con-boxed e-con e-parent\" data-id=\"6d004414\" data-element_type=\"container\">\n\t\t\t\t\t<div class=\"e-con-inner\">\n\t\t<div class=\"elementor-element elementor-element-46533abf e-con-full e-flex elementor-invisible e-con e-child\" data-id=\"46533abf\" data-element_type=\"container\" data-settings=\"{&quot;animation&quot;:&quot;fadeInLeft&quot;}\">\n\t\t\t\t<div class=\"elementor-element elementor-element-510b38c0 elementor-widget elementor-widget-heading\" data-id=\"510b38c0\" data-element_type=\"widget\" data-widget_type=\"heading.default\">\n\t\t\t\t<div class=\"elementor-widget-container\">\n\t\t\t\t\t<h2 class=\"elementor-heading-title elementor-size-default\">Qui sommes-nous ?<\/h2>\t\t\t\t<\/div>\n\t\t\t\t<\/div>\n\t\t\t\t<div class=\"elementor-element elementor-element-791c5448 elementor-widget elementor-widget-text-editor\" data-id=\"791c5448\" data-element_type=\"widget\" data-widget_type=\"text-editor.default\">\n\t\t\t\t<div class=\"elementor-widget-container\">\n\t\t\t\t\t\t\t\t\t<p><span style=\"font-weight: 400;\">GLOBAL TECHNICS O\u00dc est une soci\u00e9t\u00e9 d&rsquo;ing\u00e9nierie qui poss\u00e8de plus de 15 ans d&rsquo;exp\u00e9rience dans le d\u00e9veloppement et la fabrication d&rsquo;\u00e9quipements de d\u00e9chargement de produits en vrac haut de gamme.Nos marteaux vibrants pneumatiques sont un outil indispensable pour acc\u00e9l\u00e9rer le d\u00e9chargement, \u00e9liminer les obstacles au stockage et \u00e0 la manutention des produits en vrac et optimiser l&rsquo;efficacit\u00e9 op\u00e9rationnelle.  <\/span><\/p>\n<p>Nous sommes fiers de servir une vari\u00e9t\u00e9 d&rsquo;industries, y compris les ports, les terminaux et les entreprises sp\u00e9cialis\u00e9es dans les engrais, le ciment, les m\u00e9taux et plus encore.En outre, nos \u00e9quipements sont tr\u00e8s demand\u00e9s dans les secteurs de l&rsquo;exploitation mini\u00e8re, de la chimie et de la construction. <\/p>\n<p>Nous vous invitons \u00e0 rejoindre les nombreux clients satisfaits qui confient \u00e0 GLOBAL TECHNICS O\u00dc leurs besoins en mati\u00e8re de manutention de mat\u00e9riaux en vrac.Maximisez l&rsquo;efficacit\u00e9 de vos op\u00e9rations de d\u00e9chargement avec nos vibrateurs pneumatiques de pointe et constatez une augmentation significative de la productivit\u00e9 et de l&rsquo;efficacit\u00e9. <\/p>\n\t\t\t\t\t\t\t\t<\/div>\n\t\t\t\t<\/div>\n\t\t\t\t<\/div>\n\t\t<div class=\"elementor-element elementor-element-d8f13a8 e-con-full e-flex elementor-invisible e-con e-child\" data-id=\"d8f13a8\" data-element_type=\"container\" data-settings=\"{&quot;animation&quot;:&quot;fadeInRight&quot;}\">\n\t\t\t\t<div class=\"elementor-element elementor-element-b61ba6b elementor-widget elementor-widget-image\" data-id=\"b61ba6b\" data-element_type=\"widget\" data-widget_type=\"image.default\">\n\t\t\t\t<div class=\"elementor-widget-container\">\n\t\t\t\t\t\t\t\t\t\t\t\t\t\t\t<img fetchpriority=\"high\" decoding=\"async\" width=\"960\" height=\"960\" src=\"https:\/\/gltechnics.com\/wp-content\/uploads\/2025\/01\/office-with-computers.jpeg\" class=\"attachment-full size-full wp-image-3142\" alt=\"office with computers daylight\" srcset=\"https:\/\/gltechnics.com\/wp-content\/uploads\/2025\/01\/office-with-computers.jpeg 960w, https:\/\/gltechnics.com\/wp-content\/uploads\/2025\/01\/office-with-computers-300x300.jpeg 300w, https:\/\/gltechnics.com\/wp-content\/uploads\/2025\/01\/office-with-computers-150x150.jpeg 150w, https:\/\/gltechnics.com\/wp-content\/uploads\/2025\/01\/office-with-computers-768x768.jpeg 768w\" sizes=\"(max-width: 960px) 100vw, 960px\" \/>\t\t\t\t\t\t\t\t\t\t\t\t\t\t\t<\/div>\n\t\t\t\t<\/div>\n\t\t\t\t<\/div>\n\t\t\t\t\t<\/div>\n\t\t\t\t<\/div>\n\t\t\t\t<\/div>\n\t\t","protected":false},"excerpt":{"rendered":"<p>Leaders de l&rsquo;innovation en mati\u00e8re de solutions de traitement des mat\u00e9riaux Qui sommes-nous ? GLOBAL TECHNICS O\u00dc est une soci\u00e9t\u00e9 d&rsquo;ing\u00e9nierie qui poss\u00e8de plus de 15 ans d&rsquo;exp\u00e9rience dans le d\u00e9veloppement et la fabrication d&rsquo;\u00e9quipements de d\u00e9chargement de produits en vrac haut de gamme.Nos marteaux vibrants pneumatiques sont un outil indispensable pour acc\u00e9l\u00e9rer le d\u00e9chargement, [&hellip;]<\/p>\n","protected":false},"author":1,"featured_media":0,"parent":0,"menu_order":0,"comment_status":"closed","ping_status":"closed","template":"","meta":{"footnotes":""},"class_list":["post-2701","page","type-page","status-publish","hentry"],"yoast_head":"<!-- This site is optimized with the Yoast SEO plugin v24.1 - https:\/\/yoast.com\/wordpress\/plugins\/seo\/ -->\n<title>A propos de nous - Leaders de l&#039;innovation dans les solutions de traitement des mat\u00e9riaux - Global Technics<\/title>\n<meta name=\"description\" content=\"D\u00e9couvrez Global Technics O\u00dc, un fournisseur de confiance de solutions de manutention de mat\u00e9riaux en vrac avec plus de 15 ans d&#039;expertise dans l&#039;industrie.\" \/>\n<meta name=\"robots\" content=\"index, follow, max-snippet:-1, max-image-preview:large, max-video-preview:-1\" \/>\n<link rel=\"canonical\" href=\"https:\/\/gltechnics.com\/fr\/a-propos-de-nous\/\" \/>\n<meta property=\"og:locale\" content=\"fr_FR\" \/>\n<meta property=\"og:type\" content=\"article\" \/>\n<meta property=\"og:title\" content=\"A propos de nous - Leaders de l&#039;innovation dans les solutions de traitement des mat\u00e9riaux - Global Technics\" \/>\n<meta property=\"og:description\" content=\"D\u00e9couvrez Global Technics O\u00dc, un fournisseur de confiance de solutions de manutention de mat\u00e9riaux en vrac avec plus de 15 ans d&#039;expertise dans l&#039;industrie.\" \/>\n<meta property=\"og:url\" content=\"https:\/\/gltechnics.com\/fr\/a-propos-de-nous\/\" \/>\n<meta property=\"og:site_name\" content=\"Leaders de l&#039;innovation dans les solutions de traitement des mat\u00e9riaux - Global Technics\" \/>\n<meta property=\"article:modified_time\" content=\"2025-01-30T14:18:44+00:00\" \/>\n<meta property=\"og:image\" content=\"https:\/\/gltechnics.com\/wp-content\/uploads\/2025\/01\/office-with-computers.jpeg\" \/>\n\t<meta property=\"og:image:width\" content=\"960\" \/>\n\t<meta property=\"og:image:height\" content=\"960\" \/>\n\t<meta property=\"og:image:type\" content=\"image\/jpeg\" \/>\n<meta name=\"twitter:card\" content=\"summary_large_image\" \/>\n<meta name=\"twitter:label1\" content=\"Dur\u00e9e de lecture estim\u00e9e\" \/>\n\t<meta name=\"twitter:data1\" content=\"2 minutes\" \/>\n<script type=\"application\/ld+json\" class=\"yoast-schema-graph\">{\"@context\":\"https:\/\/schema.org\",\"@graph\":[{\"@type\":\"WebPage\",\"@id\":\"https:\/\/gltechnics.com\/fr\/a-propos-de-nous\/\",\"url\":\"https:\/\/gltechnics.com\/fr\/a-propos-de-nous\/\",\"name\":\"A propos de nous - Leaders de l'innovation dans les solutions de traitement des mat\u00e9riaux - Global Technics\",\"isPartOf\":{\"@id\":\"https:\/\/gltechnics.com\/fr\/#website\"},\"primaryImageOfPage\":{\"@id\":\"https:\/\/gltechnics.com\/fr\/a-propos-de-nous\/#primaryimage\"},\"image\":{\"@id\":\"https:\/\/gltechnics.com\/fr\/a-propos-de-nous\/#primaryimage\"},\"thumbnailUrl\":\"https:\/\/gltechnics.com\/wp-content\/uploads\/2025\/01\/office-with-computers.jpeg\",\"datePublished\":\"2024-08-06T12:26:08+00:00\",\"dateModified\":\"2025-01-30T14:18:44+00:00\",\"description\":\"D\u00e9couvrez Global Technics O\u00dc, un fournisseur de confiance de solutions de manutention de mat\u00e9riaux en vrac avec plus de 15 ans d'expertise dans l'industrie.\",\"breadcrumb\":{\"@id\":\"https:\/\/gltechnics.com\/fr\/a-propos-de-nous\/#breadcrumb\"},\"inLanguage\":\"fr-FR\",\"potentialAction\":[{\"@type\":\"ReadAction\",\"target\":[\"https:\/\/gltechnics.com\/fr\/a-propos-de-nous\/\"]}]},{\"@type\":\"ImageObject\",\"inLanguage\":\"fr-FR\",\"@id\":\"https:\/\/gltechnics.com\/fr\/a-propos-de-nous\/#primaryimage\",\"url\":\"https:\/\/gltechnics.com\/wp-content\/uploads\/2025\/01\/office-with-computers.jpeg\",\"contentUrl\":\"https:\/\/gltechnics.com\/wp-content\/uploads\/2025\/01\/office-with-computers.jpeg\"},{\"@type\":\"BreadcrumbList\",\"@id\":\"https:\/\/gltechnics.com\/fr\/a-propos-de-nous\/#breadcrumb\",\"itemListElement\":[{\"@type\":\"ListItem\",\"position\":1,\"name\":\"Home\",\"item\":\"https:\/\/gltechnics.com\/fr\/\"},{\"@type\":\"ListItem\",\"position\":2,\"name\":\"A propos de nous\"}]},{\"@type\":\"WebSite\",\"@id\":\"https:\/\/gltechnics.com\/fr\/#website\",\"url\":\"https:\/\/gltechnics.com\/fr\/\",\"name\":\"Global Technics\",\"description\":\"\",\"publisher\":{\"@id\":\"https:\/\/gltechnics.com\/fr\/#organization\"},\"potentialAction\":[{\"@type\":\"SearchAction\",\"target\":{\"@type\":\"EntryPoint\",\"urlTemplate\":\"https:\/\/gltechnics.com\/fr\/?s={search_term_string}\"},\"query-input\":{\"@type\":\"PropertyValueSpecification\",\"valueRequired\":true,\"valueName\":\"search_term_string\"}}],\"inLanguage\":\"fr-FR\"},{\"@type\":\"Organization\",\"@id\":\"https:\/\/gltechnics.com\/fr\/#organization\",\"name\":\"Global Technics\",\"url\":\"https:\/\/gltechnics.com\/fr\/\",\"logo\":{\"@type\":\"ImageObject\",\"inLanguage\":\"fr-FR\",\"@id\":\"https:\/\/gltechnics.com\/fr\/#\/schema\/logo\/image\/\",\"url\":\"https:\/\/gltechnics.com\/wp-content\/uploads\/2024\/08\/Asset-1-2.svg\",\"contentUrl\":\"https:\/\/gltechnics.com\/wp-content\/uploads\/2024\/08\/Asset-1-2.svg\",\"width\":468,\"height\":128,\"caption\":\"Global Technics\"},\"image\":{\"@id\":\"https:\/\/gltechnics.com\/fr\/#\/schema\/logo\/image\/\"}}]}<\/script>\n<!-- \/ Yoast SEO plugin. -->","yoast_head_json":{"title":"A propos de nous - Leaders de l'innovation dans les solutions de traitement des mat\u00e9riaux - Global Technics","description":"D\u00e9couvrez Global Technics O\u00dc, un fournisseur de confiance de solutions de manutention de mat\u00e9riaux en vrac avec plus de 15 ans d'expertise dans l'industrie.","robots":{"index":"index","follow":"follow","max-snippet":"max-snippet:-1","max-image-preview":"max-image-preview:large","max-video-preview":"max-video-preview:-1"},"canonical":"https:\/\/gltechnics.com\/fr\/a-propos-de-nous\/","og_locale":"fr_FR","og_type":"article","og_title":"A propos de nous - Leaders de l'innovation dans les solutions de traitement des mat\u00e9riaux - Global Technics","og_description":"D\u00e9couvrez Global Technics O\u00dc, un fournisseur de confiance de solutions de manutention de mat\u00e9riaux en vrac avec plus de 15 ans d'expertise dans l'industrie.","og_url":"https:\/\/gltechnics.com\/fr\/a-propos-de-nous\/","og_site_name":"Leaders de l'innovation dans les solutions de traitement des mat\u00e9riaux - Global Technics","article_modified_time":"2025-01-30T14:18:44+00:00","og_image":[{"width":960,"height":960,"url":"https:\/\/gltechnics.com\/wp-content\/uploads\/2025\/01\/office-with-computers.jpeg","type":"image\/jpeg"}],"twitter_card":"summary_large_image","twitter_misc":{"Dur\u00e9e de lecture estim\u00e9e":"2 minutes"},"schema":{"@context":"https:\/\/schema.org","@graph":[{"@type":"WebPage","@id":"https:\/\/gltechnics.com\/fr\/a-propos-de-nous\/","url":"https:\/\/gltechnics.com\/fr\/a-propos-de-nous\/","name":"A propos de nous - Leaders de l'innovation dans les solutions de traitement des mat\u00e9riaux - Global Technics","isPartOf":{"@id":"https:\/\/gltechnics.com\/fr\/#website"},"primaryImageOfPage":{"@id":"https:\/\/gltechnics.com\/fr\/a-propos-de-nous\/#primaryimage"},"image":{"@id":"https:\/\/gltechnics.com\/fr\/a-propos-de-nous\/#primaryimage"},"thumbnailUrl":"https:\/\/gltechnics.com\/wp-content\/uploads\/2025\/01\/office-with-computers.jpeg","datePublished":"2024-08-06T12:26:08+00:00","dateModified":"2025-01-30T14:18:44+00:00","description":"D\u00e9couvrez Global Technics O\u00dc, un fournisseur de confiance de solutions de manutention de mat\u00e9riaux en vrac avec plus de 15 ans d'expertise dans l'industrie.","breadcrumb":{"@id":"https:\/\/gltechnics.com\/fr\/a-propos-de-nous\/#breadcrumb"},"inLanguage":"fr-FR","potentialAction":[{"@type":"ReadAction","target":["https:\/\/gltechnics.com\/fr\/a-propos-de-nous\/"]}]},{"@type":"ImageObject","inLanguage":"fr-FR","@id":"https:\/\/gltechnics.com\/fr\/a-propos-de-nous\/#primaryimage","url":"https:\/\/gltechnics.com\/wp-content\/uploads\/2025\/01\/office-with-computers.jpeg","contentUrl":"https:\/\/gltechnics.com\/wp-content\/uploads\/2025\/01\/office-with-computers.jpeg"},{"@type":"BreadcrumbList","@id":"https:\/\/gltechnics.com\/fr\/a-propos-de-nous\/#breadcrumb","itemListElement":[{"@type":"ListItem","position":1,"name":"Home","item":"https:\/\/gltechnics.com\/fr\/"},{"@type":"ListItem","position":2,"name":"A propos de nous"}]},{"@type":"WebSite","@id":"https:\/\/gltechnics.com\/fr\/#website","url":"https:\/\/gltechnics.com\/fr\/","name":"Global Technics","description":"","publisher":{"@id":"https:\/\/gltechnics.com\/fr\/#organization"},"potentialAction":[{"@type":"SearchAction","target":{"@type":"EntryPoint","urlTemplate":"https:\/\/gltechnics.com\/fr\/?s={search_term_string}"},"query-input":{"@type":"PropertyValueSpecification","valueRequired":true,"valueName":"search_term_string"}}],"inLanguage":"fr-FR"},{"@type":"Organization","@id":"https:\/\/gltechnics.com\/fr\/#organization","name":"Global Technics","url":"https:\/\/gltechnics.com\/fr\/","logo":{"@type":"ImageObject","inLanguage":"fr-FR","@id":"https:\/\/gltechnics.com\/fr\/#\/schema\/logo\/image\/","url":"https:\/\/gltechnics.com\/wp-content\/uploads\/2024\/08\/Asset-1-2.svg","contentUrl":"https:\/\/gltechnics.com\/wp-content\/uploads\/2024\/08\/Asset-1-2.svg","width":468,"height":128,"caption":"Global Technics"},"image":{"@id":"https:\/\/gltechnics.com\/fr\/#\/schema\/logo\/image\/"}}]}},"_links":{"self":[{"href":"https:\/\/gltechnics.com\/fr\/wp-json\/wp\/v2\/pages\/2701","targetHints":{"allow":["GET"]}}],"collection":[{"href":"https:\/\/gltechnics.com\/fr\/wp-json\/wp\/v2\/pages"}],"about":[{"href":"https:\/\/gltechnics.com\/fr\/wp-json\/wp\/v2\/types\/page"}],"author":[{"embeddable":true,"href":"https:\/\/gltechnics.com\/fr\/wp-json\/wp\/v2\/users\/1"}],"replies":[{"embeddable":true,"href":"https:\/\/gltechnics.com\/fr\/wp-json\/wp\/v2\/comments?post=2701"}],"version-history":[{"count":9,"href":"https:\/\/gltechnics.com\/fr\/wp-json\/wp\/v2\/pages\/2701\/revisions"}],"predecessor-version":[{"id":3442,"href":"https:\/\/gltechnics.com\/fr\/wp-json\/wp\/v2\/pages\/2701\/revisions\/3442"}],"wp:attachment":[{"href":"https:\/\/gltechnics.com\/fr\/wp-json\/wp\/v2\/media?parent=2701"}],"curies":[{"name":"wp","href":"https:\/\/api.w.org\/{rel}","templated":true}]}}