{"id":2727,"date":"2024-08-06T15:26:17","date_gmt":"2024-08-06T12:26:17","guid":{"rendered":"https:\/\/gltechnics.com\/dla-dealerow\/"},"modified":"2025-01-03T11:44:16","modified_gmt":"2025-01-03T09:44:16","slug":"dla-dealerow","status":"publish","type":"page","link":"https:\/\/gltechnics.com\/pl\/dla-dealerow\/","title":{"rendered":"Dla dealer\u00f3w"},"content":{"rendered":"\t\t<div data-elementor-type=\"wp-page\" data-elementor-id=\"2727\" class=\"elementor elementor-2727 elementor-117\" data-elementor-post-type=\"page\">\n\t\t\t\t<div class=\"elementor-element elementor-element-54f341dd e-con-full e-flex e-con e-parent\" data-id=\"54f341dd\" data-element_type=\"container\" data-settings=\"{&quot;background_background&quot;:&quot;classic&quot;}\">\n\t\t<div class=\"elementor-element elementor-element-3ae69933 e-flex e-con-boxed e-con e-child\" data-id=\"3ae69933\" data-element_type=\"container\">\n\t\t\t\t\t<div class=\"e-con-inner\">\n\t\t<div class=\"elementor-element elementor-element-2e5d1ec6 e-flex e-con-boxed e-con e-child\" data-id=\"2e5d1ec6\" data-element_type=\"container\" data-settings=\"{&quot;background_background&quot;:&quot;classic&quot;}\">\n\t\t\t\t\t<div class=\"e-con-inner\">\n\t\t\t\t<div class=\"elementor-element elementor-element-3ca5429 elementor-invisible elementor-widget elementor-widget-heading\" data-id=\"3ca5429\" data-element_type=\"widget\" data-settings=\"{&quot;_animation&quot;:&quot;fadeInDown&quot;}\" data-widget_type=\"heading.default\">\n\t\t\t\t<div class=\"elementor-widget-container\">\n\t\t\t\t\t<h1 class=\"elementor-heading-title elementor-size-default\">Dla dealer\u00f3w<\/h1>\t\t\t\t<\/div>\n\t\t\t\t<\/div>\n\t\t\t\t<div class=\"elementor-element elementor-element-034ecf5 elementor-invisible elementor-widget elementor-widget-heading\" data-id=\"034ecf5\" data-element_type=\"widget\" data-settings=\"{&quot;_animation&quot;:&quot;fadeInUp&quot;,&quot;_animation_delay&quot;:200}\" data-widget_type=\"heading.default\">\n\t\t\t\t<div class=\"elementor-widget-container\">\n\t\t\t\t\t<h2 class=\"elementor-heading-title elementor-size-default\">Nasz\u0105 misj\u0105 jest usprawnienie dzia\u0142alno\u015bci dzi\u0119ki naszej technologii<br><\/h2>\t\t\t\t<\/div>\n\t\t\t\t<\/div>\n\t\t\t\t\t<\/div>\n\t\t\t\t<\/div>\n\t\t\t\t\t<\/div>\n\t\t\t\t<\/div>\n\t\t\t\t<\/div>\n\t\t<div class=\"elementor-element elementor-element-6d004414 e-flex e-con-boxed e-con e-parent\" data-id=\"6d004414\" data-element_type=\"container\">\n\t\t\t\t\t<div class=\"e-con-inner\">\n\t\t<div class=\"elementor-element elementor-element-46533abf e-con-full e-flex elementor-invisible e-con e-child\" data-id=\"46533abf\" data-element_type=\"container\" data-settings=\"{&quot;animation&quot;:&quot;fadeInLeft&quot;}\">\n\t\t\t\t<div class=\"elementor-element elementor-element-510b38c0 elementor-widget elementor-widget-heading\" data-id=\"510b38c0\" data-element_type=\"widget\" data-widget_type=\"heading.default\">\n\t\t\t\t<div class=\"elementor-widget-container\">\n\t\t\t\t\t<h2 class=\"elementor-heading-title elementor-size-default\">Zosta\u0144 naszym dealerem<\/h2>\t\t\t\t<\/div>\n\t\t\t\t<\/div>\n\t\t\t\t<div class=\"elementor-element elementor-element-791c5448 elementor-widget elementor-widget-text-editor\" data-id=\"791c5448\" data-element_type=\"widget\" data-widget_type=\"text-editor.default\">\n\t\t\t\t<div class=\"elementor-widget-container\">\n\t\t\t\t\t\t\t\t\t<p>Czy jeste\u015b zainteresowany nawi\u0105zaniem wsp\u00f3\u0142pracy z wiod\u0105cym na rynku innowatorem w dziedzinie rozwi\u0105za\u0144 do roz\u0142adunku i prze\u0142adunku materia\u0142\u00f3w sypkich? Nasza firma produkuje najwy\u017cszej jako\u015bci wibratory do stosowania w wagonach kolejowych, lejach samowy\u0142adowczych, silosach i liniach przeno\u015bnik\u00f3w. Nasze produkty zosta\u0142y zaprojektowane w celu zapewnienia wydajnego i bezpiecznego roz\u0142adunku i prze\u0142adunku materia\u0142\u00f3w sypkich.  <\/p>\n<p>Poszukujemy dedykowanych dealer\u00f3w na ca\u0142ym \u015bwiecie, kt\u00f3rzy b\u0119d\u0105 reprezentowa\u0107 nasze wysokiej jako\u015bci produkty. Staj\u0105c si\u0119 dealerem, uzyskasz dost\u0119p do naszej innowacyjnej technologii, kompleksowego wsparcia i korzystnego rynku. <\/p>\n<p>Do\u0142\u0105cz do nas w naszej misji przekszta\u0142cania bran\u017cy roz\u0142adunku materia\u0142\u00f3w sypkich. Aby dowiedzie\u0107 si\u0119 wi\u0119cej o zostaniu dealerem w swoim regionie i wprowadzeniu naszych produkt\u00f3w na rynek, skontaktuj si\u0119 z nami ju\u017c dzi\u015b. <\/p>\n\t\t\t\t\t\t\t\t<\/div>\n\t\t\t\t<\/div>\n\t\t\t\t<\/div>\n\t\t<div class=\"elementor-element elementor-element-0ac2e12 e-con-full e-flex elementor-invisible e-con e-child\" data-id=\"0ac2e12\" data-element_type=\"container\" data-settings=\"{&quot;animation&quot;:&quot;fadeInRight&quot;}\">\n\t\t\t\t<div class=\"elementor-element elementor-element-2535eeb elementor-widget elementor-widget-image\" data-id=\"2535eeb\" data-element_type=\"widget\" data-widget_type=\"image.default\">\n\t\t\t\t<div class=\"elementor-widget-container\">\n\t\t\t\t\t\t\t\t\t\t\t\t\t\t\t<img fetchpriority=\"high\" decoding=\"async\" width=\"2560\" height=\"1707\" src=\"https:\/\/gltechnics.com\/wp-content\/uploads\/2024\/11\/group-of-multiethnic-businessmen-2023-11-27-04-54-46-utc-scaled.jpg\" class=\"attachment-full size-full wp-image-1440\" alt=\"\" srcset=\"https:\/\/gltechnics.com\/wp-content\/uploads\/2024\/11\/group-of-multiethnic-businessmen-2023-11-27-04-54-46-utc-scaled.jpg 2560w, https:\/\/gltechnics.com\/wp-content\/uploads\/2024\/11\/group-of-multiethnic-businessmen-2023-11-27-04-54-46-utc-300x200.jpg 300w, https:\/\/gltechnics.com\/wp-content\/uploads\/2024\/11\/group-of-multiethnic-businessmen-2023-11-27-04-54-46-utc-1024x683.jpg 1024w, https:\/\/gltechnics.com\/wp-content\/uploads\/2024\/11\/group-of-multiethnic-businessmen-2023-11-27-04-54-46-utc-768x512.jpg 768w, https:\/\/gltechnics.com\/wp-content\/uploads\/2024\/11\/group-of-multiethnic-businessmen-2023-11-27-04-54-46-utc-1536x1024.jpg 1536w, https:\/\/gltechnics.com\/wp-content\/uploads\/2024\/11\/group-of-multiethnic-businessmen-2023-11-27-04-54-46-utc-2048x1365.jpg 2048w\" sizes=\"(max-width: 2560px) 100vw, 2560px\" \/>\t\t\t\t\t\t\t\t\t\t\t\t\t\t\t<\/div>\n\t\t\t\t<\/div>\n\t\t\t\t<\/div>\n\t\t\t\t\t<\/div>\n\t\t\t\t<\/div>\n\t\t\t\t<\/div>\n\t\t","protected":false},"excerpt":{"rendered":"<p>Nasz\u0105 misj\u0105 jest usprawnienie dzia\u0142alno\u015bci dzi\u0119ki naszej technologii Zosta\u0144 naszym dealerem Czy jeste\u015b zainteresowany nawi\u0105zaniem wsp\u00f3\u0142pracy z wiod\u0105cym na rynku innowatorem w dziedzinie rozwi\u0105za\u0144 do roz\u0142adunku i prze\u0142adunku materia\u0142\u00f3w sypkich? Nasza firma produkuje najwy\u017cszej jako\u015bci wibratory do stosowania w wagonach kolejowych, lejach samowy\u0142adowczych, silosach i liniach przeno\u015bnik\u00f3w. Nasze produkty zosta\u0142y zaprojektowane w celu zapewnienia wydajnego [&hellip;]<\/p>\n","protected":false},"author":1,"featured_media":0,"parent":0,"menu_order":0,"comment_status":"closed","ping_status":"closed","template":"","meta":{"footnotes":""},"class_list":["post-2727","page","type-page","status-publish","hentry"],"yoast_head":"<!-- This site is optimized with the Yoast SEO plugin v24.1 - https:\/\/yoast.com\/wordpress\/plugins\/seo\/ -->\n<title>Dla dealer\u00f3w - Liderzy innowacji w rozwi\u0105zaniach do przetwarzania materia\u0142\u00f3w - Global Technics<\/title>\n<meta name=\"description\" content=\"Do\u0142\u0105cz do Global Technics O\u00dc jako dealer. Uzyskaj dost\u0119p do wysokiej jako\u015bci rozwi\u0105za\u0144 do roz\u0142adunku materia\u0142\u00f3w sypkich i rozwijaj swoj\u0105 dzia\u0142alno\u015b\u0107 dzi\u0119ki naszemu wsparciu.\" \/>\n<meta name=\"robots\" content=\"index, follow, max-snippet:-1, max-image-preview:large, max-video-preview:-1\" \/>\n<link rel=\"canonical\" href=\"https:\/\/gltechnics.com\/pl\/dla-dealerow\/\" \/>\n<meta property=\"og:locale\" content=\"pl_PL\" \/>\n<meta property=\"og:type\" content=\"article\" \/>\n<meta property=\"og:title\" content=\"Dla dealer\u00f3w - Liderzy innowacji w rozwi\u0105zaniach do przetwarzania materia\u0142\u00f3w - Global Technics\" \/>\n<meta property=\"og:description\" content=\"Do\u0142\u0105cz do Global Technics O\u00dc jako dealer. Uzyskaj dost\u0119p do wysokiej jako\u015bci rozwi\u0105za\u0144 do roz\u0142adunku materia\u0142\u00f3w sypkich i rozwijaj swoj\u0105 dzia\u0142alno\u015b\u0107 dzi\u0119ki naszemu wsparciu.\" \/>\n<meta property=\"og:url\" content=\"https:\/\/gltechnics.com\/pl\/dla-dealerow\/\" \/>\n<meta property=\"og:site_name\" content=\"Liderzy innowacji w rozwi\u0105zaniach do przetwarzania materia\u0142\u00f3w - Global Technics\" \/>\n<meta property=\"article:modified_time\" content=\"2025-01-03T09:44:16+00:00\" \/>\n<meta property=\"og:image\" content=\"https:\/\/gltechnics.com\/wp-content\/uploads\/2024\/11\/group-of-multiethnic-businessmen-2023-11-27-04-54-46-utc-scaled.jpg\" \/>\n\t<meta property=\"og:image:width\" content=\"2560\" \/>\n\t<meta property=\"og:image:height\" content=\"1707\" \/>\n\t<meta property=\"og:image:type\" content=\"image\/jpeg\" \/>\n<meta name=\"twitter:card\" content=\"summary_large_image\" \/>\n<meta name=\"twitter:label1\" content=\"Szacowany czas czytania\" \/>\n\t<meta name=\"twitter:data1\" content=\"1 minuta\" \/>\n<script type=\"application\/ld+json\" class=\"yoast-schema-graph\">{\"@context\":\"https:\/\/schema.org\",\"@graph\":[{\"@type\":\"WebPage\",\"@id\":\"https:\/\/gltechnics.com\/pl\/dla-dealerow\/\",\"url\":\"https:\/\/gltechnics.com\/pl\/dla-dealerow\/\",\"name\":\"Dla dealer\u00f3w - Liderzy innowacji w rozwi\u0105zaniach do przetwarzania materia\u0142\u00f3w - Global Technics\",\"isPartOf\":{\"@id\":\"https:\/\/gltechnics.com\/pl\/#website\"},\"primaryImageOfPage\":{\"@id\":\"https:\/\/gltechnics.com\/pl\/dla-dealerow\/#primaryimage\"},\"image\":{\"@id\":\"https:\/\/gltechnics.com\/pl\/dla-dealerow\/#primaryimage\"},\"thumbnailUrl\":\"https:\/\/gltechnics.com\/wp-content\/uploads\/2024\/11\/group-of-multiethnic-businessmen-2023-11-27-04-54-46-utc-scaled.jpg\",\"datePublished\":\"2024-08-06T12:26:17+00:00\",\"dateModified\":\"2025-01-03T09:44:16+00:00\",\"description\":\"Do\u0142\u0105cz do Global Technics O\u00dc jako dealer. Uzyskaj dost\u0119p do wysokiej jako\u015bci rozwi\u0105za\u0144 do roz\u0142adunku materia\u0142\u00f3w sypkich i rozwijaj swoj\u0105 dzia\u0142alno\u015b\u0107 dzi\u0119ki naszemu wsparciu.\",\"breadcrumb\":{\"@id\":\"https:\/\/gltechnics.com\/pl\/dla-dealerow\/#breadcrumb\"},\"inLanguage\":\"pl-PL\",\"potentialAction\":[{\"@type\":\"ReadAction\",\"target\":[\"https:\/\/gltechnics.com\/pl\/dla-dealerow\/\"]}]},{\"@type\":\"ImageObject\",\"inLanguage\":\"pl-PL\",\"@id\":\"https:\/\/gltechnics.com\/pl\/dla-dealerow\/#primaryimage\",\"url\":\"https:\/\/gltechnics.com\/wp-content\/uploads\/2024\/11\/group-of-multiethnic-businessmen-2023-11-27-04-54-46-utc-scaled.jpg\",\"contentUrl\":\"https:\/\/gltechnics.com\/wp-content\/uploads\/2024\/11\/group-of-multiethnic-businessmen-2023-11-27-04-54-46-utc-scaled.jpg\"},{\"@type\":\"BreadcrumbList\",\"@id\":\"https:\/\/gltechnics.com\/pl\/dla-dealerow\/#breadcrumb\",\"itemListElement\":[{\"@type\":\"ListItem\",\"position\":1,\"name\":\"Home\",\"item\":\"https:\/\/gltechnics.com\/pl\/\"},{\"@type\":\"ListItem\",\"position\":2,\"name\":\"Dla dealer\u00f3w\"}]},{\"@type\":\"WebSite\",\"@id\":\"https:\/\/gltechnics.com\/pl\/#website\",\"url\":\"https:\/\/gltechnics.com\/pl\/\",\"name\":\"Global Technics\",\"description\":\"\",\"publisher\":{\"@id\":\"https:\/\/gltechnics.com\/pl\/#organization\"},\"potentialAction\":[{\"@type\":\"SearchAction\",\"target\":{\"@type\":\"EntryPoint\",\"urlTemplate\":\"https:\/\/gltechnics.com\/pl\/?s={search_term_string}\"},\"query-input\":{\"@type\":\"PropertyValueSpecification\",\"valueRequired\":true,\"valueName\":\"search_term_string\"}}],\"inLanguage\":\"pl-PL\"},{\"@type\":\"Organization\",\"@id\":\"https:\/\/gltechnics.com\/pl\/#organization\",\"name\":\"Global Technics\",\"url\":\"https:\/\/gltechnics.com\/pl\/\",\"logo\":{\"@type\":\"ImageObject\",\"inLanguage\":\"pl-PL\",\"@id\":\"https:\/\/gltechnics.com\/pl\/#\/schema\/logo\/image\/\",\"url\":\"https:\/\/gltechnics.com\/wp-content\/uploads\/2024\/08\/Asset-1-2.svg\",\"contentUrl\":\"https:\/\/gltechnics.com\/wp-content\/uploads\/2024\/08\/Asset-1-2.svg\",\"width\":468,\"height\":128,\"caption\":\"Global Technics\"},\"image\":{\"@id\":\"https:\/\/gltechnics.com\/pl\/#\/schema\/logo\/image\/\"}}]}<\/script>\n<!-- \/ Yoast SEO plugin. -->","yoast_head_json":{"title":"Dla dealer\u00f3w - Liderzy innowacji w rozwi\u0105zaniach do przetwarzania materia\u0142\u00f3w - Global Technics","description":"Do\u0142\u0105cz do Global Technics O\u00dc jako dealer. Uzyskaj dost\u0119p do wysokiej jako\u015bci rozwi\u0105za\u0144 do roz\u0142adunku materia\u0142\u00f3w sypkich i rozwijaj swoj\u0105 dzia\u0142alno\u015b\u0107 dzi\u0119ki naszemu wsparciu.","robots":{"index":"index","follow":"follow","max-snippet":"max-snippet:-1","max-image-preview":"max-image-preview:large","max-video-preview":"max-video-preview:-1"},"canonical":"https:\/\/gltechnics.com\/pl\/dla-dealerow\/","og_locale":"pl_PL","og_type":"article","og_title":"Dla dealer\u00f3w - Liderzy innowacji w rozwi\u0105zaniach do przetwarzania materia\u0142\u00f3w - Global Technics","og_description":"Do\u0142\u0105cz do Global Technics O\u00dc jako dealer. Uzyskaj dost\u0119p do wysokiej jako\u015bci rozwi\u0105za\u0144 do roz\u0142adunku materia\u0142\u00f3w sypkich i rozwijaj swoj\u0105 dzia\u0142alno\u015b\u0107 dzi\u0119ki naszemu wsparciu.","og_url":"https:\/\/gltechnics.com\/pl\/dla-dealerow\/","og_site_name":"Liderzy innowacji w rozwi\u0105zaniach do przetwarzania materia\u0142\u00f3w - Global Technics","article_modified_time":"2025-01-03T09:44:16+00:00","og_image":[{"width":2560,"height":1707,"url":"https:\/\/gltechnics.com\/wp-content\/uploads\/2024\/11\/group-of-multiethnic-businessmen-2023-11-27-04-54-46-utc-scaled.jpg","type":"image\/jpeg"}],"twitter_card":"summary_large_image","twitter_misc":{"Szacowany czas czytania":"1 minuta"},"schema":{"@context":"https:\/\/schema.org","@graph":[{"@type":"WebPage","@id":"https:\/\/gltechnics.com\/pl\/dla-dealerow\/","url":"https:\/\/gltechnics.com\/pl\/dla-dealerow\/","name":"Dla dealer\u00f3w - Liderzy innowacji w rozwi\u0105zaniach do przetwarzania materia\u0142\u00f3w - Global Technics","isPartOf":{"@id":"https:\/\/gltechnics.com\/pl\/#website"},"primaryImageOfPage":{"@id":"https:\/\/gltechnics.com\/pl\/dla-dealerow\/#primaryimage"},"image":{"@id":"https:\/\/gltechnics.com\/pl\/dla-dealerow\/#primaryimage"},"thumbnailUrl":"https:\/\/gltechnics.com\/wp-content\/uploads\/2024\/11\/group-of-multiethnic-businessmen-2023-11-27-04-54-46-utc-scaled.jpg","datePublished":"2024-08-06T12:26:17+00:00","dateModified":"2025-01-03T09:44:16+00:00","description":"Do\u0142\u0105cz do Global Technics O\u00dc jako dealer. Uzyskaj dost\u0119p do wysokiej jako\u015bci rozwi\u0105za\u0144 do roz\u0142adunku materia\u0142\u00f3w sypkich i rozwijaj swoj\u0105 dzia\u0142alno\u015b\u0107 dzi\u0119ki naszemu wsparciu.","breadcrumb":{"@id":"https:\/\/gltechnics.com\/pl\/dla-dealerow\/#breadcrumb"},"inLanguage":"pl-PL","potentialAction":[{"@type":"ReadAction","target":["https:\/\/gltechnics.com\/pl\/dla-dealerow\/"]}]},{"@type":"ImageObject","inLanguage":"pl-PL","@id":"https:\/\/gltechnics.com\/pl\/dla-dealerow\/#primaryimage","url":"https:\/\/gltechnics.com\/wp-content\/uploads\/2024\/11\/group-of-multiethnic-businessmen-2023-11-27-04-54-46-utc-scaled.jpg","contentUrl":"https:\/\/gltechnics.com\/wp-content\/uploads\/2024\/11\/group-of-multiethnic-businessmen-2023-11-27-04-54-46-utc-scaled.jpg"},{"@type":"BreadcrumbList","@id":"https:\/\/gltechnics.com\/pl\/dla-dealerow\/#breadcrumb","itemListElement":[{"@type":"ListItem","position":1,"name":"Home","item":"https:\/\/gltechnics.com\/pl\/"},{"@type":"ListItem","position":2,"name":"Dla dealer\u00f3w"}]},{"@type":"WebSite","@id":"https:\/\/gltechnics.com\/pl\/#website","url":"https:\/\/gltechnics.com\/pl\/","name":"Global Technics","description":"","publisher":{"@id":"https:\/\/gltechnics.com\/pl\/#organization"},"potentialAction":[{"@type":"SearchAction","target":{"@type":"EntryPoint","urlTemplate":"https:\/\/gltechnics.com\/pl\/?s={search_term_string}"},"query-input":{"@type":"PropertyValueSpecification","valueRequired":true,"valueName":"search_term_string"}}],"inLanguage":"pl-PL"},{"@type":"Organization","@id":"https:\/\/gltechnics.com\/pl\/#organization","name":"Global Technics","url":"https:\/\/gltechnics.com\/pl\/","logo":{"@type":"ImageObject","inLanguage":"pl-PL","@id":"https:\/\/gltechnics.com\/pl\/#\/schema\/logo\/image\/","url":"https:\/\/gltechnics.com\/wp-content\/uploads\/2024\/08\/Asset-1-2.svg","contentUrl":"https:\/\/gltechnics.com\/wp-content\/uploads\/2024\/08\/Asset-1-2.svg","width":468,"height":128,"caption":"Global Technics"},"image":{"@id":"https:\/\/gltechnics.com\/pl\/#\/schema\/logo\/image\/"}}]}},"_links":{"self":[{"href":"https:\/\/gltechnics.com\/pl\/wp-json\/wp\/v2\/pages\/2727","targetHints":{"allow":["GET"]}}],"collection":[{"href":"https:\/\/gltechnics.com\/pl\/wp-json\/wp\/v2\/pages"}],"about":[{"href":"https:\/\/gltechnics.com\/pl\/wp-json\/wp\/v2\/types\/page"}],"author":[{"embeddable":true,"href":"https:\/\/gltechnics.com\/pl\/wp-json\/wp\/v2\/users\/1"}],"replies":[{"embeddable":true,"href":"https:\/\/gltechnics.com\/pl\/wp-json\/wp\/v2\/comments?post=2727"}],"version-history":[{"count":5,"href":"https:\/\/gltechnics.com\/pl\/wp-json\/wp\/v2\/pages\/2727\/revisions"}],"predecessor-version":[{"id":3311,"href":"https:\/\/gltechnics.com\/pl\/wp-json\/wp\/v2\/pages\/2727\/revisions\/3311"}],"wp:attachment":[{"href":"https:\/\/gltechnics.com\/pl\/wp-json\/wp\/v2\/media?parent=2727"}],"curies":[{"name":"wp","href":"https:\/\/api.w.org\/{rel}","templated":true}]}}