{"id":2765,"date":"2024-09-17T13:09:24","date_gmt":"2024-09-17T10:09:24","guid":{"rendered":"https:\/\/gltechnics.com\/oproznianie-lejow-i-pojemnikow\/"},"modified":"2025-01-03T11:47:18","modified_gmt":"2025-01-03T09:47:18","slug":"oproznianie-lejow-i-pojemnikow","status":"publish","type":"page","link":"https:\/\/gltechnics.com\/pl\/oproznianie-lejow-i-pojemnikow\/","title":{"rendered":"Opr\u00f3\u017cnianie lej\u00f3w i pojemnik\u00f3w"},"content":{"rendered":"\t\t<div data-elementor-type=\"wp-page\" data-elementor-id=\"2765\" class=\"elementor elementor-2765 elementor-336\" data-elementor-post-type=\"page\">\n\t\t\t\t<div class=\"elementor-element elementor-element-c3dfb3c e-con-full e-flex e-con e-parent\" data-id=\"c3dfb3c\" data-element_type=\"container\" data-settings=\"{&quot;background_background&quot;:&quot;classic&quot;}\">\n\t\t<div class=\"elementor-element elementor-element-e21021c e-flex e-con-boxed e-con e-child\" data-id=\"e21021c\" data-element_type=\"container\">\n\t\t\t\t\t<div class=\"e-con-inner\">\n\t\t<div class=\"elementor-element elementor-element-8662c46 e-flex e-con-boxed e-con e-child\" data-id=\"8662c46\" data-element_type=\"container\" data-settings=\"{&quot;background_background&quot;:&quot;classic&quot;}\">\n\t\t\t\t\t<div class=\"e-con-inner\">\n\t\t\t\t<div class=\"elementor-element elementor-element-c162f19 elementor-invisible elementor-widget elementor-widget-heading\" data-id=\"c162f19\" data-element_type=\"widget\" data-settings=\"{&quot;_animation&quot;:&quot;fadeInDown&quot;}\" data-widget_type=\"heading.default\">\n\t\t\t\t<div class=\"elementor-widget-container\">\n\t\t\t\t\t<h1 class=\"elementor-heading-title elementor-size-default\">Opr\u00f3\u017cnianie lej\u00f3w i pojemnik\u00f3w<\/h1>\t\t\t\t<\/div>\n\t\t\t\t<\/div>\n\t\t\t\t<div class=\"elementor-element elementor-element-6f73b3e elementor-invisible elementor-widget elementor-widget-heading\" data-id=\"6f73b3e\" data-element_type=\"widget\" data-settings=\"{&quot;_animation&quot;:&quot;fadeInDown&quot;}\" data-widget_type=\"heading.default\">\n\t\t\t\t<div class=\"elementor-widget-container\">\n\t\t\t\t\t<h2 class=\"elementor-heading-title elementor-size-default\">Zwi\u0119kszenie wydajno\u015bci roz\u0142adunku materia\u0142\u00f3w dzi\u0119ki systemowi wibracyjnym \u201eRockhammer\u201d<\/h2>\t\t\t\t<\/div>\n\t\t\t\t<\/div>\n\t\t\t\t\t<\/div>\n\t\t\t\t<\/div>\n\t\t\t\t\t<\/div>\n\t\t\t\t<\/div>\n\t\t\t\t<\/div>\n\t\t<div class=\"elementor-element elementor-element-1c5e7ba e-flex e-con-boxed e-con e-parent\" data-id=\"1c5e7ba\" data-element_type=\"container\">\n\t\t\t\t\t<div class=\"e-con-inner\">\n\t\t<div class=\"elementor-element elementor-element-166e812 e-con-full e-flex elementor-invisible e-con e-child\" data-id=\"166e812\" data-element_type=\"container\" data-settings=\"{&quot;animation&quot;:&quot;fadeInRight&quot;}\">\n\t\t\t\t<div class=\"elementor-element elementor-element-73494a9 elementor-widget elementor-widget-video\" data-id=\"73494a9\" data-element_type=\"widget\" data-settings=\"{&quot;video_type&quot;:&quot;hosted&quot;,&quot;autoplay&quot;:&quot;yes&quot;,&quot;loop&quot;:&quot;yes&quot;}\" data-widget_type=\"video.default\">\n\t\t\t\t<div class=\"elementor-widget-container\">\n\t\t\t\t\t\t\t<div class=\"e-hosted-video elementor-wrapper elementor-open-inline\">\n\t\t\t\t\t<video class=\"elementor-video\" src=\"https:\/\/gltechnics.com\/wp-content\/uploads\/2024\/12\/RH200.webm\" autoplay=\"\" loop=\"\" controlsList=\"nodownload\"><\/video>\n\t\t\t\t<\/div>\n\t\t\t\t\t\t<\/div>\n\t\t\t\t<\/div>\n\t\t\t\t<\/div>\n\t\t<div class=\"elementor-element elementor-element-271dcec e-con-full e-flex elementor-invisible e-con e-child\" data-id=\"271dcec\" data-element_type=\"container\" data-settings=\"{&quot;animation&quot;:&quot;fadeIn&quot;}\">\n\t\t\t\t<div class=\"elementor-element elementor-element-553a5ba elementor-widget__width-initial elementor-widget elementor-widget-heading\" data-id=\"553a5ba\" data-element_type=\"widget\" data-widget_type=\"heading.default\">\n\t\t\t\t<div class=\"elementor-widget-container\">\n\t\t\t\t\t<h2 class=\"elementor-heading-title elementor-size-default\">Gdy inni zawodz\u0105, my mamy rozwi\u0105zanie\n<\/h2>\t\t\t\t<\/div>\n\t\t\t\t<\/div>\n\t\t\t\t<div class=\"elementor-element elementor-element-80bf519 elementor-widget elementor-widget-text-editor\" data-id=\"80bf519\" data-element_type=\"widget\" data-widget_type=\"text-editor.default\">\n\t\t\t\t<div class=\"elementor-widget-container\">\n\t\t\t\t\t\t\t\t\t<p>Transport i magazynowanie materia\u0142\u00f3w sypkich w wielu bran\u017cach wi\u0105\u017ce si\u0119 z powa\u017cnymi wyzwaniami, od zatkanych silos\u00f3w po materia\u0142y przyklejaj\u0105ce si\u0119 do system\u00f3w przeno\u015bnik\u00f3w. Tradycyjne rozwi\u0105zania cz\u0119sto zawodz\u0105, prowadz\u0105c do kosztownych op\u00f3\u017anie\u0144 i przerw w produkcji. Ale dzi\u0119ki zaawansowanym systemom wibracyjnym <strong>Rockhammer<\/strong> te problemy staj\u0105 si\u0119 przesz\u0142o\u015bci\u0105.  <\/p>\n<p>Seria <strong>RH-200<\/strong> i <strong>RH-500<\/strong> <strong>Rockhammer<\/strong> zosta\u0142a zaprojektowana z my\u015bl\u0105 o najbardziej wymagaj\u0105cych scenariuszach, w kt\u00f3rych inne systemy zawodz\u0105. Te jednostki wibracyjne zapewniaj\u0105 nisk\u0105 amplitud\u0119, ale pot\u0119\u017cne uderzenia, kt\u00f3re skutecznie usuwaj\u0105 materia\u0142y ze \u015bcian bunkr\u00f3w, silos\u00f3w, zsyp\u00f3w przeno\u015bnik\u00f3w i pojemnik\u00f3w, zapewniaj\u0105c nieprzerwan\u0105 prac\u0119. W przeciwie\u0144stwie do konwencjonalnych system\u00f3w wibracyjnych, kt\u00f3re zmagaj\u0105 si\u0119 z zablokowanymi materia\u0142ami,<br \/><strong>Rockhammer<\/strong> zapewnia solidne i niezawodne rozwi\u0105zanie, daj\u0105c Twojej firmie przewag\u0119 konkurencyjn\u0105, kt\u00f3rej potrzebuje.  <\/p>\n<p>Nie pozw\u00f3l, by problemy z transportem materia\u0142\u00f3w sypkich spowolni\u0142y Twoj\u0105 dzia\u0142alno\u015b\u0107. Wybierz <strong>Rockhammer<\/strong>, aby uzyska\u0107 najwy\u017csz\u0105 wydajno\u015b\u0107 tam, gdzie inni nie mog\u0105 konkurowa\u0107. <\/p>\n\t\t\t\t\t\t\t\t<\/div>\n\t\t\t\t<\/div>\n\t\t\t\t<\/div>\n\t\t\t\t\t<\/div>\n\t\t\t\t<\/div>\n\t\t<div class=\"elementor-element elementor-element-7b36f4d e-flex e-con-boxed e-con e-parent\" data-id=\"7b36f4d\" data-element_type=\"container\">\n\t\t\t\t\t<div class=\"e-con-inner\">\n\t\t<div class=\"elementor-element elementor-element-4a93be1 e-con-full e-flex elementor-invisible e-con e-child\" data-id=\"4a93be1\" data-element_type=\"container\" data-settings=\"{&quot;animation&quot;:&quot;fadeIn&quot;}\">\n\t\t\t\t<div class=\"elementor-element elementor-element-7bb6382 elementor-widget elementor-widget-heading\" data-id=\"7bb6382\" data-element_type=\"widget\" data-widget_type=\"heading.default\">\n\t\t\t\t<div class=\"elementor-widget-container\">\n\t\t\t\t\t<h2 class=\"elementor-heading-title elementor-size-default\">Niepowstrzymany przep\u0142yw materia\u0142\u00f3w sypkich dla ka\u017cdej bran\u017cy\n<\/h2>\t\t\t\t<\/div>\n\t\t\t\t<\/div>\n\t\t\t\t<div class=\"elementor-element elementor-element-a7d9174 elementor-widget elementor-widget-text-editor\" data-id=\"a7d9174\" data-element_type=\"widget\" data-widget_type=\"text-editor.default\">\n\t\t\t\t<div class=\"elementor-widget-container\">\n\t\t\t\t\t\t\t\t\t<p>Innowacyjne systemy wibracyjne <strong>Rockhammer<\/strong> s\u0105 najlepszym rozwi\u0105zaniem dla bran\u017c, kt\u00f3re polegaj\u0105 na wydajnej obs\u0142udze materia\u0142\u00f3w sypkich. Niezale\u017cnie od tego, czy dzia\u0142asz w g\u00f3rnictwie, budownictwie, rolnictwie czy produkcji energii, modele <strong>Rockhammer<\/strong> <strong>RH-200<\/strong> i <strong>RH-500<\/strong> zapewniaj\u0105 moc i precyzj\u0119 potrzebn\u0105 do sprostania najtrudniejszym wyzwaniom zwi\u0105zanym z przep\u0142ywem materia\u0142\u00f3w. <\/p>\n<p>Nasze systemy s\u0105 idealne dla fabryk, port\u00f3w, terminali i firm sztauerskich, gdzie p\u0142ynny i ci\u0105g\u0142y transfer materia\u0142\u00f3w sypkich ma kluczowe znaczenie dla wydajno\u015bci operacyjnej. Technologia <strong>Rockhammer<\/strong> zapewnia, \u017ce materia\u0142y p\u0142ynnie przemieszczaj\u0105 si\u0119 przez leje, pojemniki, zsypy przeno\u015bnik\u00f3w i inne krytyczne punkty transferu, zapobiegaj\u0105c kosztownym zatorom i op\u00f3\u017anieniom.<\/p>\n<p>W zak\u0142adach produkcji cementu, magazynach i elektrowniach w\u0119glowych, gdzie materia\u0142y sypkie s\u0105 si\u0142\u0105 nap\u0119dow\u0105 operacji, <strong>Rockhammer<\/strong> gwarantuje nieprzerwany przep\u0142yw. Nawet w bran\u017cach takich jak produkcja chemiczna, gdzie niezb\u0119dny jest sta\u0142y ruch materia\u0142\u00f3w ziarnistych lub proszkowych, nasze systemy wyr\u00f3\u017cniaj\u0105 si\u0119 na tle konkurencji. <\/p>\n<p>Wybierz <strong>Rockhammer<\/strong>, aby upewni\u0107 si\u0119, \u017ce Twoja firma dzia\u0142a nieprzerwanie, bez wzgl\u0119du na to, jak trudne jest wyzwanie. Od port\u00f3w po zak\u0142ady przemys\u0142owe, nasze systemy wibracyjne s\u0105 zaprojektowane tak, aby dzia\u0142a\u0142y tam, gdzie inne zawodz\u0105, zapewniaj\u0105c wydajno\u015b\u0107 i niezawodno\u015b\u0107 operacji. <\/p>\n\t\t\t\t\t\t\t\t<\/div>\n\t\t\t\t<\/div>\n\t\t\t\t<\/div>\n\t\t<div class=\"elementor-element elementor-element-021d33d e-con-full e-flex elementor-invisible e-con e-child\" data-id=\"021d33d\" data-element_type=\"container\" data-settings=\"{&quot;animation&quot;:&quot;fadeInRight&quot;}\">\n\t\t\t\t<div class=\"elementor-element elementor-element-9ae319e elementor-widget elementor-widget-image\" data-id=\"9ae319e\" data-element_type=\"widget\" data-widget_type=\"image.default\">\n\t\t\t\t<div class=\"elementor-widget-container\">\n\t\t\t\t\t\t\t\t\t\t\t\t\t\t\t<img fetchpriority=\"high\" decoding=\"async\" width=\"2560\" height=\"1707\" src=\"https:\/\/gltechnics.com\/wp-content\/uploads\/2025\/01\/coal-mining-and-processing-equipment-at-daytime-2023-11-27-05-05-01-utc-scaled-1.webp\" class=\"attachment-full size-full wp-image-2881\" alt=\"Coal mining and processing equipment at daytime\" srcset=\"https:\/\/gltechnics.com\/wp-content\/uploads\/2025\/01\/coal-mining-and-processing-equipment-at-daytime-2023-11-27-05-05-01-utc-scaled-1.webp 2560w, https:\/\/gltechnics.com\/wp-content\/uploads\/2025\/01\/coal-mining-and-processing-equipment-at-daytime-2023-11-27-05-05-01-utc-scaled-1-300x200.webp 300w, https:\/\/gltechnics.com\/wp-content\/uploads\/2025\/01\/coal-mining-and-processing-equipment-at-daytime-2023-11-27-05-05-01-utc-scaled-1-1024x683.webp 1024w, https:\/\/gltechnics.com\/wp-content\/uploads\/2025\/01\/coal-mining-and-processing-equipment-at-daytime-2023-11-27-05-05-01-utc-scaled-1-768x512.webp 768w, https:\/\/gltechnics.com\/wp-content\/uploads\/2025\/01\/coal-mining-and-processing-equipment-at-daytime-2023-11-27-05-05-01-utc-scaled-1-1536x1024.webp 1536w, https:\/\/gltechnics.com\/wp-content\/uploads\/2025\/01\/coal-mining-and-processing-equipment-at-daytime-2023-11-27-05-05-01-utc-scaled-1-2048x1366.webp 2048w\" sizes=\"(max-width: 2560px) 100vw, 2560px\" \/>\t\t\t\t\t\t\t\t\t\t\t\t\t\t\t<\/div>\n\t\t\t\t<\/div>\n\t\t\t\t<\/div>\n\t\t\t\t\t<\/div>\n\t\t\t\t<\/div>\n\t\t<div class=\"elementor-element elementor-element-3a003f8 e-flex e-con-boxed e-con e-parent\" data-id=\"3a003f8\" data-element_type=\"container\">\n\t\t\t\t\t<div class=\"e-con-inner\">\n\t\t\t\t<div class=\"elementor-element elementor-element-d5476b1 table-container elementor-widget elementor-widget-text-editor\" data-id=\"d5476b1\" data-element_type=\"widget\" data-widget_type=\"text-editor.default\">\n\t\t\t\t<div class=\"elementor-widget-container\">\n\t\t\t\t\t\t\t\t\t<table style=\"color: #fff;\">\n<tbody>\n<tr style=\"background-color: #639f0e; color: #fff;\">\n<th>Specyfikacje<\/th>\n<th>Uderzenia<\/th>\n<th>RH-200<\/th>\n<th>RH-500 (wkr\u00f3tce)<\/th>\n<\/tr>\n<tr>\n<td>jednostkowa moc uderzenia<\/td>\n<td>J<\/td>\n<td>200<\/td>\n<td>550<\/td>\n<\/tr>\n<tr>\n<td>ci\u015bnienie powietrza<\/td>\n<td>atm<\/td>\n<td>7<\/td>\n<td>7<\/td>\n<\/tr>\n<tr>\n<td>zu\u017cycie powietrza<\/td>\n<td>l\/min<\/td>\n<td>2000<\/td>\n<td>2800<\/td>\n<\/tr>\n<tr>\n<td>temperatura pracy<\/td>\n<td>C<\/td>\n<td>-30\u2026+40<\/td>\n<td>-30\u2026+40<\/td>\n<\/tr>\n<tr>\n<td>masa<\/td>\n<td>kg<\/td>\n<td>70<\/td>\n<td>120<\/td>\n<\/tr>\n<\/tbody>\n<\/table>\t\t\t\t\t\t\t\t<\/div>\n\t\t\t\t<\/div>\n\t\t\t\t\t<\/div>\n\t\t\t\t<\/div>\n\t\t<div class=\"elementor-element elementor-element-1711d8b e-flex e-con-boxed e-con e-parent\" data-id=\"1711d8b\" data-element_type=\"container\" data-settings=\"{&quot;background_background&quot;:&quot;classic&quot;}\">\n\t\t\t\t\t<div class=\"e-con-inner\">\n\t\t<div class=\"elementor-element elementor-element-10c6d44 e-flex e-con-boxed elementor-invisible e-con e-child\" data-id=\"10c6d44\" data-element_type=\"container\" data-settings=\"{&quot;animation&quot;:&quot;zoomIn&quot;}\">\n\t\t\t\t\t<div class=\"e-con-inner\">\n\t\t\t\t<div class=\"elementor-element elementor-element-1dfa743 elementor-widget elementor-widget-heading\" data-id=\"1dfa743\" data-element_type=\"widget\" data-widget_type=\"heading.default\">\n\t\t\t\t<div class=\"elementor-widget-container\">\n\t\t\t\t\t<h3 class=\"elementor-heading-title elementor-size-default\">Koniec z ci\u0119\u017ck\u0105 prac\u0105. Koniec z kosztownymi przestojami w celu usuni\u0119cia zator\u00f3w i naprawy sprz\u0119tu. <\/h3>\t\t\t\t<\/div>\n\t\t\t\t<\/div>\n\t\t\t\t<div class=\"elementor-element elementor-element-ffaa61e elementor-widget elementor-widget-heading\" data-id=\"ffaa61e\" data-element_type=\"widget\" data-widget_type=\"heading.default\">\n\t\t\t\t<div class=\"elementor-widget-container\">\n\t\t\t\t\t<h3 class=\"elementor-heading-title elementor-size-default\">Skontaktuj si\u0119 z nami ju\u017c dzi\u015b, a poka\u017cemy Ci, jak najnowocze\u015bniejsza technologia ROCKHAMMER rozwi\u0105zuje z\u0142o\u017cone problemy bez Twojego udzia\u0142u.<br> \n<\/h3>\t\t\t\t<\/div>\n\t\t\t\t<\/div>\n\t\t\t\t<div class=\"elementor-element elementor-element-5cd9e57 elementor-align-center elementor-widget elementor-widget-button\" data-id=\"5cd9e57\" data-element_type=\"widget\" data-widget_type=\"button.default\">\n\t\t\t\t<div class=\"elementor-widget-container\">\n\t\t\t\t\t\t\t\t\t<div class=\"elementor-button-wrapper\">\n\t\t\t\t\t<a class=\"elementor-button elementor-button-link elementor-size-md\" href=\"https:\/\/gltechnics.com\/pl\/kontakt\/\">\n\t\t\t\t\t\t<span class=\"elementor-button-content-wrapper\">\n\t\t\t\t\t\t<span class=\"elementor-button-icon\">\n\t\t\t\t<svg aria-hidden=\"true\" class=\"e-font-icon-svg e-fas-arrow-right\" viewBox=\"0 0 448 512\" xmlns=\"http:\/\/www.w3.org\/2000\/svg\"><path d=\"M190.5 66.9l22.2-22.2c9.4-9.4 24.6-9.4 33.9 0L441 239c9.4 9.4 9.4 24.6 0 33.9L246.6 467.3c-9.4 9.4-24.6 9.4-33.9 0l-22.2-22.2c-9.5-9.5-9.3-25 .4-34.3L311.4 296H24c-13.3 0-24-10.7-24-24v-32c0-13.3 10.7-24 24-24h287.4L190.9 101.2c-9.8-9.3-10-24.8-.4-34.3z\"><\/path><\/svg>\t\t\t<\/span>\n\t\t\t\t\t\t\t\t\t<span class=\"elementor-button-text\">SKONTAKTUJ SI\u0118 Z NAMI<\/span>\n\t\t\t\t\t<\/span>\n\t\t\t\t\t<\/a>\n\t\t\t\t<\/div>\n\t\t\t\t\t\t\t\t<\/div>\n\t\t\t\t<\/div>\n\t\t\t\t\t<\/div>\n\t\t\t\t<\/div>\n\t\t\t\t\t<\/div>\n\t\t\t\t<\/div>\n\t\t\t\t<\/div>\n\t\t","protected":false},"excerpt":{"rendered":"<p>Zwi\u0119kszenie wydajno\u015bci roz\u0142adunku materia\u0142\u00f3w dzi\u0119ki systemowi wibracyjnym \u201eRockhammer\u201d https:\/\/gltechnics.com\/wp-content\/uploads\/2024\/12\/RH200.webm Gdy inni zawodz\u0105, my mamy rozwi\u0105zanie Transport i magazynowanie materia\u0142\u00f3w sypkich w wielu bran\u017cach wi\u0105\u017ce si\u0119 z powa\u017cnymi wyzwaniami, od zatkanych silos\u00f3w po materia\u0142y przyklejaj\u0105ce si\u0119 do system\u00f3w przeno\u015bnik\u00f3w. Tradycyjne rozwi\u0105zania cz\u0119sto zawodz\u0105, prowadz\u0105c do kosztownych op\u00f3\u017anie\u0144 i przerw w produkcji. Ale dzi\u0119ki zaawansowanym systemom wibracyjnym [&hellip;]<\/p>\n","protected":false},"author":1,"featured_media":0,"parent":0,"menu_order":0,"comment_status":"closed","ping_status":"closed","template":"elementor_header_footer","meta":{"footnotes":""},"class_list":["post-2765","page","type-page","status-publish","hentry"],"yoast_head":"<!-- This site is optimized with the Yoast SEO plugin v24.1 - https:\/\/yoast.com\/wordpress\/plugins\/seo\/ -->\n<title>Opr\u00f3\u017cnianie lej\u00f3w i pojemnik\u00f3w - Liderzy innowacji w rozwi\u0105zaniach do przetwarzania materia\u0142\u00f3w - Global Technics<\/title>\n<meta name=\"description\" content=\"Poznaj rozwi\u0105zania Global Technics O\u00dc do opr\u00f3\u017cniania lej\u00f3w samowy\u0142adowczych i pojemnik\u00f3w. Zwi\u0119ksz wydajno\u015b\u0107 dzi\u0119ki zaawansowanym wibratorom pneumatycznym i urz\u0105dzeniom.\" \/>\n<meta name=\"robots\" content=\"index, follow, max-snippet:-1, max-image-preview:large, max-video-preview:-1\" \/>\n<link rel=\"canonical\" href=\"https:\/\/gltechnics.com\/pl\/oproznianie-lejow-i-pojemnikow\/\" \/>\n<meta property=\"og:locale\" content=\"pl_PL\" \/>\n<meta property=\"og:type\" content=\"article\" \/>\n<meta property=\"og:title\" content=\"Opr\u00f3\u017cnianie lej\u00f3w i pojemnik\u00f3w - Liderzy innowacji w rozwi\u0105zaniach do przetwarzania materia\u0142\u00f3w - Global Technics\" \/>\n<meta property=\"og:description\" content=\"Poznaj rozwi\u0105zania Global Technics O\u00dc do opr\u00f3\u017cniania lej\u00f3w samowy\u0142adowczych i pojemnik\u00f3w. Zwi\u0119ksz wydajno\u015b\u0107 dzi\u0119ki zaawansowanym wibratorom pneumatycznym i urz\u0105dzeniom.\" \/>\n<meta property=\"og:url\" content=\"https:\/\/gltechnics.com\/pl\/oproznianie-lejow-i-pojemnikow\/\" \/>\n<meta property=\"og:site_name\" content=\"Liderzy innowacji w rozwi\u0105zaniach do przetwarzania materia\u0142\u00f3w - Global Technics\" \/>\n<meta property=\"article:modified_time\" content=\"2025-01-03T09:47:18+00:00\" \/>\n<meta property=\"og:image\" content=\"https:\/\/gltechnics.com\/wp-content\/uploads\/2025\/01\/coal-mining-and-processing-equipment-at-daytime-2023-11-27-05-05-01-utc-scaled-1.webp\" \/>\n\t<meta property=\"og:image:width\" content=\"2560\" \/>\n\t<meta property=\"og:image:height\" content=\"1707\" \/>\n\t<meta property=\"og:image:type\" content=\"image\/webp\" \/>\n<meta name=\"twitter:card\" content=\"summary_large_image\" \/>\n<meta name=\"twitter:label1\" content=\"Szacowany czas czytania\" \/>\n\t<meta name=\"twitter:data1\" content=\"3 minuty\" \/>\n<script type=\"application\/ld+json\" class=\"yoast-schema-graph\">{\"@context\":\"https:\/\/schema.org\",\"@graph\":[{\"@type\":\"WebPage\",\"@id\":\"https:\/\/gltechnics.com\/pl\/oproznianie-lejow-i-pojemnikow\/\",\"url\":\"https:\/\/gltechnics.com\/pl\/oproznianie-lejow-i-pojemnikow\/\",\"name\":\"Opr\u00f3\u017cnianie lej\u00f3w i pojemnik\u00f3w - Liderzy innowacji w rozwi\u0105zaniach do przetwarzania materia\u0142\u00f3w - Global Technics\",\"isPartOf\":{\"@id\":\"https:\/\/gltechnics.com\/pl\/#website\"},\"primaryImageOfPage\":{\"@id\":\"https:\/\/gltechnics.com\/pl\/oproznianie-lejow-i-pojemnikow\/#primaryimage\"},\"image\":{\"@id\":\"https:\/\/gltechnics.com\/pl\/oproznianie-lejow-i-pojemnikow\/#primaryimage\"},\"thumbnailUrl\":\"https:\/\/gltechnics.com\/wp-content\/uploads\/2025\/01\/coal-mining-and-processing-equipment-at-daytime-2023-11-27-05-05-01-utc-scaled-1.webp\",\"datePublished\":\"2024-09-17T10:09:24+00:00\",\"dateModified\":\"2025-01-03T09:47:18+00:00\",\"description\":\"Poznaj rozwi\u0105zania Global Technics O\u00dc do opr\u00f3\u017cniania lej\u00f3w samowy\u0142adowczych i pojemnik\u00f3w. Zwi\u0119ksz wydajno\u015b\u0107 dzi\u0119ki zaawansowanym wibratorom pneumatycznym i urz\u0105dzeniom.\",\"breadcrumb\":{\"@id\":\"https:\/\/gltechnics.com\/pl\/oproznianie-lejow-i-pojemnikow\/#breadcrumb\"},\"inLanguage\":\"pl-PL\",\"potentialAction\":[{\"@type\":\"ReadAction\",\"target\":[\"https:\/\/gltechnics.com\/pl\/oproznianie-lejow-i-pojemnikow\/\"]}]},{\"@type\":\"ImageObject\",\"inLanguage\":\"pl-PL\",\"@id\":\"https:\/\/gltechnics.com\/pl\/oproznianie-lejow-i-pojemnikow\/#primaryimage\",\"url\":\"https:\/\/gltechnics.com\/wp-content\/uploads\/2025\/01\/coal-mining-and-processing-equipment-at-daytime-2023-11-27-05-05-01-utc-scaled-1.webp\",\"contentUrl\":\"https:\/\/gltechnics.com\/wp-content\/uploads\/2025\/01\/coal-mining-and-processing-equipment-at-daytime-2023-11-27-05-05-01-utc-scaled-1.webp\"},{\"@type\":\"BreadcrumbList\",\"@id\":\"https:\/\/gltechnics.com\/pl\/oproznianie-lejow-i-pojemnikow\/#breadcrumb\",\"itemListElement\":[{\"@type\":\"ListItem\",\"position\":1,\"name\":\"Home\",\"item\":\"https:\/\/gltechnics.com\/pl\/\"},{\"@type\":\"ListItem\",\"position\":2,\"name\":\"Opr\u00f3\u017cnianie lej\u00f3w i pojemnik\u00f3w\"}]},{\"@type\":\"WebSite\",\"@id\":\"https:\/\/gltechnics.com\/pl\/#website\",\"url\":\"https:\/\/gltechnics.com\/pl\/\",\"name\":\"Global Technics\",\"description\":\"\",\"publisher\":{\"@id\":\"https:\/\/gltechnics.com\/pl\/#organization\"},\"potentialAction\":[{\"@type\":\"SearchAction\",\"target\":{\"@type\":\"EntryPoint\",\"urlTemplate\":\"https:\/\/gltechnics.com\/pl\/?s={search_term_string}\"},\"query-input\":{\"@type\":\"PropertyValueSpecification\",\"valueRequired\":true,\"valueName\":\"search_term_string\"}}],\"inLanguage\":\"pl-PL\"},{\"@type\":\"Organization\",\"@id\":\"https:\/\/gltechnics.com\/pl\/#organization\",\"name\":\"Global Technics\",\"url\":\"https:\/\/gltechnics.com\/pl\/\",\"logo\":{\"@type\":\"ImageObject\",\"inLanguage\":\"pl-PL\",\"@id\":\"https:\/\/gltechnics.com\/pl\/#\/schema\/logo\/image\/\",\"url\":\"https:\/\/gltechnics.com\/wp-content\/uploads\/2024\/08\/Asset-1-2.svg\",\"contentUrl\":\"https:\/\/gltechnics.com\/wp-content\/uploads\/2024\/08\/Asset-1-2.svg\",\"width\":468,\"height\":128,\"caption\":\"Global Technics\"},\"image\":{\"@id\":\"https:\/\/gltechnics.com\/pl\/#\/schema\/logo\/image\/\"}}]}<\/script>\n<!-- \/ Yoast SEO plugin. -->","yoast_head_json":{"title":"Opr\u00f3\u017cnianie lej\u00f3w i pojemnik\u00f3w - Liderzy innowacji w rozwi\u0105zaniach do przetwarzania materia\u0142\u00f3w - Global Technics","description":"Poznaj rozwi\u0105zania Global Technics O\u00dc do opr\u00f3\u017cniania lej\u00f3w samowy\u0142adowczych i pojemnik\u00f3w. Zwi\u0119ksz wydajno\u015b\u0107 dzi\u0119ki zaawansowanym wibratorom pneumatycznym i urz\u0105dzeniom.","robots":{"index":"index","follow":"follow","max-snippet":"max-snippet:-1","max-image-preview":"max-image-preview:large","max-video-preview":"max-video-preview:-1"},"canonical":"https:\/\/gltechnics.com\/pl\/oproznianie-lejow-i-pojemnikow\/","og_locale":"pl_PL","og_type":"article","og_title":"Opr\u00f3\u017cnianie lej\u00f3w i pojemnik\u00f3w - Liderzy innowacji w rozwi\u0105zaniach do przetwarzania materia\u0142\u00f3w - Global Technics","og_description":"Poznaj rozwi\u0105zania Global Technics O\u00dc do opr\u00f3\u017cniania lej\u00f3w samowy\u0142adowczych i pojemnik\u00f3w. Zwi\u0119ksz wydajno\u015b\u0107 dzi\u0119ki zaawansowanym wibratorom pneumatycznym i urz\u0105dzeniom.","og_url":"https:\/\/gltechnics.com\/pl\/oproznianie-lejow-i-pojemnikow\/","og_site_name":"Liderzy innowacji w rozwi\u0105zaniach do przetwarzania materia\u0142\u00f3w - Global Technics","article_modified_time":"2025-01-03T09:47:18+00:00","og_image":[{"width":2560,"height":1707,"url":"https:\/\/gltechnics.com\/wp-content\/uploads\/2025\/01\/coal-mining-and-processing-equipment-at-daytime-2023-11-27-05-05-01-utc-scaled-1.webp","type":"image\/webp"}],"twitter_card":"summary_large_image","twitter_misc":{"Szacowany czas czytania":"3 minuty"},"schema":{"@context":"https:\/\/schema.org","@graph":[{"@type":"WebPage","@id":"https:\/\/gltechnics.com\/pl\/oproznianie-lejow-i-pojemnikow\/","url":"https:\/\/gltechnics.com\/pl\/oproznianie-lejow-i-pojemnikow\/","name":"Opr\u00f3\u017cnianie lej\u00f3w i pojemnik\u00f3w - Liderzy innowacji w rozwi\u0105zaniach do przetwarzania materia\u0142\u00f3w - Global Technics","isPartOf":{"@id":"https:\/\/gltechnics.com\/pl\/#website"},"primaryImageOfPage":{"@id":"https:\/\/gltechnics.com\/pl\/oproznianie-lejow-i-pojemnikow\/#primaryimage"},"image":{"@id":"https:\/\/gltechnics.com\/pl\/oproznianie-lejow-i-pojemnikow\/#primaryimage"},"thumbnailUrl":"https:\/\/gltechnics.com\/wp-content\/uploads\/2025\/01\/coal-mining-and-processing-equipment-at-daytime-2023-11-27-05-05-01-utc-scaled-1.webp","datePublished":"2024-09-17T10:09:24+00:00","dateModified":"2025-01-03T09:47:18+00:00","description":"Poznaj rozwi\u0105zania Global Technics O\u00dc do opr\u00f3\u017cniania lej\u00f3w samowy\u0142adowczych i pojemnik\u00f3w. Zwi\u0119ksz wydajno\u015b\u0107 dzi\u0119ki zaawansowanym wibratorom pneumatycznym i urz\u0105dzeniom.","breadcrumb":{"@id":"https:\/\/gltechnics.com\/pl\/oproznianie-lejow-i-pojemnikow\/#breadcrumb"},"inLanguage":"pl-PL","potentialAction":[{"@type":"ReadAction","target":["https:\/\/gltechnics.com\/pl\/oproznianie-lejow-i-pojemnikow\/"]}]},{"@type":"ImageObject","inLanguage":"pl-PL","@id":"https:\/\/gltechnics.com\/pl\/oproznianie-lejow-i-pojemnikow\/#primaryimage","url":"https:\/\/gltechnics.com\/wp-content\/uploads\/2025\/01\/coal-mining-and-processing-equipment-at-daytime-2023-11-27-05-05-01-utc-scaled-1.webp","contentUrl":"https:\/\/gltechnics.com\/wp-content\/uploads\/2025\/01\/coal-mining-and-processing-equipment-at-daytime-2023-11-27-05-05-01-utc-scaled-1.webp"},{"@type":"BreadcrumbList","@id":"https:\/\/gltechnics.com\/pl\/oproznianie-lejow-i-pojemnikow\/#breadcrumb","itemListElement":[{"@type":"ListItem","position":1,"name":"Home","item":"https:\/\/gltechnics.com\/pl\/"},{"@type":"ListItem","position":2,"name":"Opr\u00f3\u017cnianie lej\u00f3w i pojemnik\u00f3w"}]},{"@type":"WebSite","@id":"https:\/\/gltechnics.com\/pl\/#website","url":"https:\/\/gltechnics.com\/pl\/","name":"Global Technics","description":"","publisher":{"@id":"https:\/\/gltechnics.com\/pl\/#organization"},"potentialAction":[{"@type":"SearchAction","target":{"@type":"EntryPoint","urlTemplate":"https:\/\/gltechnics.com\/pl\/?s={search_term_string}"},"query-input":{"@type":"PropertyValueSpecification","valueRequired":true,"valueName":"search_term_string"}}],"inLanguage":"pl-PL"},{"@type":"Organization","@id":"https:\/\/gltechnics.com\/pl\/#organization","name":"Global Technics","url":"https:\/\/gltechnics.com\/pl\/","logo":{"@type":"ImageObject","inLanguage":"pl-PL","@id":"https:\/\/gltechnics.com\/pl\/#\/schema\/logo\/image\/","url":"https:\/\/gltechnics.com\/wp-content\/uploads\/2024\/08\/Asset-1-2.svg","contentUrl":"https:\/\/gltechnics.com\/wp-content\/uploads\/2024\/08\/Asset-1-2.svg","width":468,"height":128,"caption":"Global Technics"},"image":{"@id":"https:\/\/gltechnics.com\/pl\/#\/schema\/logo\/image\/"}}]}},"_links":{"self":[{"href":"https:\/\/gltechnics.com\/pl\/wp-json\/wp\/v2\/pages\/2765","targetHints":{"allow":["GET"]}}],"collection":[{"href":"https:\/\/gltechnics.com\/pl\/wp-json\/wp\/v2\/pages"}],"about":[{"href":"https:\/\/gltechnics.com\/pl\/wp-json\/wp\/v2\/types\/page"}],"author":[{"embeddable":true,"href":"https:\/\/gltechnics.com\/pl\/wp-json\/wp\/v2\/users\/1"}],"replies":[{"embeddable":true,"href":"https:\/\/gltechnics.com\/pl\/wp-json\/wp\/v2\/comments?post=2765"}],"version-history":[{"count":11,"href":"https:\/\/gltechnics.com\/pl\/wp-json\/wp\/v2\/pages\/2765\/revisions"}],"predecessor-version":[{"id":3326,"href":"https:\/\/gltechnics.com\/pl\/wp-json\/wp\/v2\/pages\/2765\/revisions\/3326"}],"wp:attachment":[{"href":"https:\/\/gltechnics.com\/pl\/wp-json\/wp\/v2\/media?parent=2765"}],"curies":[{"name":"wp","href":"https:\/\/api.w.org\/{rel}","templated":true}]}}