{"id":1633,"date":"2024-11-27T10:58:01","date_gmt":"2024-11-27T08:58:01","guid":{"rendered":"https:\/\/gltechnics.com\/politica-de-privacidade\/"},"modified":"2024-11-27T11:31:26","modified_gmt":"2024-11-27T09:31:26","slug":"politica-de-privacidade","status":"publish","type":"page","link":"https:\/\/gltechnics.com\/pt-br\/politica-de-privacidade\/","title":{"rendered":"Pol\u00edtica de Privacidade"},"content":{"rendered":"\t\t<div data-elementor-type=\"wp-page\" data-elementor-id=\"1633\" class=\"elementor elementor-1633 elementor-1616\" data-elementor-post-type=\"page\">\n\t\t\t\t<div class=\"elementor-element elementor-element-14402dbc e-flex e-con-boxed e-con e-parent\" data-id=\"14402dbc\" data-element_type=\"container\" data-settings=\"{&quot;background_background&quot;:&quot;classic&quot;}\">\n\t\t\t\t\t<div class=\"e-con-inner\">\n\t\t<div class=\"elementor-element elementor-element-67bf8366 e-flex e-con-boxed e-con e-child\" data-id=\"67bf8366\" data-element_type=\"container\">\n\t\t\t\t\t<div class=\"e-con-inner\">\n\t\t\t\t<div class=\"elementor-element elementor-element-39e89199 elementor-widget elementor-widget-heading\" data-id=\"39e89199\" data-element_type=\"widget\" data-widget_type=\"heading.default\">\n\t\t\t\t<div class=\"elementor-widget-container\">\n\t\t\t\t\t<h1 class=\"elementor-heading-title elementor-size-default\">Pol\u00edtica de Privacidade<\/h1>\t\t\t\t<\/div>\n\t\t\t\t<\/div>\n\t\t\t\t\t<\/div>\n\t\t\t\t<\/div>\n\t\t\t\t\t<\/div>\n\t\t\t\t<\/div>\n\t\t<div class=\"elementor-element elementor-element-27d24e5 e-flex e-con-boxed e-con e-parent\" data-id=\"27d24e5\" data-element_type=\"container\">\n\t\t\t\t\t<div class=\"e-con-inner\">\n\t\t\t\t<div class=\"elementor-element elementor-element-a17241d elementor-widget elementor-widget-text-editor\" data-id=\"a17241d\" data-element_type=\"widget\" data-widget_type=\"text-editor.default\">\n\t\t\t\t<div class=\"elementor-widget-container\">\n\t\t\t\t\t\t\t\t\tGlobal Technics O\u00dc valoriza sua privacidade e cumpre todas as leis e regulamentos aplic\u00e1veis sobre qualquer dado pessoal que possamos coletar sobre voc\u00ea ao visitar nosso site em <a href=\"https:\/\/globaltechnics.eu\">globaltechnics.eu<\/a>. Ao usar nosso site, voc\u00ea concorda com a coleta e uso de seus dados de acordo com esta pol\u00edtica de privacidade.\n\nEsta pol\u00edtica de privacidade tem como objetivo explicar quais dados coletamos, como os utilizamos e seus direitos para proteger seus dados. A pol\u00edtica aplica-se apenas ao nosso site e seus visitantes e n\u00e3o cobre dados coletados por outros canais.\n\nSeu controlador de dados \u00e9 Global Technics O\u00dc\n\nEmail: support@gltechnics.com\n\nColetamos e processamos informa\u00e7\u00f5es de acordo com o Regulamento Geral de Prote\u00e7\u00e3o de Dados (GDPR) da Uni\u00e3o Europeia, em vigor desde 25\/05\/2018.\n<h2>Coleta e Uso de Dados<\/h2>\n<h3>Quais Dados Coletamos<\/h3>\nAs informa\u00e7\u00f5es que coletamos incluem tanto os dados que voc\u00ea nos fornece de forma consciente e ativa ao usar nossos servi\u00e7os ou participar de campanhas, quanto qualquer dado que seus dispositivos enviam ao acessar nossos produtos e servi\u00e7os.\n\nOs dados coletados podem incluir:\n<ul>\n \t<li>Quando voc\u00ea entra em contato conosco por telefone, e-mail ou chat online<\/li>\n \t<li>Quando voc\u00ea navega pelo site <a href=\"https:\/\/globaltechnics.eu\">globaltechnics.eu<\/a><\/li>\n \t<li>Quando comenta, curte ou compartilha uma publica\u00e7\u00e3o em nossa conta de m\u00eddia social<\/li>\n \t<li>Quando se inscreve em nossa newsletter<\/li>\n \t<li>Quando comenta publica\u00e7\u00f5es no nosso site<\/li>\n<\/ul>\n<h3>Tipos de Dados Coletados<\/h3>\n<h4>Dados Pessoais<\/h4>\nSolicitamos informa\u00e7\u00f5es pessoais apenas quando necess\u00e1rio para fornecer um servi\u00e7o a voc\u00ea. Ao entrar em contato conosco ou visitar nosso site, voc\u00ea pode compartilhar as seguintes informa\u00e7\u00f5es conosco:\n<ul>\n \t<li>Nome e sobrenome<\/li>\n \t<li>N\u00famero de identifica\u00e7\u00e3o pessoal<\/li>\n \t<li>Endere\u00e7o de e-mail<\/li>\n \t<li>Endere\u00e7o postal, pa\u00eds, estado, cidade<\/li>\n \t<li>N\u00famero de telefone<\/li>\n \t<li>Hist\u00f3rico de intera\u00e7\u00f5es entre voc\u00ea e n\u00f3s<\/li>\n \t<li>Informa\u00e7\u00f5es sobre seu navegador e endere\u00e7o IP<\/li>\n<\/ul>\n<h4>Arquivos de Log<\/h4>\nNosso site <a href=\"https:\/\/globaltechnics.eu\">globaltechnics.eu<\/a> registra arquivos de log sobre seus visitantes. As informa\u00e7\u00f5es coletadas podem incluir:\n<ul>\n \t<li>Tipo de dispositivo utilizado<\/li>\n \t<li>Endere\u00e7o de Protocolo de Internet (IP)<\/li>\n \t<li>Tipo de navegador<\/li>\n \t<li>Provedor de servi\u00e7os de Internet (ISP)<\/li>\n \t<li>Data e hora da visita ao site<\/li>\n \t<li>P\u00e1ginas de entrada e sa\u00edda, bem como o n\u00famero de cliques<\/li>\n<\/ul>\nOs arquivos de log s\u00e3o utilizados para analisar tend\u00eancias, administrar o site, monitorar atividades dos visitantes e coletar informa\u00e7\u00f5es demogr\u00e1ficas. Estas informa\u00e7\u00f5es n\u00e3o s\u00e3o destinadas a identificar pessoalmente os usu\u00e1rios.\n\n<h4>Cookies<\/h4>\nComo a maioria dos sites, o <a href=\"https:\/\/globaltechnics.eu\">globaltechnics.eu<\/a> usa &#8220;cookies&#8221;. Um cookie \u00e9 essencialmente um arquivo de texto armazenado no seu dispositivo ao visitar um site. Os cookies s\u00e3o usados para definir e salvar prefer\u00eancias, configura\u00e7\u00f5es regionais, op\u00e7\u00f5es de servi\u00e7o e mais.\n\nVoc\u00ea pode desativar os cookies nas configura\u00e7\u00f5es do navegador, mas isso pode afetar o servi\u00e7o oferecido a voc\u00ea.\n\nOs cookies s\u00e3o classificados como persistentes ou de sess\u00e3o. Cookies persistentes permanecem em seu computador ou dispositivo m\u00f3vel mesmo ap\u00f3s fechar o navegador ou o dispositivo. Cookies de sess\u00e3o s\u00e3o apagados imediatamente ap\u00f3s o navegador ser fechado.\n\nOs cookies s\u00e3o divididos por finalidade:\n<b>Cookies Necess\u00e1rios:<\/b> Cookies de sess\u00e3o que permitem o uso de servi\u00e7os oferecidos em nosso site. Esses cookies autenticam os usu\u00e1rios e evitam o uso malicioso de contas. Sem esses cookies, n\u00e3o podemos oferecer os servi\u00e7os desejados.\n\n<b>Cookies de Notifica\u00e7\u00e3o:<\/b> Esses cookies identificam se os usu\u00e1rios aceitaram o uso de cookies no site.\n\n<b>Cookies de Funcionalidade:<\/b> Esses cookies permitem que seu navegador lembre as escolhas feitas ao usar o site, como informa\u00e7\u00f5es de login ou prefer\u00eancias de idioma. O objetivo deles \u00e9 fornecer uma experi\u00eancia mais personalizada e evitar a necessidade de reinserir prefer\u00eancias.\n\n<h3>Como Usamos os Dados<\/h3>\nAs informa\u00e7\u00f5es coletadas podem ser usadas para diversas finalidades, incluindo:\n<ul>\n \t<li>Manter, gerenciar, desenvolver, personalizar e expandir nosso site<\/li>\n \t<li>Coletar estat\u00edsticas para oferecer melhores servi\u00e7os e\/ou ofertas e entender e analisar o comportamento dos visitantes<\/li>\n \t<li>Identificar voc\u00ea por telefone, mensagem ou e-mail<\/li>\n \t<li>Enviar informa\u00e7\u00f5es e solicitar feedback sobre nossos servi\u00e7os<\/li>\n \t<li>Prevenir fraudes e proteger nosso site<\/li>\n \t<li>Interagir com voc\u00ea por meio de contas de m\u00eddia social<\/li>\n \t<li>Revisar o hist\u00f3rico de conversas para acelerar a oferta de conselhos relevantes<\/li>\n \t<li>Melhorar a qualidade do servi\u00e7o e oferecer solu\u00e7\u00f5es de navega\u00e7\u00e3o mais eficientes<\/li>\n \t<li>Desenvolver novos produtos, servi\u00e7os ou melhorar sua funcionalidade<\/li>\n \t<li>Simplificar e agilizar intera\u00e7\u00f5es ao entrar em contato conosco<\/li>\n \t<li>Outros prop\u00f3sitos, como an\u00e1lise de dados, pesquisa de tend\u00eancias e avalia\u00e7\u00e3o da efic\u00e1cia de campanhas publicit\u00e1rias.<\/li>\n<\/ul>\n<h3>Quando Podemos Compartilhar Seus Dados<\/h3>\n<ul>\n \t<li>Podemos compartilhar ou transferir seus dados pessoais em caso de mudan\u00e7a de propriedade, fus\u00e3o, venda de ativos, financiamento ou aquisi\u00e7\u00e3o da nossa empresa. Voc\u00ea ser\u00e1 informado da transfer\u00eancia de dados e da aplica\u00e7\u00e3o de outra pol\u00edtica de privacidade.<\/li>\n \t<li>Podemos compartilhar seus dados com afiliados, exigindo que sigam esta pol\u00edtica de privacidade. Afiliados incluem nossas empresas controladoras, subsidi\u00e1rias, parceiros de joint venture ou outras empresas sob nosso controle.<\/li>\n \t<li>Podemos compartilhar seus dados com parceiros comerciais para oferecer certos produtos, servi\u00e7os ou promo\u00e7\u00f5es.<\/li>\n \t<li>Com seu consentimento, podemos divulgar seus dados pessoais para qualquer outra finalidade.<\/li>\n \t<li>Somos obrigados a divulgar seus dados pessoais se exigido por lei. Em boa f\u00e9, podemos divulgar seus dados para cumprir obriga\u00e7\u00f5es legais, proteger nossos direitos ou propriedade, prevenir ou detectar poss\u00edveis abusos de nossos servi\u00e7os e garantir a seguran\u00e7a dos usu\u00e1rios.<\/li>\n<\/ul>\n<h3>Reten\u00e7\u00e3o de Dados Pessoais<\/h3>\nA empresa ret\u00e9m seus dados pessoais apenas pelo tempo necess\u00e1rio para os fins descritos nesta pol\u00edtica de privacidade. Retemos e usamos seus dados pessoais conforme necess\u00e1rio para cumprir nossas obriga\u00e7\u00f5es legais (por exemplo, reten\u00e7\u00e3o de dados para conformidade com leis aplic\u00e1veis), resolver disputas e aplicar nossos contratos e pol\u00edticas.\n\n<h3>Dados de Crian\u00e7as<\/h3>\nNenhum de nossos produtos ou servi\u00e7os \u00e9 direcionado a crian\u00e7as menores de 13 anos, e n\u00e3o coletamos intencionalmente dados de crian\u00e7as menores de 13 anos. Se descobrirmos que coletamos dados de uma pessoa menor de 13 anos, removeremos essa pessoa de todos os bancos de dados.\n\n<h2>Seus Direitos para Proteger Seus Dados<\/h2>\nVoc\u00ea sempre tem o direito de n\u00e3o compartilhar seus dados conosco, com a compreens\u00e3o de que isso pode afetar sua experi\u00eancia em nosso site. Se voc\u00ea optar por n\u00e3o compartilhar seus dados, n\u00e3o o trataremos de forma desfavor\u00e1vel por isso. Ao fornecer informa\u00e7\u00f5es pessoais, voc\u00ea entende que coletamos, armazenamos, usamos e divulgamos essas informa\u00e7\u00f5es de acordo com esta pol\u00edtica de privacidade. Voc\u00ea tem o direito de solicitar detalhes sobre os dados que coletamos sobre voc\u00ea.\n\nSe recebermos informa\u00e7\u00f5es pessoais sobre voc\u00ea de terceiros, protegeremos esses dados conforme descrito nesta pol\u00edtica de privacidade e em conformidade com as leis da Est\u00f4nia. Se voc\u00ea compartilhar dados de terceiros conosco, confirma que tem o direito e a permiss\u00e3o de faz\u00ea-lo.\n\nMesmo que tenha consentido anteriormente em compartilhar seus dados pessoais conosco para fins de marketing, voc\u00ea tem o direito de mudar de ideia a qualquer momento. Voc\u00ea sempre tem o direito de optar por n\u00e3o se comunicar conosco e solicitar a remo\u00e7\u00e3o de seus dados de nossos bancos de dados. Periodicamente, podemos solicitar informa\u00e7\u00f5es adicionais para verificar sua identidade. Se acreditar que os dados que possu\u00edmos sobre voc\u00ea s\u00e3o imprecisos, desatualizados, incompletos, irrelevantes ou enganosos, entre em contato conosco pelo e-mail support@gltechnics.com. Faremos todos os esfor\u00e7os razo\u00e1veis para corrigir informa\u00e7\u00f5es imprecisas, incompletas, enganosas ou desatualizadas.\n\nSe acreditar que violamos leis de prote\u00e7\u00e3o de dados relevantes e desejar registrar uma reclama\u00e7\u00e3o, entre em contato conosco utilizando os detalhes fornecidos neste documento e inclua informa\u00e7\u00f5es completas sobre a viola\u00e7\u00e3o. Investigaremos sua reclama\u00e7\u00e3o imediatamente e responderemos por escrito, explicando os resultados de nossa investiga\u00e7\u00e3o e descrevendo as medidas que tomaremos para resolver sua reclama\u00e7\u00e3o. Voc\u00ea tamb\u00e9m tem o direito de contatar uma autoridade reguladora ou ag\u00eancia de prote\u00e7\u00e3o de dados.\n\n<h2>Direitos de Prote\u00e7\u00e3o de Dados sob o GDPR<\/h2>\nQueremos garantir que voc\u00ea esteja totalmente ciente de todos os seus direitos de prote\u00e7\u00e3o de dados. Cada usu\u00e1rio do site tem direito ao seguinte:\n<ul>\n \t<li><b>Direito de acesso<\/b> \u2013 Voc\u00ea tem o direito de solicitar c\u00f3pias de seus dados pessoais.<\/li>\n \t<li><b>Direito de retifica\u00e7\u00e3o<\/b> \u2013 Voc\u00ea tem o direito de solicitar a corre\u00e7\u00e3o de dados imprecisos ou o complemento de dados incompletos.<\/li>\n \t<li><b>Direito de exclus\u00e3o<\/b> \u2013 Sob certas condi\u00e7\u00f5es, voc\u00ea tem o direito de solicitar a exclus\u00e3o de seus dados pessoais.<\/li>\n \t<li><b>Direito de restringir o processamento<\/b> \u2013 Sob certas condi\u00e7\u00f5es, voc\u00ea tem o direito de solicitar a restri\u00e7\u00e3o do processamento de seus dados pessoais.<\/li>\n \t<li><b>Direito de oposi\u00e7\u00e3o ao processamento<\/b> \u2013 Sob certas condi\u00e7\u00f5es, voc\u00ea tem o direito de se opor ao processamento de seus dados pessoais.<\/li>\n \t<li><b>Direito \u00e0 portabilidade dos dados<\/b> \u2013 Sob certas condi\u00e7\u00f5es, voc\u00ea tem o direito de solicitar que transfiramos os dados que coletamos para outra organiza\u00e7\u00e3o ou diretamente para voc\u00ea.<\/li>\n<\/ul>\n\n<h2>Seguran\u00e7a dos Seus Dados<\/h2>\nA seguran\u00e7a de seus dados pessoais \u00e9 importante para n\u00f3s, mas lembre-se de que nenhum m\u00e9todo de transmiss\u00e3o de dados pela Internet ou armazenamento eletr\u00f4nico \u00e9 100% seguro. Embora nos esforcemos para usar meios comercialmente aceit\u00e1veis para proteger seus dados, n\u00e3o podemos garantir sua seguran\u00e7a absoluta.\n\nGlobal Technics O\u00dc toma todas as medidas necess\u00e1rias para garantir que seus dados sejam processados de forma segura e em conformidade com esta pol\u00edtica de privacidade e com as leis da Est\u00f4nia. Seus dados n\u00e3o ser\u00e3o transferidos para nenhuma organiza\u00e7\u00e3o ou pa\u00eds, a menos que medidas adequadas de seguran\u00e7a de dados estejam em vigor.\n\n<h2>Links para Outros Sites<\/h2>\nNosso site pode conter links para outros sites que n\u00e3o s\u00e3o operados por n\u00f3s. Se voc\u00ea clicar em um link de terceiros, ser\u00e1 direcionado ao site desse terceiro. Recomendamos fortemente que reveja a pol\u00edtica de privacidade de cada site que visitar.\n\nN\u00e3o temos controle e n\u00e3o assumimos responsabilidade pelo conte\u00fado, pol\u00edticas de privacidade, servi\u00e7os ou pr\u00e1ticas de qualquer site de terceiros.\n\n<h2>Atualiza\u00e7\u00f5es da Pol\u00edtica de Privacidade<\/h2>\nPodemos atualizar esta pol\u00edtica de privacidade conforme necess\u00e1rio. Quando isso ocorrer, alteraremos a data de &#8220;\u00daltima atualiza\u00e7\u00e3o&#8221; na parte inferior deste documento. Ao continuar a usar nosso site ap\u00f3s quaisquer atualiza\u00e7\u00f5es, voc\u00ea aceita as mudan\u00e7as.\n\n\u00daltima atualiza\u00e7\u00e3o em 27\/11\/2024\n\t\t\t\t\t\t\t\t<\/div>\n\t\t\t\t<\/div>\n\t\t\t\t\t<\/div>\n\t\t\t\t<\/div>\n\t\t\t\t<\/div>\n\t\t","protected":false},"excerpt":{"rendered":"<p>Global Technics O\u00dc valoriza sua privacidade e cumpre todas as leis e regulamentos aplic\u00e1veis sobre qualquer dado pessoal que possamos coletar sobre voc\u00ea ao visitar nosso site em globaltechnics.eu. Ao usar nosso site, voc\u00ea concorda com a coleta e uso de seus dados de acordo com esta pol\u00edtica de privacidade. Esta pol\u00edtica de privacidade tem [&hellip;]<\/p>\n","protected":false},"author":1,"featured_media":0,"parent":0,"menu_order":0,"comment_status":"closed","ping_status":"closed","template":"","meta":{"footnotes":""},"class_list":["post-1633","page","type-page","status-publish","hentry"],"yoast_head":"<!-- This site is optimized with the Yoast SEO plugin v24.1 - https:\/\/yoast.com\/wordpress\/plugins\/seo\/ -->\n<title>Pol\u00edtica de Privacidade - L\u00edderes em inova\u00e7\u00e3o em solu\u00e7\u00f5es de processamento de materiais - Global Technics<\/title>\n<meta name=\"robots\" content=\"index, follow, max-snippet:-1, max-image-preview:large, max-video-preview:-1\" \/>\n<link rel=\"canonical\" href=\"https:\/\/gltechnics.com\/pt-br\/politica-de-privacidade\/\" \/>\n<meta property=\"og:locale\" content=\"pt_BR\" \/>\n<meta property=\"og:type\" content=\"article\" \/>\n<meta property=\"og:title\" content=\"Pol\u00edtica de Privacidade - L\u00edderes em inova\u00e7\u00e3o em solu\u00e7\u00f5es de processamento de materiais - Global Technics\" \/>\n<meta property=\"og:description\" content=\"Global Technics O\u00dc valoriza sua privacidade e cumpre todas as leis e regulamentos aplic\u00e1veis sobre qualquer dado pessoal que possamos coletar sobre voc\u00ea ao visitar nosso site em globaltechnics.eu. Ao usar nosso site, voc\u00ea concorda com a coleta e uso de seus dados de acordo com esta pol\u00edtica de privacidade. Esta pol\u00edtica de privacidade tem [&hellip;]\" \/>\n<meta property=\"og:url\" content=\"https:\/\/gltechnics.com\/pt-br\/politica-de-privacidade\/\" \/>\n<meta property=\"og:site_name\" content=\"L\u00edderes em inova\u00e7\u00e3o em solu\u00e7\u00f5es de processamento de materiais - Global Technics\" \/>\n<meta property=\"article:modified_time\" content=\"2024-11-27T09:31:26+00:00\" \/>\n<meta name=\"twitter:card\" content=\"summary_large_image\" \/>\n<meta name=\"twitter:label1\" content=\"Est. tempo de leitura\" \/>\n\t<meta name=\"twitter:data1\" content=\"9 minutos\" \/>\n<script type=\"application\/ld+json\" class=\"yoast-schema-graph\">{\"@context\":\"https:\/\/schema.org\",\"@graph\":[{\"@type\":\"WebPage\",\"@id\":\"https:\/\/gltechnics.com\/pt-br\/politica-de-privacidade\/\",\"url\":\"https:\/\/gltechnics.com\/pt-br\/politica-de-privacidade\/\",\"name\":\"Pol\u00edtica de Privacidade - L\u00edderes em inova\u00e7\u00e3o em solu\u00e7\u00f5es de processamento de materiais - Global Technics\",\"isPartOf\":{\"@id\":\"https:\/\/gltechnics.com\/pt-br\/#website\"},\"datePublished\":\"2024-11-27T08:58:01+00:00\",\"dateModified\":\"2024-11-27T09:31:26+00:00\",\"breadcrumb\":{\"@id\":\"https:\/\/gltechnics.com\/pt-br\/politica-de-privacidade\/#breadcrumb\"},\"inLanguage\":\"pt-BR\",\"potentialAction\":[{\"@type\":\"ReadAction\",\"target\":[\"https:\/\/gltechnics.com\/pt-br\/politica-de-privacidade\/\"]}]},{\"@type\":\"BreadcrumbList\",\"@id\":\"https:\/\/gltechnics.com\/pt-br\/politica-de-privacidade\/#breadcrumb\",\"itemListElement\":[{\"@type\":\"ListItem\",\"position\":1,\"name\":\"Home\",\"item\":\"https:\/\/gltechnics.com\/pt-br\/\"},{\"@type\":\"ListItem\",\"position\":2,\"name\":\"Pol\u00edtica de Privacidade\"}]},{\"@type\":\"WebSite\",\"@id\":\"https:\/\/gltechnics.com\/pt-br\/#website\",\"url\":\"https:\/\/gltechnics.com\/pt-br\/\",\"name\":\"Global Technics\",\"description\":\"\",\"publisher\":{\"@id\":\"https:\/\/gltechnics.com\/pt-br\/#organization\"},\"potentialAction\":[{\"@type\":\"SearchAction\",\"target\":{\"@type\":\"EntryPoint\",\"urlTemplate\":\"https:\/\/gltechnics.com\/pt-br\/?s={search_term_string}\"},\"query-input\":{\"@type\":\"PropertyValueSpecification\",\"valueRequired\":true,\"valueName\":\"search_term_string\"}}],\"inLanguage\":\"pt-BR\"},{\"@type\":\"Organization\",\"@id\":\"https:\/\/gltechnics.com\/pt-br\/#organization\",\"name\":\"Global Technics\",\"url\":\"https:\/\/gltechnics.com\/pt-br\/\",\"logo\":{\"@type\":\"ImageObject\",\"inLanguage\":\"pt-BR\",\"@id\":\"https:\/\/gltechnics.com\/pt-br\/#\/schema\/logo\/image\/\",\"url\":\"https:\/\/gltechnics.com\/wp-content\/uploads\/2024\/08\/Asset-1-2.svg\",\"contentUrl\":\"https:\/\/gltechnics.com\/wp-content\/uploads\/2024\/08\/Asset-1-2.svg\",\"width\":468,\"height\":128,\"caption\":\"Global Technics\"},\"image\":{\"@id\":\"https:\/\/gltechnics.com\/pt-br\/#\/schema\/logo\/image\/\"}}]}<\/script>\n<!-- \/ Yoast SEO plugin. -->","yoast_head_json":{"title":"Pol\u00edtica de Privacidade - L\u00edderes em inova\u00e7\u00e3o em solu\u00e7\u00f5es de processamento de materiais - Global Technics","robots":{"index":"index","follow":"follow","max-snippet":"max-snippet:-1","max-image-preview":"max-image-preview:large","max-video-preview":"max-video-preview:-1"},"canonical":"https:\/\/gltechnics.com\/pt-br\/politica-de-privacidade\/","og_locale":"pt_BR","og_type":"article","og_title":"Pol\u00edtica de Privacidade - L\u00edderes em inova\u00e7\u00e3o em solu\u00e7\u00f5es de processamento de materiais - Global Technics","og_description":"Global Technics O\u00dc valoriza sua privacidade e cumpre todas as leis e regulamentos aplic\u00e1veis sobre qualquer dado pessoal que possamos coletar sobre voc\u00ea ao visitar nosso site em globaltechnics.eu. Ao usar nosso site, voc\u00ea concorda com a coleta e uso de seus dados de acordo com esta pol\u00edtica de privacidade. Esta pol\u00edtica de privacidade tem [&hellip;]","og_url":"https:\/\/gltechnics.com\/pt-br\/politica-de-privacidade\/","og_site_name":"L\u00edderes em inova\u00e7\u00e3o em solu\u00e7\u00f5es de processamento de materiais - Global Technics","article_modified_time":"2024-11-27T09:31:26+00:00","twitter_card":"summary_large_image","twitter_misc":{"Est. tempo de leitura":"9 minutos"},"schema":{"@context":"https:\/\/schema.org","@graph":[{"@type":"WebPage","@id":"https:\/\/gltechnics.com\/pt-br\/politica-de-privacidade\/","url":"https:\/\/gltechnics.com\/pt-br\/politica-de-privacidade\/","name":"Pol\u00edtica de Privacidade - L\u00edderes em inova\u00e7\u00e3o em solu\u00e7\u00f5es de processamento de materiais - Global Technics","isPartOf":{"@id":"https:\/\/gltechnics.com\/pt-br\/#website"},"datePublished":"2024-11-27T08:58:01+00:00","dateModified":"2024-11-27T09:31:26+00:00","breadcrumb":{"@id":"https:\/\/gltechnics.com\/pt-br\/politica-de-privacidade\/#breadcrumb"},"inLanguage":"pt-BR","potentialAction":[{"@type":"ReadAction","target":["https:\/\/gltechnics.com\/pt-br\/politica-de-privacidade\/"]}]},{"@type":"BreadcrumbList","@id":"https:\/\/gltechnics.com\/pt-br\/politica-de-privacidade\/#breadcrumb","itemListElement":[{"@type":"ListItem","position":1,"name":"Home","item":"https:\/\/gltechnics.com\/pt-br\/"},{"@type":"ListItem","position":2,"name":"Pol\u00edtica de Privacidade"}]},{"@type":"WebSite","@id":"https:\/\/gltechnics.com\/pt-br\/#website","url":"https:\/\/gltechnics.com\/pt-br\/","name":"Global Technics","description":"","publisher":{"@id":"https:\/\/gltechnics.com\/pt-br\/#organization"},"potentialAction":[{"@type":"SearchAction","target":{"@type":"EntryPoint","urlTemplate":"https:\/\/gltechnics.com\/pt-br\/?s={search_term_string}"},"query-input":{"@type":"PropertyValueSpecification","valueRequired":true,"valueName":"search_term_string"}}],"inLanguage":"pt-BR"},{"@type":"Organization","@id":"https:\/\/gltechnics.com\/pt-br\/#organization","name":"Global Technics","url":"https:\/\/gltechnics.com\/pt-br\/","logo":{"@type":"ImageObject","inLanguage":"pt-BR","@id":"https:\/\/gltechnics.com\/pt-br\/#\/schema\/logo\/image\/","url":"https:\/\/gltechnics.com\/wp-content\/uploads\/2024\/08\/Asset-1-2.svg","contentUrl":"https:\/\/gltechnics.com\/wp-content\/uploads\/2024\/08\/Asset-1-2.svg","width":468,"height":128,"caption":"Global Technics"},"image":{"@id":"https:\/\/gltechnics.com\/pt-br\/#\/schema\/logo\/image\/"}}]}},"_links":{"self":[{"href":"https:\/\/gltechnics.com\/pt-br\/wp-json\/wp\/v2\/pages\/1633","targetHints":{"allow":["GET"]}}],"collection":[{"href":"https:\/\/gltechnics.com\/pt-br\/wp-json\/wp\/v2\/pages"}],"about":[{"href":"https:\/\/gltechnics.com\/pt-br\/wp-json\/wp\/v2\/types\/page"}],"author":[{"embeddable":true,"href":"https:\/\/gltechnics.com\/pt-br\/wp-json\/wp\/v2\/users\/1"}],"replies":[{"embeddable":true,"href":"https:\/\/gltechnics.com\/pt-br\/wp-json\/wp\/v2\/comments?post=1633"}],"version-history":[{"count":4,"href":"https:\/\/gltechnics.com\/pt-br\/wp-json\/wp\/v2\/pages\/1633\/revisions"}],"predecessor-version":[{"id":1638,"href":"https:\/\/gltechnics.com\/pt-br\/wp-json\/wp\/v2\/pages\/1633\/revisions\/1638"}],"wp:attachment":[{"href":"https:\/\/gltechnics.com\/pt-br\/wp-json\/wp\/v2\/media?parent=1633"}],"curies":[{"name":"wp","href":"https:\/\/api.w.org\/{rel}","templated":true}]}}