{"id":560,"date":"2024-09-17T13:09:24","date_gmt":"2024-09-17T10:09:24","guid":{"rendered":"https:\/\/gltechnics.com\/esvaziamento-de-tremonhas-e-silos\/"},"modified":"2025-01-03T11:48:31","modified_gmt":"2025-01-03T09:48:31","slug":"esvaziamento-de-tremonhas-e-silos","status":"publish","type":"page","link":"https:\/\/gltechnics.com\/pt-br\/esvaziamento-de-tremonhas-e-silos\/","title":{"rendered":"Esvaziamento de tremonhas e silos"},"content":{"rendered":"\t\t<div data-elementor-type=\"wp-page\" data-elementor-id=\"560\" class=\"elementor elementor-560 elementor-336\" data-elementor-post-type=\"page\">\n\t\t\t\t<div class=\"elementor-element elementor-element-c3dfb3c e-con-full e-flex e-con e-parent\" data-id=\"c3dfb3c\" data-element_type=\"container\" data-settings=\"{&quot;background_background&quot;:&quot;classic&quot;}\">\n\t\t<div class=\"elementor-element elementor-element-e21021c e-flex e-con-boxed e-con e-child\" data-id=\"e21021c\" data-element_type=\"container\">\n\t\t\t\t\t<div class=\"e-con-inner\">\n\t\t<div class=\"elementor-element elementor-element-8662c46 e-flex e-con-boxed e-con e-child\" data-id=\"8662c46\" data-element_type=\"container\" data-settings=\"{&quot;background_background&quot;:&quot;classic&quot;}\">\n\t\t\t\t\t<div class=\"e-con-inner\">\n\t\t\t\t<div class=\"elementor-element elementor-element-c162f19 elementor-invisible elementor-widget elementor-widget-heading\" data-id=\"c162f19\" data-element_type=\"widget\" data-settings=\"{&quot;_animation&quot;:&quot;fadeInDown&quot;}\" data-widget_type=\"heading.default\">\n\t\t\t\t<div class=\"elementor-widget-container\">\n\t\t\t\t\t<h1 class=\"elementor-heading-title elementor-size-default\">Esvaziamento de tremonhas e silos<\/h1>\t\t\t\t<\/div>\n\t\t\t\t<\/div>\n\t\t\t\t<div class=\"elementor-element elementor-element-6f73b3e elementor-invisible elementor-widget elementor-widget-heading\" data-id=\"6f73b3e\" data-element_type=\"widget\" data-settings=\"{&quot;_animation&quot;:&quot;fadeInDown&quot;}\" data-widget_type=\"heading.default\">\n\t\t\t\t<div class=\"elementor-widget-container\">\n\t\t\t\t\t<h2 class=\"elementor-heading-title elementor-size-default\">Aumente a produtividade na descarga de materiais com o sistema vibrat\u00f3rio \u201cRockhammer\u201d.<\/h2>\t\t\t\t<\/div>\n\t\t\t\t<\/div>\n\t\t\t\t\t<\/div>\n\t\t\t\t<\/div>\n\t\t\t\t\t<\/div>\n\t\t\t\t<\/div>\n\t\t\t\t<\/div>\n\t\t<div class=\"elementor-element elementor-element-1c5e7ba e-flex e-con-boxed e-con e-parent\" data-id=\"1c5e7ba\" data-element_type=\"container\">\n\t\t\t\t\t<div class=\"e-con-inner\">\n\t\t<div class=\"elementor-element elementor-element-166e812 e-con-full e-flex elementor-invisible e-con e-child\" data-id=\"166e812\" data-element_type=\"container\" data-settings=\"{&quot;animation&quot;:&quot;fadeInRight&quot;}\">\n\t\t\t\t<div class=\"elementor-element elementor-element-55ed8df elementor-widget elementor-widget-video\" data-id=\"55ed8df\" data-element_type=\"widget\" data-settings=\"{&quot;video_type&quot;:&quot;hosted&quot;,&quot;autoplay&quot;:&quot;yes&quot;,&quot;loop&quot;:&quot;yes&quot;}\" data-widget_type=\"video.default\">\n\t\t\t\t<div class=\"elementor-widget-container\">\n\t\t\t\t\t\t\t<div class=\"e-hosted-video elementor-wrapper elementor-open-inline\">\n\t\t\t\t\t<video class=\"elementor-video\" src=\"https:\/\/gltechnics.com\/wp-content\/uploads\/2024\/12\/RH200.webm\" autoplay=\"\" loop=\"\" controlsList=\"nodownload\"><\/video>\n\t\t\t\t<\/div>\n\t\t\t\t\t\t<\/div>\n\t\t\t\t<\/div>\n\t\t\t\t<\/div>\n\t\t<div class=\"elementor-element elementor-element-271dcec e-con-full e-flex elementor-invisible e-con e-child\" data-id=\"271dcec\" data-element_type=\"container\" data-settings=\"{&quot;animation&quot;:&quot;fadeIn&quot;}\">\n\t\t\t\t<div class=\"elementor-element elementor-element-553a5ba elementor-widget__width-initial elementor-widget elementor-widget-heading\" data-id=\"553a5ba\" data-element_type=\"widget\" data-widget_type=\"heading.default\">\n\t\t\t\t<div class=\"elementor-widget-container\">\n\t\t\t\t\t<h2 class=\"elementor-heading-title elementor-size-default\">Quando os outros falham,\ntemos uma solu\u00e7\u00e3o<\/h2>\t\t\t\t<\/div>\n\t\t\t\t<\/div>\n\t\t\t\t<div class=\"elementor-element elementor-element-80bf519 elementor-widget elementor-widget-text-editor\" data-id=\"80bf519\" data-element_type=\"widget\" data-widget_type=\"text-editor.default\">\n\t\t\t\t<div class=\"elementor-widget-container\">\n\t\t\t\t\t\t\t\t\t<p>Ao lidar com o transporte e o armazenamento de materiais a granel, muitos setores enfrentam s\u00e9rios desafios, desde silos entupidos at\u00e9 materiais grudados em sistemas de transportadores. As solu\u00e7\u00f5es tradicionais geralmente ficam aqu\u00e9m do esperado, levando a atrasos dispendiosos e interrup\u00e7\u00f5es na produ\u00e7\u00e3o. Mas com os avan\u00e7ados sistemas vibrat\u00f3rios da <strong>Rockhammer<\/strong>, esses problemas se tornam coisa do passado.  <\/p>\n<p>As s\u00e9ries <strong>RH-200<\/strong> e <strong>RH-500<\/strong> da <strong>Rockhammer<\/strong> foram projetadas para os cen\u00e1rios mais exigentes em que outros sistemas falham. Essas unidades vibrat\u00f3rias proporcionam golpes de baixa amplitude, mas potentes, que efetivamente desalojam materiais das paredes de bunker, silos, calhas de transportadores e silos, garantindo que suas opera\u00e7\u00f5es permane\u00e7am ininterruptas. Ao contr\u00e1rio dos sistemas vibrat\u00f3rios convencionais que enfrentam dificuldades com materiais presos, o <strong>Rockhammer<\/strong> oferece uma solu\u00e7\u00e3o robusta e confi\u00e1vel, dando \u00e0 sua empresa a vantagem competitiva de que ela precisa.  <\/p>\n<p>N\u00e3o deixe que os problemas de manuseio de materiais a granel atrasem suas opera\u00e7\u00f5es. Escolha o <strong>Rockhammer<\/strong> para obter um desempenho superior onde os outros n\u00e3o podem competir. <\/p>\n\t\t\t\t\t\t\t\t<\/div>\n\t\t\t\t<\/div>\n\t\t\t\t<\/div>\n\t\t\t\t\t<\/div>\n\t\t\t\t<\/div>\n\t\t<div class=\"elementor-element elementor-element-7b36f4d e-flex e-con-boxed e-con e-parent\" data-id=\"7b36f4d\" data-element_type=\"container\">\n\t\t\t\t\t<div class=\"e-con-inner\">\n\t\t<div class=\"elementor-element elementor-element-4a93be1 e-con-full e-flex elementor-invisible e-con e-child\" data-id=\"4a93be1\" data-element_type=\"container\" data-settings=\"{&quot;animation&quot;:&quot;fadeIn&quot;}\">\n\t\t\t\t<div class=\"elementor-element elementor-element-7bb6382 elementor-widget elementor-widget-heading\" data-id=\"7bb6382\" data-element_type=\"widget\" data-widget_type=\"heading.default\">\n\t\t\t\t<div class=\"elementor-widget-container\">\n\t\t\t\t\t<h2 class=\"elementor-heading-title elementor-size-default\">Fluxo impar\u00e1vel de material a granel para todos os setores\n<\/h2>\t\t\t\t<\/div>\n\t\t\t\t<\/div>\n\t\t\t\t<div class=\"elementor-element elementor-element-a7d9174 elementor-widget elementor-widget-text-editor\" data-id=\"a7d9174\" data-element_type=\"widget\" data-widget_type=\"text-editor.default\">\n\t\t\t\t<div class=\"elementor-widget-container\">\n\t\t\t\t\t\t\t\t\t<p>Os sistemas vibrat\u00f3rios inovadores da <strong>Rockhammer<\/strong> s\u00e3o a solu\u00e7\u00e3o definitiva para os setores que dependem do manuseio eficiente de materiais a granel. Seja em minera\u00e7\u00e3o, constru\u00e7\u00e3o, agricultura ou produ\u00e7\u00e3o de energia, os modelos <strong>RH-200<\/strong> e <strong>RH-500<\/strong> da <strong>Rockhammer<\/strong> fornecem a pot\u00eancia e a precis\u00e3o necess\u00e1rias para superar os desafios mais dif\u00edceis do fluxo de materiais. <\/p>\n<p>Nossos sistemas s\u00e3o ideais para f\u00e1bricas, portos, terminais e empresas de estiva, onde a transfer\u00eancia suave e cont\u00ednua de materiais a granel \u00e9 crucial para a efici\u00eancia operacional. A tecnologia <strong>Rockhammer<\/strong> garante que os materiais se movam sem problemas atrav\u00e9s de tremonhas, silos, calhas de transportadores e outros pontos cr\u00edticos de transfer\u00eancia, evitando bloqueios e atrasos dispendiosos.<\/p>\n<p>Em f\u00e1bricas de produ\u00e7\u00e3o de cimento, instala\u00e7\u00f5es de armazenamento e usinas el\u00e9tricas a carv\u00e3o, onde os materiais a granel s\u00e3o a for\u00e7a vital de sua opera\u00e7\u00e3o, o <strong>Rockhammer<\/strong> garante um fluxo ininterrupto. Mesmo em setores como o de fabrica\u00e7\u00e3o de produtos qu\u00edmicos, em que o movimento consistente de materiais granulares ou em p\u00f3 \u00e9 essencial, nossos sistemas s\u00e3o excelentes. <\/p>\n<p>Escolha a <strong>Rockhammer<\/strong> para garantir que sua empresa continue em movimento, n\u00e3o importa o qu\u00e3o dif\u00edcil seja o desafio. De portos a plantas industriais, nossos sistemas vibrat\u00f3rios s\u00e3o projetados para funcionar onde outros falham, mantendo suas opera\u00e7\u00f5es eficientes e confi\u00e1veis. <\/p>\n\t\t\t\t\t\t\t\t<\/div>\n\t\t\t\t<\/div>\n\t\t\t\t<\/div>\n\t\t<div class=\"elementor-element elementor-element-376ff4e e-con-full e-flex elementor-invisible e-con e-child\" data-id=\"376ff4e\" data-element_type=\"container\" data-settings=\"{&quot;animation&quot;:&quot;fadeInRight&quot;}\">\n\t\t\t\t<div class=\"elementor-element elementor-element-bbb1d96 elementor-widget elementor-widget-image\" data-id=\"bbb1d96\" data-element_type=\"widget\" data-widget_type=\"image.default\">\n\t\t\t\t<div class=\"elementor-widget-container\">\n\t\t\t\t\t\t\t\t\t\t\t\t\t\t\t<img fetchpriority=\"high\" decoding=\"async\" width=\"2560\" height=\"1707\" src=\"https:\/\/gltechnics.com\/wp-content\/uploads\/2025\/01\/coal-mining-and-processing-equipment-at-daytime-2023-11-27-05-05-01-utc-scaled-1.webp\" class=\"attachment-full size-full wp-image-2882\" alt=\"Coal mining and processing equipment at daytime\" srcset=\"https:\/\/gltechnics.com\/wp-content\/uploads\/2025\/01\/coal-mining-and-processing-equipment-at-daytime-2023-11-27-05-05-01-utc-scaled-1.webp 2560w, https:\/\/gltechnics.com\/wp-content\/uploads\/2025\/01\/coal-mining-and-processing-equipment-at-daytime-2023-11-27-05-05-01-utc-scaled-1-300x200.webp 300w, https:\/\/gltechnics.com\/wp-content\/uploads\/2025\/01\/coal-mining-and-processing-equipment-at-daytime-2023-11-27-05-05-01-utc-scaled-1-1024x683.webp 1024w, https:\/\/gltechnics.com\/wp-content\/uploads\/2025\/01\/coal-mining-and-processing-equipment-at-daytime-2023-11-27-05-05-01-utc-scaled-1-768x512.webp 768w, https:\/\/gltechnics.com\/wp-content\/uploads\/2025\/01\/coal-mining-and-processing-equipment-at-daytime-2023-11-27-05-05-01-utc-scaled-1-1536x1024.webp 1536w, https:\/\/gltechnics.com\/wp-content\/uploads\/2025\/01\/coal-mining-and-processing-equipment-at-daytime-2023-11-27-05-05-01-utc-scaled-1-2048x1366.webp 2048w\" sizes=\"(max-width: 2560px) 100vw, 2560px\" \/>\t\t\t\t\t\t\t\t\t\t\t\t\t\t\t<\/div>\n\t\t\t\t<\/div>\n\t\t\t\t<\/div>\n\t\t\t\t\t<\/div>\n\t\t\t\t<\/div>\n\t\t<div class=\"elementor-element elementor-element-3a003f8 e-flex e-con-boxed e-con e-parent\" data-id=\"3a003f8\" data-element_type=\"container\">\n\t\t\t\t\t<div class=\"e-con-inner\">\n\t\t\t\t<div class=\"elementor-element elementor-element-d5476b1 table-container elementor-widget elementor-widget-text-editor\" data-id=\"d5476b1\" data-element_type=\"widget\" data-widget_type=\"text-editor.default\">\n\t\t\t\t<div class=\"elementor-widget-container\">\n\t\t\t\t\t\t\t\t\t<table style=\"color: #fff;\">\n<tbody>\n<tr style=\"background-color: #639f0e; color: #fff;\">\n<th>Especifica\u00e7\u00f5es<\/th>\n<th>Unidade<\/th>\n<th>RH-200<\/th>\n<th>RH-500 (em breve)<\/th>\n<\/tr>\n<tr>\n<td>unidade de pot\u00eancia de impacto<\/td>\n<td>J<\/td>\n<td>200<\/td>\n<td>550<\/td>\n<\/tr>\n<tr>\n<td>press\u00e3o do ar<\/td>\n<td>atm<\/td>\n<td>7<\/td>\n<td>7<\/td>\n<\/tr>\n<tr>\n<td>consumo de ar<\/td>\n<td>l\/min<\/td>\n<td>2000<\/td>\n<td>2800<\/td>\n<\/tr>\n<tr>\n<td>temperatura operacional<\/td>\n<td>C<\/td>\n<td>-30\u2026+40<\/td>\n<td>-30\u2026+40<\/td>\n<\/tr>\n<tr>\n<td>peso<\/td>\n<td>kg<\/td>\n<td>70<\/td>\n<td>120<\/td>\n<\/tr>\n<\/tbody>\n<\/table>\t\t\t\t\t\t\t\t<\/div>\n\t\t\t\t<\/div>\n\t\t\t\t\t<\/div>\n\t\t\t\t<\/div>\n\t\t<div class=\"elementor-element elementor-element-b80be34 e-flex e-con-boxed e-con e-parent\" data-id=\"b80be34\" data-element_type=\"container\" data-settings=\"{&quot;background_background&quot;:&quot;classic&quot;}\">\n\t\t\t\t\t<div class=\"e-con-inner\">\n\t\t<div class=\"elementor-element elementor-element-7c35491 e-flex e-con-boxed elementor-invisible e-con e-child\" data-id=\"7c35491\" data-element_type=\"container\" data-settings=\"{&quot;animation&quot;:&quot;zoomIn&quot;}\">\n\t\t\t\t\t<div class=\"e-con-inner\">\n\t\t\t\t<div class=\"elementor-element elementor-element-2a19d7d elementor-widget elementor-widget-heading\" data-id=\"2a19d7d\" data-element_type=\"widget\" data-widget_type=\"heading.default\">\n\t\t\t\t<div class=\"elementor-widget-container\">\n\t\t\t\t\t<h3 class=\"elementor-heading-title elementor-size-default\">Sem mais trabalho pesado. Sem mais paralisa\u00e7\u00f5es caras para limpar obstru\u00e7\u00f5es e reparar equipamentos.<\/h3>\t\t\t\t<\/div>\n\t\t\t\t<\/div>\n\t\t\t\t<div class=\"elementor-element elementor-element-099844b elementor-widget elementor-widget-heading\" data-id=\"099844b\" data-element_type=\"widget\" data-widget_type=\"heading.default\">\n\t\t\t\t<div class=\"elementor-widget-container\">\n\t\t\t\t\t<h3 class=\"elementor-heading-title elementor-size-default\">Entre em contato conosco hoje e mostraremos como a tecnologia de ponta da ROCKHAMMER resolve problemas complexos sem a sua interven\u00e7\u00e3o.<\/h3>\t\t\t\t<\/div>\n\t\t\t\t<\/div>\n\t\t\t\t<div class=\"elementor-element elementor-element-7dbbccb elementor-align-center elementor-widget elementor-widget-button\" data-id=\"7dbbccb\" data-element_type=\"widget\" data-widget_type=\"button.default\">\n\t\t\t\t<div class=\"elementor-widget-container\">\n\t\t\t\t\t\t\t\t\t<div class=\"elementor-button-wrapper\">\n\t\t\t\t\t<a class=\"elementor-button elementor-button-link elementor-size-md\" href=\"\/contact\/\">\n\t\t\t\t\t\t<span class=\"elementor-button-content-wrapper\">\n\t\t\t\t\t\t<span class=\"elementor-button-icon\">\n\t\t\t\t<svg aria-hidden=\"true\" class=\"e-font-icon-svg e-fas-arrow-right\" viewBox=\"0 0 448 512\" xmlns=\"http:\/\/www.w3.org\/2000\/svg\"><path d=\"M190.5 66.9l22.2-22.2c9.4-9.4 24.6-9.4 33.9 0L441 239c9.4 9.4 9.4 24.6 0 33.9L246.6 467.3c-9.4 9.4-24.6 9.4-33.9 0l-22.2-22.2c-9.5-9.5-9.3-25 .4-34.3L311.4 296H24c-13.3 0-24-10.7-24-24v-32c0-13.3 10.7-24 24-24h287.4L190.9 101.2c-9.8-9.3-10-24.8-.4-34.3z\"><\/path><\/svg>\t\t\t<\/span>\n\t\t\t\t\t\t\t\t\t<span class=\"elementor-button-text\">Contact us<\/span>\n\t\t\t\t\t<\/span>\n\t\t\t\t\t<\/a>\n\t\t\t\t<\/div>\n\t\t\t\t\t\t\t\t<\/div>\n\t\t\t\t<\/div>\n\t\t\t\t\t<\/div>\n\t\t\t\t<\/div>\n\t\t\t\t\t<\/div>\n\t\t\t\t<\/div>\n\t\t\t\t<\/div>\n\t\t","protected":false},"excerpt":{"rendered":"<p>Aumente a produtividade na descarga de materiais com o sistema vibrat\u00f3rio \u201cRockhammer\u201d. https:\/\/gltechnics.com\/wp-content\/uploads\/2024\/12\/RH200.webm Quando os outros falham, temos uma solu\u00e7\u00e3o Ao lidar com o transporte e o armazenamento de materiais a granel, muitos setores enfrentam s\u00e9rios desafios, desde silos entupidos at\u00e9 materiais grudados em sistemas de transportadores. As solu\u00e7\u00f5es tradicionais geralmente ficam aqu\u00e9m do esperado, [&hellip;]<\/p>\n","protected":false},"author":1,"featured_media":0,"parent":0,"menu_order":0,"comment_status":"closed","ping_status":"closed","template":"elementor_header_footer","meta":{"footnotes":""},"class_list":["post-560","page","type-page","status-publish","hentry"],"yoast_head":"<!-- This site is optimized with the Yoast SEO plugin v24.1 - https:\/\/yoast.com\/wordpress\/plugins\/seo\/ -->\n<title>Esvaziamento de tremonhas e silos - L\u00edderes em inova\u00e7\u00e3o em solu\u00e7\u00f5es de processamento de materiais - Global Technics<\/title>\n<meta name=\"description\" content=\"Explore as solu\u00e7\u00f5es da Global Technics O\u00dc para esvaziamento de tremonhas e silos. Aumente a efici\u00eancia com vibradores e equipamentos pneum\u00e1ticos avan\u00e7ados.\" \/>\n<meta name=\"robots\" content=\"index, follow, max-snippet:-1, max-image-preview:large, max-video-preview:-1\" \/>\n<link rel=\"canonical\" href=\"https:\/\/gltechnics.com\/pt-br\/esvaziamento-de-tremonhas-e-silos\/\" \/>\n<meta property=\"og:locale\" content=\"pt_BR\" \/>\n<meta property=\"og:type\" content=\"article\" \/>\n<meta property=\"og:title\" content=\"Esvaziamento de tremonhas e silos - L\u00edderes em inova\u00e7\u00e3o em solu\u00e7\u00f5es de processamento de materiais - Global Technics\" \/>\n<meta property=\"og:description\" content=\"Explore as solu\u00e7\u00f5es da Global Technics O\u00dc para esvaziamento de tremonhas e silos. Aumente a efici\u00eancia com vibradores e equipamentos pneum\u00e1ticos avan\u00e7ados.\" \/>\n<meta property=\"og:url\" content=\"https:\/\/gltechnics.com\/pt-br\/esvaziamento-de-tremonhas-e-silos\/\" \/>\n<meta property=\"og:site_name\" content=\"L\u00edderes em inova\u00e7\u00e3o em solu\u00e7\u00f5es de processamento de materiais - Global Technics\" \/>\n<meta property=\"article:modified_time\" content=\"2025-01-03T09:48:31+00:00\" \/>\n<meta property=\"og:image\" content=\"https:\/\/gltechnics.com\/wp-content\/uploads\/2025\/01\/coal-mining-and-processing-equipment-at-daytime-2023-11-27-05-05-01-utc-scaled-1.webp\" \/>\n\t<meta property=\"og:image:width\" content=\"2560\" \/>\n\t<meta property=\"og:image:height\" content=\"1707\" \/>\n\t<meta property=\"og:image:type\" content=\"image\/webp\" \/>\n<meta name=\"twitter:card\" content=\"summary_large_image\" \/>\n<meta name=\"twitter:label1\" content=\"Est. tempo de leitura\" \/>\n\t<meta name=\"twitter:data1\" content=\"3 minutos\" \/>\n<script type=\"application\/ld+json\" class=\"yoast-schema-graph\">{\"@context\":\"https:\/\/schema.org\",\"@graph\":[{\"@type\":\"WebPage\",\"@id\":\"https:\/\/gltechnics.com\/pt-br\/esvaziamento-de-tremonhas-e-silos\/\",\"url\":\"https:\/\/gltechnics.com\/pt-br\/esvaziamento-de-tremonhas-e-silos\/\",\"name\":\"Esvaziamento de tremonhas e silos - L\u00edderes em inova\u00e7\u00e3o em solu\u00e7\u00f5es de processamento de materiais - Global Technics\",\"isPartOf\":{\"@id\":\"https:\/\/gltechnics.com\/pt-br\/#website\"},\"primaryImageOfPage\":{\"@id\":\"https:\/\/gltechnics.com\/pt-br\/esvaziamento-de-tremonhas-e-silos\/#primaryimage\"},\"image\":{\"@id\":\"https:\/\/gltechnics.com\/pt-br\/esvaziamento-de-tremonhas-e-silos\/#primaryimage\"},\"thumbnailUrl\":\"https:\/\/gltechnics.com\/wp-content\/uploads\/2025\/01\/coal-mining-and-processing-equipment-at-daytime-2023-11-27-05-05-01-utc-scaled-1.webp\",\"datePublished\":\"2024-09-17T10:09:24+00:00\",\"dateModified\":\"2025-01-03T09:48:31+00:00\",\"description\":\"Explore as solu\u00e7\u00f5es da Global Technics O\u00dc para esvaziamento de tremonhas e silos. Aumente a efici\u00eancia com vibradores e equipamentos pneum\u00e1ticos avan\u00e7ados.\",\"breadcrumb\":{\"@id\":\"https:\/\/gltechnics.com\/pt-br\/esvaziamento-de-tremonhas-e-silos\/#breadcrumb\"},\"inLanguage\":\"pt-BR\",\"potentialAction\":[{\"@type\":\"ReadAction\",\"target\":[\"https:\/\/gltechnics.com\/pt-br\/esvaziamento-de-tremonhas-e-silos\/\"]}]},{\"@type\":\"ImageObject\",\"inLanguage\":\"pt-BR\",\"@id\":\"https:\/\/gltechnics.com\/pt-br\/esvaziamento-de-tremonhas-e-silos\/#primaryimage\",\"url\":\"https:\/\/gltechnics.com\/wp-content\/uploads\/2025\/01\/coal-mining-and-processing-equipment-at-daytime-2023-11-27-05-05-01-utc-scaled-1.webp\",\"contentUrl\":\"https:\/\/gltechnics.com\/wp-content\/uploads\/2025\/01\/coal-mining-and-processing-equipment-at-daytime-2023-11-27-05-05-01-utc-scaled-1.webp\"},{\"@type\":\"BreadcrumbList\",\"@id\":\"https:\/\/gltechnics.com\/pt-br\/esvaziamento-de-tremonhas-e-silos\/#breadcrumb\",\"itemListElement\":[{\"@type\":\"ListItem\",\"position\":1,\"name\":\"Home\",\"item\":\"https:\/\/gltechnics.com\/pt-br\/\"},{\"@type\":\"ListItem\",\"position\":2,\"name\":\"Esvaziamento de tremonhas e silos\"}]},{\"@type\":\"WebSite\",\"@id\":\"https:\/\/gltechnics.com\/pt-br\/#website\",\"url\":\"https:\/\/gltechnics.com\/pt-br\/\",\"name\":\"Global Technics\",\"description\":\"\",\"publisher\":{\"@id\":\"https:\/\/gltechnics.com\/pt-br\/#organization\"},\"potentialAction\":[{\"@type\":\"SearchAction\",\"target\":{\"@type\":\"EntryPoint\",\"urlTemplate\":\"https:\/\/gltechnics.com\/pt-br\/?s={search_term_string}\"},\"query-input\":{\"@type\":\"PropertyValueSpecification\",\"valueRequired\":true,\"valueName\":\"search_term_string\"}}],\"inLanguage\":\"pt-BR\"},{\"@type\":\"Organization\",\"@id\":\"https:\/\/gltechnics.com\/pt-br\/#organization\",\"name\":\"Global Technics\",\"url\":\"https:\/\/gltechnics.com\/pt-br\/\",\"logo\":{\"@type\":\"ImageObject\",\"inLanguage\":\"pt-BR\",\"@id\":\"https:\/\/gltechnics.com\/pt-br\/#\/schema\/logo\/image\/\",\"url\":\"https:\/\/gltechnics.com\/wp-content\/uploads\/2024\/08\/Asset-1-2.svg\",\"contentUrl\":\"https:\/\/gltechnics.com\/wp-content\/uploads\/2024\/08\/Asset-1-2.svg\",\"width\":468,\"height\":128,\"caption\":\"Global Technics\"},\"image\":{\"@id\":\"https:\/\/gltechnics.com\/pt-br\/#\/schema\/logo\/image\/\"}}]}<\/script>\n<!-- \/ Yoast SEO plugin. -->","yoast_head_json":{"title":"Esvaziamento de tremonhas e silos - L\u00edderes em inova\u00e7\u00e3o em solu\u00e7\u00f5es de processamento de materiais - Global Technics","description":"Explore as solu\u00e7\u00f5es da Global Technics O\u00dc para esvaziamento de tremonhas e silos. Aumente a efici\u00eancia com vibradores e equipamentos pneum\u00e1ticos avan\u00e7ados.","robots":{"index":"index","follow":"follow","max-snippet":"max-snippet:-1","max-image-preview":"max-image-preview:large","max-video-preview":"max-video-preview:-1"},"canonical":"https:\/\/gltechnics.com\/pt-br\/esvaziamento-de-tremonhas-e-silos\/","og_locale":"pt_BR","og_type":"article","og_title":"Esvaziamento de tremonhas e silos - L\u00edderes em inova\u00e7\u00e3o em solu\u00e7\u00f5es de processamento de materiais - Global Technics","og_description":"Explore as solu\u00e7\u00f5es da Global Technics O\u00dc para esvaziamento de tremonhas e silos. Aumente a efici\u00eancia com vibradores e equipamentos pneum\u00e1ticos avan\u00e7ados.","og_url":"https:\/\/gltechnics.com\/pt-br\/esvaziamento-de-tremonhas-e-silos\/","og_site_name":"L\u00edderes em inova\u00e7\u00e3o em solu\u00e7\u00f5es de processamento de materiais - Global Technics","article_modified_time":"2025-01-03T09:48:31+00:00","og_image":[{"width":2560,"height":1707,"url":"https:\/\/gltechnics.com\/wp-content\/uploads\/2025\/01\/coal-mining-and-processing-equipment-at-daytime-2023-11-27-05-05-01-utc-scaled-1.webp","type":"image\/webp"}],"twitter_card":"summary_large_image","twitter_misc":{"Est. tempo de leitura":"3 minutos"},"schema":{"@context":"https:\/\/schema.org","@graph":[{"@type":"WebPage","@id":"https:\/\/gltechnics.com\/pt-br\/esvaziamento-de-tremonhas-e-silos\/","url":"https:\/\/gltechnics.com\/pt-br\/esvaziamento-de-tremonhas-e-silos\/","name":"Esvaziamento de tremonhas e silos - L\u00edderes em inova\u00e7\u00e3o em solu\u00e7\u00f5es de processamento de materiais - Global Technics","isPartOf":{"@id":"https:\/\/gltechnics.com\/pt-br\/#website"},"primaryImageOfPage":{"@id":"https:\/\/gltechnics.com\/pt-br\/esvaziamento-de-tremonhas-e-silos\/#primaryimage"},"image":{"@id":"https:\/\/gltechnics.com\/pt-br\/esvaziamento-de-tremonhas-e-silos\/#primaryimage"},"thumbnailUrl":"https:\/\/gltechnics.com\/wp-content\/uploads\/2025\/01\/coal-mining-and-processing-equipment-at-daytime-2023-11-27-05-05-01-utc-scaled-1.webp","datePublished":"2024-09-17T10:09:24+00:00","dateModified":"2025-01-03T09:48:31+00:00","description":"Explore as solu\u00e7\u00f5es da Global Technics O\u00dc para esvaziamento de tremonhas e silos. Aumente a efici\u00eancia com vibradores e equipamentos pneum\u00e1ticos avan\u00e7ados.","breadcrumb":{"@id":"https:\/\/gltechnics.com\/pt-br\/esvaziamento-de-tremonhas-e-silos\/#breadcrumb"},"inLanguage":"pt-BR","potentialAction":[{"@type":"ReadAction","target":["https:\/\/gltechnics.com\/pt-br\/esvaziamento-de-tremonhas-e-silos\/"]}]},{"@type":"ImageObject","inLanguage":"pt-BR","@id":"https:\/\/gltechnics.com\/pt-br\/esvaziamento-de-tremonhas-e-silos\/#primaryimage","url":"https:\/\/gltechnics.com\/wp-content\/uploads\/2025\/01\/coal-mining-and-processing-equipment-at-daytime-2023-11-27-05-05-01-utc-scaled-1.webp","contentUrl":"https:\/\/gltechnics.com\/wp-content\/uploads\/2025\/01\/coal-mining-and-processing-equipment-at-daytime-2023-11-27-05-05-01-utc-scaled-1.webp"},{"@type":"BreadcrumbList","@id":"https:\/\/gltechnics.com\/pt-br\/esvaziamento-de-tremonhas-e-silos\/#breadcrumb","itemListElement":[{"@type":"ListItem","position":1,"name":"Home","item":"https:\/\/gltechnics.com\/pt-br\/"},{"@type":"ListItem","position":2,"name":"Esvaziamento de tremonhas e silos"}]},{"@type":"WebSite","@id":"https:\/\/gltechnics.com\/pt-br\/#website","url":"https:\/\/gltechnics.com\/pt-br\/","name":"Global Technics","description":"","publisher":{"@id":"https:\/\/gltechnics.com\/pt-br\/#organization"},"potentialAction":[{"@type":"SearchAction","target":{"@type":"EntryPoint","urlTemplate":"https:\/\/gltechnics.com\/pt-br\/?s={search_term_string}"},"query-input":{"@type":"PropertyValueSpecification","valueRequired":true,"valueName":"search_term_string"}}],"inLanguage":"pt-BR"},{"@type":"Organization","@id":"https:\/\/gltechnics.com\/pt-br\/#organization","name":"Global Technics","url":"https:\/\/gltechnics.com\/pt-br\/","logo":{"@type":"ImageObject","inLanguage":"pt-BR","@id":"https:\/\/gltechnics.com\/pt-br\/#\/schema\/logo\/image\/","url":"https:\/\/gltechnics.com\/wp-content\/uploads\/2024\/08\/Asset-1-2.svg","contentUrl":"https:\/\/gltechnics.com\/wp-content\/uploads\/2024\/08\/Asset-1-2.svg","width":468,"height":128,"caption":"Global Technics"},"image":{"@id":"https:\/\/gltechnics.com\/pt-br\/#\/schema\/logo\/image\/"}}]}},"_links":{"self":[{"href":"https:\/\/gltechnics.com\/pt-br\/wp-json\/wp\/v2\/pages\/560","targetHints":{"allow":["GET"]}}],"collection":[{"href":"https:\/\/gltechnics.com\/pt-br\/wp-json\/wp\/v2\/pages"}],"about":[{"href":"https:\/\/gltechnics.com\/pt-br\/wp-json\/wp\/v2\/types\/page"}],"author":[{"embeddable":true,"href":"https:\/\/gltechnics.com\/pt-br\/wp-json\/wp\/v2\/users\/1"}],"replies":[{"embeddable":true,"href":"https:\/\/gltechnics.com\/pt-br\/wp-json\/wp\/v2\/comments?post=560"}],"version-history":[{"count":39,"href":"https:\/\/gltechnics.com\/pt-br\/wp-json\/wp\/v2\/pages\/560\/revisions"}],"predecessor-version":[{"id":3339,"href":"https:\/\/gltechnics.com\/pt-br\/wp-json\/wp\/v2\/pages\/560\/revisions\/3339"}],"wp:attachment":[{"href":"https:\/\/gltechnics.com\/pt-br\/wp-json\/wp\/v2\/media?parent=560"}],"curies":[{"name":"wp","href":"https:\/\/api.w.org\/{rel}","templated":true}]}}