{"id":564,"date":"2024-08-06T15:26:08","date_gmt":"2024-08-06T12:26:08","guid":{"rendered":"https:\/\/gltechnics.com\/sobre-nos\/"},"modified":"2025-01-30T16:19:53","modified_gmt":"2025-01-30T14:19:53","slug":"sobre-nos","status":"publish","type":"page","link":"https:\/\/gltechnics.com\/pt-br\/sobre-nos\/","title":{"rendered":"Sobre n\u00f3s"},"content":{"rendered":"\t\t<div data-elementor-type=\"wp-page\" data-elementor-id=\"564\" class=\"elementor elementor-564 elementor-113\" data-elementor-post-type=\"page\">\n\t\t\t\t<div class=\"elementor-element elementor-element-54f341dd e-con-full e-flex e-con e-parent\" data-id=\"54f341dd\" data-element_type=\"container\" data-settings=\"{&quot;background_background&quot;:&quot;classic&quot;}\">\n\t\t<div class=\"elementor-element elementor-element-3ae69933 e-flex e-con-boxed e-con e-child\" data-id=\"3ae69933\" data-element_type=\"container\">\n\t\t\t\t\t<div class=\"e-con-inner\">\n\t\t<div class=\"elementor-element elementor-element-2e5d1ec6 e-flex e-con-boxed e-con e-child\" data-id=\"2e5d1ec6\" data-element_type=\"container\" data-settings=\"{&quot;background_background&quot;:&quot;classic&quot;}\">\n\t\t\t\t\t<div class=\"e-con-inner\">\n\t\t\t\t<div class=\"elementor-element elementor-element-3ca5429 elementor-invisible elementor-widget elementor-widget-heading\" data-id=\"3ca5429\" data-element_type=\"widget\" data-settings=\"{&quot;_animation&quot;:&quot;fadeInDown&quot;}\" data-widget_type=\"heading.default\">\n\t\t\t\t<div class=\"elementor-widget-container\">\n\t\t\t\t\t<h1 class=\"elementor-heading-title elementor-size-default\">Sobre n\u00f3s<\/h1>\t\t\t\t<\/div>\n\t\t\t\t<\/div>\n\t\t\t\t<div class=\"elementor-element elementor-element-2e03421a elementor-widget__width-initial elementor-invisible elementor-widget elementor-widget-heading\" data-id=\"2e03421a\" data-element_type=\"widget\" data-settings=\"{&quot;_animation&quot;:&quot;fadeInUp&quot;,&quot;_animation_delay&quot;:200}\" data-widget_type=\"heading.default\">\n\t\t\t\t<div class=\"elementor-widget-container\">\n\t\t\t\t\t<h3 class=\"elementor-heading-title elementor-size-default\">L\u00edderes em inova\u00e7\u00e3o em solu\u00e7\u00f5es de processamento de materiais<\/h3>\t\t\t\t<\/div>\n\t\t\t\t<\/div>\n\t\t\t\t\t<\/div>\n\t\t\t\t<\/div>\n\t\t\t\t\t<\/div>\n\t\t\t\t<\/div>\n\t\t\t\t<\/div>\n\t\t<div class=\"elementor-element elementor-element-6d004414 e-flex e-con-boxed e-con e-parent\" data-id=\"6d004414\" data-element_type=\"container\">\n\t\t\t\t\t<div class=\"e-con-inner\">\n\t\t<div class=\"elementor-element elementor-element-46533abf e-con-full e-flex elementor-invisible e-con e-child\" data-id=\"46533abf\" data-element_type=\"container\" data-settings=\"{&quot;animation&quot;:&quot;fadeInLeft&quot;}\">\n\t\t\t\t<div class=\"elementor-element elementor-element-510b38c0 elementor-widget elementor-widget-heading\" data-id=\"510b38c0\" data-element_type=\"widget\" data-widget_type=\"heading.default\">\n\t\t\t\t<div class=\"elementor-widget-container\">\n\t\t\t\t\t<h2 class=\"elementor-heading-title elementor-size-default\">Quem somos<\/h2>\t\t\t\t<\/div>\n\t\t\t\t<\/div>\n\t\t\t\t<div class=\"elementor-element elementor-element-791c5448 elementor-widget elementor-widget-text-editor\" data-id=\"791c5448\" data-element_type=\"widget\" data-widget_type=\"text-editor.default\">\n\t\t\t\t<div class=\"elementor-widget-container\">\n\t\t\t\t\t\t\t\t\t<p><span style=\"font-weight: 400;\">A GLOBAL TECHNICS O\u00dc \u00e9 uma empresa de engenharia com mais de 15 anos de experi\u00eancia no desenvolvimento e na fabrica\u00e7\u00e3o de equipamentos de descarga de materiais a granel de alta qualidade. Nossos martelos vibrat\u00f3rios pneum\u00e1ticos s\u00e3o uma ferramenta indispens\u00e1vel para acelerar o descarregamento, remover obstru\u00e7\u00f5es no armazenamento e no manuseio de materiais a granel e otimizar a efici\u00eancia operacional.  <\/span><\/p>\n<p>Temos orgulho de atender a v\u00e1rios setores, inclusive portos, terminais e empresas especializadas em fertilizantes, cimento, metais e outros. Al\u00e9m disso, nossos equipamentos s\u00e3o muito procurados nos setores de minera\u00e7\u00e3o, qu\u00edmica e constru\u00e7\u00e3o. <\/p>\n<p>N\u00f3s o convidamos a se juntar aos muitos clientes satisfeitos que confiam \u00e0 GLOBAL TECHNICS O\u00dc suas necessidades de manuseio de materiais a granel. Maximize a efici\u00eancia de suas opera\u00e7\u00f5es de descarga com nossos vibradores pneum\u00e1ticos de \u00faltima gera\u00e7\u00e3o e veja um aumento significativo na produtividade e na efici\u00eancia. <\/p>\n\t\t\t\t\t\t\t\t<\/div>\n\t\t\t\t<\/div>\n\t\t\t\t<\/div>\n\t\t<div class=\"elementor-element elementor-element-d8f13a8 e-con-full e-flex elementor-invisible e-con e-child\" data-id=\"d8f13a8\" data-element_type=\"container\" data-settings=\"{&quot;animation&quot;:&quot;fadeInRight&quot;}\">\n\t\t\t\t<div class=\"elementor-element elementor-element-b61ba6b elementor-widget elementor-widget-image\" data-id=\"b61ba6b\" data-element_type=\"widget\" data-widget_type=\"image.default\">\n\t\t\t\t<div class=\"elementor-widget-container\">\n\t\t\t\t\t\t\t\t\t\t\t\t\t\t\t<img fetchpriority=\"high\" decoding=\"async\" width=\"960\" height=\"960\" src=\"https:\/\/gltechnics.com\/wp-content\/uploads\/2025\/01\/office-with-computers.jpeg\" class=\"attachment-full size-full wp-image-3142\" alt=\"office with computers daylight\" srcset=\"https:\/\/gltechnics.com\/wp-content\/uploads\/2025\/01\/office-with-computers.jpeg 960w, https:\/\/gltechnics.com\/wp-content\/uploads\/2025\/01\/office-with-computers-300x300.jpeg 300w, https:\/\/gltechnics.com\/wp-content\/uploads\/2025\/01\/office-with-computers-150x150.jpeg 150w, https:\/\/gltechnics.com\/wp-content\/uploads\/2025\/01\/office-with-computers-768x768.jpeg 768w\" sizes=\"(max-width: 960px) 100vw, 960px\" \/>\t\t\t\t\t\t\t\t\t\t\t\t\t\t\t<\/div>\n\t\t\t\t<\/div>\n\t\t\t\t<\/div>\n\t\t\t\t\t<\/div>\n\t\t\t\t<\/div>\n\t\t\t\t<\/div>\n\t\t","protected":false},"excerpt":{"rendered":"<p>L\u00edderes em inova\u00e7\u00e3o em solu\u00e7\u00f5es de processamento de materiais Quem somos A GLOBAL TECHNICS O\u00dc \u00e9 uma empresa de engenharia com mais de 15 anos de experi\u00eancia no desenvolvimento e na fabrica\u00e7\u00e3o de equipamentos de descarga de materiais a granel de alta qualidade. Nossos martelos vibrat\u00f3rios pneum\u00e1ticos s\u00e3o uma ferramenta indispens\u00e1vel para acelerar o descarregamento, [&hellip;]<\/p>\n","protected":false},"author":1,"featured_media":0,"parent":0,"menu_order":0,"comment_status":"closed","ping_status":"closed","template":"","meta":{"footnotes":""},"class_list":["post-564","page","type-page","status-publish","hentry"],"yoast_head":"<!-- This site is optimized with the Yoast SEO plugin v24.1 - https:\/\/yoast.com\/wordpress\/plugins\/seo\/ -->\n<title>Sobre n\u00f3s - L\u00edderes em inova\u00e7\u00e3o em solu\u00e7\u00f5es de processamento de materiais - Global Technics<\/title>\n<meta name=\"description\" content=\"Conhe\u00e7a a Global Technics O\u00dc, um fornecedor confi\u00e1vel de solu\u00e7\u00f5es de manuseio de materiais a granel com mais de 15 anos de experi\u00eancia no setor\" \/>\n<meta name=\"robots\" content=\"index, follow, max-snippet:-1, max-image-preview:large, max-video-preview:-1\" \/>\n<link rel=\"canonical\" href=\"https:\/\/gltechnics.com\/pt-br\/sobre-nos\/\" \/>\n<meta property=\"og:locale\" content=\"pt_BR\" \/>\n<meta property=\"og:type\" content=\"article\" \/>\n<meta property=\"og:title\" content=\"Sobre n\u00f3s - L\u00edderes em inova\u00e7\u00e3o em solu\u00e7\u00f5es de processamento de materiais - Global Technics\" \/>\n<meta property=\"og:description\" content=\"Conhe\u00e7a a Global Technics O\u00dc, um fornecedor confi\u00e1vel de solu\u00e7\u00f5es de manuseio de materiais a granel com mais de 15 anos de experi\u00eancia no setor\" \/>\n<meta property=\"og:url\" content=\"https:\/\/gltechnics.com\/pt-br\/sobre-nos\/\" \/>\n<meta property=\"og:site_name\" content=\"L\u00edderes em inova\u00e7\u00e3o em solu\u00e7\u00f5es de processamento de materiais - Global Technics\" \/>\n<meta property=\"article:modified_time\" content=\"2025-01-30T14:19:53+00:00\" \/>\n<meta property=\"og:image\" content=\"https:\/\/gltechnics.com\/wp-content\/uploads\/2025\/01\/office-with-computers.jpeg\" \/>\n\t<meta property=\"og:image:width\" content=\"960\" \/>\n\t<meta property=\"og:image:height\" content=\"960\" \/>\n\t<meta property=\"og:image:type\" content=\"image\/jpeg\" \/>\n<meta name=\"twitter:card\" content=\"summary_large_image\" \/>\n<meta name=\"twitter:label1\" content=\"Est. tempo de leitura\" \/>\n\t<meta name=\"twitter:data1\" content=\"2 minutos\" \/>\n<script type=\"application\/ld+json\" class=\"yoast-schema-graph\">{\"@context\":\"https:\/\/schema.org\",\"@graph\":[{\"@type\":\"WebPage\",\"@id\":\"https:\/\/gltechnics.com\/pt-br\/sobre-nos\/\",\"url\":\"https:\/\/gltechnics.com\/pt-br\/sobre-nos\/\",\"name\":\"Sobre n\u00f3s - L\u00edderes em inova\u00e7\u00e3o em solu\u00e7\u00f5es de processamento de materiais - Global Technics\",\"isPartOf\":{\"@id\":\"https:\/\/gltechnics.com\/pt-br\/#website\"},\"primaryImageOfPage\":{\"@id\":\"https:\/\/gltechnics.com\/pt-br\/sobre-nos\/#primaryimage\"},\"image\":{\"@id\":\"https:\/\/gltechnics.com\/pt-br\/sobre-nos\/#primaryimage\"},\"thumbnailUrl\":\"https:\/\/gltechnics.com\/wp-content\/uploads\/2025\/01\/office-with-computers.jpeg\",\"datePublished\":\"2024-08-06T12:26:08+00:00\",\"dateModified\":\"2025-01-30T14:19:53+00:00\",\"description\":\"Conhe\u00e7a a Global Technics O\u00dc, um fornecedor confi\u00e1vel de solu\u00e7\u00f5es de manuseio de materiais a granel com mais de 15 anos de experi\u00eancia no setor\",\"breadcrumb\":{\"@id\":\"https:\/\/gltechnics.com\/pt-br\/sobre-nos\/#breadcrumb\"},\"inLanguage\":\"pt-BR\",\"potentialAction\":[{\"@type\":\"ReadAction\",\"target\":[\"https:\/\/gltechnics.com\/pt-br\/sobre-nos\/\"]}]},{\"@type\":\"ImageObject\",\"inLanguage\":\"pt-BR\",\"@id\":\"https:\/\/gltechnics.com\/pt-br\/sobre-nos\/#primaryimage\",\"url\":\"https:\/\/gltechnics.com\/wp-content\/uploads\/2025\/01\/office-with-computers.jpeg\",\"contentUrl\":\"https:\/\/gltechnics.com\/wp-content\/uploads\/2025\/01\/office-with-computers.jpeg\"},{\"@type\":\"BreadcrumbList\",\"@id\":\"https:\/\/gltechnics.com\/pt-br\/sobre-nos\/#breadcrumb\",\"itemListElement\":[{\"@type\":\"ListItem\",\"position\":1,\"name\":\"Home\",\"item\":\"https:\/\/gltechnics.com\/pt-br\/\"},{\"@type\":\"ListItem\",\"position\":2,\"name\":\"Sobre n\u00f3s\"}]},{\"@type\":\"WebSite\",\"@id\":\"https:\/\/gltechnics.com\/pt-br\/#website\",\"url\":\"https:\/\/gltechnics.com\/pt-br\/\",\"name\":\"Global Technics\",\"description\":\"\",\"publisher\":{\"@id\":\"https:\/\/gltechnics.com\/pt-br\/#organization\"},\"potentialAction\":[{\"@type\":\"SearchAction\",\"target\":{\"@type\":\"EntryPoint\",\"urlTemplate\":\"https:\/\/gltechnics.com\/pt-br\/?s={search_term_string}\"},\"query-input\":{\"@type\":\"PropertyValueSpecification\",\"valueRequired\":true,\"valueName\":\"search_term_string\"}}],\"inLanguage\":\"pt-BR\"},{\"@type\":\"Organization\",\"@id\":\"https:\/\/gltechnics.com\/pt-br\/#organization\",\"name\":\"Global Technics\",\"url\":\"https:\/\/gltechnics.com\/pt-br\/\",\"logo\":{\"@type\":\"ImageObject\",\"inLanguage\":\"pt-BR\",\"@id\":\"https:\/\/gltechnics.com\/pt-br\/#\/schema\/logo\/image\/\",\"url\":\"https:\/\/gltechnics.com\/wp-content\/uploads\/2024\/08\/Asset-1-2.svg\",\"contentUrl\":\"https:\/\/gltechnics.com\/wp-content\/uploads\/2024\/08\/Asset-1-2.svg\",\"width\":468,\"height\":128,\"caption\":\"Global Technics\"},\"image\":{\"@id\":\"https:\/\/gltechnics.com\/pt-br\/#\/schema\/logo\/image\/\"}}]}<\/script>\n<!-- \/ Yoast SEO plugin. -->","yoast_head_json":{"title":"Sobre n\u00f3s - L\u00edderes em inova\u00e7\u00e3o em solu\u00e7\u00f5es de processamento de materiais - Global Technics","description":"Conhe\u00e7a a Global Technics O\u00dc, um fornecedor confi\u00e1vel de solu\u00e7\u00f5es de manuseio de materiais a granel com mais de 15 anos de experi\u00eancia no setor","robots":{"index":"index","follow":"follow","max-snippet":"max-snippet:-1","max-image-preview":"max-image-preview:large","max-video-preview":"max-video-preview:-1"},"canonical":"https:\/\/gltechnics.com\/pt-br\/sobre-nos\/","og_locale":"pt_BR","og_type":"article","og_title":"Sobre n\u00f3s - L\u00edderes em inova\u00e7\u00e3o em solu\u00e7\u00f5es de processamento de materiais - Global Technics","og_description":"Conhe\u00e7a a Global Technics O\u00dc, um fornecedor confi\u00e1vel de solu\u00e7\u00f5es de manuseio de materiais a granel com mais de 15 anos de experi\u00eancia no setor","og_url":"https:\/\/gltechnics.com\/pt-br\/sobre-nos\/","og_site_name":"L\u00edderes em inova\u00e7\u00e3o em solu\u00e7\u00f5es de processamento de materiais - Global Technics","article_modified_time":"2025-01-30T14:19:53+00:00","og_image":[{"width":960,"height":960,"url":"https:\/\/gltechnics.com\/wp-content\/uploads\/2025\/01\/office-with-computers.jpeg","type":"image\/jpeg"}],"twitter_card":"summary_large_image","twitter_misc":{"Est. tempo de leitura":"2 minutos"},"schema":{"@context":"https:\/\/schema.org","@graph":[{"@type":"WebPage","@id":"https:\/\/gltechnics.com\/pt-br\/sobre-nos\/","url":"https:\/\/gltechnics.com\/pt-br\/sobre-nos\/","name":"Sobre n\u00f3s - L\u00edderes em inova\u00e7\u00e3o em solu\u00e7\u00f5es de processamento de materiais - Global Technics","isPartOf":{"@id":"https:\/\/gltechnics.com\/pt-br\/#website"},"primaryImageOfPage":{"@id":"https:\/\/gltechnics.com\/pt-br\/sobre-nos\/#primaryimage"},"image":{"@id":"https:\/\/gltechnics.com\/pt-br\/sobre-nos\/#primaryimage"},"thumbnailUrl":"https:\/\/gltechnics.com\/wp-content\/uploads\/2025\/01\/office-with-computers.jpeg","datePublished":"2024-08-06T12:26:08+00:00","dateModified":"2025-01-30T14:19:53+00:00","description":"Conhe\u00e7a a Global Technics O\u00dc, um fornecedor confi\u00e1vel de solu\u00e7\u00f5es de manuseio de materiais a granel com mais de 15 anos de experi\u00eancia no setor","breadcrumb":{"@id":"https:\/\/gltechnics.com\/pt-br\/sobre-nos\/#breadcrumb"},"inLanguage":"pt-BR","potentialAction":[{"@type":"ReadAction","target":["https:\/\/gltechnics.com\/pt-br\/sobre-nos\/"]}]},{"@type":"ImageObject","inLanguage":"pt-BR","@id":"https:\/\/gltechnics.com\/pt-br\/sobre-nos\/#primaryimage","url":"https:\/\/gltechnics.com\/wp-content\/uploads\/2025\/01\/office-with-computers.jpeg","contentUrl":"https:\/\/gltechnics.com\/wp-content\/uploads\/2025\/01\/office-with-computers.jpeg"},{"@type":"BreadcrumbList","@id":"https:\/\/gltechnics.com\/pt-br\/sobre-nos\/#breadcrumb","itemListElement":[{"@type":"ListItem","position":1,"name":"Home","item":"https:\/\/gltechnics.com\/pt-br\/"},{"@type":"ListItem","position":2,"name":"Sobre n\u00f3s"}]},{"@type":"WebSite","@id":"https:\/\/gltechnics.com\/pt-br\/#website","url":"https:\/\/gltechnics.com\/pt-br\/","name":"Global Technics","description":"","publisher":{"@id":"https:\/\/gltechnics.com\/pt-br\/#organization"},"potentialAction":[{"@type":"SearchAction","target":{"@type":"EntryPoint","urlTemplate":"https:\/\/gltechnics.com\/pt-br\/?s={search_term_string}"},"query-input":{"@type":"PropertyValueSpecification","valueRequired":true,"valueName":"search_term_string"}}],"inLanguage":"pt-BR"},{"@type":"Organization","@id":"https:\/\/gltechnics.com\/pt-br\/#organization","name":"Global Technics","url":"https:\/\/gltechnics.com\/pt-br\/","logo":{"@type":"ImageObject","inLanguage":"pt-BR","@id":"https:\/\/gltechnics.com\/pt-br\/#\/schema\/logo\/image\/","url":"https:\/\/gltechnics.com\/wp-content\/uploads\/2024\/08\/Asset-1-2.svg","contentUrl":"https:\/\/gltechnics.com\/wp-content\/uploads\/2024\/08\/Asset-1-2.svg","width":468,"height":128,"caption":"Global Technics"},"image":{"@id":"https:\/\/gltechnics.com\/pt-br\/#\/schema\/logo\/image\/"}}]}},"_links":{"self":[{"href":"https:\/\/gltechnics.com\/pt-br\/wp-json\/wp\/v2\/pages\/564","targetHints":{"allow":["GET"]}}],"collection":[{"href":"https:\/\/gltechnics.com\/pt-br\/wp-json\/wp\/v2\/pages"}],"about":[{"href":"https:\/\/gltechnics.com\/pt-br\/wp-json\/wp\/v2\/types\/page"}],"author":[{"embeddable":true,"href":"https:\/\/gltechnics.com\/pt-br\/wp-json\/wp\/v2\/users\/1"}],"replies":[{"embeddable":true,"href":"https:\/\/gltechnics.com\/pt-br\/wp-json\/wp\/v2\/comments?post=564"}],"version-history":[{"count":31,"href":"https:\/\/gltechnics.com\/pt-br\/wp-json\/wp\/v2\/pages\/564\/revisions"}],"predecessor-version":[{"id":3451,"href":"https:\/\/gltechnics.com\/pt-br\/wp-json\/wp\/v2\/pages\/564\/revisions\/3451"}],"wp:attachment":[{"href":"https:\/\/gltechnics.com\/pt-br\/wp-json\/wp\/v2\/media?parent=564"}],"curies":[{"name":"wp","href":"https:\/\/api.w.org\/{rel}","templated":true}]}}