{"id":566,"date":"2024-08-06T15:26:17","date_gmt":"2024-08-06T12:26:17","guid":{"rendered":"https:\/\/gltechnics.com\/para-revendedores\/"},"modified":"2025-01-03T11:43:48","modified_gmt":"2025-01-03T09:43:48","slug":"para-revendedores","status":"publish","type":"page","link":"https:\/\/gltechnics.com\/pt-br\/para-revendedores\/","title":{"rendered":"Para revendedores"},"content":{"rendered":"\t\t<div data-elementor-type=\"wp-page\" data-elementor-id=\"566\" class=\"elementor elementor-566 elementor-117\" data-elementor-post-type=\"page\">\n\t\t\t\t<div class=\"elementor-element elementor-element-54f341dd e-con-full e-flex e-con e-parent\" data-id=\"54f341dd\" data-element_type=\"container\" data-settings=\"{&quot;background_background&quot;:&quot;classic&quot;}\">\n\t\t<div class=\"elementor-element elementor-element-3ae69933 e-flex e-con-boxed e-con e-child\" data-id=\"3ae69933\" data-element_type=\"container\">\n\t\t\t\t\t<div class=\"e-con-inner\">\n\t\t<div class=\"elementor-element elementor-element-2e5d1ec6 e-flex e-con-boxed e-con e-child\" data-id=\"2e5d1ec6\" data-element_type=\"container\" data-settings=\"{&quot;background_background&quot;:&quot;classic&quot;}\">\n\t\t\t\t\t<div class=\"e-con-inner\">\n\t\t\t\t<div class=\"elementor-element elementor-element-3ca5429 elementor-invisible elementor-widget elementor-widget-heading\" data-id=\"3ca5429\" data-element_type=\"widget\" data-settings=\"{&quot;_animation&quot;:&quot;fadeInDown&quot;}\" data-widget_type=\"heading.default\">\n\t\t\t\t<div class=\"elementor-widget-container\">\n\t\t\t\t\t<h1 class=\"elementor-heading-title elementor-size-default\">Para revendedores<\/h1>\t\t\t\t<\/div>\n\t\t\t\t<\/div>\n\t\t\t\t<div class=\"elementor-element elementor-element-034ecf5 elementor-invisible elementor-widget elementor-widget-heading\" data-id=\"034ecf5\" data-element_type=\"widget\" data-settings=\"{&quot;_animation&quot;:&quot;fadeInUp&quot;,&quot;_animation_delay&quot;:200}\" data-widget_type=\"heading.default\">\n\t\t\t\t<div class=\"elementor-widget-container\">\n\t\t\t\t\t<h2 class=\"elementor-heading-title elementor-size-default\">Nossa miss\u00e3o \u00e9 tornar seu neg\u00f3cio melhor por meio de nossa tecnologia<\/h2>\t\t\t\t<\/div>\n\t\t\t\t<\/div>\n\t\t\t\t\t<\/div>\n\t\t\t\t<\/div>\n\t\t\t\t\t<\/div>\n\t\t\t\t<\/div>\n\t\t\t\t<\/div>\n\t\t<div class=\"elementor-element elementor-element-6d004414 e-flex e-con-boxed e-con e-parent\" data-id=\"6d004414\" data-element_type=\"container\">\n\t\t\t\t\t<div class=\"e-con-inner\">\n\t\t<div class=\"elementor-element elementor-element-46533abf e-con-full e-flex elementor-invisible e-con e-child\" data-id=\"46533abf\" data-element_type=\"container\" data-settings=\"{&quot;animation&quot;:&quot;fadeInLeft&quot;}\">\n\t\t\t\t<div class=\"elementor-element elementor-element-510b38c0 elementor-widget elementor-widget-heading\" data-id=\"510b38c0\" data-element_type=\"widget\" data-widget_type=\"heading.default\">\n\t\t\t\t<div class=\"elementor-widget-container\">\n\t\t\t\t\t<h2 class=\"elementor-heading-title elementor-size-default\">TORNE-SE NOSSO REVENDEDOR<\/h2>\t\t\t\t<\/div>\n\t\t\t\t<\/div>\n\t\t\t\t<div class=\"elementor-element elementor-element-791c5448 elementor-widget elementor-widget-text-editor\" data-id=\"791c5448\" data-element_type=\"widget\" data-widget_type=\"text-editor.default\">\n\t\t\t\t<div class=\"elementor-widget-container\">\n\t\t\t\t\t\t\t\t\t<p>Voc\u00ea est\u00e1 interessado em formar uma parceria com um inovador l\u00edder de mercado no campo de solu\u00e7\u00f5es de descarga e manuseio de materiais a granel? Nossa empresa fabrica vibradores da mais alta qualidade para uso em vag\u00f5es ferrovi\u00e1rios, tremonhas, silos e linhas de transporte. Nossos produtos s\u00e3o projetados com o objetivo de garantir a descarga e o manuseio eficientes e seguros de materiais a granel.  <\/p>\n<p>Estamos buscando revendedores dedicados em todo o mundo para representar nossos produtos de alta qualidade. Ao se tornar um revendedor, voc\u00ea ter\u00e1 acesso \u00e0 nossa tecnologia inovadora, suporte abrangente e um mercado favor\u00e1vel. <\/p>\n<p>Junte-se a n\u00f3s em nossa miss\u00e3o de transformar o setor de descarga de materiais a granel. Para saber mais sobre como se tornar um revendedor em sua regi\u00e3o e levar nossos produtos ao seu mercado, entre em contato conosco hoje mesmo. <\/p>\n\t\t\t\t\t\t\t\t<\/div>\n\t\t\t\t<\/div>\n\t\t\t\t<\/div>\n\t\t<div class=\"elementor-element elementor-element-7550508 e-con-full e-flex elementor-invisible e-con e-child\" data-id=\"7550508\" data-element_type=\"container\" data-settings=\"{&quot;animation&quot;:&quot;fadeInRight&quot;}\">\n\t\t\t\t<div class=\"elementor-element elementor-element-4e14027 elementor-widget elementor-widget-image\" data-id=\"4e14027\" data-element_type=\"widget\" data-widget_type=\"image.default\">\n\t\t\t\t<div class=\"elementor-widget-container\">\n\t\t\t\t\t\t\t\t\t\t\t\t\t\t\t<img fetchpriority=\"high\" decoding=\"async\" width=\"2560\" height=\"1707\" src=\"https:\/\/gltechnics.com\/wp-content\/uploads\/2024\/12\/group-of-multiethnic-businessmen-2023-11-27-04-54-46-utc-scaled-1.jpg\" class=\"attachment-full size-full wp-image-2183\" alt=\"\" srcset=\"https:\/\/gltechnics.com\/wp-content\/uploads\/2024\/12\/group-of-multiethnic-businessmen-2023-11-27-04-54-46-utc-scaled-1.jpg 2560w, https:\/\/gltechnics.com\/wp-content\/uploads\/2024\/12\/group-of-multiethnic-businessmen-2023-11-27-04-54-46-utc-scaled-1-300x200.jpg 300w, https:\/\/gltechnics.com\/wp-content\/uploads\/2024\/12\/group-of-multiethnic-businessmen-2023-11-27-04-54-46-utc-scaled-1-1024x683.jpg 1024w, https:\/\/gltechnics.com\/wp-content\/uploads\/2024\/12\/group-of-multiethnic-businessmen-2023-11-27-04-54-46-utc-scaled-1-768x512.jpg 768w, https:\/\/gltechnics.com\/wp-content\/uploads\/2024\/12\/group-of-multiethnic-businessmen-2023-11-27-04-54-46-utc-scaled-1-1536x1024.jpg 1536w, https:\/\/gltechnics.com\/wp-content\/uploads\/2024\/12\/group-of-multiethnic-businessmen-2023-11-27-04-54-46-utc-scaled-1-2048x1366.jpg 2048w\" sizes=\"(max-width: 2560px) 100vw, 2560px\" \/>\t\t\t\t\t\t\t\t\t\t\t\t\t\t\t<\/div>\n\t\t\t\t<\/div>\n\t\t\t\t<\/div>\n\t\t\t\t\t<\/div>\n\t\t\t\t<\/div>\n\t\t\t\t<\/div>\n\t\t","protected":false},"excerpt":{"rendered":"<p>Nossa miss\u00e3o \u00e9 tornar seu neg\u00f3cio melhor por meio de nossa tecnologia TORNE-SE NOSSO REVENDEDOR Voc\u00ea est\u00e1 interessado em formar uma parceria com um inovador l\u00edder de mercado no campo de solu\u00e7\u00f5es de descarga e manuseio de materiais a granel? Nossa empresa fabrica vibradores da mais alta qualidade para uso em vag\u00f5es ferrovi\u00e1rios, tremonhas, silos [&hellip;]<\/p>\n","protected":false},"author":1,"featured_media":0,"parent":0,"menu_order":0,"comment_status":"closed","ping_status":"closed","template":"","meta":{"footnotes":""},"class_list":["post-566","page","type-page","status-publish","hentry"],"yoast_head":"<!-- This site is optimized with the Yoast SEO plugin v24.1 - https:\/\/yoast.com\/wordpress\/plugins\/seo\/ -->\n<title>Para revendedores - L\u00edderes em inova\u00e7\u00e3o em solu\u00e7\u00f5es de processamento de materiais - Global Technics<\/title>\n<meta name=\"description\" content=\"Junte-se \u00e0 Global Technics O\u00dc como revendedor. Acesse solu\u00e7\u00f5es de descarga de material a granel de alta qualidade e amplie seus neg\u00f3cios com nosso suporte.\" \/>\n<meta name=\"robots\" content=\"index, follow, max-snippet:-1, max-image-preview:large, max-video-preview:-1\" \/>\n<link rel=\"canonical\" href=\"https:\/\/gltechnics.com\/pt-br\/para-revendedores\/\" \/>\n<meta property=\"og:locale\" content=\"pt_BR\" \/>\n<meta property=\"og:type\" content=\"article\" \/>\n<meta property=\"og:title\" content=\"Para revendedores - L\u00edderes em inova\u00e7\u00e3o em solu\u00e7\u00f5es de processamento de materiais - Global Technics\" \/>\n<meta property=\"og:description\" content=\"Junte-se \u00e0 Global Technics O\u00dc como revendedor. Acesse solu\u00e7\u00f5es de descarga de material a granel de alta qualidade e amplie seus neg\u00f3cios com nosso suporte.\" \/>\n<meta property=\"og:url\" content=\"https:\/\/gltechnics.com\/pt-br\/para-revendedores\/\" \/>\n<meta property=\"og:site_name\" content=\"L\u00edderes em inova\u00e7\u00e3o em solu\u00e7\u00f5es de processamento de materiais - Global Technics\" \/>\n<meta property=\"article:modified_time\" content=\"2025-01-03T09:43:48+00:00\" \/>\n<meta property=\"og:image\" content=\"https:\/\/gltechnics.com\/wp-content\/uploads\/2024\/12\/group-of-multiethnic-businessmen-2023-11-27-04-54-46-utc-scaled-1.jpg\" \/>\n\t<meta property=\"og:image:width\" content=\"2560\" \/>\n\t<meta property=\"og:image:height\" content=\"1707\" \/>\n\t<meta property=\"og:image:type\" content=\"image\/jpeg\" \/>\n<meta name=\"twitter:card\" content=\"summary_large_image\" \/>\n<meta name=\"twitter:label1\" content=\"Est. tempo de leitura\" \/>\n\t<meta name=\"twitter:data1\" content=\"2 minutos\" \/>\n<script type=\"application\/ld+json\" class=\"yoast-schema-graph\">{\"@context\":\"https:\/\/schema.org\",\"@graph\":[{\"@type\":\"WebPage\",\"@id\":\"https:\/\/gltechnics.com\/pt-br\/para-revendedores\/\",\"url\":\"https:\/\/gltechnics.com\/pt-br\/para-revendedores\/\",\"name\":\"Para revendedores - L\u00edderes em inova\u00e7\u00e3o em solu\u00e7\u00f5es de processamento de materiais - Global Technics\",\"isPartOf\":{\"@id\":\"https:\/\/gltechnics.com\/pt-br\/#website\"},\"primaryImageOfPage\":{\"@id\":\"https:\/\/gltechnics.com\/pt-br\/para-revendedores\/#primaryimage\"},\"image\":{\"@id\":\"https:\/\/gltechnics.com\/pt-br\/para-revendedores\/#primaryimage\"},\"thumbnailUrl\":\"https:\/\/gltechnics.com\/wp-content\/uploads\/2024\/12\/group-of-multiethnic-businessmen-2023-11-27-04-54-46-utc-scaled-1.jpg\",\"datePublished\":\"2024-08-06T12:26:17+00:00\",\"dateModified\":\"2025-01-03T09:43:48+00:00\",\"description\":\"Junte-se \u00e0 Global Technics O\u00dc como revendedor. Acesse solu\u00e7\u00f5es de descarga de material a granel de alta qualidade e amplie seus neg\u00f3cios com nosso suporte.\",\"breadcrumb\":{\"@id\":\"https:\/\/gltechnics.com\/pt-br\/para-revendedores\/#breadcrumb\"},\"inLanguage\":\"pt-BR\",\"potentialAction\":[{\"@type\":\"ReadAction\",\"target\":[\"https:\/\/gltechnics.com\/pt-br\/para-revendedores\/\"]}]},{\"@type\":\"ImageObject\",\"inLanguage\":\"pt-BR\",\"@id\":\"https:\/\/gltechnics.com\/pt-br\/para-revendedores\/#primaryimage\",\"url\":\"https:\/\/gltechnics.com\/wp-content\/uploads\/2024\/12\/group-of-multiethnic-businessmen-2023-11-27-04-54-46-utc-scaled-1.jpg\",\"contentUrl\":\"https:\/\/gltechnics.com\/wp-content\/uploads\/2024\/12\/group-of-multiethnic-businessmen-2023-11-27-04-54-46-utc-scaled-1.jpg\"},{\"@type\":\"BreadcrumbList\",\"@id\":\"https:\/\/gltechnics.com\/pt-br\/para-revendedores\/#breadcrumb\",\"itemListElement\":[{\"@type\":\"ListItem\",\"position\":1,\"name\":\"Home\",\"item\":\"https:\/\/gltechnics.com\/pt-br\/\"},{\"@type\":\"ListItem\",\"position\":2,\"name\":\"Para revendedores\"}]},{\"@type\":\"WebSite\",\"@id\":\"https:\/\/gltechnics.com\/pt-br\/#website\",\"url\":\"https:\/\/gltechnics.com\/pt-br\/\",\"name\":\"Global Technics\",\"description\":\"\",\"publisher\":{\"@id\":\"https:\/\/gltechnics.com\/pt-br\/#organization\"},\"potentialAction\":[{\"@type\":\"SearchAction\",\"target\":{\"@type\":\"EntryPoint\",\"urlTemplate\":\"https:\/\/gltechnics.com\/pt-br\/?s={search_term_string}\"},\"query-input\":{\"@type\":\"PropertyValueSpecification\",\"valueRequired\":true,\"valueName\":\"search_term_string\"}}],\"inLanguage\":\"pt-BR\"},{\"@type\":\"Organization\",\"@id\":\"https:\/\/gltechnics.com\/pt-br\/#organization\",\"name\":\"Global Technics\",\"url\":\"https:\/\/gltechnics.com\/pt-br\/\",\"logo\":{\"@type\":\"ImageObject\",\"inLanguage\":\"pt-BR\",\"@id\":\"https:\/\/gltechnics.com\/pt-br\/#\/schema\/logo\/image\/\",\"url\":\"https:\/\/gltechnics.com\/wp-content\/uploads\/2024\/08\/Asset-1-2.svg\",\"contentUrl\":\"https:\/\/gltechnics.com\/wp-content\/uploads\/2024\/08\/Asset-1-2.svg\",\"width\":468,\"height\":128,\"caption\":\"Global Technics\"},\"image\":{\"@id\":\"https:\/\/gltechnics.com\/pt-br\/#\/schema\/logo\/image\/\"}}]}<\/script>\n<!-- \/ Yoast SEO plugin. -->","yoast_head_json":{"title":"Para revendedores - L\u00edderes em inova\u00e7\u00e3o em solu\u00e7\u00f5es de processamento de materiais - Global Technics","description":"Junte-se \u00e0 Global Technics O\u00dc como revendedor. Acesse solu\u00e7\u00f5es de descarga de material a granel de alta qualidade e amplie seus neg\u00f3cios com nosso suporte.","robots":{"index":"index","follow":"follow","max-snippet":"max-snippet:-1","max-image-preview":"max-image-preview:large","max-video-preview":"max-video-preview:-1"},"canonical":"https:\/\/gltechnics.com\/pt-br\/para-revendedores\/","og_locale":"pt_BR","og_type":"article","og_title":"Para revendedores - L\u00edderes em inova\u00e7\u00e3o em solu\u00e7\u00f5es de processamento de materiais - Global Technics","og_description":"Junte-se \u00e0 Global Technics O\u00dc como revendedor. Acesse solu\u00e7\u00f5es de descarga de material a granel de alta qualidade e amplie seus neg\u00f3cios com nosso suporte.","og_url":"https:\/\/gltechnics.com\/pt-br\/para-revendedores\/","og_site_name":"L\u00edderes em inova\u00e7\u00e3o em solu\u00e7\u00f5es de processamento de materiais - Global Technics","article_modified_time":"2025-01-03T09:43:48+00:00","og_image":[{"width":2560,"height":1707,"url":"https:\/\/gltechnics.com\/wp-content\/uploads\/2024\/12\/group-of-multiethnic-businessmen-2023-11-27-04-54-46-utc-scaled-1.jpg","type":"image\/jpeg"}],"twitter_card":"summary_large_image","twitter_misc":{"Est. tempo de leitura":"2 minutos"},"schema":{"@context":"https:\/\/schema.org","@graph":[{"@type":"WebPage","@id":"https:\/\/gltechnics.com\/pt-br\/para-revendedores\/","url":"https:\/\/gltechnics.com\/pt-br\/para-revendedores\/","name":"Para revendedores - L\u00edderes em inova\u00e7\u00e3o em solu\u00e7\u00f5es de processamento de materiais - Global Technics","isPartOf":{"@id":"https:\/\/gltechnics.com\/pt-br\/#website"},"primaryImageOfPage":{"@id":"https:\/\/gltechnics.com\/pt-br\/para-revendedores\/#primaryimage"},"image":{"@id":"https:\/\/gltechnics.com\/pt-br\/para-revendedores\/#primaryimage"},"thumbnailUrl":"https:\/\/gltechnics.com\/wp-content\/uploads\/2024\/12\/group-of-multiethnic-businessmen-2023-11-27-04-54-46-utc-scaled-1.jpg","datePublished":"2024-08-06T12:26:17+00:00","dateModified":"2025-01-03T09:43:48+00:00","description":"Junte-se \u00e0 Global Technics O\u00dc como revendedor. Acesse solu\u00e7\u00f5es de descarga de material a granel de alta qualidade e amplie seus neg\u00f3cios com nosso suporte.","breadcrumb":{"@id":"https:\/\/gltechnics.com\/pt-br\/para-revendedores\/#breadcrumb"},"inLanguage":"pt-BR","potentialAction":[{"@type":"ReadAction","target":["https:\/\/gltechnics.com\/pt-br\/para-revendedores\/"]}]},{"@type":"ImageObject","inLanguage":"pt-BR","@id":"https:\/\/gltechnics.com\/pt-br\/para-revendedores\/#primaryimage","url":"https:\/\/gltechnics.com\/wp-content\/uploads\/2024\/12\/group-of-multiethnic-businessmen-2023-11-27-04-54-46-utc-scaled-1.jpg","contentUrl":"https:\/\/gltechnics.com\/wp-content\/uploads\/2024\/12\/group-of-multiethnic-businessmen-2023-11-27-04-54-46-utc-scaled-1.jpg"},{"@type":"BreadcrumbList","@id":"https:\/\/gltechnics.com\/pt-br\/para-revendedores\/#breadcrumb","itemListElement":[{"@type":"ListItem","position":1,"name":"Home","item":"https:\/\/gltechnics.com\/pt-br\/"},{"@type":"ListItem","position":2,"name":"Para revendedores"}]},{"@type":"WebSite","@id":"https:\/\/gltechnics.com\/pt-br\/#website","url":"https:\/\/gltechnics.com\/pt-br\/","name":"Global Technics","description":"","publisher":{"@id":"https:\/\/gltechnics.com\/pt-br\/#organization"},"potentialAction":[{"@type":"SearchAction","target":{"@type":"EntryPoint","urlTemplate":"https:\/\/gltechnics.com\/pt-br\/?s={search_term_string}"},"query-input":{"@type":"PropertyValueSpecification","valueRequired":true,"valueName":"search_term_string"}}],"inLanguage":"pt-BR"},{"@type":"Organization","@id":"https:\/\/gltechnics.com\/pt-br\/#organization","name":"Global Technics","url":"https:\/\/gltechnics.com\/pt-br\/","logo":{"@type":"ImageObject","inLanguage":"pt-BR","@id":"https:\/\/gltechnics.com\/pt-br\/#\/schema\/logo\/image\/","url":"https:\/\/gltechnics.com\/wp-content\/uploads\/2024\/08\/Asset-1-2.svg","contentUrl":"https:\/\/gltechnics.com\/wp-content\/uploads\/2024\/08\/Asset-1-2.svg","width":468,"height":128,"caption":"Global Technics"},"image":{"@id":"https:\/\/gltechnics.com\/pt-br\/#\/schema\/logo\/image\/"}}]}},"_links":{"self":[{"href":"https:\/\/gltechnics.com\/pt-br\/wp-json\/wp\/v2\/pages\/566","targetHints":{"allow":["GET"]}}],"collection":[{"href":"https:\/\/gltechnics.com\/pt-br\/wp-json\/wp\/v2\/pages"}],"about":[{"href":"https:\/\/gltechnics.com\/pt-br\/wp-json\/wp\/v2\/types\/page"}],"author":[{"embeddable":true,"href":"https:\/\/gltechnics.com\/pt-br\/wp-json\/wp\/v2\/users\/1"}],"replies":[{"embeddable":true,"href":"https:\/\/gltechnics.com\/pt-br\/wp-json\/wp\/v2\/comments?post=566"}],"version-history":[{"count":22,"href":"https:\/\/gltechnics.com\/pt-br\/wp-json\/wp\/v2\/pages\/566\/revisions"}],"predecessor-version":[{"id":3299,"href":"https:\/\/gltechnics.com\/pt-br\/wp-json\/wp\/v2\/pages\/566\/revisions\/3299"}],"wp:attachment":[{"href":"https:\/\/gltechnics.com\/pt-br\/wp-json\/wp\/v2\/media?parent=566"}],"curies":[{"name":"wp","href":"https:\/\/api.w.org\/{rel}","templated":true}]}}